

{"id":172426,"date":"2019-10-14T00:55:29","date_gmt":"2019-10-13T22:55:29","guid":{"rendered":"https:\/\/www.alucomfort.be\/product\/chariots-a-plate-forme-elevatrice-dim-utiles-1010-x-520-mm\/"},"modified":"2023-12-04T23:37:09","modified_gmt":"2023-12-04T21:37:09","slug":"chariots-a-plate-forme-elevatrice-dim-utiles-1010-x-520-mm-2","status":"publish","type":"product","link":"https:\/\/www.alucomfort.be\/fr\/product\/chariots-a-plate-forme-elevatrice-dim-utiles-1010-x-520-mm-2\/","title":{"rendered":"Chariots \u00e0 plate-forme \u00e9l\u00e9vatrice &#8211; Dim Utiles: 1010 x 520 mm"},"content":{"rendered":"<p>* Chariot \u00e0 plateforme \u00e9l\u00e9vatrice avec dossier de pouss\u00e9e fixe boulonn\u00e9, * Avec double ciseaux pour haute \u00e9l\u00e9vation, * En acier soud\u00e9 avec rev\u00eatement \u00e9poxy (RAL 5007), * Pompe hydraulique \u00e0 p\u00e9dale.  Vitesse de descente r\u00e9glable, * 2 roues pivotantes et 2 roues fixes avec \u00d8 150 mm (avec freins).<\/p>\n","protected":false},"excerpt":{"rendered":"<p>Charge adm. 300 kg et hauteur de lev\u00e9e: 435 &#8211; 1585 mm<\/p>\n","protected":false},"featured_media":3130,"template":"","meta":{"_acf_changed":false},"product_brand":[],"product_cat":[2757],"product_tag":[],"class_list":{"0":"post-172426","1":"product","2":"type-product","3":"status-publish","4":"has-post-thumbnail","6":"product_cat-chariots-a-plate-forme-elevatrice","8":"first","9":"instock","10":"taxable","11":"shipping-taxable","12":"purchasable","13":"product-type-simple"},"acf":[],"yoast_head":"<!-- This site is optimized with the Yoast SEO plugin v24.8.1 - https:\/\/yoast.com\/wordpress\/plugins\/seo\/ -->\n<title>Chariot \u00e9l\u00e9vateur<\/title>\n<meta name=\"description\" content=\"Les tables \u00e9l\u00e9vatrices sont indispensables dans les processus logistiques et dans les procedures de fabrication. La solution ergonomique parfaite \u00e0 l&#039;atelier.\" \/>\n<meta name=\"robots\" content=\"index, follow, max-snippet:-1, max-image-preview:large, max-video-preview:-1\" \/>\n<link rel=\"canonical\" href=\"https:\/\/www.alucomfort.be\/product\/verrijdbare-heftafel-laadvlak-1010-x-520-mm-2\/\" \/>\n<meta property=\"og:locale\" content=\"fr_FR\" \/>\n<meta property=\"og:type\" content=\"article\" \/>\n<meta property=\"og:title\" content=\"Chariot \u00e9l\u00e9vateur\" \/>\n<meta property=\"og:description\" content=\"Les tables \u00e9l\u00e9vatrices sont indispensables dans les processus logistiques et dans les procedures de fabrication. La solution ergonomique parfaite \u00e0 l&#039;atelier.\" \/>\n<meta property=\"og:url\" content=\"https:\/\/www.alucomfort.be\/product\/verrijdbare-heftafel-laadvlak-1010-x-520-mm-2\/\" \/>\n<meta property=\"og:site_name\" content=\"Alu Comfort\" \/>\n<meta property=\"article:modified_time\" content=\"2023-12-04T21:37:09+00:00\" \/>\n<meta property=\"og:image\" content=\"https:\/\/www.alucomfort.be\/wp-content\/uploads\/FE-6836-2.jpg\" \/>\n\t<meta property=\"og:image:width\" content=\"414\" \/>\n\t<meta property=\"og:image:height\" content=\"415\" \/>\n\t<meta property=\"og:image:type\" content=\"image\/jpeg\" \/>\n<meta name=\"twitter:card\" content=\"summary_large_image\" \/>\n<script type=\"application\/ld+json\" class=\"yoast-schema-graph\">{\"@context\":\"https:\/\/schema.org\",\"@graph\":[{\"@type\":\"WebPage\",\"@id\":\"https:\/\/www.alucomfort.be\/product\/verrijdbare-heftafel-laadvlak-1010-x-520-mm-2\/\",\"url\":\"https:\/\/www.alucomfort.be\/product\/verrijdbare-heftafel-laadvlak-1010-x-520-mm-2\/\",\"name\":\"Chariot \u00e9l\u00e9vateur\",\"isPartOf\":{\"@id\":\"https:\/\/www.alucomfort.be\/#website\"},\"primaryImageOfPage\":{\"@id\":\"https:\/\/www.alucomfort.be\/product\/verrijdbare-heftafel-laadvlak-1010-x-520-mm-2\/#primaryimage\"},\"image\":{\"@id\":\"https:\/\/www.alucomfort.be\/product\/verrijdbare-heftafel-laadvlak-1010-x-520-mm-2\/#primaryimage\"},\"thumbnailUrl\":\"https:\/\/www.alucomfort.be\/wp-content\/uploads\/FE-6836-2.jpg\",\"datePublished\":\"2019-10-13T22:55:29+00:00\",\"dateModified\":\"2023-12-04T21:37:09+00:00\",\"description\":\"Les tables \u00e9l\u00e9vatrices sont indispensables dans les processus logistiques et dans les procedures de fabrication. La solution ergonomique parfaite \u00e0 l'atelier.\",\"breadcrumb\":{\"@id\":\"https:\/\/www.alucomfort.be\/product\/verrijdbare-heftafel-laadvlak-1010-x-520-mm-2\/#breadcrumb\"},\"inLanguage\":\"fr-FR\",\"potentialAction\":[{\"@type\":\"ReadAction\",\"target\":[\"https:\/\/www.alucomfort.be\/product\/verrijdbare-heftafel-laadvlak-1010-x-520-mm-2\/\"]}]},{\"@type\":\"ImageObject\",\"inLanguage\":\"fr-FR\",\"@id\":\"https:\/\/www.alucomfort.be\/product\/verrijdbare-heftafel-laadvlak-1010-x-520-mm-2\/#primaryimage\",\"url\":\"https:\/\/www.alucomfort.be\/wp-content\/uploads\/FE-6836-2.jpg\",\"contentUrl\":\"https:\/\/www.alucomfort.be\/wp-content\/uploads\/FE-6836-2.jpg\",\"width\":414,\"height\":415},{\"@type\":\"BreadcrumbList\",\"@id\":\"https:\/\/www.alucomfort.be\/product\/verrijdbare-heftafel-laadvlak-1010-x-520-mm-2\/#breadcrumb\",\"itemListElement\":[{\"@type\":\"ListItem\",\"position\":1,\"name\":\"Home\",\"item\":\"https:\/\/www.alucomfort.be\/fr\/\"},{\"@type\":\"ListItem\",\"position\":2,\"name\":\"Producten\",\"item\":\"https:\/\/www.alucomfort.be\/producten\/\"},{\"@type\":\"ListItem\",\"position\":3,\"name\":\"Chariots \u00e0 plate-forme \u00e9l\u00e9vatrice &#8211; Dim Utiles: 1010 x 520 mm\"}]},{\"@type\":\"WebSite\",\"@id\":\"https:\/\/www.alucomfort.be\/#website\",\"url\":\"https:\/\/www.alucomfort.be\/\",\"name\":\"Alu Comfort\",\"description\":\"\",\"potentialAction\":[{\"@type\":\"SearchAction\",\"target\":{\"@type\":\"EntryPoint\",\"urlTemplate\":\"https:\/\/www.alucomfort.be\/?s={search_term_string}\"},\"query-input\":{\"@type\":\"PropertyValueSpecification\",\"valueRequired\":true,\"valueName\":\"search_term_string\"}}],\"inLanguage\":\"fr-FR\"}]}<\/script>\n<!-- \/ Yoast SEO plugin. -->","yoast_head_json":{"title":"Chariot \u00e9l\u00e9vateur","description":"Les tables \u00e9l\u00e9vatrices sont indispensables dans les processus logistiques et dans les procedures de fabrication. La solution ergonomique parfaite \u00e0 l'atelier.","robots":{"index":"index","follow":"follow","max-snippet":"max-snippet:-1","max-image-preview":"max-image-preview:large","max-video-preview":"max-video-preview:-1"},"canonical":"https:\/\/www.alucomfort.be\/product\/verrijdbare-heftafel-laadvlak-1010-x-520-mm-2\/","og_locale":"fr_FR","og_type":"article","og_title":"Chariot \u00e9l\u00e9vateur","og_description":"Les tables \u00e9l\u00e9vatrices sont indispensables dans les processus logistiques et dans les procedures de fabrication. La solution ergonomique parfaite \u00e0 l'atelier.","og_url":"https:\/\/www.alucomfort.be\/product\/verrijdbare-heftafel-laadvlak-1010-x-520-mm-2\/","og_site_name":"Alu Comfort","article_modified_time":"2023-12-04T21:37:09+00:00","og_image":[{"width":414,"height":415,"url":"https:\/\/www.alucomfort.be\/wp-content\/uploads\/FE-6836-2.jpg","type":"image\/jpeg"}],"twitter_card":"summary_large_image","schema":{"@context":"https:\/\/schema.org","@graph":[{"@type":"WebPage","@id":"https:\/\/www.alucomfort.be\/product\/verrijdbare-heftafel-laadvlak-1010-x-520-mm-2\/","url":"https:\/\/www.alucomfort.be\/product\/verrijdbare-heftafel-laadvlak-1010-x-520-mm-2\/","name":"Chariot \u00e9l\u00e9vateur","isPartOf":{"@id":"https:\/\/www.alucomfort.be\/#website"},"primaryImageOfPage":{"@id":"https:\/\/www.alucomfort.be\/product\/verrijdbare-heftafel-laadvlak-1010-x-520-mm-2\/#primaryimage"},"image":{"@id":"https:\/\/www.alucomfort.be\/product\/verrijdbare-heftafel-laadvlak-1010-x-520-mm-2\/#primaryimage"},"thumbnailUrl":"https:\/\/www.alucomfort.be\/wp-content\/uploads\/FE-6836-2.jpg","datePublished":"2019-10-13T22:55:29+00:00","dateModified":"2023-12-04T21:37:09+00:00","description":"Les tables \u00e9l\u00e9vatrices sont indispensables dans les processus logistiques et dans les procedures de fabrication. La solution ergonomique parfaite \u00e0 l'atelier.","breadcrumb":{"@id":"https:\/\/www.alucomfort.be\/product\/verrijdbare-heftafel-laadvlak-1010-x-520-mm-2\/#breadcrumb"},"inLanguage":"fr-FR","potentialAction":[{"@type":"ReadAction","target":["https:\/\/www.alucomfort.be\/product\/verrijdbare-heftafel-laadvlak-1010-x-520-mm-2\/"]}]},{"@type":"ImageObject","inLanguage":"fr-FR","@id":"https:\/\/www.alucomfort.be\/product\/verrijdbare-heftafel-laadvlak-1010-x-520-mm-2\/#primaryimage","url":"https:\/\/www.alucomfort.be\/wp-content\/uploads\/FE-6836-2.jpg","contentUrl":"https:\/\/www.alucomfort.be\/wp-content\/uploads\/FE-6836-2.jpg","width":414,"height":415},{"@type":"BreadcrumbList","@id":"https:\/\/www.alucomfort.be\/product\/verrijdbare-heftafel-laadvlak-1010-x-520-mm-2\/#breadcrumb","itemListElement":[{"@type":"ListItem","position":1,"name":"Home","item":"https:\/\/www.alucomfort.be\/fr\/"},{"@type":"ListItem","position":2,"name":"Producten","item":"https:\/\/www.alucomfort.be\/producten\/"},{"@type":"ListItem","position":3,"name":"Chariots \u00e0 plate-forme \u00e9l\u00e9vatrice &#8211; Dim Utiles: 1010 x 520 mm"}]},{"@type":"WebSite","@id":"https:\/\/www.alucomfort.be\/#website","url":"https:\/\/www.alucomfort.be\/","name":"Alu Comfort","description":"","potentialAction":[{"@type":"SearchAction","target":{"@type":"EntryPoint","urlTemplate":"https:\/\/www.alucomfort.be\/?s={search_term_string}"},"query-input":{"@type":"PropertyValueSpecification","valueRequired":true,"valueName":"search_term_string"}}],"inLanguage":"fr-FR"}]}},"_links":{"self":[{"href":"https:\/\/www.alucomfort.be\/fr\/wp-json\/wp\/v2\/product\/172426","targetHints":{"allow":["GET"]}}],"collection":[{"href":"https:\/\/www.alucomfort.be\/fr\/wp-json\/wp\/v2\/product"}],"about":[{"href":"https:\/\/www.alucomfort.be\/fr\/wp-json\/wp\/v2\/types\/product"}],"wp:featuredmedia":[{"embeddable":true,"href":"https:\/\/www.alucomfort.be\/fr\/wp-json\/wp\/v2\/media\/3130"}],"wp:attachment":[{"href":"https:\/\/www.alucomfort.be\/fr\/wp-json\/wp\/v2\/media?parent=172426"}],"wp:term":[{"taxonomy":"product_brand","embeddable":true,"href":"https:\/\/www.alucomfort.be\/fr\/wp-json\/wp\/v2\/product_brand?post=172426"},{"taxonomy":"product_cat","embeddable":true,"href":"https:\/\/www.alucomfort.be\/fr\/wp-json\/wp\/v2\/product_cat?post=172426"},{"taxonomy":"product_tag","embeddable":true,"href":"https:\/\/www.alucomfort.be\/fr\/wp-json\/wp\/v2\/product_tag?post=172426"}],"curies":[{"name":"wp","href":"https:\/\/api.w.org\/{rel}","templated":true}]}}