

{"id":172436,"date":"2019-10-14T00:55:43","date_gmt":"2019-10-13T22:55:43","guid":{"rendered":"https:\/\/www.alucomfort.be\/product\/gerbeurs-a-grande-levee-charge-adm-500-1000-kg\/"},"modified":"2021-11-05T21:58:08","modified_gmt":"2021-11-05T19:58:08","slug":"gerbeurs-a-grande-levee-charge-adm-500-1000-kg","status":"publish","type":"product","link":"https:\/\/www.alucomfort.be\/fr\/product\/gerbeurs-a-grande-levee-charge-adm-500-1000-kg\/","title":{"rendered":"Gerbeurs \u00e0 grande lev\u00e9e &#8211; Charge adm. 500 -1000 kg"},"content":{"rendered":"<p>* Gerbeurs pour le levage et transport de mat\u00e9riel.  Construction solide en profil\u00e9 d&rsquo;acier avec dossiers de pouss\u00e9e en tube d&rsquo;acier, * Pompe hydraulique avec piston chrom\u00e9, * Timon avec levier de descente et mont\u00e9e, * Mont\u00e9e par coup de timon: 20 mm, * 2 fourches r\u00e9glables en largeur, * 2 roues directrices 150 x 40 mm avec freins et 2 galets \u00e0 bandage 80 x 70 mm<\/p>\n","protected":false},"excerpt":{"rendered":"<p>Gerbeurs hydrauliques<\/p>\n","protected":false},"featured_media":3182,"template":"","meta":{"_acf_changed":false},"product_brand":[],"product_cat":[2752],"product_tag":[],"class_list":{"0":"post-172436","1":"product","2":"type-product","3":"status-publish","4":"has-post-thumbnail","6":"product_cat-gerbeurs","8":"first","9":"outofstock","10":"taxable","11":"shipping-taxable","12":"purchasable","13":"product-type-variable"},"acf":[],"yoast_head":"<!-- This site is optimized with the Yoast SEO plugin v24.8.1 - https:\/\/yoast.com\/wordpress\/plugins\/seo\/ -->\n<title>Gerbeurs hydrauliques \u00e0 grande lev\u00e9e<\/title>\n<meta name=\"description\" content=\"Gerbeurs \u00e0 manivelle pour une manutention vite de diverses charges.\" \/>\n<meta name=\"robots\" content=\"index, follow, max-snippet:-1, max-image-preview:large, max-video-preview:-1\" \/>\n<link rel=\"canonical\" href=\"https:\/\/www.alucomfort.be\/product\/stapelaars-met-hefvermogen-500-1000-kg\/\" \/>\n<meta property=\"og:locale\" content=\"fr_FR\" \/>\n<meta property=\"og:type\" content=\"article\" \/>\n<meta property=\"og:title\" content=\"Gerbeurs hydrauliques \u00e0 grande lev\u00e9e\" \/>\n<meta property=\"og:description\" content=\"Gerbeurs \u00e0 manivelle pour une manutention vite de diverses charges.\" \/>\n<meta property=\"og:url\" content=\"https:\/\/www.alucomfort.be\/product\/stapelaars-met-hefvermogen-500-1000-kg\/\" \/>\n<meta property=\"og:site_name\" content=\"Alu Comfort\" \/>\n<meta property=\"article:modified_time\" content=\"2021-11-05T19:58:08+00:00\" \/>\n<meta property=\"og:image\" content=\"https:\/\/www.alucomfort.be\/wp-content\/uploads\/FE-6855.jpg\" \/>\n\t<meta property=\"og:image:width\" content=\"781\" \/>\n\t<meta property=\"og:image:height\" content=\"1084\" \/>\n\t<meta property=\"og:image:type\" content=\"image\/jpeg\" \/>\n<meta name=\"twitter:card\" content=\"summary_large_image\" \/>\n<script type=\"application\/ld+json\" class=\"yoast-schema-graph\">{\"@context\":\"https:\/\/schema.org\",\"@graph\":[{\"@type\":\"WebPage\",\"@id\":\"https:\/\/www.alucomfort.be\/product\/stapelaars-met-hefvermogen-500-1000-kg\/\",\"url\":\"https:\/\/www.alucomfort.be\/product\/stapelaars-met-hefvermogen-500-1000-kg\/\",\"name\":\"Gerbeurs hydrauliques \u00e0 grande lev\u00e9e\",\"isPartOf\":{\"@id\":\"https:\/\/www.alucomfort.be\/#website\"},\"primaryImageOfPage\":{\"@id\":\"https:\/\/www.alucomfort.be\/product\/stapelaars-met-hefvermogen-500-1000-kg\/#primaryimage\"},\"image\":{\"@id\":\"https:\/\/www.alucomfort.be\/product\/stapelaars-met-hefvermogen-500-1000-kg\/#primaryimage\"},\"thumbnailUrl\":\"https:\/\/www.alucomfort.be\/wp-content\/uploads\/FE-6855.jpg\",\"datePublished\":\"2019-10-13T22:55:43+00:00\",\"dateModified\":\"2021-11-05T19:58:08+00:00\",\"description\":\"Gerbeurs \u00e0 manivelle pour une manutention vite de diverses charges.\",\"breadcrumb\":{\"@id\":\"https:\/\/www.alucomfort.be\/product\/stapelaars-met-hefvermogen-500-1000-kg\/#breadcrumb\"},\"inLanguage\":\"fr-FR\",\"potentialAction\":[{\"@type\":\"ReadAction\",\"target\":[\"https:\/\/www.alucomfort.be\/product\/stapelaars-met-hefvermogen-500-1000-kg\/\"]}]},{\"@type\":\"ImageObject\",\"inLanguage\":\"fr-FR\",\"@id\":\"https:\/\/www.alucomfort.be\/product\/stapelaars-met-hefvermogen-500-1000-kg\/#primaryimage\",\"url\":\"https:\/\/www.alucomfort.be\/wp-content\/uploads\/FE-6855.jpg\",\"contentUrl\":\"https:\/\/www.alucomfort.be\/wp-content\/uploads\/FE-6855.jpg\",\"width\":781,\"height\":1084,\"caption\":\"Stapelaar\"},{\"@type\":\"BreadcrumbList\",\"@id\":\"https:\/\/www.alucomfort.be\/product\/stapelaars-met-hefvermogen-500-1000-kg\/#breadcrumb\",\"itemListElement\":[{\"@type\":\"ListItem\",\"position\":1,\"name\":\"Home\",\"item\":\"https:\/\/www.alucomfort.be\/fr\/\"},{\"@type\":\"ListItem\",\"position\":2,\"name\":\"Producten\",\"item\":\"https:\/\/www.alucomfort.be\/producten\/\"},{\"@type\":\"ListItem\",\"position\":3,\"name\":\"Gerbeurs \u00e0 grande lev\u00e9e &#8211; Charge adm. 500 -1000 kg\"}]},{\"@type\":\"WebSite\",\"@id\":\"https:\/\/www.alucomfort.be\/#website\",\"url\":\"https:\/\/www.alucomfort.be\/\",\"name\":\"Alu Comfort\",\"description\":\"\",\"potentialAction\":[{\"@type\":\"SearchAction\",\"target\":{\"@type\":\"EntryPoint\",\"urlTemplate\":\"https:\/\/www.alucomfort.be\/?s={search_term_string}\"},\"query-input\":{\"@type\":\"PropertyValueSpecification\",\"valueRequired\":true,\"valueName\":\"search_term_string\"}}],\"inLanguage\":\"fr-FR\"}]}<\/script>\n<!-- \/ Yoast SEO plugin. -->","yoast_head_json":{"title":"Gerbeurs hydrauliques \u00e0 grande lev\u00e9e","description":"Gerbeurs \u00e0 manivelle pour une manutention vite de diverses charges.","robots":{"index":"index","follow":"follow","max-snippet":"max-snippet:-1","max-image-preview":"max-image-preview:large","max-video-preview":"max-video-preview:-1"},"canonical":"https:\/\/www.alucomfort.be\/product\/stapelaars-met-hefvermogen-500-1000-kg\/","og_locale":"fr_FR","og_type":"article","og_title":"Gerbeurs hydrauliques \u00e0 grande lev\u00e9e","og_description":"Gerbeurs \u00e0 manivelle pour une manutention vite de diverses charges.","og_url":"https:\/\/www.alucomfort.be\/product\/stapelaars-met-hefvermogen-500-1000-kg\/","og_site_name":"Alu Comfort","article_modified_time":"2021-11-05T19:58:08+00:00","og_image":[{"width":781,"height":1084,"url":"https:\/\/www.alucomfort.be\/wp-content\/uploads\/FE-6855.jpg","type":"image\/jpeg"}],"twitter_card":"summary_large_image","schema":{"@context":"https:\/\/schema.org","@graph":[{"@type":"WebPage","@id":"https:\/\/www.alucomfort.be\/product\/stapelaars-met-hefvermogen-500-1000-kg\/","url":"https:\/\/www.alucomfort.be\/product\/stapelaars-met-hefvermogen-500-1000-kg\/","name":"Gerbeurs hydrauliques \u00e0 grande lev\u00e9e","isPartOf":{"@id":"https:\/\/www.alucomfort.be\/#website"},"primaryImageOfPage":{"@id":"https:\/\/www.alucomfort.be\/product\/stapelaars-met-hefvermogen-500-1000-kg\/#primaryimage"},"image":{"@id":"https:\/\/www.alucomfort.be\/product\/stapelaars-met-hefvermogen-500-1000-kg\/#primaryimage"},"thumbnailUrl":"https:\/\/www.alucomfort.be\/wp-content\/uploads\/FE-6855.jpg","datePublished":"2019-10-13T22:55:43+00:00","dateModified":"2021-11-05T19:58:08+00:00","description":"Gerbeurs \u00e0 manivelle pour une manutention vite de diverses charges.","breadcrumb":{"@id":"https:\/\/www.alucomfort.be\/product\/stapelaars-met-hefvermogen-500-1000-kg\/#breadcrumb"},"inLanguage":"fr-FR","potentialAction":[{"@type":"ReadAction","target":["https:\/\/www.alucomfort.be\/product\/stapelaars-met-hefvermogen-500-1000-kg\/"]}]},{"@type":"ImageObject","inLanguage":"fr-FR","@id":"https:\/\/www.alucomfort.be\/product\/stapelaars-met-hefvermogen-500-1000-kg\/#primaryimage","url":"https:\/\/www.alucomfort.be\/wp-content\/uploads\/FE-6855.jpg","contentUrl":"https:\/\/www.alucomfort.be\/wp-content\/uploads\/FE-6855.jpg","width":781,"height":1084,"caption":"Stapelaar"},{"@type":"BreadcrumbList","@id":"https:\/\/www.alucomfort.be\/product\/stapelaars-met-hefvermogen-500-1000-kg\/#breadcrumb","itemListElement":[{"@type":"ListItem","position":1,"name":"Home","item":"https:\/\/www.alucomfort.be\/fr\/"},{"@type":"ListItem","position":2,"name":"Producten","item":"https:\/\/www.alucomfort.be\/producten\/"},{"@type":"ListItem","position":3,"name":"Gerbeurs \u00e0 grande lev\u00e9e &#8211; Charge adm. 500 -1000 kg"}]},{"@type":"WebSite","@id":"https:\/\/www.alucomfort.be\/#website","url":"https:\/\/www.alucomfort.be\/","name":"Alu Comfort","description":"","potentialAction":[{"@type":"SearchAction","target":{"@type":"EntryPoint","urlTemplate":"https:\/\/www.alucomfort.be\/?s={search_term_string}"},"query-input":{"@type":"PropertyValueSpecification","valueRequired":true,"valueName":"search_term_string"}}],"inLanguage":"fr-FR"}]}},"_links":{"self":[{"href":"https:\/\/www.alucomfort.be\/fr\/wp-json\/wp\/v2\/product\/172436","targetHints":{"allow":["GET"]}}],"collection":[{"href":"https:\/\/www.alucomfort.be\/fr\/wp-json\/wp\/v2\/product"}],"about":[{"href":"https:\/\/www.alucomfort.be\/fr\/wp-json\/wp\/v2\/types\/product"}],"wp:featuredmedia":[{"embeddable":true,"href":"https:\/\/www.alucomfort.be\/fr\/wp-json\/wp\/v2\/media\/3182"}],"wp:attachment":[{"href":"https:\/\/www.alucomfort.be\/fr\/wp-json\/wp\/v2\/media?parent=172436"}],"wp:term":[{"taxonomy":"product_brand","embeddable":true,"href":"https:\/\/www.alucomfort.be\/fr\/wp-json\/wp\/v2\/product_brand?post=172436"},{"taxonomy":"product_cat","embeddable":true,"href":"https:\/\/www.alucomfort.be\/fr\/wp-json\/wp\/v2\/product_cat?post=172436"},{"taxonomy":"product_tag","embeddable":true,"href":"https:\/\/www.alucomfort.be\/fr\/wp-json\/wp\/v2\/product_tag?post=172436"}],"curies":[{"name":"wp","href":"https:\/\/api.w.org\/{rel}","templated":true}]}}