

{"id":172470,"date":"2019-10-14T00:56:20","date_gmt":"2019-10-13T22:56:20","guid":{"rendered":"https:\/\/www.alucomfort.be\/product\/elevateur-de-futs-plastiques-contenance-120-l\/"},"modified":"2025-09-09T22:04:08","modified_gmt":"2025-09-09T20:04:08","slug":"elevateur-de-futs-plastiques-contenance-120-l","status":"publish","type":"product","link":"https:\/\/www.alucomfort.be\/fr\/product\/elevateur-de-futs-plastiques-contenance-120-l\/","title":{"rendered":"El\u00e9vateur de f\u00fbts plastiques 120 l"},"content":{"rendered":"<p>* Les griffes de serrage assurent \u00e0 tout moment un transport s\u00fbr, * Empiler des f\u00fbts en mati\u00e8re plastique sans palettes.<\/p>\n","protected":false},"excerpt":{"rendered":"<p>Manutention id\u00e9ale de f\u00fbts plastiques<\/p>\n","protected":false},"featured_media":225506,"template":"","meta":{"_acf_changed":false},"product_brand":[],"product_cat":[2513],"product_tag":[],"class_list":{"0":"post-172470","1":"product","2":"type-product","3":"status-publish","4":"has-post-thumbnail","6":"product_cat-manutention-de-futs-plastiques","8":"first","9":"outofstock","10":"taxable","11":"shipping-taxable","12":"purchasable","13":"product-type-variable"},"acf":[],"yoast_head":"<!-- This site is optimized with the Yoast SEO plugin v24.8.1 - https:\/\/yoast.com\/wordpress\/plugins\/seo\/ -->\n<title>\u00c9l\u00e9vateurs &amp; Basculeurs de F\u00fbts | Alu Comfort | S\u00e9curit\u00e9<\/title>\n<meta name=\"description\" content=\"Difficult\u00e9s \u00e0 manipuler vos f\u00fbts en plastique? Les \u00e9quipements d&#039;Alu Comfort rendent le travail facile et s\u00fbr. D\u00e9couvrez nos solutions pour la manutention id\u00e9ale de vos f\u00fbts\" \/>\n<meta name=\"robots\" content=\"index, follow, max-snippet:-1, max-image-preview:large, max-video-preview:-1\" \/>\n<link rel=\"canonical\" href=\"https:\/\/www.alucomfort.be\/product\/vatenheffer-voor-120-l-kunststofvaten\/\" \/>\n<meta property=\"og:locale\" content=\"fr_FR\" \/>\n<meta property=\"og:type\" content=\"article\" \/>\n<meta property=\"og:title\" content=\"\u00c9l\u00e9vateurs &amp; Basculeurs de F\u00fbts | Alu Comfort | S\u00e9curit\u00e9\" \/>\n<meta property=\"og:description\" content=\"Difficult\u00e9s \u00e0 manipuler vos f\u00fbts en plastique? Les \u00e9quipements d&#039;Alu Comfort rendent le travail facile et s\u00fbr. D\u00e9couvrez nos solutions pour la manutention id\u00e9ale de vos f\u00fbts\" \/>\n<meta property=\"og:url\" content=\"https:\/\/www.alucomfort.be\/product\/vatenheffer-voor-120-l-kunststofvaten\/\" \/>\n<meta property=\"og:site_name\" content=\"Alu Comfort\" \/>\n<meta property=\"article:modified_time\" content=\"2025-09-09T20:04:08+00:00\" \/>\n<meta property=\"og:image\" content=\"https:\/\/www.alucomfort.be\/wp-content\/uploads\/Prehenseur-de-futs-BR-FH-I-1-1.jpg\" \/>\n\t<meta property=\"og:image:width\" content=\"1920\" \/>\n\t<meta property=\"og:image:height\" content=\"1280\" \/>\n\t<meta property=\"og:image:type\" content=\"image\/jpeg\" \/>\n<meta name=\"twitter:card\" content=\"summary_large_image\" \/>\n<script type=\"application\/ld+json\" class=\"yoast-schema-graph\">{\"@context\":\"https:\/\/schema.org\",\"@graph\":[{\"@type\":\"WebPage\",\"@id\":\"https:\/\/www.alucomfort.be\/product\/vatenheffer-voor-120-l-kunststofvaten\/\",\"url\":\"https:\/\/www.alucomfort.be\/product\/vatenheffer-voor-120-l-kunststofvaten\/\",\"name\":\"\u00c9l\u00e9vateurs & Basculeurs de F\u00fbts | Alu Comfort | S\u00e9curit\u00e9\",\"isPartOf\":{\"@id\":\"https:\/\/www.alucomfort.be\/#website\"},\"primaryImageOfPage\":{\"@id\":\"https:\/\/www.alucomfort.be\/product\/vatenheffer-voor-120-l-kunststofvaten\/#primaryimage\"},\"image\":{\"@id\":\"https:\/\/www.alucomfort.be\/product\/vatenheffer-voor-120-l-kunststofvaten\/#primaryimage\"},\"thumbnailUrl\":\"https:\/\/www.alucomfort.be\/wp-content\/uploads\/Prehenseur-de-futs-BR-FH-I-1-1.jpg\",\"datePublished\":\"2019-10-13T22:56:20+00:00\",\"dateModified\":\"2025-09-09T20:04:08+00:00\",\"description\":\"Difficult\u00e9s \u00e0 manipuler vos f\u00fbts en plastique? Les \u00e9quipements d'Alu Comfort rendent le travail facile et s\u00fbr. D\u00e9couvrez nos solutions pour la manutention id\u00e9ale de vos f\u00fbts\",\"breadcrumb\":{\"@id\":\"https:\/\/www.alucomfort.be\/product\/vatenheffer-voor-120-l-kunststofvaten\/#breadcrumb\"},\"inLanguage\":\"fr-FR\",\"potentialAction\":[{\"@type\":\"ReadAction\",\"target\":[\"https:\/\/www.alucomfort.be\/product\/vatenheffer-voor-120-l-kunststofvaten\/\"]}]},{\"@type\":\"ImageObject\",\"inLanguage\":\"fr-FR\",\"@id\":\"https:\/\/www.alucomfort.be\/product\/vatenheffer-voor-120-l-kunststofvaten\/#primaryimage\",\"url\":\"https:\/\/www.alucomfort.be\/wp-content\/uploads\/Prehenseur-de-futs-BR-FH-I-1-1.jpg\",\"contentUrl\":\"https:\/\/www.alucomfort.be\/wp-content\/uploads\/Prehenseur-de-futs-BR-FH-I-1-1.jpg\",\"width\":1920,\"height\":1280,\"caption\":\"Pr\u00e9henseur de f\u00fbts\"},{\"@type\":\"BreadcrumbList\",\"@id\":\"https:\/\/www.alucomfort.be\/product\/vatenheffer-voor-120-l-kunststofvaten\/#breadcrumb\",\"itemListElement\":[{\"@type\":\"ListItem\",\"position\":1,\"name\":\"Home\",\"item\":\"https:\/\/www.alucomfort.be\/fr\/\"},{\"@type\":\"ListItem\",\"position\":2,\"name\":\"Producten\",\"item\":\"https:\/\/www.alucomfort.be\/producten\/\"},{\"@type\":\"ListItem\",\"position\":3,\"name\":\"El\u00e9vateur de f\u00fbts plastiques 120 l\"}]},{\"@type\":\"WebSite\",\"@id\":\"https:\/\/www.alucomfort.be\/#website\",\"url\":\"https:\/\/www.alucomfort.be\/\",\"name\":\"Alu Comfort\",\"description\":\"\",\"potentialAction\":[{\"@type\":\"SearchAction\",\"target\":{\"@type\":\"EntryPoint\",\"urlTemplate\":\"https:\/\/www.alucomfort.be\/?s={search_term_string}\"},\"query-input\":{\"@type\":\"PropertyValueSpecification\",\"valueRequired\":true,\"valueName\":\"search_term_string\"}}],\"inLanguage\":\"fr-FR\"}]}<\/script>\n<!-- \/ Yoast SEO plugin. -->","yoast_head_json":{"title":"\u00c9l\u00e9vateurs & Basculeurs de F\u00fbts | Alu Comfort | S\u00e9curit\u00e9","description":"Difficult\u00e9s \u00e0 manipuler vos f\u00fbts en plastique? Les \u00e9quipements d'Alu Comfort rendent le travail facile et s\u00fbr. D\u00e9couvrez nos solutions pour la manutention id\u00e9ale de vos f\u00fbts","robots":{"index":"index","follow":"follow","max-snippet":"max-snippet:-1","max-image-preview":"max-image-preview:large","max-video-preview":"max-video-preview:-1"},"canonical":"https:\/\/www.alucomfort.be\/product\/vatenheffer-voor-120-l-kunststofvaten\/","og_locale":"fr_FR","og_type":"article","og_title":"\u00c9l\u00e9vateurs & Basculeurs de F\u00fbts | Alu Comfort | S\u00e9curit\u00e9","og_description":"Difficult\u00e9s \u00e0 manipuler vos f\u00fbts en plastique? Les \u00e9quipements d'Alu Comfort rendent le travail facile et s\u00fbr. D\u00e9couvrez nos solutions pour la manutention id\u00e9ale de vos f\u00fbts","og_url":"https:\/\/www.alucomfort.be\/product\/vatenheffer-voor-120-l-kunststofvaten\/","og_site_name":"Alu Comfort","article_modified_time":"2025-09-09T20:04:08+00:00","og_image":[{"width":1920,"height":1280,"url":"https:\/\/www.alucomfort.be\/wp-content\/uploads\/Prehenseur-de-futs-BR-FH-I-1-1.jpg","type":"image\/jpeg"}],"twitter_card":"summary_large_image","schema":{"@context":"https:\/\/schema.org","@graph":[{"@type":"WebPage","@id":"https:\/\/www.alucomfort.be\/product\/vatenheffer-voor-120-l-kunststofvaten\/","url":"https:\/\/www.alucomfort.be\/product\/vatenheffer-voor-120-l-kunststofvaten\/","name":"\u00c9l\u00e9vateurs & Basculeurs de F\u00fbts | Alu Comfort | S\u00e9curit\u00e9","isPartOf":{"@id":"https:\/\/www.alucomfort.be\/#website"},"primaryImageOfPage":{"@id":"https:\/\/www.alucomfort.be\/product\/vatenheffer-voor-120-l-kunststofvaten\/#primaryimage"},"image":{"@id":"https:\/\/www.alucomfort.be\/product\/vatenheffer-voor-120-l-kunststofvaten\/#primaryimage"},"thumbnailUrl":"https:\/\/www.alucomfort.be\/wp-content\/uploads\/Prehenseur-de-futs-BR-FH-I-1-1.jpg","datePublished":"2019-10-13T22:56:20+00:00","dateModified":"2025-09-09T20:04:08+00:00","description":"Difficult\u00e9s \u00e0 manipuler vos f\u00fbts en plastique? Les \u00e9quipements d'Alu Comfort rendent le travail facile et s\u00fbr. D\u00e9couvrez nos solutions pour la manutention id\u00e9ale de vos f\u00fbts","breadcrumb":{"@id":"https:\/\/www.alucomfort.be\/product\/vatenheffer-voor-120-l-kunststofvaten\/#breadcrumb"},"inLanguage":"fr-FR","potentialAction":[{"@type":"ReadAction","target":["https:\/\/www.alucomfort.be\/product\/vatenheffer-voor-120-l-kunststofvaten\/"]}]},{"@type":"ImageObject","inLanguage":"fr-FR","@id":"https:\/\/www.alucomfort.be\/product\/vatenheffer-voor-120-l-kunststofvaten\/#primaryimage","url":"https:\/\/www.alucomfort.be\/wp-content\/uploads\/Prehenseur-de-futs-BR-FH-I-1-1.jpg","contentUrl":"https:\/\/www.alucomfort.be\/wp-content\/uploads\/Prehenseur-de-futs-BR-FH-I-1-1.jpg","width":1920,"height":1280,"caption":"Pr\u00e9henseur de f\u00fbts"},{"@type":"BreadcrumbList","@id":"https:\/\/www.alucomfort.be\/product\/vatenheffer-voor-120-l-kunststofvaten\/#breadcrumb","itemListElement":[{"@type":"ListItem","position":1,"name":"Home","item":"https:\/\/www.alucomfort.be\/fr\/"},{"@type":"ListItem","position":2,"name":"Producten","item":"https:\/\/www.alucomfort.be\/producten\/"},{"@type":"ListItem","position":3,"name":"El\u00e9vateur de f\u00fbts plastiques 120 l"}]},{"@type":"WebSite","@id":"https:\/\/www.alucomfort.be\/#website","url":"https:\/\/www.alucomfort.be\/","name":"Alu Comfort","description":"","potentialAction":[{"@type":"SearchAction","target":{"@type":"EntryPoint","urlTemplate":"https:\/\/www.alucomfort.be\/?s={search_term_string}"},"query-input":{"@type":"PropertyValueSpecification","valueRequired":true,"valueName":"search_term_string"}}],"inLanguage":"fr-FR"}]}},"_links":{"self":[{"href":"https:\/\/www.alucomfort.be\/fr\/wp-json\/wp\/v2\/product\/172470","targetHints":{"allow":["GET"]}}],"collection":[{"href":"https:\/\/www.alucomfort.be\/fr\/wp-json\/wp\/v2\/product"}],"about":[{"href":"https:\/\/www.alucomfort.be\/fr\/wp-json\/wp\/v2\/types\/product"}],"wp:featuredmedia":[{"embeddable":true,"href":"https:\/\/www.alucomfort.be\/fr\/wp-json\/wp\/v2\/media\/225506"}],"wp:attachment":[{"href":"https:\/\/www.alucomfort.be\/fr\/wp-json\/wp\/v2\/media?parent=172470"}],"wp:term":[{"taxonomy":"product_brand","embeddable":true,"href":"https:\/\/www.alucomfort.be\/fr\/wp-json\/wp\/v2\/product_brand?post=172470"},{"taxonomy":"product_cat","embeddable":true,"href":"https:\/\/www.alucomfort.be\/fr\/wp-json\/wp\/v2\/product_cat?post=172470"},{"taxonomy":"product_tag","embeddable":true,"href":"https:\/\/www.alucomfort.be\/fr\/wp-json\/wp\/v2\/product_tag?post=172470"}],"curies":[{"name":"wp","href":"https:\/\/api.w.org\/{rel}","templated":true}]}}