

{"id":172530,"date":"2019-10-14T00:57:13","date_gmt":"2019-10-13T22:57:13","guid":{"rendered":"https:\/\/www.alucomfort.be\/product\/griffe-a-futs\/"},"modified":"2025-09-09T22:04:39","modified_gmt":"2025-09-09T20:04:39","slug":"griffe-a-futs-3","status":"publish","type":"product","link":"https:\/\/www.alucomfort.be\/fr\/product\/griffe-a-futs-3\/","title":{"rendered":"Griffe pour f\u00fbts plastiques 220 l"},"content":{"rendered":"<p>* Prise \u00e0 4 points, * D\u00e9v\u00e9rouillage activ\u00e9 par barre de guidage.<\/p>\n","protected":false},"excerpt":{"rendered":"<p>Pour f\u00fbts plastiques \u00e0 ouverture totale de 220 l<\/p>\n","protected":false},"featured_media":225499,"template":"","meta":{"_acf_changed":false},"product_brand":[],"product_cat":[2513],"product_tag":[],"class_list":{"0":"post-172530","1":"product","2":"type-product","3":"status-publish","4":"has-post-thumbnail","6":"product_cat-manutention-de-futs-plastiques","8":"first","9":"outofstock","10":"taxable","11":"shipping-taxable","12":"purchasable","13":"product-type-variable"},"acf":[],"yoast_head":"<!-- This site is optimized with the Yoast SEO plugin v24.8.1 - https:\/\/yoast.com\/wordpress\/plugins\/seo\/ -->\n<title>Besoin d&#039;une Griffe \u00e0 f\u00fbts? | Alu Comfort |<\/title>\n<meta name=\"description\" content=\"Vous cherchez un \u00e9l\u00e9vateur fiable pour f\u00fbts plastiques ? D\u00e9couvrez notre assortiment professionnel et commandez en ligne chez Alu Comfort.\" \/>\n<meta name=\"robots\" content=\"index, follow, max-snippet:-1, max-image-preview:large, max-video-preview:-1\" \/>\n<link rel=\"canonical\" href=\"https:\/\/www.alucomfort.be\/product\/vatengrijper-3\/\" \/>\n<meta property=\"og:locale\" content=\"fr_FR\" \/>\n<meta property=\"og:type\" content=\"article\" \/>\n<meta property=\"og:title\" content=\"Besoin d&#039;une Griffe \u00e0 f\u00fbts? | Alu Comfort |\" \/>\n<meta property=\"og:description\" content=\"Vous cherchez un \u00e9l\u00e9vateur fiable pour f\u00fbts plastiques ? D\u00e9couvrez notre assortiment professionnel et commandez en ligne chez Alu Comfort.\" \/>\n<meta property=\"og:url\" content=\"https:\/\/www.alucomfort.be\/product\/vatengrijper-3\/\" \/>\n<meta property=\"og:site_name\" content=\"Alu Comfort\" \/>\n<meta property=\"article:modified_time\" content=\"2025-09-09T20:04:39+00:00\" \/>\n<meta property=\"og:image\" content=\"https:\/\/www.alucomfort.be\/wp-content\/uploads\/Vatengrijper-Griffe-a-futs-BR-4P-1-1.jpg\" \/>\n\t<meta property=\"og:image:width\" content=\"900\" \/>\n\t<meta property=\"og:image:height\" content=\"1415\" \/>\n\t<meta property=\"og:image:type\" content=\"image\/jpeg\" \/>\n<meta name=\"twitter:card\" content=\"summary_large_image\" \/>\n<script type=\"application\/ld+json\" class=\"yoast-schema-graph\">{\"@context\":\"https:\/\/schema.org\",\"@graph\":[{\"@type\":\"WebPage\",\"@id\":\"https:\/\/www.alucomfort.be\/product\/vatengrijper-3\/\",\"url\":\"https:\/\/www.alucomfort.be\/product\/vatengrijper-3\/\",\"name\":\"Besoin d'une Griffe \u00e0 f\u00fbts? | Alu Comfort |\",\"isPartOf\":{\"@id\":\"https:\/\/www.alucomfort.be\/#website\"},\"primaryImageOfPage\":{\"@id\":\"https:\/\/www.alucomfort.be\/product\/vatengrijper-3\/#primaryimage\"},\"image\":{\"@id\":\"https:\/\/www.alucomfort.be\/product\/vatengrijper-3\/#primaryimage\"},\"thumbnailUrl\":\"https:\/\/www.alucomfort.be\/wp-content\/uploads\/Vatengrijper-Griffe-a-futs-BR-4P-1-1.jpg\",\"datePublished\":\"2019-10-13T22:57:13+00:00\",\"dateModified\":\"2025-09-09T20:04:39+00:00\",\"description\":\"Vous cherchez un \u00e9l\u00e9vateur fiable pour f\u00fbts plastiques ? D\u00e9couvrez notre assortiment professionnel et commandez en ligne chez Alu Comfort.\",\"breadcrumb\":{\"@id\":\"https:\/\/www.alucomfort.be\/product\/vatengrijper-3\/#breadcrumb\"},\"inLanguage\":\"fr-FR\",\"potentialAction\":[{\"@type\":\"ReadAction\",\"target\":[\"https:\/\/www.alucomfort.be\/product\/vatengrijper-3\/\"]}]},{\"@type\":\"ImageObject\",\"inLanguage\":\"fr-FR\",\"@id\":\"https:\/\/www.alucomfort.be\/product\/vatengrijper-3\/#primaryimage\",\"url\":\"https:\/\/www.alucomfort.be\/wp-content\/uploads\/Vatengrijper-Griffe-a-futs-BR-4P-1-1.jpg\",\"contentUrl\":\"https:\/\/www.alucomfort.be\/wp-content\/uploads\/Vatengrijper-Griffe-a-futs-BR-4P-1-1.jpg\",\"width\":900,\"height\":1415,\"caption\":\"Vatengrijper - Griffe \u00e0 futs\"},{\"@type\":\"BreadcrumbList\",\"@id\":\"https:\/\/www.alucomfort.be\/product\/vatengrijper-3\/#breadcrumb\",\"itemListElement\":[{\"@type\":\"ListItem\",\"position\":1,\"name\":\"Home\",\"item\":\"https:\/\/www.alucomfort.be\/fr\/\"},{\"@type\":\"ListItem\",\"position\":2,\"name\":\"Producten\",\"item\":\"https:\/\/www.alucomfort.be\/producten\/\"},{\"@type\":\"ListItem\",\"position\":3,\"name\":\"Griffe pour f\u00fbts plastiques 220 l\"}]},{\"@type\":\"WebSite\",\"@id\":\"https:\/\/www.alucomfort.be\/#website\",\"url\":\"https:\/\/www.alucomfort.be\/\",\"name\":\"Alu Comfort\",\"description\":\"\",\"potentialAction\":[{\"@type\":\"SearchAction\",\"target\":{\"@type\":\"EntryPoint\",\"urlTemplate\":\"https:\/\/www.alucomfort.be\/?s={search_term_string}\"},\"query-input\":{\"@type\":\"PropertyValueSpecification\",\"valueRequired\":true,\"valueName\":\"search_term_string\"}}],\"inLanguage\":\"fr-FR\"}]}<\/script>\n<!-- \/ Yoast SEO plugin. -->","yoast_head_json":{"title":"Besoin d'une Griffe \u00e0 f\u00fbts? | Alu Comfort |","description":"Vous cherchez un \u00e9l\u00e9vateur fiable pour f\u00fbts plastiques ? D\u00e9couvrez notre assortiment professionnel et commandez en ligne chez Alu Comfort.","robots":{"index":"index","follow":"follow","max-snippet":"max-snippet:-1","max-image-preview":"max-image-preview:large","max-video-preview":"max-video-preview:-1"},"canonical":"https:\/\/www.alucomfort.be\/product\/vatengrijper-3\/","og_locale":"fr_FR","og_type":"article","og_title":"Besoin d'une Griffe \u00e0 f\u00fbts? | Alu Comfort |","og_description":"Vous cherchez un \u00e9l\u00e9vateur fiable pour f\u00fbts plastiques ? D\u00e9couvrez notre assortiment professionnel et commandez en ligne chez Alu Comfort.","og_url":"https:\/\/www.alucomfort.be\/product\/vatengrijper-3\/","og_site_name":"Alu Comfort","article_modified_time":"2025-09-09T20:04:39+00:00","og_image":[{"width":900,"height":1415,"url":"https:\/\/www.alucomfort.be\/wp-content\/uploads\/Vatengrijper-Griffe-a-futs-BR-4P-1-1.jpg","type":"image\/jpeg"}],"twitter_card":"summary_large_image","schema":{"@context":"https:\/\/schema.org","@graph":[{"@type":"WebPage","@id":"https:\/\/www.alucomfort.be\/product\/vatengrijper-3\/","url":"https:\/\/www.alucomfort.be\/product\/vatengrijper-3\/","name":"Besoin d'une Griffe \u00e0 f\u00fbts? | Alu Comfort |","isPartOf":{"@id":"https:\/\/www.alucomfort.be\/#website"},"primaryImageOfPage":{"@id":"https:\/\/www.alucomfort.be\/product\/vatengrijper-3\/#primaryimage"},"image":{"@id":"https:\/\/www.alucomfort.be\/product\/vatengrijper-3\/#primaryimage"},"thumbnailUrl":"https:\/\/www.alucomfort.be\/wp-content\/uploads\/Vatengrijper-Griffe-a-futs-BR-4P-1-1.jpg","datePublished":"2019-10-13T22:57:13+00:00","dateModified":"2025-09-09T20:04:39+00:00","description":"Vous cherchez un \u00e9l\u00e9vateur fiable pour f\u00fbts plastiques ? D\u00e9couvrez notre assortiment professionnel et commandez en ligne chez Alu Comfort.","breadcrumb":{"@id":"https:\/\/www.alucomfort.be\/product\/vatengrijper-3\/#breadcrumb"},"inLanguage":"fr-FR","potentialAction":[{"@type":"ReadAction","target":["https:\/\/www.alucomfort.be\/product\/vatengrijper-3\/"]}]},{"@type":"ImageObject","inLanguage":"fr-FR","@id":"https:\/\/www.alucomfort.be\/product\/vatengrijper-3\/#primaryimage","url":"https:\/\/www.alucomfort.be\/wp-content\/uploads\/Vatengrijper-Griffe-a-futs-BR-4P-1-1.jpg","contentUrl":"https:\/\/www.alucomfort.be\/wp-content\/uploads\/Vatengrijper-Griffe-a-futs-BR-4P-1-1.jpg","width":900,"height":1415,"caption":"Vatengrijper - Griffe \u00e0 futs"},{"@type":"BreadcrumbList","@id":"https:\/\/www.alucomfort.be\/product\/vatengrijper-3\/#breadcrumb","itemListElement":[{"@type":"ListItem","position":1,"name":"Home","item":"https:\/\/www.alucomfort.be\/fr\/"},{"@type":"ListItem","position":2,"name":"Producten","item":"https:\/\/www.alucomfort.be\/producten\/"},{"@type":"ListItem","position":3,"name":"Griffe pour f\u00fbts plastiques 220 l"}]},{"@type":"WebSite","@id":"https:\/\/www.alucomfort.be\/#website","url":"https:\/\/www.alucomfort.be\/","name":"Alu Comfort","description":"","potentialAction":[{"@type":"SearchAction","target":{"@type":"EntryPoint","urlTemplate":"https:\/\/www.alucomfort.be\/?s={search_term_string}"},"query-input":{"@type":"PropertyValueSpecification","valueRequired":true,"valueName":"search_term_string"}}],"inLanguage":"fr-FR"}]}},"_links":{"self":[{"href":"https:\/\/www.alucomfort.be\/fr\/wp-json\/wp\/v2\/product\/172530","targetHints":{"allow":["GET"]}}],"collection":[{"href":"https:\/\/www.alucomfort.be\/fr\/wp-json\/wp\/v2\/product"}],"about":[{"href":"https:\/\/www.alucomfort.be\/fr\/wp-json\/wp\/v2\/types\/product"}],"wp:featuredmedia":[{"embeddable":true,"href":"https:\/\/www.alucomfort.be\/fr\/wp-json\/wp\/v2\/media\/225499"}],"wp:attachment":[{"href":"https:\/\/www.alucomfort.be\/fr\/wp-json\/wp\/v2\/media?parent=172530"}],"wp:term":[{"taxonomy":"product_brand","embeddable":true,"href":"https:\/\/www.alucomfort.be\/fr\/wp-json\/wp\/v2\/product_brand?post=172530"},{"taxonomy":"product_cat","embeddable":true,"href":"https:\/\/www.alucomfort.be\/fr\/wp-json\/wp\/v2\/product_cat?post=172530"},{"taxonomy":"product_tag","embeddable":true,"href":"https:\/\/www.alucomfort.be\/fr\/wp-json\/wp\/v2\/product_tag?post=172530"}],"curies":[{"name":"wp","href":"https:\/\/api.w.org\/{rel}","templated":true}]}}