

{"id":172538,"date":"2019-10-14T00:57:25","date_gmt":"2019-10-13T22:57:25","guid":{"rendered":"https:\/\/www.alucomfort.be\/product\/griffe-a-futs\/"},"modified":"2025-09-09T13:13:59","modified_gmt":"2025-09-09T11:13:59","slug":"griffe-a-futs-4","status":"publish","type":"product","link":"https:\/\/www.alucomfort.be\/fr\/product\/griffe-a-futs-4\/","title":{"rendered":"Griffe \u00e0 f\u00fbts"},"content":{"rendered":"<p>* Prise \u00e0 4 points, * D\u00e9v\u00e9rouillage activ\u00e9 par barre de guidage.<\/p>\n","protected":false},"excerpt":{"rendered":"<p>Griffe \u00e0 f\u00fbts pour f\u00fbts m\u00e9talliques \u00e0 bonde, \u00e0 ouverture totale de 200 l.<\/p>\n","protected":false},"featured_media":225424,"template":"","meta":{"_acf_changed":false},"product_brand":[],"product_cat":[2508],"product_tag":[],"class_list":{"0":"post-172538","1":"product","2":"type-product","3":"status-publish","4":"has-post-thumbnail","6":"product_cat-manutention-de-futs-metalliques","8":"first","9":"outofstock","10":"taxable","11":"shipping-taxable","12":"purchasable","13":"product-type-variable"},"acf":[],"yoast_head":"<!-- This site is optimized with the Yoast SEO plugin v24.8.1 - https:\/\/yoast.com\/wordpress\/plugins\/seo\/ -->\n<title>Griffe \u00e0 f\u00fbts | Alu Comfort | Manutention S\u00e9curis\u00e9e<\/title>\n<meta name=\"description\" content=\"Sp\u00e9cialement con\u00e7ue pour la manutention s\u00e9curis\u00e9e des f\u00fbts en acier de 200l. Nos griffes \u00e0 f\u00fbts offrent une prise maximale, pour f\u00fbts ouverts ou \u00e0 bonde. Trouvez la pince parfaite chez Alu Comfor\" \/>\n<meta name=\"robots\" content=\"index, follow, max-snippet:-1, max-image-preview:large, max-video-preview:-1\" \/>\n<link rel=\"canonical\" href=\"https:\/\/www.alucomfort.be\/product\/vatengrijper\/\" \/>\n<meta property=\"og:locale\" content=\"fr_FR\" \/>\n<meta property=\"og:type\" content=\"article\" \/>\n<meta property=\"og:title\" content=\"Griffe \u00e0 f\u00fbts | Alu Comfort | Manutention S\u00e9curis\u00e9e\" \/>\n<meta property=\"og:description\" content=\"Sp\u00e9cialement con\u00e7ue pour la manutention s\u00e9curis\u00e9e des f\u00fbts en acier de 200l. Nos griffes \u00e0 f\u00fbts offrent une prise maximale, pour f\u00fbts ouverts ou \u00e0 bonde. Trouvez la pince parfaite chez Alu Comfor\" \/>\n<meta property=\"og:url\" content=\"https:\/\/www.alucomfort.be\/product\/vatengrijper\/\" \/>\n<meta property=\"og:site_name\" content=\"Alu Comfort\" \/>\n<meta property=\"article:modified_time\" content=\"2025-09-09T11:13:59+00:00\" \/>\n<meta property=\"og:image\" content=\"https:\/\/www.alucomfort.be\/wp-content\/uploads\/Vatengrijper-Griffe-a-futs-BR-4P-1.jpg\" \/>\n\t<meta property=\"og:image:width\" content=\"900\" \/>\n\t<meta property=\"og:image:height\" content=\"1415\" \/>\n\t<meta property=\"og:image:type\" content=\"image\/jpeg\" \/>\n<meta name=\"twitter:card\" content=\"summary_large_image\" \/>\n<script type=\"application\/ld+json\" class=\"yoast-schema-graph\">{\"@context\":\"https:\/\/schema.org\",\"@graph\":[{\"@type\":\"WebPage\",\"@id\":\"https:\/\/www.alucomfort.be\/product\/vatengrijper\/\",\"url\":\"https:\/\/www.alucomfort.be\/product\/vatengrijper\/\",\"name\":\"Griffe \u00e0 f\u00fbts | Alu Comfort | Manutention S\u00e9curis\u00e9e\",\"isPartOf\":{\"@id\":\"https:\/\/www.alucomfort.be\/#website\"},\"primaryImageOfPage\":{\"@id\":\"https:\/\/www.alucomfort.be\/product\/vatengrijper\/#primaryimage\"},\"image\":{\"@id\":\"https:\/\/www.alucomfort.be\/product\/vatengrijper\/#primaryimage\"},\"thumbnailUrl\":\"https:\/\/www.alucomfort.be\/wp-content\/uploads\/Vatengrijper-Griffe-a-futs-BR-4P-1.jpg\",\"datePublished\":\"2019-10-13T22:57:25+00:00\",\"dateModified\":\"2025-09-09T11:13:59+00:00\",\"description\":\"Sp\u00e9cialement con\u00e7ue pour la manutention s\u00e9curis\u00e9e des f\u00fbts en acier de 200l. Nos griffes \u00e0 f\u00fbts offrent une prise maximale, pour f\u00fbts ouverts ou \u00e0 bonde. Trouvez la pince parfaite chez Alu Comfor\",\"breadcrumb\":{\"@id\":\"https:\/\/www.alucomfort.be\/product\/vatengrijper\/#breadcrumb\"},\"inLanguage\":\"fr-FR\",\"potentialAction\":[{\"@type\":\"ReadAction\",\"target\":[\"https:\/\/www.alucomfort.be\/product\/vatengrijper\/\"]}]},{\"@type\":\"ImageObject\",\"inLanguage\":\"fr-FR\",\"@id\":\"https:\/\/www.alucomfort.be\/product\/vatengrijper\/#primaryimage\",\"url\":\"https:\/\/www.alucomfort.be\/wp-content\/uploads\/Vatengrijper-Griffe-a-futs-BR-4P-1.jpg\",\"contentUrl\":\"https:\/\/www.alucomfort.be\/wp-content\/uploads\/Vatengrijper-Griffe-a-futs-BR-4P-1.jpg\",\"width\":900,\"height\":1415,\"caption\":\"Vatengrijper - Griffe \u00e0 f\u00fbts\"},{\"@type\":\"BreadcrumbList\",\"@id\":\"https:\/\/www.alucomfort.be\/product\/vatengrijper\/#breadcrumb\",\"itemListElement\":[{\"@type\":\"ListItem\",\"position\":1,\"name\":\"Home\",\"item\":\"https:\/\/www.alucomfort.be\/fr\/\"},{\"@type\":\"ListItem\",\"position\":2,\"name\":\"Producten\",\"item\":\"https:\/\/www.alucomfort.be\/producten\/\"},{\"@type\":\"ListItem\",\"position\":3,\"name\":\"Griffe \u00e0 f\u00fbts\"}]},{\"@type\":\"WebSite\",\"@id\":\"https:\/\/www.alucomfort.be\/#website\",\"url\":\"https:\/\/www.alucomfort.be\/\",\"name\":\"Alu Comfort\",\"description\":\"\",\"potentialAction\":[{\"@type\":\"SearchAction\",\"target\":{\"@type\":\"EntryPoint\",\"urlTemplate\":\"https:\/\/www.alucomfort.be\/?s={search_term_string}\"},\"query-input\":{\"@type\":\"PropertyValueSpecification\",\"valueRequired\":true,\"valueName\":\"search_term_string\"}}],\"inLanguage\":\"fr-FR\"}]}<\/script>\n<!-- \/ Yoast SEO plugin. -->","yoast_head_json":{"title":"Griffe \u00e0 f\u00fbts | Alu Comfort | Manutention S\u00e9curis\u00e9e","description":"Sp\u00e9cialement con\u00e7ue pour la manutention s\u00e9curis\u00e9e des f\u00fbts en acier de 200l. Nos griffes \u00e0 f\u00fbts offrent une prise maximale, pour f\u00fbts ouverts ou \u00e0 bonde. Trouvez la pince parfaite chez Alu Comfor","robots":{"index":"index","follow":"follow","max-snippet":"max-snippet:-1","max-image-preview":"max-image-preview:large","max-video-preview":"max-video-preview:-1"},"canonical":"https:\/\/www.alucomfort.be\/product\/vatengrijper\/","og_locale":"fr_FR","og_type":"article","og_title":"Griffe \u00e0 f\u00fbts | Alu Comfort | Manutention S\u00e9curis\u00e9e","og_description":"Sp\u00e9cialement con\u00e7ue pour la manutention s\u00e9curis\u00e9e des f\u00fbts en acier de 200l. Nos griffes \u00e0 f\u00fbts offrent une prise maximale, pour f\u00fbts ouverts ou \u00e0 bonde. Trouvez la pince parfaite chez Alu Comfor","og_url":"https:\/\/www.alucomfort.be\/product\/vatengrijper\/","og_site_name":"Alu Comfort","article_modified_time":"2025-09-09T11:13:59+00:00","og_image":[{"width":900,"height":1415,"url":"https:\/\/www.alucomfort.be\/wp-content\/uploads\/Vatengrijper-Griffe-a-futs-BR-4P-1.jpg","type":"image\/jpeg"}],"twitter_card":"summary_large_image","schema":{"@context":"https:\/\/schema.org","@graph":[{"@type":"WebPage","@id":"https:\/\/www.alucomfort.be\/product\/vatengrijper\/","url":"https:\/\/www.alucomfort.be\/product\/vatengrijper\/","name":"Griffe \u00e0 f\u00fbts | Alu Comfort | Manutention S\u00e9curis\u00e9e","isPartOf":{"@id":"https:\/\/www.alucomfort.be\/#website"},"primaryImageOfPage":{"@id":"https:\/\/www.alucomfort.be\/product\/vatengrijper\/#primaryimage"},"image":{"@id":"https:\/\/www.alucomfort.be\/product\/vatengrijper\/#primaryimage"},"thumbnailUrl":"https:\/\/www.alucomfort.be\/wp-content\/uploads\/Vatengrijper-Griffe-a-futs-BR-4P-1.jpg","datePublished":"2019-10-13T22:57:25+00:00","dateModified":"2025-09-09T11:13:59+00:00","description":"Sp\u00e9cialement con\u00e7ue pour la manutention s\u00e9curis\u00e9e des f\u00fbts en acier de 200l. Nos griffes \u00e0 f\u00fbts offrent une prise maximale, pour f\u00fbts ouverts ou \u00e0 bonde. Trouvez la pince parfaite chez Alu Comfor","breadcrumb":{"@id":"https:\/\/www.alucomfort.be\/product\/vatengrijper\/#breadcrumb"},"inLanguage":"fr-FR","potentialAction":[{"@type":"ReadAction","target":["https:\/\/www.alucomfort.be\/product\/vatengrijper\/"]}]},{"@type":"ImageObject","inLanguage":"fr-FR","@id":"https:\/\/www.alucomfort.be\/product\/vatengrijper\/#primaryimage","url":"https:\/\/www.alucomfort.be\/wp-content\/uploads\/Vatengrijper-Griffe-a-futs-BR-4P-1.jpg","contentUrl":"https:\/\/www.alucomfort.be\/wp-content\/uploads\/Vatengrijper-Griffe-a-futs-BR-4P-1.jpg","width":900,"height":1415,"caption":"Vatengrijper - Griffe \u00e0 f\u00fbts"},{"@type":"BreadcrumbList","@id":"https:\/\/www.alucomfort.be\/product\/vatengrijper\/#breadcrumb","itemListElement":[{"@type":"ListItem","position":1,"name":"Home","item":"https:\/\/www.alucomfort.be\/fr\/"},{"@type":"ListItem","position":2,"name":"Producten","item":"https:\/\/www.alucomfort.be\/producten\/"},{"@type":"ListItem","position":3,"name":"Griffe \u00e0 f\u00fbts"}]},{"@type":"WebSite","@id":"https:\/\/www.alucomfort.be\/#website","url":"https:\/\/www.alucomfort.be\/","name":"Alu Comfort","description":"","potentialAction":[{"@type":"SearchAction","target":{"@type":"EntryPoint","urlTemplate":"https:\/\/www.alucomfort.be\/?s={search_term_string}"},"query-input":{"@type":"PropertyValueSpecification","valueRequired":true,"valueName":"search_term_string"}}],"inLanguage":"fr-FR"}]}},"_links":{"self":[{"href":"https:\/\/www.alucomfort.be\/fr\/wp-json\/wp\/v2\/product\/172538","targetHints":{"allow":["GET"]}}],"collection":[{"href":"https:\/\/www.alucomfort.be\/fr\/wp-json\/wp\/v2\/product"}],"about":[{"href":"https:\/\/www.alucomfort.be\/fr\/wp-json\/wp\/v2\/types\/product"}],"wp:featuredmedia":[{"embeddable":true,"href":"https:\/\/www.alucomfort.be\/fr\/wp-json\/wp\/v2\/media\/225424"}],"wp:attachment":[{"href":"https:\/\/www.alucomfort.be\/fr\/wp-json\/wp\/v2\/media?parent=172538"}],"wp:term":[{"taxonomy":"product_brand","embeddable":true,"href":"https:\/\/www.alucomfort.be\/fr\/wp-json\/wp\/v2\/product_brand?post=172538"},{"taxonomy":"product_cat","embeddable":true,"href":"https:\/\/www.alucomfort.be\/fr\/wp-json\/wp\/v2\/product_cat?post=172538"},{"taxonomy":"product_tag","embeddable":true,"href":"https:\/\/www.alucomfort.be\/fr\/wp-json\/wp\/v2\/product_tag?post=172538"}],"curies":[{"name":"wp","href":"https:\/\/api.w.org\/{rel}","templated":true}]}}