

{"id":172546,"date":"2019-10-14T00:57:31","date_gmt":"2019-10-13T22:57:31","guid":{"rendered":"https:\/\/www.alucomfort.be\/product\/grappin-articule\/"},"modified":"2025-09-09T13:14:07","modified_gmt":"2025-09-09T11:14:07","slug":"grappin-articule","status":"publish","type":"product","link":"https:\/\/www.alucomfort.be\/fr\/product\/grappin-articule\/","title":{"rendered":"Grappin articul\u00e9 pour f\u00fbts"},"content":{"rendered":"<p>* Pince de manutention pour f\u00fbts en position horizontale, * Disponible en version pour f\u00fbts de 60 l et pour f\u00fbts de 200 l.<\/p>\n","protected":false},"excerpt":{"rendered":"<p>Grappin articul\u00e9 pour enlevement des f\u00fbts m\u00e9talliques de 200 l \u00e0 bonde en position horizontale.<\/p>\n","protected":false},"featured_media":225450,"template":"","meta":{"_acf_changed":false},"product_brand":[],"product_cat":[2508],"product_tag":[],"class_list":{"0":"post-172546","1":"product","2":"type-product","3":"status-publish","4":"has-post-thumbnail","6":"product_cat-manutention-de-futs-metalliques","8":"first","9":"outofstock","10":"taxable","11":"shipping-taxable","12":"purchasable","13":"product-type-variable"},"acf":[],"yoast_head":"<!-- This site is optimized with the Yoast SEO plugin v24.8.1 - https:\/\/yoast.com\/wordpress\/plugins\/seo\/ -->\n<title>Grappin articul\u00e9 | Alu Comfort | Maintien et Stabilit\u00e9<\/title>\n<meta name=\"description\" content=\"Alu Comfort est votre sp\u00e9cialiste de la manutention de f\u00fbts. Nous offrons des conseils d&#039;experts et une gamme compl\u00e8te de pinces, griffes et basculeurs de haute qualit\u00e9. Contactez-nous pour la solution id\u00e9ale.\" \/>\n<meta name=\"robots\" content=\"index, follow, max-snippet:-1, max-image-preview:large, max-video-preview:-1\" \/>\n<link rel=\"canonical\" href=\"https:\/\/www.alucomfort.be\/product\/schaargrijper\/\" \/>\n<meta property=\"og:locale\" content=\"fr_FR\" \/>\n<meta property=\"og:type\" content=\"article\" \/>\n<meta property=\"og:title\" content=\"Grappin articul\u00e9 | Alu Comfort | Maintien et Stabilit\u00e9\" \/>\n<meta property=\"og:description\" content=\"Alu Comfort est votre sp\u00e9cialiste de la manutention de f\u00fbts. Nous offrons des conseils d&#039;experts et une gamme compl\u00e8te de pinces, griffes et basculeurs de haute qualit\u00e9. Contactez-nous pour la solution id\u00e9ale.\" \/>\n<meta property=\"og:url\" content=\"https:\/\/www.alucomfort.be\/product\/schaargrijper\/\" \/>\n<meta property=\"og:site_name\" content=\"Alu Comfort\" \/>\n<meta property=\"article:modified_time\" content=\"2025-09-09T11:14:07+00:00\" \/>\n<meta property=\"og:image\" content=\"https:\/\/www.alucomfort.be\/wp-content\/uploads\/Schaargrjper-Metalen-vaten-Grapping-Articule-BR-LG-1.jpg\" \/>\n\t<meta property=\"og:image:width\" content=\"900\" \/>\n\t<meta property=\"og:image:height\" content=\"1221\" \/>\n\t<meta property=\"og:image:type\" content=\"image\/jpeg\" \/>\n<meta name=\"twitter:card\" content=\"summary_large_image\" \/>\n<script type=\"application\/ld+json\" class=\"yoast-schema-graph\">{\"@context\":\"https:\/\/schema.org\",\"@graph\":[{\"@type\":\"WebPage\",\"@id\":\"https:\/\/www.alucomfort.be\/product\/schaargrijper\/\",\"url\":\"https:\/\/www.alucomfort.be\/product\/schaargrijper\/\",\"name\":\"Grappin articul\u00e9 | Alu Comfort | Maintien et Stabilit\u00e9\",\"isPartOf\":{\"@id\":\"https:\/\/www.alucomfort.be\/#website\"},\"primaryImageOfPage\":{\"@id\":\"https:\/\/www.alucomfort.be\/product\/schaargrijper\/#primaryimage\"},\"image\":{\"@id\":\"https:\/\/www.alucomfort.be\/product\/schaargrijper\/#primaryimage\"},\"thumbnailUrl\":\"https:\/\/www.alucomfort.be\/wp-content\/uploads\/Schaargrjper-Metalen-vaten-Grapping-Articule-BR-LG-1.jpg\",\"datePublished\":\"2019-10-13T22:57:31+00:00\",\"dateModified\":\"2025-09-09T11:14:07+00:00\",\"description\":\"Alu Comfort est votre sp\u00e9cialiste de la manutention de f\u00fbts. Nous offrons des conseils d'experts et une gamme compl\u00e8te de pinces, griffes et basculeurs de haute qualit\u00e9. Contactez-nous pour la solution id\u00e9ale.\",\"breadcrumb\":{\"@id\":\"https:\/\/www.alucomfort.be\/product\/schaargrijper\/#breadcrumb\"},\"inLanguage\":\"fr-FR\",\"potentialAction\":[{\"@type\":\"ReadAction\",\"target\":[\"https:\/\/www.alucomfort.be\/product\/schaargrijper\/\"]}]},{\"@type\":\"ImageObject\",\"inLanguage\":\"fr-FR\",\"@id\":\"https:\/\/www.alucomfort.be\/product\/schaargrijper\/#primaryimage\",\"url\":\"https:\/\/www.alucomfort.be\/wp-content\/uploads\/Schaargrjper-Metalen-vaten-Grapping-Articule-BR-LG-1.jpg\",\"contentUrl\":\"https:\/\/www.alucomfort.be\/wp-content\/uploads\/Schaargrjper-Metalen-vaten-Grapping-Articule-BR-LG-1.jpg\",\"width\":900,\"height\":1221,\"caption\":\"Schaargrjper Metalen vaten -Grapping Articul\u00e9\"},{\"@type\":\"BreadcrumbList\",\"@id\":\"https:\/\/www.alucomfort.be\/product\/schaargrijper\/#breadcrumb\",\"itemListElement\":[{\"@type\":\"ListItem\",\"position\":1,\"name\":\"Home\",\"item\":\"https:\/\/www.alucomfort.be\/fr\/\"},{\"@type\":\"ListItem\",\"position\":2,\"name\":\"Producten\",\"item\":\"https:\/\/www.alucomfort.be\/producten\/\"},{\"@type\":\"ListItem\",\"position\":3,\"name\":\"Grappin articul\u00e9 pour f\u00fbts\"}]},{\"@type\":\"WebSite\",\"@id\":\"https:\/\/www.alucomfort.be\/#website\",\"url\":\"https:\/\/www.alucomfort.be\/\",\"name\":\"Alu Comfort\",\"description\":\"\",\"potentialAction\":[{\"@type\":\"SearchAction\",\"target\":{\"@type\":\"EntryPoint\",\"urlTemplate\":\"https:\/\/www.alucomfort.be\/?s={search_term_string}\"},\"query-input\":{\"@type\":\"PropertyValueSpecification\",\"valueRequired\":true,\"valueName\":\"search_term_string\"}}],\"inLanguage\":\"fr-FR\"}]}<\/script>\n<!-- \/ Yoast SEO plugin. -->","yoast_head_json":{"title":"Grappin articul\u00e9 | Alu Comfort | Maintien et Stabilit\u00e9","description":"Alu Comfort est votre sp\u00e9cialiste de la manutention de f\u00fbts. Nous offrons des conseils d'experts et une gamme compl\u00e8te de pinces, griffes et basculeurs de haute qualit\u00e9. Contactez-nous pour la solution id\u00e9ale.","robots":{"index":"index","follow":"follow","max-snippet":"max-snippet:-1","max-image-preview":"max-image-preview:large","max-video-preview":"max-video-preview:-1"},"canonical":"https:\/\/www.alucomfort.be\/product\/schaargrijper\/","og_locale":"fr_FR","og_type":"article","og_title":"Grappin articul\u00e9 | Alu Comfort | Maintien et Stabilit\u00e9","og_description":"Alu Comfort est votre sp\u00e9cialiste de la manutention de f\u00fbts. Nous offrons des conseils d'experts et une gamme compl\u00e8te de pinces, griffes et basculeurs de haute qualit\u00e9. Contactez-nous pour la solution id\u00e9ale.","og_url":"https:\/\/www.alucomfort.be\/product\/schaargrijper\/","og_site_name":"Alu Comfort","article_modified_time":"2025-09-09T11:14:07+00:00","og_image":[{"width":900,"height":1221,"url":"https:\/\/www.alucomfort.be\/wp-content\/uploads\/Schaargrjper-Metalen-vaten-Grapping-Articule-BR-LG-1.jpg","type":"image\/jpeg"}],"twitter_card":"summary_large_image","schema":{"@context":"https:\/\/schema.org","@graph":[{"@type":"WebPage","@id":"https:\/\/www.alucomfort.be\/product\/schaargrijper\/","url":"https:\/\/www.alucomfort.be\/product\/schaargrijper\/","name":"Grappin articul\u00e9 | Alu Comfort | Maintien et Stabilit\u00e9","isPartOf":{"@id":"https:\/\/www.alucomfort.be\/#website"},"primaryImageOfPage":{"@id":"https:\/\/www.alucomfort.be\/product\/schaargrijper\/#primaryimage"},"image":{"@id":"https:\/\/www.alucomfort.be\/product\/schaargrijper\/#primaryimage"},"thumbnailUrl":"https:\/\/www.alucomfort.be\/wp-content\/uploads\/Schaargrjper-Metalen-vaten-Grapping-Articule-BR-LG-1.jpg","datePublished":"2019-10-13T22:57:31+00:00","dateModified":"2025-09-09T11:14:07+00:00","description":"Alu Comfort est votre sp\u00e9cialiste de la manutention de f\u00fbts. Nous offrons des conseils d'experts et une gamme compl\u00e8te de pinces, griffes et basculeurs de haute qualit\u00e9. Contactez-nous pour la solution id\u00e9ale.","breadcrumb":{"@id":"https:\/\/www.alucomfort.be\/product\/schaargrijper\/#breadcrumb"},"inLanguage":"fr-FR","potentialAction":[{"@type":"ReadAction","target":["https:\/\/www.alucomfort.be\/product\/schaargrijper\/"]}]},{"@type":"ImageObject","inLanguage":"fr-FR","@id":"https:\/\/www.alucomfort.be\/product\/schaargrijper\/#primaryimage","url":"https:\/\/www.alucomfort.be\/wp-content\/uploads\/Schaargrjper-Metalen-vaten-Grapping-Articule-BR-LG-1.jpg","contentUrl":"https:\/\/www.alucomfort.be\/wp-content\/uploads\/Schaargrjper-Metalen-vaten-Grapping-Articule-BR-LG-1.jpg","width":900,"height":1221,"caption":"Schaargrjper Metalen vaten -Grapping Articul\u00e9"},{"@type":"BreadcrumbList","@id":"https:\/\/www.alucomfort.be\/product\/schaargrijper\/#breadcrumb","itemListElement":[{"@type":"ListItem","position":1,"name":"Home","item":"https:\/\/www.alucomfort.be\/fr\/"},{"@type":"ListItem","position":2,"name":"Producten","item":"https:\/\/www.alucomfort.be\/producten\/"},{"@type":"ListItem","position":3,"name":"Grappin articul\u00e9 pour f\u00fbts"}]},{"@type":"WebSite","@id":"https:\/\/www.alucomfort.be\/#website","url":"https:\/\/www.alucomfort.be\/","name":"Alu Comfort","description":"","potentialAction":[{"@type":"SearchAction","target":{"@type":"EntryPoint","urlTemplate":"https:\/\/www.alucomfort.be\/?s={search_term_string}"},"query-input":{"@type":"PropertyValueSpecification","valueRequired":true,"valueName":"search_term_string"}}],"inLanguage":"fr-FR"}]}},"_links":{"self":[{"href":"https:\/\/www.alucomfort.be\/fr\/wp-json\/wp\/v2\/product\/172546","targetHints":{"allow":["GET"]}}],"collection":[{"href":"https:\/\/www.alucomfort.be\/fr\/wp-json\/wp\/v2\/product"}],"about":[{"href":"https:\/\/www.alucomfort.be\/fr\/wp-json\/wp\/v2\/types\/product"}],"wp:featuredmedia":[{"embeddable":true,"href":"https:\/\/www.alucomfort.be\/fr\/wp-json\/wp\/v2\/media\/225450"}],"wp:attachment":[{"href":"https:\/\/www.alucomfort.be\/fr\/wp-json\/wp\/v2\/media?parent=172546"}],"wp:term":[{"taxonomy":"product_brand","embeddable":true,"href":"https:\/\/www.alucomfort.be\/fr\/wp-json\/wp\/v2\/product_brand?post=172546"},{"taxonomy":"product_cat","embeddable":true,"href":"https:\/\/www.alucomfort.be\/fr\/wp-json\/wp\/v2\/product_cat?post=172546"},{"taxonomy":"product_tag","embeddable":true,"href":"https:\/\/www.alucomfort.be\/fr\/wp-json\/wp\/v2\/product_tag?post=172546"}],"curies":[{"name":"wp","href":"https:\/\/api.w.org\/{rel}","templated":true}]}}