

{"id":172588,"date":"2019-10-14T00:58:12","date_gmt":"2019-10-13T22:58:12","guid":{"rendered":"https:\/\/www.alucomfort.be\/product\/pince-a-futs\/"},"modified":"2025-09-09T13:15:05","modified_gmt":"2025-09-09T11:15:05","slug":"pince-a-futs","status":"publish","type":"product","link":"https:\/\/www.alucomfort.be\/fr\/product\/pince-a-futs\/","title":{"rendered":"Pince de manutention de f\u00fbts"},"content":{"rendered":"<p>* Pour f\u00fbts m\u00e9talliques \u00e0 bonde, \u00e0 ouverture totale, \u00e0 anneaux contenance de 200 l et f\u00fbts plastiques \u00e0 bonde contenance de 220 l, * Con\u00e7u pour Durer : Une construction robuste tout en acier qui garantit une long\u00e9vit\u00e9 maximale, m\u00eame dans les environnements les plus exigeants, * Visibilit\u00e9 Optimale : La conception intelligente offre au conducteur un champ de vision parfaitement d\u00e9gag\u00e9, pour une man\u009cuvrabilit\u00e9 et une s\u00e9curit\u00e9 accrues, * Dispositif en pinces galvanis\u00e9es en serie, * Prenez soin de vos f\u00fbts : \u00c9quip\u00e9 de but\u00e9es en caoutchouc pour prot\u00e9ger vos f\u00fbts des coups et des rayure, * Montant du dispositif \u00e0 pinces viss\u00e9 sur le cadre de base, * Force de Serrage Maximale : Une force de serrage sup\u00e9rieure garantit un maintien parfait du f\u00fbt en toutes circonstances, \u00e9liminant tout risque de glissemen, * S\u00e9curis\u00e9 contre le glissement Involontaire, * Disponible aussi en version ATEX sur demande.<\/p>\n","protected":false},"excerpt":{"rendered":"<p>Transport s\u00fbr et rapide de f\u00fbts m\u00e9talliques \u00e0 bonde, \u00e0 overture totale, \u00e0 anneaux contenance de 200 l.<\/p>\n","protected":false},"featured_media":225466,"template":"","meta":{"_acf_changed":false},"product_brand":[],"product_cat":[2508],"product_tag":[],"class_list":{"0":"post-172588","1":"product","2":"type-product","3":"status-publish","4":"has-post-thumbnail","6":"product_cat-manutention-de-futs-metalliques","8":"first","9":"outofstock","10":"taxable","11":"shipping-taxable","12":"purchasable","13":"product-type-variable"},"acf":[],"yoast_head":"<!-- This site is optimized with the Yoast SEO plugin v24.8.1 - https:\/\/yoast.com\/wordpress\/plugins\/seo\/ -->\n<title>Pinces \u00e0 F\u00fbts Pros | Alu Comfort | Manutention S\u00e9curis\u00e9e<\/title>\n<meta name=\"description\" content=\"D\u00e9couvrez notre gamme de pinces \u00e0 f\u00fbts et griffes pour f\u00fbts m\u00e9talliques et plastiques. Manutention de f\u00fbts de 200l en toute s\u00e9curit\u00e9. Haute qualit\u00e9 et durabilit\u00e9. Achetez en ligne sur Alu Comfort.\" \/>\n<meta name=\"robots\" content=\"index, follow, max-snippet:-1, max-image-preview:large, max-video-preview:-1\" \/>\n<link rel=\"canonical\" href=\"https:\/\/www.alucomfort.be\/product\/vatenlifter-voor-metalen-vaten-2\/\" \/>\n<meta property=\"og:locale\" content=\"fr_FR\" \/>\n<meta property=\"og:type\" content=\"article\" \/>\n<meta property=\"og:title\" content=\"Pinces \u00e0 F\u00fbts Pros | Alu Comfort | Manutention S\u00e9curis\u00e9e\" \/>\n<meta property=\"og:description\" content=\"D\u00e9couvrez notre gamme de pinces \u00e0 f\u00fbts et griffes pour f\u00fbts m\u00e9talliques et plastiques. Manutention de f\u00fbts de 200l en toute s\u00e9curit\u00e9. Haute qualit\u00e9 et durabilit\u00e9. Achetez en ligne sur Alu Comfort.\" \/>\n<meta property=\"og:url\" content=\"https:\/\/www.alucomfort.be\/product\/vatenlifter-voor-metalen-vaten-2\/\" \/>\n<meta property=\"og:site_name\" content=\"Alu Comfort\" \/>\n<meta property=\"article:modified_time\" content=\"2025-09-09T11:15:05+00:00\" \/>\n<meta property=\"og:image\" content=\"https:\/\/www.alucomfort.be\/wp-content\/uploads\/Vatenlifter-Alu-Comfort-BR-RS-II-M-2.jpg\" \/>\n\t<meta property=\"og:image:width\" content=\"1920\" \/>\n\t<meta property=\"og:image:height\" content=\"1618\" \/>\n\t<meta property=\"og:image:type\" content=\"image\/jpeg\" \/>\n<meta name=\"twitter:card\" content=\"summary_large_image\" \/>\n<meta name=\"twitter:label1\" content=\"Dur\u00e9e de lecture estim\u00e9e\" \/>\n\t<meta name=\"twitter:data1\" content=\"1 minute\" \/>\n<script type=\"application\/ld+json\" class=\"yoast-schema-graph\">{\"@context\":\"https:\/\/schema.org\",\"@graph\":[{\"@type\":\"WebPage\",\"@id\":\"https:\/\/www.alucomfort.be\/product\/vatenlifter-voor-metalen-vaten-2\/\",\"url\":\"https:\/\/www.alucomfort.be\/product\/vatenlifter-voor-metalen-vaten-2\/\",\"name\":\"Pinces \u00e0 F\u00fbts Pros | Alu Comfort | Manutention S\u00e9curis\u00e9e\",\"isPartOf\":{\"@id\":\"https:\/\/www.alucomfort.be\/#website\"},\"primaryImageOfPage\":{\"@id\":\"https:\/\/www.alucomfort.be\/product\/vatenlifter-voor-metalen-vaten-2\/#primaryimage\"},\"image\":{\"@id\":\"https:\/\/www.alucomfort.be\/product\/vatenlifter-voor-metalen-vaten-2\/#primaryimage\"},\"thumbnailUrl\":\"https:\/\/www.alucomfort.be\/wp-content\/uploads\/Vatenlifter-Alu-Comfort-BR-RS-II-M-2.jpg\",\"datePublished\":\"2019-10-13T22:58:12+00:00\",\"dateModified\":\"2025-09-09T11:15:05+00:00\",\"description\":\"D\u00e9couvrez notre gamme de pinces \u00e0 f\u00fbts et griffes pour f\u00fbts m\u00e9talliques et plastiques. Manutention de f\u00fbts de 200l en toute s\u00e9curit\u00e9. Haute qualit\u00e9 et durabilit\u00e9. Achetez en ligne sur Alu Comfort.\",\"breadcrumb\":{\"@id\":\"https:\/\/www.alucomfort.be\/product\/vatenlifter-voor-metalen-vaten-2\/#breadcrumb\"},\"inLanguage\":\"fr-FR\",\"potentialAction\":[{\"@type\":\"ReadAction\",\"target\":[\"https:\/\/www.alucomfort.be\/product\/vatenlifter-voor-metalen-vaten-2\/\"]}]},{\"@type\":\"ImageObject\",\"inLanguage\":\"fr-FR\",\"@id\":\"https:\/\/www.alucomfort.be\/product\/vatenlifter-voor-metalen-vaten-2\/#primaryimage\",\"url\":\"https:\/\/www.alucomfort.be\/wp-content\/uploads\/Vatenlifter-Alu-Comfort-BR-RS-II-M-2.jpg\",\"contentUrl\":\"https:\/\/www.alucomfort.be\/wp-content\/uploads\/Vatenlifter-Alu-Comfort-BR-RS-II-M-2.jpg\",\"width\":1920,\"height\":1618,\"caption\":\"OLYMPUS DIGITAL CAMERA\"},{\"@type\":\"BreadcrumbList\",\"@id\":\"https:\/\/www.alucomfort.be\/product\/vatenlifter-voor-metalen-vaten-2\/#breadcrumb\",\"itemListElement\":[{\"@type\":\"ListItem\",\"position\":1,\"name\":\"Home\",\"item\":\"https:\/\/www.alucomfort.be\/fr\/\"},{\"@type\":\"ListItem\",\"position\":2,\"name\":\"Producten\",\"item\":\"https:\/\/www.alucomfort.be\/producten\/\"},{\"@type\":\"ListItem\",\"position\":3,\"name\":\"Pince de manutention de f\u00fbts\"}]},{\"@type\":\"WebSite\",\"@id\":\"https:\/\/www.alucomfort.be\/#website\",\"url\":\"https:\/\/www.alucomfort.be\/\",\"name\":\"Alu Comfort\",\"description\":\"\",\"potentialAction\":[{\"@type\":\"SearchAction\",\"target\":{\"@type\":\"EntryPoint\",\"urlTemplate\":\"https:\/\/www.alucomfort.be\/?s={search_term_string}\"},\"query-input\":{\"@type\":\"PropertyValueSpecification\",\"valueRequired\":true,\"valueName\":\"search_term_string\"}}],\"inLanguage\":\"fr-FR\"}]}<\/script>\n<!-- \/ Yoast SEO plugin. -->","yoast_head_json":{"title":"Pinces \u00e0 F\u00fbts Pros | Alu Comfort | Manutention S\u00e9curis\u00e9e","description":"D\u00e9couvrez notre gamme de pinces \u00e0 f\u00fbts et griffes pour f\u00fbts m\u00e9talliques et plastiques. Manutention de f\u00fbts de 200l en toute s\u00e9curit\u00e9. Haute qualit\u00e9 et durabilit\u00e9. Achetez en ligne sur Alu Comfort.","robots":{"index":"index","follow":"follow","max-snippet":"max-snippet:-1","max-image-preview":"max-image-preview:large","max-video-preview":"max-video-preview:-1"},"canonical":"https:\/\/www.alucomfort.be\/product\/vatenlifter-voor-metalen-vaten-2\/","og_locale":"fr_FR","og_type":"article","og_title":"Pinces \u00e0 F\u00fbts Pros | Alu Comfort | Manutention S\u00e9curis\u00e9e","og_description":"D\u00e9couvrez notre gamme de pinces \u00e0 f\u00fbts et griffes pour f\u00fbts m\u00e9talliques et plastiques. Manutention de f\u00fbts de 200l en toute s\u00e9curit\u00e9. Haute qualit\u00e9 et durabilit\u00e9. Achetez en ligne sur Alu Comfort.","og_url":"https:\/\/www.alucomfort.be\/product\/vatenlifter-voor-metalen-vaten-2\/","og_site_name":"Alu Comfort","article_modified_time":"2025-09-09T11:15:05+00:00","og_image":[{"width":1920,"height":1618,"url":"https:\/\/www.alucomfort.be\/wp-content\/uploads\/Vatenlifter-Alu-Comfort-BR-RS-II-M-2.jpg","type":"image\/jpeg"}],"twitter_card":"summary_large_image","twitter_misc":{"Dur\u00e9e de lecture estim\u00e9e":"1 minute"},"schema":{"@context":"https:\/\/schema.org","@graph":[{"@type":"WebPage","@id":"https:\/\/www.alucomfort.be\/product\/vatenlifter-voor-metalen-vaten-2\/","url":"https:\/\/www.alucomfort.be\/product\/vatenlifter-voor-metalen-vaten-2\/","name":"Pinces \u00e0 F\u00fbts Pros | Alu Comfort | Manutention S\u00e9curis\u00e9e","isPartOf":{"@id":"https:\/\/www.alucomfort.be\/#website"},"primaryImageOfPage":{"@id":"https:\/\/www.alucomfort.be\/product\/vatenlifter-voor-metalen-vaten-2\/#primaryimage"},"image":{"@id":"https:\/\/www.alucomfort.be\/product\/vatenlifter-voor-metalen-vaten-2\/#primaryimage"},"thumbnailUrl":"https:\/\/www.alucomfort.be\/wp-content\/uploads\/Vatenlifter-Alu-Comfort-BR-RS-II-M-2.jpg","datePublished":"2019-10-13T22:58:12+00:00","dateModified":"2025-09-09T11:15:05+00:00","description":"D\u00e9couvrez notre gamme de pinces \u00e0 f\u00fbts et griffes pour f\u00fbts m\u00e9talliques et plastiques. Manutention de f\u00fbts de 200l en toute s\u00e9curit\u00e9. Haute qualit\u00e9 et durabilit\u00e9. Achetez en ligne sur Alu Comfort.","breadcrumb":{"@id":"https:\/\/www.alucomfort.be\/product\/vatenlifter-voor-metalen-vaten-2\/#breadcrumb"},"inLanguage":"fr-FR","potentialAction":[{"@type":"ReadAction","target":["https:\/\/www.alucomfort.be\/product\/vatenlifter-voor-metalen-vaten-2\/"]}]},{"@type":"ImageObject","inLanguage":"fr-FR","@id":"https:\/\/www.alucomfort.be\/product\/vatenlifter-voor-metalen-vaten-2\/#primaryimage","url":"https:\/\/www.alucomfort.be\/wp-content\/uploads\/Vatenlifter-Alu-Comfort-BR-RS-II-M-2.jpg","contentUrl":"https:\/\/www.alucomfort.be\/wp-content\/uploads\/Vatenlifter-Alu-Comfort-BR-RS-II-M-2.jpg","width":1920,"height":1618,"caption":"OLYMPUS DIGITAL CAMERA"},{"@type":"BreadcrumbList","@id":"https:\/\/www.alucomfort.be\/product\/vatenlifter-voor-metalen-vaten-2\/#breadcrumb","itemListElement":[{"@type":"ListItem","position":1,"name":"Home","item":"https:\/\/www.alucomfort.be\/fr\/"},{"@type":"ListItem","position":2,"name":"Producten","item":"https:\/\/www.alucomfort.be\/producten\/"},{"@type":"ListItem","position":3,"name":"Pince de manutention de f\u00fbts"}]},{"@type":"WebSite","@id":"https:\/\/www.alucomfort.be\/#website","url":"https:\/\/www.alucomfort.be\/","name":"Alu Comfort","description":"","potentialAction":[{"@type":"SearchAction","target":{"@type":"EntryPoint","urlTemplate":"https:\/\/www.alucomfort.be\/?s={search_term_string}"},"query-input":{"@type":"PropertyValueSpecification","valueRequired":true,"valueName":"search_term_string"}}],"inLanguage":"fr-FR"}]}},"_links":{"self":[{"href":"https:\/\/www.alucomfort.be\/fr\/wp-json\/wp\/v2\/product\/172588","targetHints":{"allow":["GET"]}}],"collection":[{"href":"https:\/\/www.alucomfort.be\/fr\/wp-json\/wp\/v2\/product"}],"about":[{"href":"https:\/\/www.alucomfort.be\/fr\/wp-json\/wp\/v2\/types\/product"}],"wp:featuredmedia":[{"embeddable":true,"href":"https:\/\/www.alucomfort.be\/fr\/wp-json\/wp\/v2\/media\/225466"}],"wp:attachment":[{"href":"https:\/\/www.alucomfort.be\/fr\/wp-json\/wp\/v2\/media?parent=172588"}],"wp:term":[{"taxonomy":"product_brand","embeddable":true,"href":"https:\/\/www.alucomfort.be\/fr\/wp-json\/wp\/v2\/product_brand?post=172588"},{"taxonomy":"product_cat","embeddable":true,"href":"https:\/\/www.alucomfort.be\/fr\/wp-json\/wp\/v2\/product_cat?post=172588"},{"taxonomy":"product_tag","embeddable":true,"href":"https:\/\/www.alucomfort.be\/fr\/wp-json\/wp\/v2\/product_tag?post=172588"}],"curies":[{"name":"wp","href":"https:\/\/api.w.org\/{rel}","templated":true}]}}