

{"id":172640,"date":"2019-10-14T00:59:04","date_gmt":"2019-10-13T22:59:04","guid":{"rendered":"https:\/\/www.alucomfort.be\/product\/pinces-a-futs\/"},"modified":"2025-09-09T13:15:30","modified_gmt":"2025-09-09T11:15:30","slug":"pinces-a-futs","status":"publish","type":"product","link":"https:\/\/www.alucomfort.be\/fr\/product\/pinces-a-futs\/","title":{"rendered":"L\u00e8ve-f\u00fbt"},"content":{"rendered":"<p>* L\u00e8ve-F\u00fbt avec construction robuste, * Vue d\u00e9gag\u00e9e pour le conducteur, * Dispositif de pinces galvanis\u00e9es de s\u00e9rie faciles \u00e0 remplacer, * But\u00e9e en caoutchouc pour \u00e9viter l&rsquo;endommagement des f\u00fbts, * Force de serrage extr\u00eament \u00e9lev\u00e9e, * S\u00e9curis\u00e9 contre le glissement Involontaire, * En option avec pieds-supports, * Ook leverbaar in speciale versie.<\/p>\n","protected":false},"excerpt":{"rendered":"<p>L\u00e8ve-f\u00fbt pour f\u00fbts m\u00e9talliques \u00e0 bonde de 60 l<\/p>\n","protected":false},"featured_media":225458,"template":"","meta":{"_acf_changed":false},"product_brand":[],"product_cat":[2508],"product_tag":[],"class_list":{"0":"post-172640","1":"product","2":"type-product","3":"status-publish","4":"has-post-thumbnail","6":"product_cat-manutention-de-futs-metalliques","8":"first","9":"outofstock","10":"taxable","11":"shipping-taxable","12":"purchasable","13":"product-type-variable"},"acf":[],"yoast_head":"<!-- This site is optimized with the Yoast SEO plugin v24.8.1 - https:\/\/yoast.com\/wordpress\/plugins\/seo\/ -->\n<title>L\u00e8ve-f\u00fbt | Alu Comfort | Pince \u00e0 f\u00fbts<\/title>\n<meta name=\"description\" content=\"Le l\u00e8ve-f\u00fbt id\u00e9al pour vos f\u00fbts m\u00e9talliques \u00e0 bonde de 60l ou 200l. Conception robuste pour une prise solide et un transport stable de vos f\u00fbts pleins. Trouvez le mod\u00e8le adapt\u00e9 chez Alu Comfort.\" \/>\n<meta name=\"robots\" content=\"index, follow, max-snippet:-1, max-image-preview:large, max-video-preview:-1\" \/>\n<link rel=\"canonical\" href=\"https:\/\/www.alucomfort.be\/product\/vatenlifter-voor-60-l-stalen-stopvaten\/\" \/>\n<meta property=\"og:locale\" content=\"fr_FR\" \/>\n<meta property=\"og:type\" content=\"article\" \/>\n<meta property=\"og:title\" content=\"L\u00e8ve-f\u00fbt | Alu Comfort | Pince \u00e0 f\u00fbts\" \/>\n<meta property=\"og:description\" content=\"Le l\u00e8ve-f\u00fbt id\u00e9al pour vos f\u00fbts m\u00e9talliques \u00e0 bonde de 60l ou 200l. Conception robuste pour une prise solide et un transport stable de vos f\u00fbts pleins. Trouvez le mod\u00e8le adapt\u00e9 chez Alu Comfort.\" \/>\n<meta property=\"og:url\" content=\"https:\/\/www.alucomfort.be\/product\/vatenlifter-voor-60-l-stalen-stopvaten\/\" \/>\n<meta property=\"og:site_name\" content=\"Alu Comfort\" \/>\n<meta property=\"article:modified_time\" content=\"2025-09-09T11:15:30+00:00\" \/>\n<meta property=\"og:image\" content=\"https:\/\/www.alucomfort.be\/wp-content\/uploads\/Vatenlifter-60L-Kleine-Metalen-vaten-BR-RS60-3.jpg\" \/>\n\t<meta property=\"og:image:width\" content=\"1920\" \/>\n\t<meta property=\"og:image:height\" content=\"1440\" \/>\n\t<meta property=\"og:image:type\" content=\"image\/jpeg\" \/>\n<meta name=\"twitter:card\" content=\"summary_large_image\" \/>\n<script type=\"application\/ld+json\" class=\"yoast-schema-graph\">{\"@context\":\"https:\/\/schema.org\",\"@graph\":[{\"@type\":\"WebPage\",\"@id\":\"https:\/\/www.alucomfort.be\/product\/vatenlifter-voor-60-l-stalen-stopvaten\/\",\"url\":\"https:\/\/www.alucomfort.be\/product\/vatenlifter-voor-60-l-stalen-stopvaten\/\",\"name\":\"L\u00e8ve-f\u00fbt | Alu Comfort | Pince \u00e0 f\u00fbts\",\"isPartOf\":{\"@id\":\"https:\/\/www.alucomfort.be\/#website\"},\"primaryImageOfPage\":{\"@id\":\"https:\/\/www.alucomfort.be\/product\/vatenlifter-voor-60-l-stalen-stopvaten\/#primaryimage\"},\"image\":{\"@id\":\"https:\/\/www.alucomfort.be\/product\/vatenlifter-voor-60-l-stalen-stopvaten\/#primaryimage\"},\"thumbnailUrl\":\"https:\/\/www.alucomfort.be\/wp-content\/uploads\/Vatenlifter-60L-Kleine-Metalen-vaten-BR-RS60-3.jpg\",\"datePublished\":\"2019-10-13T22:59:04+00:00\",\"dateModified\":\"2025-09-09T11:15:30+00:00\",\"description\":\"Le l\u00e8ve-f\u00fbt id\u00e9al pour vos f\u00fbts m\u00e9talliques \u00e0 bonde de 60l ou 200l. Conception robuste pour une prise solide et un transport stable de vos f\u00fbts pleins. Trouvez le mod\u00e8le adapt\u00e9 chez Alu Comfort.\",\"breadcrumb\":{\"@id\":\"https:\/\/www.alucomfort.be\/product\/vatenlifter-voor-60-l-stalen-stopvaten\/#breadcrumb\"},\"inLanguage\":\"fr-FR\",\"potentialAction\":[{\"@type\":\"ReadAction\",\"target\":[\"https:\/\/www.alucomfort.be\/product\/vatenlifter-voor-60-l-stalen-stopvaten\/\"]}]},{\"@type\":\"ImageObject\",\"inLanguage\":\"fr-FR\",\"@id\":\"https:\/\/www.alucomfort.be\/product\/vatenlifter-voor-60-l-stalen-stopvaten\/#primaryimage\",\"url\":\"https:\/\/www.alucomfort.be\/wp-content\/uploads\/Vatenlifter-60L-Kleine-Metalen-vaten-BR-RS60-3.jpg\",\"contentUrl\":\"https:\/\/www.alucomfort.be\/wp-content\/uploads\/Vatenlifter-60L-Kleine-Metalen-vaten-BR-RS60-3.jpg\",\"width\":1920,\"height\":1440,\"caption\":\"OLYMPUS DIGITAL CAMERA\"},{\"@type\":\"BreadcrumbList\",\"@id\":\"https:\/\/www.alucomfort.be\/product\/vatenlifter-voor-60-l-stalen-stopvaten\/#breadcrumb\",\"itemListElement\":[{\"@type\":\"ListItem\",\"position\":1,\"name\":\"Home\",\"item\":\"https:\/\/www.alucomfort.be\/fr\/\"},{\"@type\":\"ListItem\",\"position\":2,\"name\":\"Producten\",\"item\":\"https:\/\/www.alucomfort.be\/producten\/\"},{\"@type\":\"ListItem\",\"position\":3,\"name\":\"L\u00e8ve-f\u00fbt\"}]},{\"@type\":\"WebSite\",\"@id\":\"https:\/\/www.alucomfort.be\/#website\",\"url\":\"https:\/\/www.alucomfort.be\/\",\"name\":\"Alu Comfort\",\"description\":\"\",\"potentialAction\":[{\"@type\":\"SearchAction\",\"target\":{\"@type\":\"EntryPoint\",\"urlTemplate\":\"https:\/\/www.alucomfort.be\/?s={search_term_string}\"},\"query-input\":{\"@type\":\"PropertyValueSpecification\",\"valueRequired\":true,\"valueName\":\"search_term_string\"}}],\"inLanguage\":\"fr-FR\"}]}<\/script>\n<!-- \/ Yoast SEO plugin. -->","yoast_head_json":{"title":"L\u00e8ve-f\u00fbt | Alu Comfort | Pince \u00e0 f\u00fbts","description":"Le l\u00e8ve-f\u00fbt id\u00e9al pour vos f\u00fbts m\u00e9talliques \u00e0 bonde de 60l ou 200l. Conception robuste pour une prise solide et un transport stable de vos f\u00fbts pleins. Trouvez le mod\u00e8le adapt\u00e9 chez Alu Comfort.","robots":{"index":"index","follow":"follow","max-snippet":"max-snippet:-1","max-image-preview":"max-image-preview:large","max-video-preview":"max-video-preview:-1"},"canonical":"https:\/\/www.alucomfort.be\/product\/vatenlifter-voor-60-l-stalen-stopvaten\/","og_locale":"fr_FR","og_type":"article","og_title":"L\u00e8ve-f\u00fbt | Alu Comfort | Pince \u00e0 f\u00fbts","og_description":"Le l\u00e8ve-f\u00fbt id\u00e9al pour vos f\u00fbts m\u00e9talliques \u00e0 bonde de 60l ou 200l. Conception robuste pour une prise solide et un transport stable de vos f\u00fbts pleins. Trouvez le mod\u00e8le adapt\u00e9 chez Alu Comfort.","og_url":"https:\/\/www.alucomfort.be\/product\/vatenlifter-voor-60-l-stalen-stopvaten\/","og_site_name":"Alu Comfort","article_modified_time":"2025-09-09T11:15:30+00:00","og_image":[{"width":1920,"height":1440,"url":"https:\/\/www.alucomfort.be\/wp-content\/uploads\/Vatenlifter-60L-Kleine-Metalen-vaten-BR-RS60-3.jpg","type":"image\/jpeg"}],"twitter_card":"summary_large_image","schema":{"@context":"https:\/\/schema.org","@graph":[{"@type":"WebPage","@id":"https:\/\/www.alucomfort.be\/product\/vatenlifter-voor-60-l-stalen-stopvaten\/","url":"https:\/\/www.alucomfort.be\/product\/vatenlifter-voor-60-l-stalen-stopvaten\/","name":"L\u00e8ve-f\u00fbt | Alu Comfort | Pince \u00e0 f\u00fbts","isPartOf":{"@id":"https:\/\/www.alucomfort.be\/#website"},"primaryImageOfPage":{"@id":"https:\/\/www.alucomfort.be\/product\/vatenlifter-voor-60-l-stalen-stopvaten\/#primaryimage"},"image":{"@id":"https:\/\/www.alucomfort.be\/product\/vatenlifter-voor-60-l-stalen-stopvaten\/#primaryimage"},"thumbnailUrl":"https:\/\/www.alucomfort.be\/wp-content\/uploads\/Vatenlifter-60L-Kleine-Metalen-vaten-BR-RS60-3.jpg","datePublished":"2019-10-13T22:59:04+00:00","dateModified":"2025-09-09T11:15:30+00:00","description":"Le l\u00e8ve-f\u00fbt id\u00e9al pour vos f\u00fbts m\u00e9talliques \u00e0 bonde de 60l ou 200l. Conception robuste pour une prise solide et un transport stable de vos f\u00fbts pleins. Trouvez le mod\u00e8le adapt\u00e9 chez Alu Comfort.","breadcrumb":{"@id":"https:\/\/www.alucomfort.be\/product\/vatenlifter-voor-60-l-stalen-stopvaten\/#breadcrumb"},"inLanguage":"fr-FR","potentialAction":[{"@type":"ReadAction","target":["https:\/\/www.alucomfort.be\/product\/vatenlifter-voor-60-l-stalen-stopvaten\/"]}]},{"@type":"ImageObject","inLanguage":"fr-FR","@id":"https:\/\/www.alucomfort.be\/product\/vatenlifter-voor-60-l-stalen-stopvaten\/#primaryimage","url":"https:\/\/www.alucomfort.be\/wp-content\/uploads\/Vatenlifter-60L-Kleine-Metalen-vaten-BR-RS60-3.jpg","contentUrl":"https:\/\/www.alucomfort.be\/wp-content\/uploads\/Vatenlifter-60L-Kleine-Metalen-vaten-BR-RS60-3.jpg","width":1920,"height":1440,"caption":"OLYMPUS DIGITAL CAMERA"},{"@type":"BreadcrumbList","@id":"https:\/\/www.alucomfort.be\/product\/vatenlifter-voor-60-l-stalen-stopvaten\/#breadcrumb","itemListElement":[{"@type":"ListItem","position":1,"name":"Home","item":"https:\/\/www.alucomfort.be\/fr\/"},{"@type":"ListItem","position":2,"name":"Producten","item":"https:\/\/www.alucomfort.be\/producten\/"},{"@type":"ListItem","position":3,"name":"L\u00e8ve-f\u00fbt"}]},{"@type":"WebSite","@id":"https:\/\/www.alucomfort.be\/#website","url":"https:\/\/www.alucomfort.be\/","name":"Alu Comfort","description":"","potentialAction":[{"@type":"SearchAction","target":{"@type":"EntryPoint","urlTemplate":"https:\/\/www.alucomfort.be\/?s={search_term_string}"},"query-input":{"@type":"PropertyValueSpecification","valueRequired":true,"valueName":"search_term_string"}}],"inLanguage":"fr-FR"}]}},"_links":{"self":[{"href":"https:\/\/www.alucomfort.be\/fr\/wp-json\/wp\/v2\/product\/172640","targetHints":{"allow":["GET"]}}],"collection":[{"href":"https:\/\/www.alucomfort.be\/fr\/wp-json\/wp\/v2\/product"}],"about":[{"href":"https:\/\/www.alucomfort.be\/fr\/wp-json\/wp\/v2\/types\/product"}],"wp:featuredmedia":[{"embeddable":true,"href":"https:\/\/www.alucomfort.be\/fr\/wp-json\/wp\/v2\/media\/225458"}],"wp:attachment":[{"href":"https:\/\/www.alucomfort.be\/fr\/wp-json\/wp\/v2\/media?parent=172640"}],"wp:term":[{"taxonomy":"product_brand","embeddable":true,"href":"https:\/\/www.alucomfort.be\/fr\/wp-json\/wp\/v2\/product_brand?post=172640"},{"taxonomy":"product_cat","embeddable":true,"href":"https:\/\/www.alucomfort.be\/fr\/wp-json\/wp\/v2\/product_cat?post=172640"},{"taxonomy":"product_tag","embeddable":true,"href":"https:\/\/www.alucomfort.be\/fr\/wp-json\/wp\/v2\/product_tag?post=172640"}],"curies":[{"name":"wp","href":"https:\/\/api.w.org\/{rel}","templated":true}]}}