

{"id":172706,"date":"2019-10-14T01:00:06","date_gmt":"2019-10-13T23:00:06","guid":{"rendered":"https:\/\/www.alucomfort.be\/product\/basculeurs-de-futs-avec-manivelle\/"},"modified":"2025-09-09T13:15:57","modified_gmt":"2025-09-09T11:15:57","slug":"basculeurs-de-futs-avec-manivelle","status":"publish","type":"product","link":"https:\/\/www.alucomfort.be\/fr\/product\/basculeurs-de-futs-avec-manivelle\/","title":{"rendered":"Basculeur de f\u00fbts avec manivelle"},"content":{"rendered":"<p>* Basculement par manivelle, * Fourreaux pour chariot \u00e9l\u00e9vateur, * Cadre de base robuste, * Engrenage auto-bloquant, * S\u00e9curis\u00e9 contre le glissement Involontaire.<\/p>\n","protected":false},"excerpt":{"rendered":"<p>Retourneur de f\u00fbts pour transporter, lever et vider de mani\u00e8re regul\u00e9e des f\u00fbts de 200 l m\u00e9talliques \u00e0 bonde ou \u00e0 ouverture totale.<\/p>\n","protected":false},"featured_media":225434,"template":"","meta":{"_acf_changed":false},"product_brand":[],"product_cat":[2508],"product_tag":[],"class_list":{"0":"post-172706","1":"product","2":"type-product","3":"status-publish","4":"has-post-thumbnail","6":"product_cat-manutention-de-futs-metalliques","8":"first","9":"outofstock","10":"taxable","11":"shipping-taxable","12":"purchasable","13":"product-type-variable"},"acf":[],"yoast_head":"<!-- This site is optimized with the Yoast SEO plugin v24.8.1 - https:\/\/yoast.com\/wordpress\/plugins\/seo\/ -->\n<title>Basculeurs de f\u00fbts avec manivelle | Alu Comfort | Z\u00e9ro D\u00e9versement<\/title>\n<meta name=\"description\" content=\"Travaillez en toute s\u00e9curit\u00e9 avec des liquides dangereux. Nos basculeurs stables \u00e0 engrenage auto-bloquant pr\u00e9viennent les d\u00e9versements accidentels. Le choix s\u00fbr pour votre atelier.\" \/>\n<meta name=\"robots\" content=\"index, follow, max-snippet:-1, max-image-preview:large, max-video-preview:-1\" \/>\n<link rel=\"canonical\" href=\"https:\/\/www.alucomfort.be\/product\/vatenkieper-met-handslinger\/\" \/>\n<meta property=\"og:locale\" content=\"fr_FR\" \/>\n<meta property=\"og:type\" content=\"article\" \/>\n<meta property=\"og:title\" content=\"Basculeurs de f\u00fbts avec manivelle | Alu Comfort | Z\u00e9ro D\u00e9versement\" \/>\n<meta property=\"og:description\" content=\"Travaillez en toute s\u00e9curit\u00e9 avec des liquides dangereux. Nos basculeurs stables \u00e0 engrenage auto-bloquant pr\u00e9viennent les d\u00e9versements accidentels. Le choix s\u00fbr pour votre atelier.\" \/>\n<meta property=\"og:url\" content=\"https:\/\/www.alucomfort.be\/product\/vatenkieper-met-handslinger\/\" \/>\n<meta property=\"og:site_name\" content=\"Alu Comfort\" \/>\n<meta property=\"article:modified_time\" content=\"2025-09-09T11:15:57+00:00\" \/>\n<meta property=\"og:image\" content=\"https:\/\/www.alucomfort.be\/wp-content\/uploads\/Vatenkieper-FD-HK-1.jpg\" \/>\n\t<meta property=\"og:image:width\" content=\"1920\" \/>\n\t<meta property=\"og:image:height\" content=\"1391\" \/>\n\t<meta property=\"og:image:type\" content=\"image\/jpeg\" \/>\n<meta name=\"twitter:card\" content=\"summary_large_image\" \/>\n<script type=\"application\/ld+json\" class=\"yoast-schema-graph\">{\"@context\":\"https:\/\/schema.org\",\"@graph\":[{\"@type\":\"WebPage\",\"@id\":\"https:\/\/www.alucomfort.be\/product\/vatenkieper-met-handslinger\/\",\"url\":\"https:\/\/www.alucomfort.be\/product\/vatenkieper-met-handslinger\/\",\"name\":\"Basculeurs de f\u00fbts avec manivelle | Alu Comfort | Z\u00e9ro D\u00e9versement\",\"isPartOf\":{\"@id\":\"https:\/\/www.alucomfort.be\/#website\"},\"primaryImageOfPage\":{\"@id\":\"https:\/\/www.alucomfort.be\/product\/vatenkieper-met-handslinger\/#primaryimage\"},\"image\":{\"@id\":\"https:\/\/www.alucomfort.be\/product\/vatenkieper-met-handslinger\/#primaryimage\"},\"thumbnailUrl\":\"https:\/\/www.alucomfort.be\/wp-content\/uploads\/Vatenkieper-FD-HK-1.jpg\",\"datePublished\":\"2019-10-13T23:00:06+00:00\",\"dateModified\":\"2025-09-09T11:15:57+00:00\",\"description\":\"Travaillez en toute s\u00e9curit\u00e9 avec des liquides dangereux. Nos basculeurs stables \u00e0 engrenage auto-bloquant pr\u00e9viennent les d\u00e9versements accidentels. Le choix s\u00fbr pour votre atelier.\",\"breadcrumb\":{\"@id\":\"https:\/\/www.alucomfort.be\/product\/vatenkieper-met-handslinger\/#breadcrumb\"},\"inLanguage\":\"fr-FR\",\"potentialAction\":[{\"@type\":\"ReadAction\",\"target\":[\"https:\/\/www.alucomfort.be\/product\/vatenkieper-met-handslinger\/\"]}]},{\"@type\":\"ImageObject\",\"inLanguage\":\"fr-FR\",\"@id\":\"https:\/\/www.alucomfort.be\/product\/vatenkieper-met-handslinger\/#primaryimage\",\"url\":\"https:\/\/www.alucomfort.be\/wp-content\/uploads\/Vatenkieper-FD-HK-1.jpg\",\"contentUrl\":\"https:\/\/www.alucomfort.be\/wp-content\/uploads\/Vatenkieper-FD-HK-1.jpg\",\"width\":1920,\"height\":1391,\"caption\":\"OLYMPUS DIGITAL CAMERA\"},{\"@type\":\"BreadcrumbList\",\"@id\":\"https:\/\/www.alucomfort.be\/product\/vatenkieper-met-handslinger\/#breadcrumb\",\"itemListElement\":[{\"@type\":\"ListItem\",\"position\":1,\"name\":\"Home\",\"item\":\"https:\/\/www.alucomfort.be\/fr\/\"},{\"@type\":\"ListItem\",\"position\":2,\"name\":\"Producten\",\"item\":\"https:\/\/www.alucomfort.be\/producten\/\"},{\"@type\":\"ListItem\",\"position\":3,\"name\":\"Basculeur de f\u00fbts avec manivelle\"}]},{\"@type\":\"WebSite\",\"@id\":\"https:\/\/www.alucomfort.be\/#website\",\"url\":\"https:\/\/www.alucomfort.be\/\",\"name\":\"Alu Comfort\",\"description\":\"\",\"potentialAction\":[{\"@type\":\"SearchAction\",\"target\":{\"@type\":\"EntryPoint\",\"urlTemplate\":\"https:\/\/www.alucomfort.be\/?s={search_term_string}\"},\"query-input\":{\"@type\":\"PropertyValueSpecification\",\"valueRequired\":true,\"valueName\":\"search_term_string\"}}],\"inLanguage\":\"fr-FR\"}]}<\/script>\n<!-- \/ Yoast SEO plugin. -->","yoast_head_json":{"title":"Basculeurs de f\u00fbts avec manivelle | Alu Comfort | Z\u00e9ro D\u00e9versement","description":"Travaillez en toute s\u00e9curit\u00e9 avec des liquides dangereux. Nos basculeurs stables \u00e0 engrenage auto-bloquant pr\u00e9viennent les d\u00e9versements accidentels. Le choix s\u00fbr pour votre atelier.","robots":{"index":"index","follow":"follow","max-snippet":"max-snippet:-1","max-image-preview":"max-image-preview:large","max-video-preview":"max-video-preview:-1"},"canonical":"https:\/\/www.alucomfort.be\/product\/vatenkieper-met-handslinger\/","og_locale":"fr_FR","og_type":"article","og_title":"Basculeurs de f\u00fbts avec manivelle | Alu Comfort | Z\u00e9ro D\u00e9versement","og_description":"Travaillez en toute s\u00e9curit\u00e9 avec des liquides dangereux. Nos basculeurs stables \u00e0 engrenage auto-bloquant pr\u00e9viennent les d\u00e9versements accidentels. Le choix s\u00fbr pour votre atelier.","og_url":"https:\/\/www.alucomfort.be\/product\/vatenkieper-met-handslinger\/","og_site_name":"Alu Comfort","article_modified_time":"2025-09-09T11:15:57+00:00","og_image":[{"width":1920,"height":1391,"url":"https:\/\/www.alucomfort.be\/wp-content\/uploads\/Vatenkieper-FD-HK-1.jpg","type":"image\/jpeg"}],"twitter_card":"summary_large_image","schema":{"@context":"https:\/\/schema.org","@graph":[{"@type":"WebPage","@id":"https:\/\/www.alucomfort.be\/product\/vatenkieper-met-handslinger\/","url":"https:\/\/www.alucomfort.be\/product\/vatenkieper-met-handslinger\/","name":"Basculeurs de f\u00fbts avec manivelle | Alu Comfort | Z\u00e9ro D\u00e9versement","isPartOf":{"@id":"https:\/\/www.alucomfort.be\/#website"},"primaryImageOfPage":{"@id":"https:\/\/www.alucomfort.be\/product\/vatenkieper-met-handslinger\/#primaryimage"},"image":{"@id":"https:\/\/www.alucomfort.be\/product\/vatenkieper-met-handslinger\/#primaryimage"},"thumbnailUrl":"https:\/\/www.alucomfort.be\/wp-content\/uploads\/Vatenkieper-FD-HK-1.jpg","datePublished":"2019-10-13T23:00:06+00:00","dateModified":"2025-09-09T11:15:57+00:00","description":"Travaillez en toute s\u00e9curit\u00e9 avec des liquides dangereux. Nos basculeurs stables \u00e0 engrenage auto-bloquant pr\u00e9viennent les d\u00e9versements accidentels. Le choix s\u00fbr pour votre atelier.","breadcrumb":{"@id":"https:\/\/www.alucomfort.be\/product\/vatenkieper-met-handslinger\/#breadcrumb"},"inLanguage":"fr-FR","potentialAction":[{"@type":"ReadAction","target":["https:\/\/www.alucomfort.be\/product\/vatenkieper-met-handslinger\/"]}]},{"@type":"ImageObject","inLanguage":"fr-FR","@id":"https:\/\/www.alucomfort.be\/product\/vatenkieper-met-handslinger\/#primaryimage","url":"https:\/\/www.alucomfort.be\/wp-content\/uploads\/Vatenkieper-FD-HK-1.jpg","contentUrl":"https:\/\/www.alucomfort.be\/wp-content\/uploads\/Vatenkieper-FD-HK-1.jpg","width":1920,"height":1391,"caption":"OLYMPUS DIGITAL CAMERA"},{"@type":"BreadcrumbList","@id":"https:\/\/www.alucomfort.be\/product\/vatenkieper-met-handslinger\/#breadcrumb","itemListElement":[{"@type":"ListItem","position":1,"name":"Home","item":"https:\/\/www.alucomfort.be\/fr\/"},{"@type":"ListItem","position":2,"name":"Producten","item":"https:\/\/www.alucomfort.be\/producten\/"},{"@type":"ListItem","position":3,"name":"Basculeur de f\u00fbts avec manivelle"}]},{"@type":"WebSite","@id":"https:\/\/www.alucomfort.be\/#website","url":"https:\/\/www.alucomfort.be\/","name":"Alu Comfort","description":"","potentialAction":[{"@type":"SearchAction","target":{"@type":"EntryPoint","urlTemplate":"https:\/\/www.alucomfort.be\/?s={search_term_string}"},"query-input":{"@type":"PropertyValueSpecification","valueRequired":true,"valueName":"search_term_string"}}],"inLanguage":"fr-FR"}]}},"_links":{"self":[{"href":"https:\/\/www.alucomfort.be\/fr\/wp-json\/wp\/v2\/product\/172706","targetHints":{"allow":["GET"]}}],"collection":[{"href":"https:\/\/www.alucomfort.be\/fr\/wp-json\/wp\/v2\/product"}],"about":[{"href":"https:\/\/www.alucomfort.be\/fr\/wp-json\/wp\/v2\/types\/product"}],"wp:featuredmedia":[{"embeddable":true,"href":"https:\/\/www.alucomfort.be\/fr\/wp-json\/wp\/v2\/media\/225434"}],"wp:attachment":[{"href":"https:\/\/www.alucomfort.be\/fr\/wp-json\/wp\/v2\/media?parent=172706"}],"wp:term":[{"taxonomy":"product_brand","embeddable":true,"href":"https:\/\/www.alucomfort.be\/fr\/wp-json\/wp\/v2\/product_brand?post=172706"},{"taxonomy":"product_cat","embeddable":true,"href":"https:\/\/www.alucomfort.be\/fr\/wp-json\/wp\/v2\/product_cat?post=172706"},{"taxonomy":"product_tag","embeddable":true,"href":"https:\/\/www.alucomfort.be\/fr\/wp-json\/wp\/v2\/product_tag?post=172706"}],"curies":[{"name":"wp","href":"https:\/\/api.w.org\/{rel}","templated":true}]}}