

{"id":172720,"date":"2019-10-14T01:00:19","date_gmt":"2019-10-13T23:00:19","guid":{"rendered":"https:\/\/www.alucomfort.be\/product\/basculeurs-de-futs-par-cylindre-de-levage\/"},"modified":"2025-09-09T13:16:07","modified_gmt":"2025-09-09T11:16:07","slug":"basculeurs-de-futs-par-cylindre-de-levage","status":"publish","type":"product","link":"https:\/\/www.alucomfort.be\/fr\/product\/basculeurs-de-futs-par-cylindre-de-levage\/","title":{"rendered":"Basculeur de f\u00fbts par cylindre de levage"},"content":{"rendered":"<p>* Basculement par cylindre de levage, * Fourreaux pour chariot \u00e9l\u00e9vateur, * Cadre de base robuste, * Engrenage auto-bloquant, * S\u00e9curis\u00e9 contre le glissement Involontaire.<\/p>\n","protected":false},"excerpt":{"rendered":"<p>Basculeurs de f\u00fbts pour transporter, lever et vider de mani\u00e8re regul\u00e9e des f\u00fbts de 200 l m\u00e9talliques \u00e0 bonde ou \u00e0 ouverture totale.<\/p>\n","protected":false},"featured_media":4530,"template":"","meta":{"_acf_changed":false},"product_brand":[],"product_cat":[2508],"product_tag":[],"class_list":{"0":"post-172720","1":"product","2":"type-product","3":"status-publish","4":"has-post-thumbnail","6":"product_cat-manutention-de-futs-metalliques","8":"first","9":"outofstock","10":"taxable","11":"shipping-taxable","12":"purchasable","13":"product-type-variable"},"acf":[],"yoast_head":"<!-- This site is optimized with the Yoast SEO plugin v24.8.1 - https:\/\/yoast.com\/wordpress\/plugins\/seo\/ -->\n<title>Manutention de F\u00fbts | Alu Comfort | Accessoires Professionnels<\/title>\n<meta name=\"description\" content=\"Optimisez la manutention de vos f\u00fbts avec les \u00e9quipements Alu Comfort. Pinces, retourneurs et basculeurs pour tous types de f\u00fbts. Travaillez plus vite et en toute s\u00e9curit\u00e9. D\u00e9couvrez nos produits !\" \/>\n<meta name=\"robots\" content=\"index, follow, max-snippet:-1, max-image-preview:large, max-video-preview:-1\" \/>\n<link rel=\"canonical\" href=\"https:\/\/www.alucomfort.be\/product\/vatenkieper-via-hefcilinder\/\" \/>\n<meta property=\"og:locale\" content=\"fr_FR\" \/>\n<meta property=\"og:type\" content=\"article\" \/>\n<meta property=\"og:title\" content=\"Manutention de F\u00fbts | Alu Comfort | Accessoires Professionnels\" \/>\n<meta property=\"og:description\" content=\"Optimisez la manutention de vos f\u00fbts avec les \u00e9quipements Alu Comfort. Pinces, retourneurs et basculeurs pour tous types de f\u00fbts. Travaillez plus vite et en toute s\u00e9curit\u00e9. D\u00e9couvrez nos produits !\" \/>\n<meta property=\"og:url\" content=\"https:\/\/www.alucomfort.be\/product\/vatenkieper-via-hefcilinder\/\" \/>\n<meta property=\"og:site_name\" content=\"Alu Comfort\" \/>\n<meta property=\"article:modified_time\" content=\"2025-09-09T11:16:07+00:00\" \/>\n<meta property=\"og:image\" content=\"https:\/\/www.alucomfort.be\/wp-content\/uploads\/BR-FD-H-1.jpg\" \/>\n\t<meta property=\"og:image:width\" content=\"2016\" \/>\n\t<meta property=\"og:image:height\" content=\"1896\" \/>\n\t<meta property=\"og:image:type\" content=\"image\/jpeg\" \/>\n<meta name=\"twitter:card\" content=\"summary_large_image\" \/>\n<script type=\"application\/ld+json\" class=\"yoast-schema-graph\">{\"@context\":\"https:\/\/schema.org\",\"@graph\":[{\"@type\":\"WebPage\",\"@id\":\"https:\/\/www.alucomfort.be\/product\/vatenkieper-via-hefcilinder\/\",\"url\":\"https:\/\/www.alucomfort.be\/product\/vatenkieper-via-hefcilinder\/\",\"name\":\"Manutention de F\u00fbts | Alu Comfort | Accessoires Professionnels\",\"isPartOf\":{\"@id\":\"https:\/\/www.alucomfort.be\/#website\"},\"primaryImageOfPage\":{\"@id\":\"https:\/\/www.alucomfort.be\/product\/vatenkieper-via-hefcilinder\/#primaryimage\"},\"image\":{\"@id\":\"https:\/\/www.alucomfort.be\/product\/vatenkieper-via-hefcilinder\/#primaryimage\"},\"thumbnailUrl\":\"https:\/\/www.alucomfort.be\/wp-content\/uploads\/BR-FD-H-1.jpg\",\"datePublished\":\"2019-10-13T23:00:19+00:00\",\"dateModified\":\"2025-09-09T11:16:07+00:00\",\"description\":\"Optimisez la manutention de vos f\u00fbts avec les \u00e9quipements Alu Comfort. Pinces, retourneurs et basculeurs pour tous types de f\u00fbts. Travaillez plus vite et en toute s\u00e9curit\u00e9. D\u00e9couvrez nos produits !\",\"breadcrumb\":{\"@id\":\"https:\/\/www.alucomfort.be\/product\/vatenkieper-via-hefcilinder\/#breadcrumb\"},\"inLanguage\":\"fr-FR\",\"potentialAction\":[{\"@type\":\"ReadAction\",\"target\":[\"https:\/\/www.alucomfort.be\/product\/vatenkieper-via-hefcilinder\/\"]}]},{\"@type\":\"ImageObject\",\"inLanguage\":\"fr-FR\",\"@id\":\"https:\/\/www.alucomfort.be\/product\/vatenkieper-via-hefcilinder\/#primaryimage\",\"url\":\"https:\/\/www.alucomfort.be\/wp-content\/uploads\/BR-FD-H-1.jpg\",\"contentUrl\":\"https:\/\/www.alucomfort.be\/wp-content\/uploads\/BR-FD-H-1.jpg\",\"width\":2016,\"height\":1896},{\"@type\":\"BreadcrumbList\",\"@id\":\"https:\/\/www.alucomfort.be\/product\/vatenkieper-via-hefcilinder\/#breadcrumb\",\"itemListElement\":[{\"@type\":\"ListItem\",\"position\":1,\"name\":\"Home\",\"item\":\"https:\/\/www.alucomfort.be\/fr\/\"},{\"@type\":\"ListItem\",\"position\":2,\"name\":\"Producten\",\"item\":\"https:\/\/www.alucomfort.be\/producten\/\"},{\"@type\":\"ListItem\",\"position\":3,\"name\":\"Basculeur de f\u00fbts par cylindre de levage\"}]},{\"@type\":\"WebSite\",\"@id\":\"https:\/\/www.alucomfort.be\/#website\",\"url\":\"https:\/\/www.alucomfort.be\/\",\"name\":\"Alu Comfort\",\"description\":\"\",\"potentialAction\":[{\"@type\":\"SearchAction\",\"target\":{\"@type\":\"EntryPoint\",\"urlTemplate\":\"https:\/\/www.alucomfort.be\/?s={search_term_string}\"},\"query-input\":{\"@type\":\"PropertyValueSpecification\",\"valueRequired\":true,\"valueName\":\"search_term_string\"}}],\"inLanguage\":\"fr-FR\"}]}<\/script>\n<!-- \/ Yoast SEO plugin. -->","yoast_head_json":{"title":"Manutention de F\u00fbts | Alu Comfort | Accessoires Professionnels","description":"Optimisez la manutention de vos f\u00fbts avec les \u00e9quipements Alu Comfort. Pinces, retourneurs et basculeurs pour tous types de f\u00fbts. Travaillez plus vite et en toute s\u00e9curit\u00e9. D\u00e9couvrez nos produits !","robots":{"index":"index","follow":"follow","max-snippet":"max-snippet:-1","max-image-preview":"max-image-preview:large","max-video-preview":"max-video-preview:-1"},"canonical":"https:\/\/www.alucomfort.be\/product\/vatenkieper-via-hefcilinder\/","og_locale":"fr_FR","og_type":"article","og_title":"Manutention de F\u00fbts | Alu Comfort | Accessoires Professionnels","og_description":"Optimisez la manutention de vos f\u00fbts avec les \u00e9quipements Alu Comfort. Pinces, retourneurs et basculeurs pour tous types de f\u00fbts. Travaillez plus vite et en toute s\u00e9curit\u00e9. D\u00e9couvrez nos produits !","og_url":"https:\/\/www.alucomfort.be\/product\/vatenkieper-via-hefcilinder\/","og_site_name":"Alu Comfort","article_modified_time":"2025-09-09T11:16:07+00:00","og_image":[{"width":2016,"height":1896,"url":"https:\/\/www.alucomfort.be\/wp-content\/uploads\/BR-FD-H-1.jpg","type":"image\/jpeg"}],"twitter_card":"summary_large_image","schema":{"@context":"https:\/\/schema.org","@graph":[{"@type":"WebPage","@id":"https:\/\/www.alucomfort.be\/product\/vatenkieper-via-hefcilinder\/","url":"https:\/\/www.alucomfort.be\/product\/vatenkieper-via-hefcilinder\/","name":"Manutention de F\u00fbts | Alu Comfort | Accessoires Professionnels","isPartOf":{"@id":"https:\/\/www.alucomfort.be\/#website"},"primaryImageOfPage":{"@id":"https:\/\/www.alucomfort.be\/product\/vatenkieper-via-hefcilinder\/#primaryimage"},"image":{"@id":"https:\/\/www.alucomfort.be\/product\/vatenkieper-via-hefcilinder\/#primaryimage"},"thumbnailUrl":"https:\/\/www.alucomfort.be\/wp-content\/uploads\/BR-FD-H-1.jpg","datePublished":"2019-10-13T23:00:19+00:00","dateModified":"2025-09-09T11:16:07+00:00","description":"Optimisez la manutention de vos f\u00fbts avec les \u00e9quipements Alu Comfort. Pinces, retourneurs et basculeurs pour tous types de f\u00fbts. Travaillez plus vite et en toute s\u00e9curit\u00e9. D\u00e9couvrez nos produits !","breadcrumb":{"@id":"https:\/\/www.alucomfort.be\/product\/vatenkieper-via-hefcilinder\/#breadcrumb"},"inLanguage":"fr-FR","potentialAction":[{"@type":"ReadAction","target":["https:\/\/www.alucomfort.be\/product\/vatenkieper-via-hefcilinder\/"]}]},{"@type":"ImageObject","inLanguage":"fr-FR","@id":"https:\/\/www.alucomfort.be\/product\/vatenkieper-via-hefcilinder\/#primaryimage","url":"https:\/\/www.alucomfort.be\/wp-content\/uploads\/BR-FD-H-1.jpg","contentUrl":"https:\/\/www.alucomfort.be\/wp-content\/uploads\/BR-FD-H-1.jpg","width":2016,"height":1896},{"@type":"BreadcrumbList","@id":"https:\/\/www.alucomfort.be\/product\/vatenkieper-via-hefcilinder\/#breadcrumb","itemListElement":[{"@type":"ListItem","position":1,"name":"Home","item":"https:\/\/www.alucomfort.be\/fr\/"},{"@type":"ListItem","position":2,"name":"Producten","item":"https:\/\/www.alucomfort.be\/producten\/"},{"@type":"ListItem","position":3,"name":"Basculeur de f\u00fbts par cylindre de levage"}]},{"@type":"WebSite","@id":"https:\/\/www.alucomfort.be\/#website","url":"https:\/\/www.alucomfort.be\/","name":"Alu Comfort","description":"","potentialAction":[{"@type":"SearchAction","target":{"@type":"EntryPoint","urlTemplate":"https:\/\/www.alucomfort.be\/?s={search_term_string}"},"query-input":{"@type":"PropertyValueSpecification","valueRequired":true,"valueName":"search_term_string"}}],"inLanguage":"fr-FR"}]}},"_links":{"self":[{"href":"https:\/\/www.alucomfort.be\/fr\/wp-json\/wp\/v2\/product\/172720","targetHints":{"allow":["GET"]}}],"collection":[{"href":"https:\/\/www.alucomfort.be\/fr\/wp-json\/wp\/v2\/product"}],"about":[{"href":"https:\/\/www.alucomfort.be\/fr\/wp-json\/wp\/v2\/types\/product"}],"wp:featuredmedia":[{"embeddable":true,"href":"https:\/\/www.alucomfort.be\/fr\/wp-json\/wp\/v2\/media\/4530"}],"wp:attachment":[{"href":"https:\/\/www.alucomfort.be\/fr\/wp-json\/wp\/v2\/media?parent=172720"}],"wp:term":[{"taxonomy":"product_brand","embeddable":true,"href":"https:\/\/www.alucomfort.be\/fr\/wp-json\/wp\/v2\/product_brand?post=172720"},{"taxonomy":"product_cat","embeddable":true,"href":"https:\/\/www.alucomfort.be\/fr\/wp-json\/wp\/v2\/product_cat?post=172720"},{"taxonomy":"product_tag","embeddable":true,"href":"https:\/\/www.alucomfort.be\/fr\/wp-json\/wp\/v2\/product_tag?post=172720"}],"curies":[{"name":"wp","href":"https:\/\/api.w.org\/{rel}","templated":true}]}}