

{"id":172734,"date":"2019-10-14T01:00:32","date_gmt":"2019-10-13T23:00:32","guid":{"rendered":"https:\/\/www.alucomfort.be\/product\/basculeurs-de-futs-par-chaine-pour-levage-par-chariot-elevateur-ou-grue\/"},"modified":"2025-09-09T13:16:17","modified_gmt":"2025-09-09T11:16:17","slug":"basculeurs-de-futs-par-chaine-pour-levage-par-chariot-elevateur-ou-grue","status":"publish","type":"product","link":"https:\/\/www.alucomfort.be\/fr\/product\/basculeurs-de-futs-par-chaine-pour-levage-par-chariot-elevateur-ou-grue\/","title":{"rendered":"Basculeur de f\u00fbts avec cha\u00eene, compatible chariot \u00e9l\u00e9vateur ou grue"},"content":{"rendered":"<p>* Basculement par cha\u00eene, * Levage par chariot \u00e9l\u00e9vateur et grue, * Cadre de base robuste, * Engrenage auto-bloquant, * S\u00e9curis\u00e9 contre le glissement Involontaire.<\/p>\n","protected":false},"excerpt":{"rendered":"<p>Retourneur de f\u00fbts pour transporter, lever et vider de mani\u00e8re regul\u00e9e des f\u00fbts de 200 l m\u00e9talliques \u00e0 bonde ou \u00e0 ouverture totale.<\/p>\n","protected":false},"featured_media":225428,"template":"","meta":{"_acf_changed":false},"product_brand":[],"product_cat":[2508],"product_tag":[],"class_list":{"0":"post-172734","1":"product","2":"type-product","3":"status-publish","4":"has-post-thumbnail","6":"product_cat-manutention-de-futs-metalliques","8":"first","9":"outofstock","10":"taxable","11":"shipping-taxable","12":"purchasable","13":"product-type-variable"},"acf":[],"yoast_head":"<!-- This site is optimized with the Yoast SEO plugin v24.8.1 - https:\/\/yoast.com\/wordpress\/plugins\/seo\/ -->\n<title>Basculeurs f\u00fbts: chariot ou grue | Alu Comfort | Rotation et Contr\u00f4le Total<\/title>\n<meta name=\"description\" content=\"Un contr\u00f4le total sur le processus de basculement. Nos retourneurs de f\u00fbts 360\u00b0 \u00e0 cha\u00eene sans fin sont parfaits pour m\u00e9langer le contenu ou pour un vidage complet et dos\u00e9. D\u00e9couvrez les mod\u00e8les.\" \/>\n<meta name=\"robots\" content=\"index, follow, max-snippet:-1, max-image-preview:large, max-video-preview:-1\" \/>\n<link rel=\"canonical\" href=\"https:\/\/www.alucomfort.be\/product\/vatenkieper-met-ketting-voor-opname-door-heftruck-of-kraan\/\" \/>\n<meta property=\"og:locale\" content=\"fr_FR\" \/>\n<meta property=\"og:type\" content=\"article\" \/>\n<meta property=\"og:title\" content=\"Basculeurs f\u00fbts: chariot ou grue | Alu Comfort | Rotation et Contr\u00f4le Total\" \/>\n<meta property=\"og:description\" content=\"Un contr\u00f4le total sur le processus de basculement. Nos retourneurs de f\u00fbts 360\u00b0 \u00e0 cha\u00eene sans fin sont parfaits pour m\u00e9langer le contenu ou pour un vidage complet et dos\u00e9. D\u00e9couvrez les mod\u00e8les.\" \/>\n<meta property=\"og:url\" content=\"https:\/\/www.alucomfort.be\/product\/vatenkieper-met-ketting-voor-opname-door-heftruck-of-kraan\/\" \/>\n<meta property=\"og:site_name\" content=\"Alu Comfort\" \/>\n<meta property=\"article:modified_time\" content=\"2025-09-09T11:16:17+00:00\" \/>\n<meta property=\"og:image\" content=\"https:\/\/www.alucomfort.be\/wp-content\/uploads\/Basculeur-de-futs-avec-chaine-Grue-Chariot-elevateur-BR-FD-SK-1.jpg\" \/>\n\t<meta property=\"og:image:width\" content=\"1308\" \/>\n\t<meta property=\"og:image:height\" content=\"2116\" \/>\n\t<meta property=\"og:image:type\" content=\"image\/jpeg\" \/>\n<meta name=\"twitter:card\" content=\"summary_large_image\" \/>\n<script type=\"application\/ld+json\" class=\"yoast-schema-graph\">{\"@context\":\"https:\/\/schema.org\",\"@graph\":[{\"@type\":\"WebPage\",\"@id\":\"https:\/\/www.alucomfort.be\/product\/vatenkieper-met-ketting-voor-opname-door-heftruck-of-kraan\/\",\"url\":\"https:\/\/www.alucomfort.be\/product\/vatenkieper-met-ketting-voor-opname-door-heftruck-of-kraan\/\",\"name\":\"Basculeurs f\u00fbts: chariot ou grue | Alu Comfort | Rotation et Contr\u00f4le Total\",\"isPartOf\":{\"@id\":\"https:\/\/www.alucomfort.be\/#website\"},\"primaryImageOfPage\":{\"@id\":\"https:\/\/www.alucomfort.be\/product\/vatenkieper-met-ketting-voor-opname-door-heftruck-of-kraan\/#primaryimage\"},\"image\":{\"@id\":\"https:\/\/www.alucomfort.be\/product\/vatenkieper-met-ketting-voor-opname-door-heftruck-of-kraan\/#primaryimage\"},\"thumbnailUrl\":\"https:\/\/www.alucomfort.be\/wp-content\/uploads\/Basculeur-de-futs-avec-chaine-Grue-Chariot-elevateur-BR-FD-SK-1.jpg\",\"datePublished\":\"2019-10-13T23:00:32+00:00\",\"dateModified\":\"2025-09-09T11:16:17+00:00\",\"description\":\"Un contr\u00f4le total sur le processus de basculement. Nos retourneurs de f\u00fbts 360\u00b0 \u00e0 cha\u00eene sans fin sont parfaits pour m\u00e9langer le contenu ou pour un vidage complet et dos\u00e9. D\u00e9couvrez les mod\u00e8les.\",\"breadcrumb\":{\"@id\":\"https:\/\/www.alucomfort.be\/product\/vatenkieper-met-ketting-voor-opname-door-heftruck-of-kraan\/#breadcrumb\"},\"inLanguage\":\"fr-FR\",\"potentialAction\":[{\"@type\":\"ReadAction\",\"target\":[\"https:\/\/www.alucomfort.be\/product\/vatenkieper-met-ketting-voor-opname-door-heftruck-of-kraan\/\"]}]},{\"@type\":\"ImageObject\",\"inLanguage\":\"fr-FR\",\"@id\":\"https:\/\/www.alucomfort.be\/product\/vatenkieper-met-ketting-voor-opname-door-heftruck-of-kraan\/#primaryimage\",\"url\":\"https:\/\/www.alucomfort.be\/wp-content\/uploads\/Basculeur-de-futs-avec-chaine-Grue-Chariot-elevateur-BR-FD-SK-1.jpg\",\"contentUrl\":\"https:\/\/www.alucomfort.be\/wp-content\/uploads\/Basculeur-de-futs-avec-chaine-Grue-Chariot-elevateur-BR-FD-SK-1.jpg\",\"width\":1308,\"height\":2116,\"caption\":\"Basculeur de f\u00fbts avec cha\u00eene Grue Chariot_\u00e9l\u00e9vateur\"},{\"@type\":\"BreadcrumbList\",\"@id\":\"https:\/\/www.alucomfort.be\/product\/vatenkieper-met-ketting-voor-opname-door-heftruck-of-kraan\/#breadcrumb\",\"itemListElement\":[{\"@type\":\"ListItem\",\"position\":1,\"name\":\"Home\",\"item\":\"https:\/\/www.alucomfort.be\/fr\/\"},{\"@type\":\"ListItem\",\"position\":2,\"name\":\"Producten\",\"item\":\"https:\/\/www.alucomfort.be\/producten\/\"},{\"@type\":\"ListItem\",\"position\":3,\"name\":\"Basculeur de f\u00fbts avec cha\u00eene, compatible chariot \u00e9l\u00e9vateur ou grue\"}]},{\"@type\":\"WebSite\",\"@id\":\"https:\/\/www.alucomfort.be\/#website\",\"url\":\"https:\/\/www.alucomfort.be\/\",\"name\":\"Alu Comfort\",\"description\":\"\",\"potentialAction\":[{\"@type\":\"SearchAction\",\"target\":{\"@type\":\"EntryPoint\",\"urlTemplate\":\"https:\/\/www.alucomfort.be\/?s={search_term_string}\"},\"query-input\":{\"@type\":\"PropertyValueSpecification\",\"valueRequired\":true,\"valueName\":\"search_term_string\"}}],\"inLanguage\":\"fr-FR\"}]}<\/script>\n<!-- \/ Yoast SEO plugin. -->","yoast_head_json":{"title":"Basculeurs f\u00fbts: chariot ou grue | Alu Comfort | Rotation et Contr\u00f4le Total","description":"Un contr\u00f4le total sur le processus de basculement. Nos retourneurs de f\u00fbts 360\u00b0 \u00e0 cha\u00eene sans fin sont parfaits pour m\u00e9langer le contenu ou pour un vidage complet et dos\u00e9. D\u00e9couvrez les mod\u00e8les.","robots":{"index":"index","follow":"follow","max-snippet":"max-snippet:-1","max-image-preview":"max-image-preview:large","max-video-preview":"max-video-preview:-1"},"canonical":"https:\/\/www.alucomfort.be\/product\/vatenkieper-met-ketting-voor-opname-door-heftruck-of-kraan\/","og_locale":"fr_FR","og_type":"article","og_title":"Basculeurs f\u00fbts: chariot ou grue | Alu Comfort | Rotation et Contr\u00f4le Total","og_description":"Un contr\u00f4le total sur le processus de basculement. Nos retourneurs de f\u00fbts 360\u00b0 \u00e0 cha\u00eene sans fin sont parfaits pour m\u00e9langer le contenu ou pour un vidage complet et dos\u00e9. D\u00e9couvrez les mod\u00e8les.","og_url":"https:\/\/www.alucomfort.be\/product\/vatenkieper-met-ketting-voor-opname-door-heftruck-of-kraan\/","og_site_name":"Alu Comfort","article_modified_time":"2025-09-09T11:16:17+00:00","og_image":[{"width":1308,"height":2116,"url":"https:\/\/www.alucomfort.be\/wp-content\/uploads\/Basculeur-de-futs-avec-chaine-Grue-Chariot-elevateur-BR-FD-SK-1.jpg","type":"image\/jpeg"}],"twitter_card":"summary_large_image","schema":{"@context":"https:\/\/schema.org","@graph":[{"@type":"WebPage","@id":"https:\/\/www.alucomfort.be\/product\/vatenkieper-met-ketting-voor-opname-door-heftruck-of-kraan\/","url":"https:\/\/www.alucomfort.be\/product\/vatenkieper-met-ketting-voor-opname-door-heftruck-of-kraan\/","name":"Basculeurs f\u00fbts: chariot ou grue | Alu Comfort | Rotation et Contr\u00f4le Total","isPartOf":{"@id":"https:\/\/www.alucomfort.be\/#website"},"primaryImageOfPage":{"@id":"https:\/\/www.alucomfort.be\/product\/vatenkieper-met-ketting-voor-opname-door-heftruck-of-kraan\/#primaryimage"},"image":{"@id":"https:\/\/www.alucomfort.be\/product\/vatenkieper-met-ketting-voor-opname-door-heftruck-of-kraan\/#primaryimage"},"thumbnailUrl":"https:\/\/www.alucomfort.be\/wp-content\/uploads\/Basculeur-de-futs-avec-chaine-Grue-Chariot-elevateur-BR-FD-SK-1.jpg","datePublished":"2019-10-13T23:00:32+00:00","dateModified":"2025-09-09T11:16:17+00:00","description":"Un contr\u00f4le total sur le processus de basculement. Nos retourneurs de f\u00fbts 360\u00b0 \u00e0 cha\u00eene sans fin sont parfaits pour m\u00e9langer le contenu ou pour un vidage complet et dos\u00e9. D\u00e9couvrez les mod\u00e8les.","breadcrumb":{"@id":"https:\/\/www.alucomfort.be\/product\/vatenkieper-met-ketting-voor-opname-door-heftruck-of-kraan\/#breadcrumb"},"inLanguage":"fr-FR","potentialAction":[{"@type":"ReadAction","target":["https:\/\/www.alucomfort.be\/product\/vatenkieper-met-ketting-voor-opname-door-heftruck-of-kraan\/"]}]},{"@type":"ImageObject","inLanguage":"fr-FR","@id":"https:\/\/www.alucomfort.be\/product\/vatenkieper-met-ketting-voor-opname-door-heftruck-of-kraan\/#primaryimage","url":"https:\/\/www.alucomfort.be\/wp-content\/uploads\/Basculeur-de-futs-avec-chaine-Grue-Chariot-elevateur-BR-FD-SK-1.jpg","contentUrl":"https:\/\/www.alucomfort.be\/wp-content\/uploads\/Basculeur-de-futs-avec-chaine-Grue-Chariot-elevateur-BR-FD-SK-1.jpg","width":1308,"height":2116,"caption":"Basculeur de f\u00fbts avec cha\u00eene Grue Chariot_\u00e9l\u00e9vateur"},{"@type":"BreadcrumbList","@id":"https:\/\/www.alucomfort.be\/product\/vatenkieper-met-ketting-voor-opname-door-heftruck-of-kraan\/#breadcrumb","itemListElement":[{"@type":"ListItem","position":1,"name":"Home","item":"https:\/\/www.alucomfort.be\/fr\/"},{"@type":"ListItem","position":2,"name":"Producten","item":"https:\/\/www.alucomfort.be\/producten\/"},{"@type":"ListItem","position":3,"name":"Basculeur de f\u00fbts avec cha\u00eene, compatible chariot \u00e9l\u00e9vateur ou grue"}]},{"@type":"WebSite","@id":"https:\/\/www.alucomfort.be\/#website","url":"https:\/\/www.alucomfort.be\/","name":"Alu Comfort","description":"","potentialAction":[{"@type":"SearchAction","target":{"@type":"EntryPoint","urlTemplate":"https:\/\/www.alucomfort.be\/?s={search_term_string}"},"query-input":{"@type":"PropertyValueSpecification","valueRequired":true,"valueName":"search_term_string"}}],"inLanguage":"fr-FR"}]}},"_links":{"self":[{"href":"https:\/\/www.alucomfort.be\/fr\/wp-json\/wp\/v2\/product\/172734","targetHints":{"allow":["GET"]}}],"collection":[{"href":"https:\/\/www.alucomfort.be\/fr\/wp-json\/wp\/v2\/product"}],"about":[{"href":"https:\/\/www.alucomfort.be\/fr\/wp-json\/wp\/v2\/types\/product"}],"wp:featuredmedia":[{"embeddable":true,"href":"https:\/\/www.alucomfort.be\/fr\/wp-json\/wp\/v2\/media\/225428"}],"wp:attachment":[{"href":"https:\/\/www.alucomfort.be\/fr\/wp-json\/wp\/v2\/media?parent=172734"}],"wp:term":[{"taxonomy":"product_brand","embeddable":true,"href":"https:\/\/www.alucomfort.be\/fr\/wp-json\/wp\/v2\/product_brand?post=172734"},{"taxonomy":"product_cat","embeddable":true,"href":"https:\/\/www.alucomfort.be\/fr\/wp-json\/wp\/v2\/product_cat?post=172734"},{"taxonomy":"product_tag","embeddable":true,"href":"https:\/\/www.alucomfort.be\/fr\/wp-json\/wp\/v2\/product_tag?post=172734"}],"curies":[{"name":"wp","href":"https:\/\/api.w.org\/{rel}","templated":true}]}}