

{"id":172748,"date":"2019-10-14T01:00:43","date_gmt":"2019-10-13T23:00:43","guid":{"rendered":"https:\/\/www.alucomfort.be\/product\/basculeurs-de-futs-par-manivelle-avec-dispositif-de-rotation-vissee\/"},"modified":"2025-09-09T13:16:27","modified_gmt":"2025-09-09T11:16:27","slug":"basculeurs-de-futs-par-manivelle-avec-dispositif-de-rotation-vissee","status":"publish","type":"product","link":"https:\/\/www.alucomfort.be\/fr\/product\/basculeurs-de-futs-par-manivelle-avec-dispositif-de-rotation-vissee\/","title":{"rendered":"Basculeur de f\u00fbts \u00e0 manivelle avec dispositif de rotation \u00e0 vis"},"content":{"rendered":"<p>* Avec dispositif de rotation viss\u00e9e, * Basculement par manivelle, * Fourreaux pour chariot \u00e9l\u00e9vateur, * Cadre de base robuste, * Engrenage auto-bloquant, * S\u00e9curis\u00e9 contre le glissement Involontaire.<\/p>\n","protected":false},"excerpt":{"rendered":"<p>Basculeurs pour soulever et vider des f\u00fbts de 120 \u00e0 220 l : f\u00fbts m\u00e9talliques \u00e0 ouverture totale avec anneau de serrage, ainsi que f\u00fbts plastiques \u00e0 bonde, \u00e0 deux bondes ou \u00e0 ouverture totale.<\/p>\n","protected":false},"featured_media":225426,"template":"","meta":{"_acf_changed":false},"product_brand":[],"product_cat":[2508],"product_tag":[],"class_list":{"0":"post-172748","1":"product","2":"type-product","3":"status-publish","4":"has-post-thumbnail","6":"product_cat-manutention-de-futs-metalliques","8":"first","9":"outofstock","10":"taxable","11":"shipping-taxable","12":"purchasable","13":"product-type-variable"},"acf":[],"yoast_head":"<!-- This site is optimized with the Yoast SEO plugin v24.8.1 - https:\/\/yoast.com\/wordpress\/plugins\/seo\/ -->\n<title>Basculement de F\u00fbts Contr\u00f4l\u00e9 | Alu Comfort | Vidage de Pr\u00e9cision<\/title>\n<meta name=\"description\" content=\"Dosez avec pr\u00e9cision et videz vos f\u00fbts en toute s\u00e9curit\u00e9 avec un basculeur Alu Comfort. Nos mod\u00e8les \u00e0 volant ou \u00e0 cha\u00eene vous offrent un contr\u00f4le total. \u00c9vitez le gaspillage. D\u00e9couvrez nos solutions.\" \/>\n<meta name=\"robots\" content=\"index, follow, max-snippet:-1, max-image-preview:large, max-video-preview:-1\" \/>\n<link rel=\"canonical\" href=\"https:\/\/www.alucomfort.be\/product\/vatenkieper-met-handslinger-via-aangeschroefde-draai-installatie\/\" \/>\n<meta property=\"og:locale\" content=\"fr_FR\" \/>\n<meta property=\"og:type\" content=\"article\" \/>\n<meta property=\"og:title\" content=\"Basculement de F\u00fbts Contr\u00f4l\u00e9 | Alu Comfort | Vidage de Pr\u00e9cision\" \/>\n<meta property=\"og:description\" content=\"Dosez avec pr\u00e9cision et videz vos f\u00fbts en toute s\u00e9curit\u00e9 avec un basculeur Alu Comfort. Nos mod\u00e8les \u00e0 volant ou \u00e0 cha\u00eene vous offrent un contr\u00f4le total. \u00c9vitez le gaspillage. D\u00e9couvrez nos solutions.\" \/>\n<meta property=\"og:url\" content=\"https:\/\/www.alucomfort.be\/product\/vatenkieper-met-handslinger-via-aangeschroefde-draai-installatie\/\" \/>\n<meta property=\"og:site_name\" content=\"Alu Comfort\" \/>\n<meta property=\"article:modified_time\" content=\"2025-09-09T11:16:27+00:00\" \/>\n<meta property=\"og:image\" content=\"https:\/\/www.alucomfort.be\/wp-content\/uploads\/Basculeur-de-futs-a-manivelle-BR-FD-L-HK-1.jpg\" \/>\n\t<meta property=\"og:image:width\" content=\"1920\" \/>\n\t<meta property=\"og:image:height\" content=\"1340\" \/>\n\t<meta property=\"og:image:type\" content=\"image\/jpeg\" \/>\n<meta name=\"twitter:card\" content=\"summary_large_image\" \/>\n<script type=\"application\/ld+json\" class=\"yoast-schema-graph\">{\"@context\":\"https:\/\/schema.org\",\"@graph\":[{\"@type\":\"WebPage\",\"@id\":\"https:\/\/www.alucomfort.be\/product\/vatenkieper-met-handslinger-via-aangeschroefde-draai-installatie\/\",\"url\":\"https:\/\/www.alucomfort.be\/product\/vatenkieper-met-handslinger-via-aangeschroefde-draai-installatie\/\",\"name\":\"Basculement de F\u00fbts Contr\u00f4l\u00e9 | Alu Comfort | Vidage de Pr\u00e9cision\",\"isPartOf\":{\"@id\":\"https:\/\/www.alucomfort.be\/#website\"},\"primaryImageOfPage\":{\"@id\":\"https:\/\/www.alucomfort.be\/product\/vatenkieper-met-handslinger-via-aangeschroefde-draai-installatie\/#primaryimage\"},\"image\":{\"@id\":\"https:\/\/www.alucomfort.be\/product\/vatenkieper-met-handslinger-via-aangeschroefde-draai-installatie\/#primaryimage\"},\"thumbnailUrl\":\"https:\/\/www.alucomfort.be\/wp-content\/uploads\/Basculeur-de-futs-a-manivelle-BR-FD-L-HK-1.jpg\",\"datePublished\":\"2019-10-13T23:00:43+00:00\",\"dateModified\":\"2025-09-09T11:16:27+00:00\",\"description\":\"Dosez avec pr\u00e9cision et videz vos f\u00fbts en toute s\u00e9curit\u00e9 avec un basculeur Alu Comfort. Nos mod\u00e8les \u00e0 volant ou \u00e0 cha\u00eene vous offrent un contr\u00f4le total. \u00c9vitez le gaspillage. D\u00e9couvrez nos solutions.\",\"breadcrumb\":{\"@id\":\"https:\/\/www.alucomfort.be\/product\/vatenkieper-met-handslinger-via-aangeschroefde-draai-installatie\/#breadcrumb\"},\"inLanguage\":\"fr-FR\",\"potentialAction\":[{\"@type\":\"ReadAction\",\"target\":[\"https:\/\/www.alucomfort.be\/product\/vatenkieper-met-handslinger-via-aangeschroefde-draai-installatie\/\"]}]},{\"@type\":\"ImageObject\",\"inLanguage\":\"fr-FR\",\"@id\":\"https:\/\/www.alucomfort.be\/product\/vatenkieper-met-handslinger-via-aangeschroefde-draai-installatie\/#primaryimage\",\"url\":\"https:\/\/www.alucomfort.be\/wp-content\/uploads\/Basculeur-de-futs-a-manivelle-BR-FD-L-HK-1.jpg\",\"contentUrl\":\"https:\/\/www.alucomfort.be\/wp-content\/uploads\/Basculeur-de-futs-a-manivelle-BR-FD-L-HK-1.jpg\",\"width\":1920,\"height\":1340,\"caption\":\"Basculeur de f\u00fbts \u00e0 manivelle\"},{\"@type\":\"BreadcrumbList\",\"@id\":\"https:\/\/www.alucomfort.be\/product\/vatenkieper-met-handslinger-via-aangeschroefde-draai-installatie\/#breadcrumb\",\"itemListElement\":[{\"@type\":\"ListItem\",\"position\":1,\"name\":\"Home\",\"item\":\"https:\/\/www.alucomfort.be\/fr\/\"},{\"@type\":\"ListItem\",\"position\":2,\"name\":\"Producten\",\"item\":\"https:\/\/www.alucomfort.be\/producten\/\"},{\"@type\":\"ListItem\",\"position\":3,\"name\":\"Basculeur de f\u00fbts \u00e0 manivelle avec dispositif de rotation \u00e0 vis\"}]},{\"@type\":\"WebSite\",\"@id\":\"https:\/\/www.alucomfort.be\/#website\",\"url\":\"https:\/\/www.alucomfort.be\/\",\"name\":\"Alu Comfort\",\"description\":\"\",\"potentialAction\":[{\"@type\":\"SearchAction\",\"target\":{\"@type\":\"EntryPoint\",\"urlTemplate\":\"https:\/\/www.alucomfort.be\/?s={search_term_string}\"},\"query-input\":{\"@type\":\"PropertyValueSpecification\",\"valueRequired\":true,\"valueName\":\"search_term_string\"}}],\"inLanguage\":\"fr-FR\"}]}<\/script>\n<!-- \/ Yoast SEO plugin. -->","yoast_head_json":{"title":"Basculement de F\u00fbts Contr\u00f4l\u00e9 | Alu Comfort | Vidage de Pr\u00e9cision","description":"Dosez avec pr\u00e9cision et videz vos f\u00fbts en toute s\u00e9curit\u00e9 avec un basculeur Alu Comfort. Nos mod\u00e8les \u00e0 volant ou \u00e0 cha\u00eene vous offrent un contr\u00f4le total. \u00c9vitez le gaspillage. D\u00e9couvrez nos solutions.","robots":{"index":"index","follow":"follow","max-snippet":"max-snippet:-1","max-image-preview":"max-image-preview:large","max-video-preview":"max-video-preview:-1"},"canonical":"https:\/\/www.alucomfort.be\/product\/vatenkieper-met-handslinger-via-aangeschroefde-draai-installatie\/","og_locale":"fr_FR","og_type":"article","og_title":"Basculement de F\u00fbts Contr\u00f4l\u00e9 | Alu Comfort | Vidage de Pr\u00e9cision","og_description":"Dosez avec pr\u00e9cision et videz vos f\u00fbts en toute s\u00e9curit\u00e9 avec un basculeur Alu Comfort. Nos mod\u00e8les \u00e0 volant ou \u00e0 cha\u00eene vous offrent un contr\u00f4le total. \u00c9vitez le gaspillage. D\u00e9couvrez nos solutions.","og_url":"https:\/\/www.alucomfort.be\/product\/vatenkieper-met-handslinger-via-aangeschroefde-draai-installatie\/","og_site_name":"Alu Comfort","article_modified_time":"2025-09-09T11:16:27+00:00","og_image":[{"width":1920,"height":1340,"url":"https:\/\/www.alucomfort.be\/wp-content\/uploads\/Basculeur-de-futs-a-manivelle-BR-FD-L-HK-1.jpg","type":"image\/jpeg"}],"twitter_card":"summary_large_image","schema":{"@context":"https:\/\/schema.org","@graph":[{"@type":"WebPage","@id":"https:\/\/www.alucomfort.be\/product\/vatenkieper-met-handslinger-via-aangeschroefde-draai-installatie\/","url":"https:\/\/www.alucomfort.be\/product\/vatenkieper-met-handslinger-via-aangeschroefde-draai-installatie\/","name":"Basculement de F\u00fbts Contr\u00f4l\u00e9 | Alu Comfort | Vidage de Pr\u00e9cision","isPartOf":{"@id":"https:\/\/www.alucomfort.be\/#website"},"primaryImageOfPage":{"@id":"https:\/\/www.alucomfort.be\/product\/vatenkieper-met-handslinger-via-aangeschroefde-draai-installatie\/#primaryimage"},"image":{"@id":"https:\/\/www.alucomfort.be\/product\/vatenkieper-met-handslinger-via-aangeschroefde-draai-installatie\/#primaryimage"},"thumbnailUrl":"https:\/\/www.alucomfort.be\/wp-content\/uploads\/Basculeur-de-futs-a-manivelle-BR-FD-L-HK-1.jpg","datePublished":"2019-10-13T23:00:43+00:00","dateModified":"2025-09-09T11:16:27+00:00","description":"Dosez avec pr\u00e9cision et videz vos f\u00fbts en toute s\u00e9curit\u00e9 avec un basculeur Alu Comfort. Nos mod\u00e8les \u00e0 volant ou \u00e0 cha\u00eene vous offrent un contr\u00f4le total. \u00c9vitez le gaspillage. D\u00e9couvrez nos solutions.","breadcrumb":{"@id":"https:\/\/www.alucomfort.be\/product\/vatenkieper-met-handslinger-via-aangeschroefde-draai-installatie\/#breadcrumb"},"inLanguage":"fr-FR","potentialAction":[{"@type":"ReadAction","target":["https:\/\/www.alucomfort.be\/product\/vatenkieper-met-handslinger-via-aangeschroefde-draai-installatie\/"]}]},{"@type":"ImageObject","inLanguage":"fr-FR","@id":"https:\/\/www.alucomfort.be\/product\/vatenkieper-met-handslinger-via-aangeschroefde-draai-installatie\/#primaryimage","url":"https:\/\/www.alucomfort.be\/wp-content\/uploads\/Basculeur-de-futs-a-manivelle-BR-FD-L-HK-1.jpg","contentUrl":"https:\/\/www.alucomfort.be\/wp-content\/uploads\/Basculeur-de-futs-a-manivelle-BR-FD-L-HK-1.jpg","width":1920,"height":1340,"caption":"Basculeur de f\u00fbts \u00e0 manivelle"},{"@type":"BreadcrumbList","@id":"https:\/\/www.alucomfort.be\/product\/vatenkieper-met-handslinger-via-aangeschroefde-draai-installatie\/#breadcrumb","itemListElement":[{"@type":"ListItem","position":1,"name":"Home","item":"https:\/\/www.alucomfort.be\/fr\/"},{"@type":"ListItem","position":2,"name":"Producten","item":"https:\/\/www.alucomfort.be\/producten\/"},{"@type":"ListItem","position":3,"name":"Basculeur de f\u00fbts \u00e0 manivelle avec dispositif de rotation \u00e0 vis"}]},{"@type":"WebSite","@id":"https:\/\/www.alucomfort.be\/#website","url":"https:\/\/www.alucomfort.be\/","name":"Alu Comfort","description":"","potentialAction":[{"@type":"SearchAction","target":{"@type":"EntryPoint","urlTemplate":"https:\/\/www.alucomfort.be\/?s={search_term_string}"},"query-input":{"@type":"PropertyValueSpecification","valueRequired":true,"valueName":"search_term_string"}}],"inLanguage":"fr-FR"}]}},"_links":{"self":[{"href":"https:\/\/www.alucomfort.be\/fr\/wp-json\/wp\/v2\/product\/172748","targetHints":{"allow":["GET"]}}],"collection":[{"href":"https:\/\/www.alucomfort.be\/fr\/wp-json\/wp\/v2\/product"}],"about":[{"href":"https:\/\/www.alucomfort.be\/fr\/wp-json\/wp\/v2\/types\/product"}],"wp:featuredmedia":[{"embeddable":true,"href":"https:\/\/www.alucomfort.be\/fr\/wp-json\/wp\/v2\/media\/225426"}],"wp:attachment":[{"href":"https:\/\/www.alucomfort.be\/fr\/wp-json\/wp\/v2\/media?parent=172748"}],"wp:term":[{"taxonomy":"product_brand","embeddable":true,"href":"https:\/\/www.alucomfort.be\/fr\/wp-json\/wp\/v2\/product_brand?post=172748"},{"taxonomy":"product_cat","embeddable":true,"href":"https:\/\/www.alucomfort.be\/fr\/wp-json\/wp\/v2\/product_cat?post=172748"},{"taxonomy":"product_tag","embeddable":true,"href":"https:\/\/www.alucomfort.be\/fr\/wp-json\/wp\/v2\/product_tag?post=172748"}],"curies":[{"name":"wp","href":"https:\/\/api.w.org\/{rel}","templated":true}]}}