

{"id":172762,"date":"2019-10-14T01:01:03","date_gmt":"2019-10-13T23:01:03","guid":{"rendered":"https:\/\/www.alucomfort.be\/product\/chariot-elevateurs-pour-futs\/"},"modified":"2025-09-09T00:59:53","modified_gmt":"2025-09-08T22:59:53","slug":"chariot-elevateurs-pour-futs-2","status":"publish","type":"product","link":"https:\/\/www.alucomfort.be\/fr\/product\/chariot-elevateurs-pour-futs-2\/","title":{"rendered":"Chariot \u00e9l\u00e9vateur pour f\u00fbts"},"content":{"rendered":"<p>* Chariot \u00e9l\u00e9vateur con\u00e7u pour la manutention de f\u00fbts m\u00e9talliques de 200 litres, qu&rsquo;ils soient \u00e0 bonde, \u00e0 ouverture totale ou \u00e0 anneaux, * \u00c9quip\u00e9 d&rsquo;un timon pour un d\u00e9placement ais\u00e9, * Dispose de roulettes pivotantes (\u00d8 180 mm) et de roulettes fixes (\u00d8 80 mm) pour une mobilit\u00e9 optimale, * Dispose de roulettes pivotantes (\u00d8 180 mm) et de roulettes fixes (\u00d8 80 mm) pour une mobilit\u00e9 optimale.<\/p>\n","protected":false},"excerpt":{"rendered":"<p>Pour lever et transporter des f\u00fbts<\/p>\n","protected":false},"featured_media":225367,"template":"","meta":{"_acf_changed":false},"product_brand":[],"product_cat":[2515],"product_tag":[],"class_list":{"0":"post-172762","1":"product","2":"type-product","3":"status-publish","4":"has-post-thumbnail","6":"product_cat-chariots-elevateurs-pour-futs","8":"first","9":"outofstock","10":"taxable","11":"shipping-taxable","12":"purchasable","13":"product-type-variable"},"acf":[],"yoast_head":"<!-- This site is optimized with the Yoast SEO plugin v24.8.1 - https:\/\/yoast.com\/wordpress\/plugins\/seo\/ -->\n<title>L\u00e8ve-f\u00fbt &amp; Chariot \u00c9l\u00e9vateur | Alu Comfort | Manutention de f\u00fbts<\/title>\n<meta name=\"description\" content=\"D\u00e9couvrez nos l\u00e8ve-f\u00fbts FHR pour un transport en toute s\u00e9curit\u00e9. Charge admissible de 300 kg. Mod\u00e8les pour la pr\u00e9hension, le serrage et le basculement. Trouvez le chariot id\u00e9al pour votre entreprise.\" \/>\n<meta name=\"robots\" content=\"index, follow, max-snippet:-1, max-image-preview:large, max-video-preview:-1\" \/>\n<link rel=\"canonical\" href=\"https:\/\/www.alucomfort.be\/product\/vatenhijswagen\/\" \/>\n<meta property=\"og:locale\" content=\"fr_FR\" \/>\n<meta property=\"og:type\" content=\"article\" \/>\n<meta property=\"og:title\" content=\"L\u00e8ve-f\u00fbt &amp; Chariot \u00c9l\u00e9vateur | Alu Comfort | Manutention de f\u00fbts\" \/>\n<meta property=\"og:description\" content=\"D\u00e9couvrez nos l\u00e8ve-f\u00fbts FHR pour un transport en toute s\u00e9curit\u00e9. Charge admissible de 300 kg. Mod\u00e8les pour la pr\u00e9hension, le serrage et le basculement. Trouvez le chariot id\u00e9al pour votre entreprise.\" \/>\n<meta property=\"og:url\" content=\"https:\/\/www.alucomfort.be\/product\/vatenhijswagen\/\" \/>\n<meta property=\"og:site_name\" content=\"Alu Comfort\" \/>\n<meta property=\"article:modified_time\" content=\"2025-09-08T22:59:53+00:00\" \/>\n<meta property=\"og:image\" content=\"https:\/\/www.alucomfort.be\/wp-content\/uploads\/Hijswagen-Hefhulp-voor-vaten-BR-FHR-600-G-2.jpg\" \/>\n\t<meta property=\"og:image:width\" content=\"1920\" \/>\n\t<meta property=\"og:image:height\" content=\"1967\" \/>\n\t<meta property=\"og:image:type\" content=\"image\/jpeg\" \/>\n<meta name=\"twitter:card\" content=\"summary_large_image\" \/>\n<script type=\"application\/ld+json\" class=\"yoast-schema-graph\">{\"@context\":\"https:\/\/schema.org\",\"@graph\":[{\"@type\":\"WebPage\",\"@id\":\"https:\/\/www.alucomfort.be\/product\/vatenhijswagen\/\",\"url\":\"https:\/\/www.alucomfort.be\/product\/vatenhijswagen\/\",\"name\":\"L\u00e8ve-f\u00fbt & Chariot \u00c9l\u00e9vateur | Alu Comfort | Manutention de f\u00fbts\",\"isPartOf\":{\"@id\":\"https:\/\/www.alucomfort.be\/#website\"},\"primaryImageOfPage\":{\"@id\":\"https:\/\/www.alucomfort.be\/product\/vatenhijswagen\/#primaryimage\"},\"image\":{\"@id\":\"https:\/\/www.alucomfort.be\/product\/vatenhijswagen\/#primaryimage\"},\"thumbnailUrl\":\"https:\/\/www.alucomfort.be\/wp-content\/uploads\/Hijswagen-Hefhulp-voor-vaten-BR-FHR-600-G-2.jpg\",\"datePublished\":\"2019-10-13T23:01:03+00:00\",\"dateModified\":\"2025-09-08T22:59:53+00:00\",\"description\":\"D\u00e9couvrez nos l\u00e8ve-f\u00fbts FHR pour un transport en toute s\u00e9curit\u00e9. Charge admissible de 300 kg. Mod\u00e8les pour la pr\u00e9hension, le serrage et le basculement. Trouvez le chariot id\u00e9al pour votre entreprise.\",\"breadcrumb\":{\"@id\":\"https:\/\/www.alucomfort.be\/product\/vatenhijswagen\/#breadcrumb\"},\"inLanguage\":\"fr-FR\",\"potentialAction\":[{\"@type\":\"ReadAction\",\"target\":[\"https:\/\/www.alucomfort.be\/product\/vatenhijswagen\/\"]}]},{\"@type\":\"ImageObject\",\"inLanguage\":\"fr-FR\",\"@id\":\"https:\/\/www.alucomfort.be\/product\/vatenhijswagen\/#primaryimage\",\"url\":\"https:\/\/www.alucomfort.be\/wp-content\/uploads\/Hijswagen-Hefhulp-voor-vaten-BR-FHR-600-G-2.jpg\",\"contentUrl\":\"https:\/\/www.alucomfort.be\/wp-content\/uploads\/Hijswagen-Hefhulp-voor-vaten-BR-FHR-600-G-2.jpg\",\"width\":1920,\"height\":1967,\"caption\":\"Hijswagen_Hefhulp_voor_vaten\"},{\"@type\":\"BreadcrumbList\",\"@id\":\"https:\/\/www.alucomfort.be\/product\/vatenhijswagen\/#breadcrumb\",\"itemListElement\":[{\"@type\":\"ListItem\",\"position\":1,\"name\":\"Home\",\"item\":\"https:\/\/www.alucomfort.be\/fr\/\"},{\"@type\":\"ListItem\",\"position\":2,\"name\":\"Producten\",\"item\":\"https:\/\/www.alucomfort.be\/producten\/\"},{\"@type\":\"ListItem\",\"position\":3,\"name\":\"Chariot \u00e9l\u00e9vateur pour f\u00fbts\"}]},{\"@type\":\"WebSite\",\"@id\":\"https:\/\/www.alucomfort.be\/#website\",\"url\":\"https:\/\/www.alucomfort.be\/\",\"name\":\"Alu Comfort\",\"description\":\"\",\"potentialAction\":[{\"@type\":\"SearchAction\",\"target\":{\"@type\":\"EntryPoint\",\"urlTemplate\":\"https:\/\/www.alucomfort.be\/?s={search_term_string}\"},\"query-input\":{\"@type\":\"PropertyValueSpecification\",\"valueRequired\":true,\"valueName\":\"search_term_string\"}}],\"inLanguage\":\"fr-FR\"}]}<\/script>\n<!-- \/ Yoast SEO plugin. -->","yoast_head_json":{"title":"L\u00e8ve-f\u00fbt & Chariot \u00c9l\u00e9vateur | Alu Comfort | Manutention de f\u00fbts","description":"D\u00e9couvrez nos l\u00e8ve-f\u00fbts FHR pour un transport en toute s\u00e9curit\u00e9. Charge admissible de 300 kg. Mod\u00e8les pour la pr\u00e9hension, le serrage et le basculement. Trouvez le chariot id\u00e9al pour votre entreprise.","robots":{"index":"index","follow":"follow","max-snippet":"max-snippet:-1","max-image-preview":"max-image-preview:large","max-video-preview":"max-video-preview:-1"},"canonical":"https:\/\/www.alucomfort.be\/product\/vatenhijswagen\/","og_locale":"fr_FR","og_type":"article","og_title":"L\u00e8ve-f\u00fbt & Chariot \u00c9l\u00e9vateur | Alu Comfort | Manutention de f\u00fbts","og_description":"D\u00e9couvrez nos l\u00e8ve-f\u00fbts FHR pour un transport en toute s\u00e9curit\u00e9. Charge admissible de 300 kg. Mod\u00e8les pour la pr\u00e9hension, le serrage et le basculement. Trouvez le chariot id\u00e9al pour votre entreprise.","og_url":"https:\/\/www.alucomfort.be\/product\/vatenhijswagen\/","og_site_name":"Alu Comfort","article_modified_time":"2025-09-08T22:59:53+00:00","og_image":[{"width":1920,"height":1967,"url":"https:\/\/www.alucomfort.be\/wp-content\/uploads\/Hijswagen-Hefhulp-voor-vaten-BR-FHR-600-G-2.jpg","type":"image\/jpeg"}],"twitter_card":"summary_large_image","schema":{"@context":"https:\/\/schema.org","@graph":[{"@type":"WebPage","@id":"https:\/\/www.alucomfort.be\/product\/vatenhijswagen\/","url":"https:\/\/www.alucomfort.be\/product\/vatenhijswagen\/","name":"L\u00e8ve-f\u00fbt & Chariot \u00c9l\u00e9vateur | Alu Comfort | Manutention de f\u00fbts","isPartOf":{"@id":"https:\/\/www.alucomfort.be\/#website"},"primaryImageOfPage":{"@id":"https:\/\/www.alucomfort.be\/product\/vatenhijswagen\/#primaryimage"},"image":{"@id":"https:\/\/www.alucomfort.be\/product\/vatenhijswagen\/#primaryimage"},"thumbnailUrl":"https:\/\/www.alucomfort.be\/wp-content\/uploads\/Hijswagen-Hefhulp-voor-vaten-BR-FHR-600-G-2.jpg","datePublished":"2019-10-13T23:01:03+00:00","dateModified":"2025-09-08T22:59:53+00:00","description":"D\u00e9couvrez nos l\u00e8ve-f\u00fbts FHR pour un transport en toute s\u00e9curit\u00e9. Charge admissible de 300 kg. Mod\u00e8les pour la pr\u00e9hension, le serrage et le basculement. Trouvez le chariot id\u00e9al pour votre entreprise.","breadcrumb":{"@id":"https:\/\/www.alucomfort.be\/product\/vatenhijswagen\/#breadcrumb"},"inLanguage":"fr-FR","potentialAction":[{"@type":"ReadAction","target":["https:\/\/www.alucomfort.be\/product\/vatenhijswagen\/"]}]},{"@type":"ImageObject","inLanguage":"fr-FR","@id":"https:\/\/www.alucomfort.be\/product\/vatenhijswagen\/#primaryimage","url":"https:\/\/www.alucomfort.be\/wp-content\/uploads\/Hijswagen-Hefhulp-voor-vaten-BR-FHR-600-G-2.jpg","contentUrl":"https:\/\/www.alucomfort.be\/wp-content\/uploads\/Hijswagen-Hefhulp-voor-vaten-BR-FHR-600-G-2.jpg","width":1920,"height":1967,"caption":"Hijswagen_Hefhulp_voor_vaten"},{"@type":"BreadcrumbList","@id":"https:\/\/www.alucomfort.be\/product\/vatenhijswagen\/#breadcrumb","itemListElement":[{"@type":"ListItem","position":1,"name":"Home","item":"https:\/\/www.alucomfort.be\/fr\/"},{"@type":"ListItem","position":2,"name":"Producten","item":"https:\/\/www.alucomfort.be\/producten\/"},{"@type":"ListItem","position":3,"name":"Chariot \u00e9l\u00e9vateur pour f\u00fbts"}]},{"@type":"WebSite","@id":"https:\/\/www.alucomfort.be\/#website","url":"https:\/\/www.alucomfort.be\/","name":"Alu Comfort","description":"","potentialAction":[{"@type":"SearchAction","target":{"@type":"EntryPoint","urlTemplate":"https:\/\/www.alucomfort.be\/?s={search_term_string}"},"query-input":{"@type":"PropertyValueSpecification","valueRequired":true,"valueName":"search_term_string"}}],"inLanguage":"fr-FR"}]}},"_links":{"self":[{"href":"https:\/\/www.alucomfort.be\/fr\/wp-json\/wp\/v2\/product\/172762","targetHints":{"allow":["GET"]}}],"collection":[{"href":"https:\/\/www.alucomfort.be\/fr\/wp-json\/wp\/v2\/product"}],"about":[{"href":"https:\/\/www.alucomfort.be\/fr\/wp-json\/wp\/v2\/types\/product"}],"wp:featuredmedia":[{"embeddable":true,"href":"https:\/\/www.alucomfort.be\/fr\/wp-json\/wp\/v2\/media\/225367"}],"wp:attachment":[{"href":"https:\/\/www.alucomfort.be\/fr\/wp-json\/wp\/v2\/media?parent=172762"}],"wp:term":[{"taxonomy":"product_brand","embeddable":true,"href":"https:\/\/www.alucomfort.be\/fr\/wp-json\/wp\/v2\/product_brand?post=172762"},{"taxonomy":"product_cat","embeddable":true,"href":"https:\/\/www.alucomfort.be\/fr\/wp-json\/wp\/v2\/product_cat?post=172762"},{"taxonomy":"product_tag","embeddable":true,"href":"https:\/\/www.alucomfort.be\/fr\/wp-json\/wp\/v2\/product_tag?post=172762"}],"curies":[{"name":"wp","href":"https:\/\/api.w.org\/{rel}","templated":true}]}}