

{"id":172770,"date":"2019-10-14T01:01:11","date_gmt":"2019-10-13T23:01:11","guid":{"rendered":"https:\/\/www.alucomfort.be\/product\/chariot-elevateurs-pour-futs\/"},"modified":"2025-09-09T01:00:00","modified_gmt":"2025-09-08T23:00:00","slug":"chariot-elevateurs-pour-futs","status":"publish","type":"product","link":"https:\/\/www.alucomfort.be\/fr\/product\/chariot-elevateurs-pour-futs\/","title":{"rendered":"Gerbeur pour f\u00fbts"},"content":{"rendered":"<p>* Gerbeur con\u00e7u pour la manutention de f\u00fbts m\u00e9talliques de 200 litres, qu&rsquo;ils soient \u00e0 bonde, \u00e0 ouverture totale ou \u00e0 anneaux, * \u00c9quip\u00e9 d&rsquo;un timon pour un d\u00e9placement ais\u00e9, * Dispose de roulettes pivotantes (\u00d8 180 mm) et de roulettes fixes (\u00d8 80 mm) pour une mobilit\u00e9 optimale, * Dispose de roulettes pivotantes (\u00d8 180 mm) et de roulettes fixes (\u00d8 80 mm) pour une mobilit\u00e9 optimale.<\/p>\n","protected":false},"excerpt":{"rendered":"<p>Pour lever et transporter des f\u00fbts<\/p>\n","protected":false},"featured_media":225365,"template":"","meta":{"_acf_changed":false},"product_brand":[],"product_cat":[2515],"product_tag":[],"class_list":{"0":"post-172770","1":"product","2":"type-product","3":"status-publish","4":"has-post-thumbnail","6":"product_cat-chariots-elevateurs-pour-futs","8":"first","9":"outofstock","10":"featured","11":"taxable","12":"shipping-taxable","13":"purchasable","14":"product-type-variable"},"acf":[],"yoast_head":"<!-- This site is optimized with the Yoast SEO plugin v24.8.1 - https:\/\/yoast.com\/wordpress\/plugins\/seo\/ -->\n<title>L\u00e8ve-f\u00fbt Basculeur 360\u00b0 | Alu Comfort | Chariots FHR<\/title>\n<meta name=\"description\" content=\"La s\u00e9curit\u00e9 avant tout avec nos l\u00e8ve-f\u00fbts professionnels. Levez des f\u00fbts jusqu&#039;\u00e0 300 kg avec nos solutions de manutention robustes. Version anti-d\u00e9flagrante (ATEX) disponible pour les environnements \u00e0 risque.\" \/>\n<meta name=\"robots\" content=\"index, follow, max-snippet:-1, max-image-preview:large, max-video-preview:-1\" \/>\n<link rel=\"canonical\" href=\"https:\/\/www.alucomfort.be\/product\/vatenhijswagen-2\/\" \/>\n<meta property=\"og:locale\" content=\"fr_FR\" \/>\n<meta property=\"og:type\" content=\"article\" \/>\n<meta property=\"og:title\" content=\"L\u00e8ve-f\u00fbt Basculeur 360\u00b0 | Alu Comfort | Chariots FHR\" \/>\n<meta property=\"og:description\" content=\"La s\u00e9curit\u00e9 avant tout avec nos l\u00e8ve-f\u00fbts professionnels. Levez des f\u00fbts jusqu&#039;\u00e0 300 kg avec nos solutions de manutention robustes. Version anti-d\u00e9flagrante (ATEX) disponible pour les environnements \u00e0 risque.\" \/>\n<meta property=\"og:url\" content=\"https:\/\/www.alucomfort.be\/product\/vatenhijswagen-2\/\" \/>\n<meta property=\"og:site_name\" content=\"Alu Comfort\" \/>\n<meta property=\"article:modified_time\" content=\"2025-09-08T23:00:00+00:00\" \/>\n<meta property=\"og:image\" content=\"https:\/\/www.alucomfort.be\/wp-content\/uploads\/Gerbeur-pour-la--manutention-de--futs-FHR-600-K-3.jpg\" \/>\n\t<meta property=\"og:image:width\" content=\"1920\" \/>\n\t<meta property=\"og:image:height\" content=\"1237\" \/>\n\t<meta property=\"og:image:type\" content=\"image\/jpeg\" \/>\n<meta name=\"twitter:card\" content=\"summary_large_image\" \/>\n<script type=\"application\/ld+json\" class=\"yoast-schema-graph\">{\"@context\":\"https:\/\/schema.org\",\"@graph\":[{\"@type\":\"WebPage\",\"@id\":\"https:\/\/www.alucomfort.be\/product\/vatenhijswagen-2\/\",\"url\":\"https:\/\/www.alucomfort.be\/product\/vatenhijswagen-2\/\",\"name\":\"L\u00e8ve-f\u00fbt Basculeur 360\u00b0 | Alu Comfort | Chariots FHR\",\"isPartOf\":{\"@id\":\"https:\/\/www.alucomfort.be\/#website\"},\"primaryImageOfPage\":{\"@id\":\"https:\/\/www.alucomfort.be\/product\/vatenhijswagen-2\/#primaryimage\"},\"image\":{\"@id\":\"https:\/\/www.alucomfort.be\/product\/vatenhijswagen-2\/#primaryimage\"},\"thumbnailUrl\":\"https:\/\/www.alucomfort.be\/wp-content\/uploads\/Gerbeur-pour-la--manutention-de--futs-FHR-600-K-3.jpg\",\"datePublished\":\"2019-10-13T23:01:11+00:00\",\"dateModified\":\"2025-09-08T23:00:00+00:00\",\"description\":\"La s\u00e9curit\u00e9 avant tout avec nos l\u00e8ve-f\u00fbts professionnels. Levez des f\u00fbts jusqu'\u00e0 300 kg avec nos solutions de manutention robustes. Version anti-d\u00e9flagrante (ATEX) disponible pour les environnements \u00e0 risque.\",\"breadcrumb\":{\"@id\":\"https:\/\/www.alucomfort.be\/product\/vatenhijswagen-2\/#breadcrumb\"},\"inLanguage\":\"fr-FR\",\"potentialAction\":[{\"@type\":\"ReadAction\",\"target\":[\"https:\/\/www.alucomfort.be\/product\/vatenhijswagen-2\/\"]}]},{\"@type\":\"ImageObject\",\"inLanguage\":\"fr-FR\",\"@id\":\"https:\/\/www.alucomfort.be\/product\/vatenhijswagen-2\/#primaryimage\",\"url\":\"https:\/\/www.alucomfort.be\/wp-content\/uploads\/Gerbeur-pour-la--manutention-de--futs-FHR-600-K-3.jpg\",\"contentUrl\":\"https:\/\/www.alucomfort.be\/wp-content\/uploads\/Gerbeur-pour-la--manutention-de--futs-FHR-600-K-3.jpg\",\"width\":1920,\"height\":1237,\"caption\":\"Gerbeur_pour_la_ manutention_de_ f\u00fbts-\"},{\"@type\":\"BreadcrumbList\",\"@id\":\"https:\/\/www.alucomfort.be\/product\/vatenhijswagen-2\/#breadcrumb\",\"itemListElement\":[{\"@type\":\"ListItem\",\"position\":1,\"name\":\"Home\",\"item\":\"https:\/\/www.alucomfort.be\/fr\/\"},{\"@type\":\"ListItem\",\"position\":2,\"name\":\"Producten\",\"item\":\"https:\/\/www.alucomfort.be\/producten\/\"},{\"@type\":\"ListItem\",\"position\":3,\"name\":\"Gerbeur pour f\u00fbts\"}]},{\"@type\":\"WebSite\",\"@id\":\"https:\/\/www.alucomfort.be\/#website\",\"url\":\"https:\/\/www.alucomfort.be\/\",\"name\":\"Alu Comfort\",\"description\":\"\",\"potentialAction\":[{\"@type\":\"SearchAction\",\"target\":{\"@type\":\"EntryPoint\",\"urlTemplate\":\"https:\/\/www.alucomfort.be\/?s={search_term_string}\"},\"query-input\":{\"@type\":\"PropertyValueSpecification\",\"valueRequired\":true,\"valueName\":\"search_term_string\"}}],\"inLanguage\":\"fr-FR\"}]}<\/script>\n<!-- \/ Yoast SEO plugin. -->","yoast_head_json":{"title":"L\u00e8ve-f\u00fbt Basculeur 360\u00b0 | Alu Comfort | Chariots FHR","description":"La s\u00e9curit\u00e9 avant tout avec nos l\u00e8ve-f\u00fbts professionnels. Levez des f\u00fbts jusqu'\u00e0 300 kg avec nos solutions de manutention robustes. Version anti-d\u00e9flagrante (ATEX) disponible pour les environnements \u00e0 risque.","robots":{"index":"index","follow":"follow","max-snippet":"max-snippet:-1","max-image-preview":"max-image-preview:large","max-video-preview":"max-video-preview:-1"},"canonical":"https:\/\/www.alucomfort.be\/product\/vatenhijswagen-2\/","og_locale":"fr_FR","og_type":"article","og_title":"L\u00e8ve-f\u00fbt Basculeur 360\u00b0 | Alu Comfort | Chariots FHR","og_description":"La s\u00e9curit\u00e9 avant tout avec nos l\u00e8ve-f\u00fbts professionnels. Levez des f\u00fbts jusqu'\u00e0 300 kg avec nos solutions de manutention robustes. Version anti-d\u00e9flagrante (ATEX) disponible pour les environnements \u00e0 risque.","og_url":"https:\/\/www.alucomfort.be\/product\/vatenhijswagen-2\/","og_site_name":"Alu Comfort","article_modified_time":"2025-09-08T23:00:00+00:00","og_image":[{"width":1920,"height":1237,"url":"https:\/\/www.alucomfort.be\/wp-content\/uploads\/Gerbeur-pour-la--manutention-de--futs-FHR-600-K-3.jpg","type":"image\/jpeg"}],"twitter_card":"summary_large_image","schema":{"@context":"https:\/\/schema.org","@graph":[{"@type":"WebPage","@id":"https:\/\/www.alucomfort.be\/product\/vatenhijswagen-2\/","url":"https:\/\/www.alucomfort.be\/product\/vatenhijswagen-2\/","name":"L\u00e8ve-f\u00fbt Basculeur 360\u00b0 | Alu Comfort | Chariots FHR","isPartOf":{"@id":"https:\/\/www.alucomfort.be\/#website"},"primaryImageOfPage":{"@id":"https:\/\/www.alucomfort.be\/product\/vatenhijswagen-2\/#primaryimage"},"image":{"@id":"https:\/\/www.alucomfort.be\/product\/vatenhijswagen-2\/#primaryimage"},"thumbnailUrl":"https:\/\/www.alucomfort.be\/wp-content\/uploads\/Gerbeur-pour-la--manutention-de--futs-FHR-600-K-3.jpg","datePublished":"2019-10-13T23:01:11+00:00","dateModified":"2025-09-08T23:00:00+00:00","description":"La s\u00e9curit\u00e9 avant tout avec nos l\u00e8ve-f\u00fbts professionnels. Levez des f\u00fbts jusqu'\u00e0 300 kg avec nos solutions de manutention robustes. Version anti-d\u00e9flagrante (ATEX) disponible pour les environnements \u00e0 risque.","breadcrumb":{"@id":"https:\/\/www.alucomfort.be\/product\/vatenhijswagen-2\/#breadcrumb"},"inLanguage":"fr-FR","potentialAction":[{"@type":"ReadAction","target":["https:\/\/www.alucomfort.be\/product\/vatenhijswagen-2\/"]}]},{"@type":"ImageObject","inLanguage":"fr-FR","@id":"https:\/\/www.alucomfort.be\/product\/vatenhijswagen-2\/#primaryimage","url":"https:\/\/www.alucomfort.be\/wp-content\/uploads\/Gerbeur-pour-la--manutention-de--futs-FHR-600-K-3.jpg","contentUrl":"https:\/\/www.alucomfort.be\/wp-content\/uploads\/Gerbeur-pour-la--manutention-de--futs-FHR-600-K-3.jpg","width":1920,"height":1237,"caption":"Gerbeur_pour_la_ manutention_de_ f\u00fbts-"},{"@type":"BreadcrumbList","@id":"https:\/\/www.alucomfort.be\/product\/vatenhijswagen-2\/#breadcrumb","itemListElement":[{"@type":"ListItem","position":1,"name":"Home","item":"https:\/\/www.alucomfort.be\/fr\/"},{"@type":"ListItem","position":2,"name":"Producten","item":"https:\/\/www.alucomfort.be\/producten\/"},{"@type":"ListItem","position":3,"name":"Gerbeur pour f\u00fbts"}]},{"@type":"WebSite","@id":"https:\/\/www.alucomfort.be\/#website","url":"https:\/\/www.alucomfort.be\/","name":"Alu Comfort","description":"","potentialAction":[{"@type":"SearchAction","target":{"@type":"EntryPoint","urlTemplate":"https:\/\/www.alucomfort.be\/?s={search_term_string}"},"query-input":{"@type":"PropertyValueSpecification","valueRequired":true,"valueName":"search_term_string"}}],"inLanguage":"fr-FR"}]}},"_links":{"self":[{"href":"https:\/\/www.alucomfort.be\/fr\/wp-json\/wp\/v2\/product\/172770","targetHints":{"allow":["GET"]}}],"collection":[{"href":"https:\/\/www.alucomfort.be\/fr\/wp-json\/wp\/v2\/product"}],"about":[{"href":"https:\/\/www.alucomfort.be\/fr\/wp-json\/wp\/v2\/types\/product"}],"wp:featuredmedia":[{"embeddable":true,"href":"https:\/\/www.alucomfort.be\/fr\/wp-json\/wp\/v2\/media\/225365"}],"wp:attachment":[{"href":"https:\/\/www.alucomfort.be\/fr\/wp-json\/wp\/v2\/media?parent=172770"}],"wp:term":[{"taxonomy":"product_brand","embeddable":true,"href":"https:\/\/www.alucomfort.be\/fr\/wp-json\/wp\/v2\/product_brand?post=172770"},{"taxonomy":"product_cat","embeddable":true,"href":"https:\/\/www.alucomfort.be\/fr\/wp-json\/wp\/v2\/product_cat?post=172770"},{"taxonomy":"product_tag","embeddable":true,"href":"https:\/\/www.alucomfort.be\/fr\/wp-json\/wp\/v2\/product_tag?post=172770"}],"curies":[{"name":"wp","href":"https:\/\/api.w.org\/{rel}","templated":true}]}}