

{"id":173236,"date":"2019-10-14T01:08:17","date_gmt":"2019-10-13T23:08:17","guid":{"rendered":"https:\/\/www.alucomfort.be\/product\/bacs-basculants-sk-cap-090-m%c2%b3-pour-des-charges-lourdes\/"},"modified":"2022-06-06T18:11:14","modified_gmt":"2022-06-06T16:11:14","slug":"bacs-basculants-sk-cap-090-m%c2%b3-pour-des-charges-lourdes","status":"publish","type":"product","link":"https:\/\/www.alucomfort.be\/fr\/product\/bacs-basculants-sk-cap-090-m%c2%b3-pour-des-charges-lourdes\/","title":{"rendered":"Bennes Basculantes type SK &#8211; Cap: 0,90 m\u00b3 &#8211; pour des charges lourdes"},"content":{"rendered":"<p>Benne Basculante SK pour charges lourdes \u00e0 d\u00e9v\u00e9rouillage automatique, * Basculement de toute hauteur par commande \u00e0 cable \u00e0 partir du si\u00e8ge du chariot \u00e9levateur ou par pied de d\u00e9clanchement lorsque il est pos\u00e9 sur le bord du conteneur, * Les bacs ont une cadre de base tr\u00e8s robuste \u00e0 rebord renforc\u00e9 avec des fourreaux ferm\u00e9s assurant une haute stabilit\u00e9.  T\u00f4le d&rsquo;acier de 5 mm et fourreau en t\u00f4le d&rsquo;acier de 6 mm pour des charges lourdes, * Tous les bacs sont s\u00e9curis\u00e9s contre le basculement et le glissement inintentionnels, * Des options sont des roulettes (2 pivotantes avec freins et 2 roulettes fixes avec \u00d8  180 mm).<\/p>\n","protected":false},"excerpt":{"rendered":"<p>Benne Basculante SK pour des charges lourdes \u00e0 d\u00e9v\u00e9rouillage automatique &#8211; Cap: 0,90 m\u00b3 &#8211; Dim.: 1310 x 1580 x 970 mm &#8211; Charge adm: 4000 kg<\/p>\n","protected":false},"featured_media":4140,"template":"","meta":{"_acf_changed":false},"product_brand":[],"product_cat":[8867],"product_tag":[],"class_list":{"0":"post-173236","1":"product","2":"type-product","3":"status-publish","4":"has-post-thumbnail","6":"product_cat-bennes-basculantes-sk-pour-charges-lourdes","8":"first","9":"outofstock","10":"taxable","11":"shipping-taxable","12":"purchasable","13":"product-type-variable"},"acf":[],"yoast_head":"<!-- This site is optimized with the Yoast SEO plugin v24.8.1 - https:\/\/yoast.com\/wordpress\/plugins\/seo\/ -->\n<title>Bennes Basculantes SK | Alu Comfort |<\/title>\n<meta name=\"description\" content=\"Bennes Basculantes pour charges lourdes \u00e0 d\u00e9v\u00e9rouillage automatique.\" \/>\n<meta name=\"robots\" content=\"index, follow, max-snippet:-1, max-image-preview:large, max-video-preview:-1\" \/>\n<link rel=\"canonical\" href=\"https:\/\/www.alucomfort.be\/product\/kiepcontainer-sk-capaciteit-090-m\u00b3-voor-extra-zware-lasten\/\" \/>\n<meta property=\"og:locale\" content=\"fr_FR\" \/>\n<meta property=\"og:type\" content=\"article\" \/>\n<meta property=\"og:title\" content=\"Bennes Basculantes SK | Alu Comfort |\" \/>\n<meta property=\"og:description\" content=\"Bennes Basculantes pour charges lourdes \u00e0 d\u00e9v\u00e9rouillage automatique.\" \/>\n<meta property=\"og:url\" content=\"https:\/\/www.alucomfort.be\/product\/kiepcontainer-sk-capaciteit-090-m\u00b3-voor-extra-zware-lasten\/\" \/>\n<meta property=\"og:site_name\" content=\"Alu Comfort\" \/>\n<meta property=\"article:modified_time\" content=\"2022-06-06T16:11:14+00:00\" \/>\n<meta property=\"og:image\" content=\"https:\/\/www.alucomfort.be\/wp-content\/uploads\/BR-SK-3.png\" \/>\n\t<meta property=\"og:image:width\" content=\"400\" \/>\n\t<meta property=\"og:image:height\" content=\"241\" \/>\n\t<meta property=\"og:image:type\" content=\"image\/png\" \/>\n<meta name=\"twitter:card\" content=\"summary_large_image\" \/>\n<meta name=\"twitter:label1\" content=\"Dur\u00e9e de lecture estim\u00e9e\" \/>\n\t<meta name=\"twitter:data1\" content=\"1 minute\" \/>\n<script type=\"application\/ld+json\" class=\"yoast-schema-graph\">{\"@context\":\"https:\/\/schema.org\",\"@graph\":[{\"@type\":\"WebPage\",\"@id\":\"https:\/\/www.alucomfort.be\/product\/kiepcontainer-sk-capaciteit-090-m%c2%b3-voor-extra-zware-lasten\/\",\"url\":\"https:\/\/www.alucomfort.be\/product\/kiepcontainer-sk-capaciteit-090-m%c2%b3-voor-extra-zware-lasten\/\",\"name\":\"Bennes Basculantes SK | Alu Comfort |\",\"isPartOf\":{\"@id\":\"https:\/\/www.alucomfort.be\/#website\"},\"primaryImageOfPage\":{\"@id\":\"https:\/\/www.alucomfort.be\/product\/kiepcontainer-sk-capaciteit-090-m%c2%b3-voor-extra-zware-lasten\/#primaryimage\"},\"image\":{\"@id\":\"https:\/\/www.alucomfort.be\/product\/kiepcontainer-sk-capaciteit-090-m%c2%b3-voor-extra-zware-lasten\/#primaryimage\"},\"thumbnailUrl\":\"https:\/\/www.alucomfort.be\/wp-content\/uploads\/BR-SK-3.png\",\"datePublished\":\"2019-10-13T23:08:17+00:00\",\"dateModified\":\"2022-06-06T16:11:14+00:00\",\"description\":\"Bennes Basculantes pour charges lourdes \u00e0 d\u00e9v\u00e9rouillage automatique.\",\"breadcrumb\":{\"@id\":\"https:\/\/www.alucomfort.be\/product\/kiepcontainer-sk-capaciteit-090-m%c2%b3-voor-extra-zware-lasten\/#breadcrumb\"},\"inLanguage\":\"fr-FR\",\"potentialAction\":[{\"@type\":\"ReadAction\",\"target\":[\"https:\/\/www.alucomfort.be\/product\/kiepcontainer-sk-capaciteit-090-m%c2%b3-voor-extra-zware-lasten\/\"]}]},{\"@type\":\"ImageObject\",\"inLanguage\":\"fr-FR\",\"@id\":\"https:\/\/www.alucomfort.be\/product\/kiepcontainer-sk-capaciteit-090-m%c2%b3-voor-extra-zware-lasten\/#primaryimage\",\"url\":\"https:\/\/www.alucomfort.be\/wp-content\/uploads\/BR-SK-3.png\",\"contentUrl\":\"https:\/\/www.alucomfort.be\/wp-content\/uploads\/BR-SK-3.png\",\"width\":400,\"height\":241},{\"@type\":\"BreadcrumbList\",\"@id\":\"https:\/\/www.alucomfort.be\/product\/kiepcontainer-sk-capaciteit-090-m%c2%b3-voor-extra-zware-lasten\/#breadcrumb\",\"itemListElement\":[{\"@type\":\"ListItem\",\"position\":1,\"name\":\"Home\",\"item\":\"https:\/\/www.alucomfort.be\/fr\/\"},{\"@type\":\"ListItem\",\"position\":2,\"name\":\"Producten\",\"item\":\"https:\/\/www.alucomfort.be\/producten\/\"},{\"@type\":\"ListItem\",\"position\":3,\"name\":\"Bennes Basculantes type SK &#8211; Cap: 0,90 m\u00b3 &#8211; pour des charges lourdes\"}]},{\"@type\":\"WebSite\",\"@id\":\"https:\/\/www.alucomfort.be\/#website\",\"url\":\"https:\/\/www.alucomfort.be\/\",\"name\":\"Alu Comfort\",\"description\":\"\",\"potentialAction\":[{\"@type\":\"SearchAction\",\"target\":{\"@type\":\"EntryPoint\",\"urlTemplate\":\"https:\/\/www.alucomfort.be\/?s={search_term_string}\"},\"query-input\":{\"@type\":\"PropertyValueSpecification\",\"valueRequired\":true,\"valueName\":\"search_term_string\"}}],\"inLanguage\":\"fr-FR\"}]}<\/script>\n<!-- \/ Yoast SEO plugin. -->","yoast_head_json":{"title":"Bennes Basculantes SK | Alu Comfort |","description":"Bennes Basculantes pour charges lourdes \u00e0 d\u00e9v\u00e9rouillage automatique.","robots":{"index":"index","follow":"follow","max-snippet":"max-snippet:-1","max-image-preview":"max-image-preview:large","max-video-preview":"max-video-preview:-1"},"canonical":"https:\/\/www.alucomfort.be\/product\/kiepcontainer-sk-capaciteit-090-m\u00b3-voor-extra-zware-lasten\/","og_locale":"fr_FR","og_type":"article","og_title":"Bennes Basculantes SK | Alu Comfort |","og_description":"Bennes Basculantes pour charges lourdes \u00e0 d\u00e9v\u00e9rouillage automatique.","og_url":"https:\/\/www.alucomfort.be\/product\/kiepcontainer-sk-capaciteit-090-m\u00b3-voor-extra-zware-lasten\/","og_site_name":"Alu Comfort","article_modified_time":"2022-06-06T16:11:14+00:00","og_image":[{"width":400,"height":241,"url":"https:\/\/www.alucomfort.be\/wp-content\/uploads\/BR-SK-3.png","type":"image\/png"}],"twitter_card":"summary_large_image","twitter_misc":{"Dur\u00e9e de lecture estim\u00e9e":"1 minute"},"schema":{"@context":"https:\/\/schema.org","@graph":[{"@type":"WebPage","@id":"https:\/\/www.alucomfort.be\/product\/kiepcontainer-sk-capaciteit-090-m%c2%b3-voor-extra-zware-lasten\/","url":"https:\/\/www.alucomfort.be\/product\/kiepcontainer-sk-capaciteit-090-m%c2%b3-voor-extra-zware-lasten\/","name":"Bennes Basculantes SK | Alu Comfort |","isPartOf":{"@id":"https:\/\/www.alucomfort.be\/#website"},"primaryImageOfPage":{"@id":"https:\/\/www.alucomfort.be\/product\/kiepcontainer-sk-capaciteit-090-m%c2%b3-voor-extra-zware-lasten\/#primaryimage"},"image":{"@id":"https:\/\/www.alucomfort.be\/product\/kiepcontainer-sk-capaciteit-090-m%c2%b3-voor-extra-zware-lasten\/#primaryimage"},"thumbnailUrl":"https:\/\/www.alucomfort.be\/wp-content\/uploads\/BR-SK-3.png","datePublished":"2019-10-13T23:08:17+00:00","dateModified":"2022-06-06T16:11:14+00:00","description":"Bennes Basculantes pour charges lourdes \u00e0 d\u00e9v\u00e9rouillage automatique.","breadcrumb":{"@id":"https:\/\/www.alucomfort.be\/product\/kiepcontainer-sk-capaciteit-090-m%c2%b3-voor-extra-zware-lasten\/#breadcrumb"},"inLanguage":"fr-FR","potentialAction":[{"@type":"ReadAction","target":["https:\/\/www.alucomfort.be\/product\/kiepcontainer-sk-capaciteit-090-m%c2%b3-voor-extra-zware-lasten\/"]}]},{"@type":"ImageObject","inLanguage":"fr-FR","@id":"https:\/\/www.alucomfort.be\/product\/kiepcontainer-sk-capaciteit-090-m%c2%b3-voor-extra-zware-lasten\/#primaryimage","url":"https:\/\/www.alucomfort.be\/wp-content\/uploads\/BR-SK-3.png","contentUrl":"https:\/\/www.alucomfort.be\/wp-content\/uploads\/BR-SK-3.png","width":400,"height":241},{"@type":"BreadcrumbList","@id":"https:\/\/www.alucomfort.be\/product\/kiepcontainer-sk-capaciteit-090-m%c2%b3-voor-extra-zware-lasten\/#breadcrumb","itemListElement":[{"@type":"ListItem","position":1,"name":"Home","item":"https:\/\/www.alucomfort.be\/fr\/"},{"@type":"ListItem","position":2,"name":"Producten","item":"https:\/\/www.alucomfort.be\/producten\/"},{"@type":"ListItem","position":3,"name":"Bennes Basculantes type SK &#8211; Cap: 0,90 m\u00b3 &#8211; pour des charges lourdes"}]},{"@type":"WebSite","@id":"https:\/\/www.alucomfort.be\/#website","url":"https:\/\/www.alucomfort.be\/","name":"Alu Comfort","description":"","potentialAction":[{"@type":"SearchAction","target":{"@type":"EntryPoint","urlTemplate":"https:\/\/www.alucomfort.be\/?s={search_term_string}"},"query-input":{"@type":"PropertyValueSpecification","valueRequired":true,"valueName":"search_term_string"}}],"inLanguage":"fr-FR"}]}},"_links":{"self":[{"href":"https:\/\/www.alucomfort.be\/fr\/wp-json\/wp\/v2\/product\/173236","targetHints":{"allow":["GET"]}}],"collection":[{"href":"https:\/\/www.alucomfort.be\/fr\/wp-json\/wp\/v2\/product"}],"about":[{"href":"https:\/\/www.alucomfort.be\/fr\/wp-json\/wp\/v2\/types\/product"}],"wp:featuredmedia":[{"embeddable":true,"href":"https:\/\/www.alucomfort.be\/fr\/wp-json\/wp\/v2\/media\/4140"}],"wp:attachment":[{"href":"https:\/\/www.alucomfort.be\/fr\/wp-json\/wp\/v2\/media?parent=173236"}],"wp:term":[{"taxonomy":"product_brand","embeddable":true,"href":"https:\/\/www.alucomfort.be\/fr\/wp-json\/wp\/v2\/product_brand?post=173236"},{"taxonomy":"product_cat","embeddable":true,"href":"https:\/\/www.alucomfort.be\/fr\/wp-json\/wp\/v2\/product_cat?post=173236"},{"taxonomy":"product_tag","embeddable":true,"href":"https:\/\/www.alucomfort.be\/fr\/wp-json\/wp\/v2\/product_tag?post=173236"}],"curies":[{"name":"wp","href":"https:\/\/api.w.org\/{rel}","templated":true}]}}