

{"id":173342,"date":"2019-10-14T01:11:15","date_gmt":"2019-10-13T23:11:15","guid":{"rendered":"https:\/\/www.alucomfort.be\/product\/escabeau-little-jumbo\/"},"modified":"2025-03-17T01:38:41","modified_gmt":"2025-03-16T23:38:41","slug":"escabeau-little-jumbo-3","status":"publish","type":"product","link":"https:\/\/www.alucomfort.be\/fr\/product\/escabeau-little-jumbo-3\/","title":{"rendered":"Little Jumbo 3 marches avec garde-corps"},"content":{"rendered":"<p>* Escabeau Little Jumbo avec garde-corps et 3 marches extra-larges de 36 x 23 cm (insert en plastique antid\u00e9rapant), * Escabeau s\u00fbr, stable et professionnel en aluminium avec une hauteur de plateforme de 690 mm, * L\u00e9ger, robuste et facile \u00e0 manipuler, * Dimensions pli\u00e9 : 112 x 55 x 12 cm, * Un bac porte-outils Little Jumbo est pr\u00e9vu en haut du garde-corps.<\/p>\n","protected":false},"excerpt":{"rendered":"<p>Escabeau Little Jumbo avec 3 marches et garde-corps WA-8310B<\/p>\n","protected":false},"featured_media":223134,"template":"","meta":{"_acf_changed":false},"product_brand":[],"product_cat":[5310],"product_tag":[],"class_list":{"0":"post-173342","1":"product","2":"type-product","3":"status-publish","4":"has-post-thumbnail","6":"product_cat-little-jumbo-fr","8":"first","9":"instock","10":"featured","11":"taxable","12":"shipping-taxable","13":"purchasable","14":"product-type-simple"},"acf":[],"yoast_head":"<!-- This site is optimized with the Yoast SEO plugin v24.8.1 - https:\/\/yoast.com\/wordpress\/plugins\/seo\/ -->\n<title>Marche pied Little Jumbo | Alu Comfort |<\/title>\n<meta name=\"description\" content=\"Sp\u00e9cialiste \u00c9chelles Little Jumbo: L&#039;\u00c9chelle Pliante de S\u00e9curit\u00e9 Totalement Repliable avec Larges Marches Antid\u00e9rapantes et Garde-Corps de S\u00e9curit\u00e9 Rabattable.\" \/>\n<meta name=\"robots\" content=\"index, follow, max-snippet:-1, max-image-preview:large, max-video-preview:-1\" \/>\n<link rel=\"canonical\" href=\"https:\/\/www.alucomfort.be\/product\/3-treden-little-jumbo-trapladder\/\" \/>\n<meta property=\"og:locale\" content=\"fr_FR\" \/>\n<meta property=\"og:type\" content=\"article\" \/>\n<meta property=\"og:title\" content=\"Marche pied Little Jumbo | Alu Comfort |\" \/>\n<meta property=\"og:description\" content=\"Sp\u00e9cialiste \u00c9chelles Little Jumbo: L&#039;\u00c9chelle Pliante de S\u00e9curit\u00e9 Totalement Repliable avec Larges Marches Antid\u00e9rapantes et Garde-Corps de S\u00e9curit\u00e9 Rabattable.\" \/>\n<meta property=\"og:url\" content=\"https:\/\/www.alucomfort.be\/product\/3-treden-little-jumbo-trapladder\/\" \/>\n<meta property=\"og:site_name\" content=\"Alu Comfort\" \/>\n<meta property=\"article:modified_time\" content=\"2025-03-16T23:38:41+00:00\" \/>\n<meta property=\"og:image\" content=\"https:\/\/www.alucomfort.be\/wp-content\/uploads\/310B-Little-Jumbo-Marchepied-Pliant-Alu.jpg\" \/>\n\t<meta property=\"og:image:width\" content=\"1920\" \/>\n\t<meta property=\"og:image:height\" content=\"2879\" \/>\n\t<meta property=\"og:image:type\" content=\"image\/jpeg\" \/>\n<meta name=\"twitter:card\" content=\"summary_large_image\" \/>\n<script type=\"application\/ld+json\" class=\"yoast-schema-graph\">{\"@context\":\"https:\/\/schema.org\",\"@graph\":[{\"@type\":\"WebPage\",\"@id\":\"https:\/\/www.alucomfort.be\/product\/3-treden-little-jumbo-trapladder\/\",\"url\":\"https:\/\/www.alucomfort.be\/product\/3-treden-little-jumbo-trapladder\/\",\"name\":\"Marche pied Little Jumbo | Alu Comfort |\",\"isPartOf\":{\"@id\":\"https:\/\/www.alucomfort.be\/#website\"},\"primaryImageOfPage\":{\"@id\":\"https:\/\/www.alucomfort.be\/product\/3-treden-little-jumbo-trapladder\/#primaryimage\"},\"image\":{\"@id\":\"https:\/\/www.alucomfort.be\/product\/3-treden-little-jumbo-trapladder\/#primaryimage\"},\"thumbnailUrl\":\"https:\/\/www.alucomfort.be\/wp-content\/uploads\/310B-Little-Jumbo-Marchepied-Pliant-Alu.jpg\",\"datePublished\":\"2019-10-13T23:11:15+00:00\",\"dateModified\":\"2025-03-16T23:38:41+00:00\",\"description\":\"Sp\u00e9cialiste \u00c9chelles Little Jumbo: L'\u00c9chelle Pliante de S\u00e9curit\u00e9 Totalement Repliable avec Larges Marches Antid\u00e9rapantes et Garde-Corps de S\u00e9curit\u00e9 Rabattable.\",\"breadcrumb\":{\"@id\":\"https:\/\/www.alucomfort.be\/product\/3-treden-little-jumbo-trapladder\/#breadcrumb\"},\"inLanguage\":\"fr-FR\",\"potentialAction\":[{\"@type\":\"ReadAction\",\"target\":[\"https:\/\/www.alucomfort.be\/product\/3-treden-little-jumbo-trapladder\/\"]}]},{\"@type\":\"ImageObject\",\"inLanguage\":\"fr-FR\",\"@id\":\"https:\/\/www.alucomfort.be\/product\/3-treden-little-jumbo-trapladder\/#primaryimage\",\"url\":\"https:\/\/www.alucomfort.be\/wp-content\/uploads\/310B-Little-Jumbo-Marchepied-Pliant-Alu.jpg\",\"contentUrl\":\"https:\/\/www.alucomfort.be\/wp-content\/uploads\/310B-Little-Jumbo-Marchepied-Pliant-Alu.jpg\",\"width\":1920,\"height\":2879,\"caption\":\"310B_Little_Jumbo_Marchepied Pliant_Alu\"},{\"@type\":\"BreadcrumbList\",\"@id\":\"https:\/\/www.alucomfort.be\/product\/3-treden-little-jumbo-trapladder\/#breadcrumb\",\"itemListElement\":[{\"@type\":\"ListItem\",\"position\":1,\"name\":\"Home\",\"item\":\"https:\/\/www.alucomfort.be\/fr\/\"},{\"@type\":\"ListItem\",\"position\":2,\"name\":\"Producten\",\"item\":\"https:\/\/www.alucomfort.be\/producten\/\"},{\"@type\":\"ListItem\",\"position\":3,\"name\":\"Little Jumbo 3 marches avec garde-corps\"}]},{\"@type\":\"WebSite\",\"@id\":\"https:\/\/www.alucomfort.be\/#website\",\"url\":\"https:\/\/www.alucomfort.be\/\",\"name\":\"Alu Comfort\",\"description\":\"\",\"potentialAction\":[{\"@type\":\"SearchAction\",\"target\":{\"@type\":\"EntryPoint\",\"urlTemplate\":\"https:\/\/www.alucomfort.be\/?s={search_term_string}\"},\"query-input\":{\"@type\":\"PropertyValueSpecification\",\"valueRequired\":true,\"valueName\":\"search_term_string\"}}],\"inLanguage\":\"fr-FR\"}]}<\/script>\n<!-- \/ Yoast SEO plugin. -->","yoast_head_json":{"title":"Marche pied Little Jumbo | Alu Comfort |","description":"Sp\u00e9cialiste \u00c9chelles Little Jumbo: L'\u00c9chelle Pliante de S\u00e9curit\u00e9 Totalement Repliable avec Larges Marches Antid\u00e9rapantes et Garde-Corps de S\u00e9curit\u00e9 Rabattable.","robots":{"index":"index","follow":"follow","max-snippet":"max-snippet:-1","max-image-preview":"max-image-preview:large","max-video-preview":"max-video-preview:-1"},"canonical":"https:\/\/www.alucomfort.be\/product\/3-treden-little-jumbo-trapladder\/","og_locale":"fr_FR","og_type":"article","og_title":"Marche pied Little Jumbo | Alu Comfort |","og_description":"Sp\u00e9cialiste \u00c9chelles Little Jumbo: L'\u00c9chelle Pliante de S\u00e9curit\u00e9 Totalement Repliable avec Larges Marches Antid\u00e9rapantes et Garde-Corps de S\u00e9curit\u00e9 Rabattable.","og_url":"https:\/\/www.alucomfort.be\/product\/3-treden-little-jumbo-trapladder\/","og_site_name":"Alu Comfort","article_modified_time":"2025-03-16T23:38:41+00:00","og_image":[{"width":1920,"height":2879,"url":"https:\/\/www.alucomfort.be\/wp-content\/uploads\/310B-Little-Jumbo-Marchepied-Pliant-Alu.jpg","type":"image\/jpeg"}],"twitter_card":"summary_large_image","schema":{"@context":"https:\/\/schema.org","@graph":[{"@type":"WebPage","@id":"https:\/\/www.alucomfort.be\/product\/3-treden-little-jumbo-trapladder\/","url":"https:\/\/www.alucomfort.be\/product\/3-treden-little-jumbo-trapladder\/","name":"Marche pied Little Jumbo | Alu Comfort |","isPartOf":{"@id":"https:\/\/www.alucomfort.be\/#website"},"primaryImageOfPage":{"@id":"https:\/\/www.alucomfort.be\/product\/3-treden-little-jumbo-trapladder\/#primaryimage"},"image":{"@id":"https:\/\/www.alucomfort.be\/product\/3-treden-little-jumbo-trapladder\/#primaryimage"},"thumbnailUrl":"https:\/\/www.alucomfort.be\/wp-content\/uploads\/310B-Little-Jumbo-Marchepied-Pliant-Alu.jpg","datePublished":"2019-10-13T23:11:15+00:00","dateModified":"2025-03-16T23:38:41+00:00","description":"Sp\u00e9cialiste \u00c9chelles Little Jumbo: L'\u00c9chelle Pliante de S\u00e9curit\u00e9 Totalement Repliable avec Larges Marches Antid\u00e9rapantes et Garde-Corps de S\u00e9curit\u00e9 Rabattable.","breadcrumb":{"@id":"https:\/\/www.alucomfort.be\/product\/3-treden-little-jumbo-trapladder\/#breadcrumb"},"inLanguage":"fr-FR","potentialAction":[{"@type":"ReadAction","target":["https:\/\/www.alucomfort.be\/product\/3-treden-little-jumbo-trapladder\/"]}]},{"@type":"ImageObject","inLanguage":"fr-FR","@id":"https:\/\/www.alucomfort.be\/product\/3-treden-little-jumbo-trapladder\/#primaryimage","url":"https:\/\/www.alucomfort.be\/wp-content\/uploads\/310B-Little-Jumbo-Marchepied-Pliant-Alu.jpg","contentUrl":"https:\/\/www.alucomfort.be\/wp-content\/uploads\/310B-Little-Jumbo-Marchepied-Pliant-Alu.jpg","width":1920,"height":2879,"caption":"310B_Little_Jumbo_Marchepied Pliant_Alu"},{"@type":"BreadcrumbList","@id":"https:\/\/www.alucomfort.be\/product\/3-treden-little-jumbo-trapladder\/#breadcrumb","itemListElement":[{"@type":"ListItem","position":1,"name":"Home","item":"https:\/\/www.alucomfort.be\/fr\/"},{"@type":"ListItem","position":2,"name":"Producten","item":"https:\/\/www.alucomfort.be\/producten\/"},{"@type":"ListItem","position":3,"name":"Little Jumbo 3 marches avec garde-corps"}]},{"@type":"WebSite","@id":"https:\/\/www.alucomfort.be\/#website","url":"https:\/\/www.alucomfort.be\/","name":"Alu Comfort","description":"","potentialAction":[{"@type":"SearchAction","target":{"@type":"EntryPoint","urlTemplate":"https:\/\/www.alucomfort.be\/?s={search_term_string}"},"query-input":{"@type":"PropertyValueSpecification","valueRequired":true,"valueName":"search_term_string"}}],"inLanguage":"fr-FR"}]}},"_links":{"self":[{"href":"https:\/\/www.alucomfort.be\/fr\/wp-json\/wp\/v2\/product\/173342","targetHints":{"allow":["GET"]}}],"collection":[{"href":"https:\/\/www.alucomfort.be\/fr\/wp-json\/wp\/v2\/product"}],"about":[{"href":"https:\/\/www.alucomfort.be\/fr\/wp-json\/wp\/v2\/types\/product"}],"wp:featuredmedia":[{"embeddable":true,"href":"https:\/\/www.alucomfort.be\/fr\/wp-json\/wp\/v2\/media\/223134"}],"wp:attachment":[{"href":"https:\/\/www.alucomfort.be\/fr\/wp-json\/wp\/v2\/media?parent=173342"}],"wp:term":[{"taxonomy":"product_brand","embeddable":true,"href":"https:\/\/www.alucomfort.be\/fr\/wp-json\/wp\/v2\/product_brand?post=173342"},{"taxonomy":"product_cat","embeddable":true,"href":"https:\/\/www.alucomfort.be\/fr\/wp-json\/wp\/v2\/product_cat?post=173342"},{"taxonomy":"product_tag","embeddable":true,"href":"https:\/\/www.alucomfort.be\/fr\/wp-json\/wp\/v2\/product_tag?post=173342"}],"curies":[{"name":"wp","href":"https:\/\/api.w.org\/{rel}","templated":true}]}}