

{"id":173368,"date":"2019-10-14T01:11:45","date_gmt":"2019-10-13T23:11:45","guid":{"rendered":"https:\/\/www.alucomfort.be\/product\/pieds-en-plastique-compact-step-2-devant-et-2-derriere\/"},"modified":"2025-03-17T01:39:10","modified_gmt":"2025-03-16T23:39:10","slug":"pieds-en-plastique-compact-step-2-devant-et-2-derriere","status":"publish","type":"product","link":"https:\/\/www.alucomfort.be\/fr\/product\/pieds-en-plastique-compact-step-2-devant-et-2-derriere\/","title":{"rendered":"Pieds en plastique Compact Step (2 devant et 2 derri\u00e8re)"},"content":{"rendered":"<p>* Pieds en plastique Compact Step (2 devant, 2 derri\u00e8re), * Seulement pour les types 8210CS et 8310CS.<\/p>\n","protected":false},"excerpt":{"rendered":"<p>Pieds en plastique Little Jumbo Compact Step (2 devant et 2 derri\u00e8re)<\/p>\n","protected":false},"featured_media":2150,"template":"","meta":{"_acf_changed":false},"product_brand":[],"product_cat":[2597],"product_tag":[],"class_list":{"0":"post-173368","1":"product","2":"type-product","3":"status-publish","4":"has-post-thumbnail","6":"product_cat-accessoires","8":"first","9":"instock","10":"taxable","11":"shipping-taxable","12":"purchasable","13":"product-type-simple"},"acf":[],"yoast_head":"<!-- This site is optimized with the Yoast SEO plugin v24.8.1 - https:\/\/yoast.com\/wordpress\/plugins\/seo\/ -->\n<title>Compact step pi\u00e8ce de rechange | Alu Comfort |<\/title>\n<meta name=\"description\" content=\"Pi\u00e8ces de Rechange Little Jumbo Compact Step. D\u00e9couvrez Toutes Nos Pi\u00e8ces D\u00e9tach\u00e9es Pour Maintenir Votre Compact Step ou Little Jumbo \u00e0 Jour.\" \/>\n<meta name=\"robots\" content=\"index, follow, max-snippet:-1, max-image-preview:large, max-video-preview:-1\" \/>\n<link rel=\"canonical\" href=\"https:\/\/www.alucomfort.be\/product\/set-kunsstofvoeten-voor-compact-step\/\" \/>\n<meta property=\"og:locale\" content=\"fr_FR\" \/>\n<meta property=\"og:type\" content=\"article\" \/>\n<meta property=\"og:title\" content=\"Compact step pi\u00e8ce de rechange | Alu Comfort |\" \/>\n<meta property=\"og:description\" content=\"Pi\u00e8ces de Rechange Little Jumbo Compact Step. D\u00e9couvrez Toutes Nos Pi\u00e8ces D\u00e9tach\u00e9es Pour Maintenir Votre Compact Step ou Little Jumbo \u00e0 Jour.\" \/>\n<meta property=\"og:url\" content=\"https:\/\/www.alucomfort.be\/product\/set-kunsstofvoeten-voor-compact-step\/\" \/>\n<meta property=\"og:site_name\" content=\"Alu Comfort\" \/>\n<meta property=\"article:modified_time\" content=\"2025-03-16T23:39:10+00:00\" \/>\n<meta property=\"og:image\" content=\"https:\/\/www.alucomfort.be\/wp-content\/uploads\/WA-8204.jpg\" \/>\n\t<meta property=\"og:image:width\" content=\"373\" \/>\n\t<meta property=\"og:image:height\" content=\"233\" \/>\n\t<meta property=\"og:image:type\" content=\"image\/jpeg\" \/>\n<meta name=\"twitter:card\" content=\"summary_large_image\" \/>\n<script type=\"application\/ld+json\" class=\"yoast-schema-graph\">{\"@context\":\"https:\/\/schema.org\",\"@graph\":[{\"@type\":\"WebPage\",\"@id\":\"https:\/\/www.alucomfort.be\/product\/set-kunsstofvoeten-voor-compact-step\/\",\"url\":\"https:\/\/www.alucomfort.be\/product\/set-kunsstofvoeten-voor-compact-step\/\",\"name\":\"Compact step pi\u00e8ce de rechange | Alu Comfort |\",\"isPartOf\":{\"@id\":\"https:\/\/www.alucomfort.be\/#website\"},\"primaryImageOfPage\":{\"@id\":\"https:\/\/www.alucomfort.be\/product\/set-kunsstofvoeten-voor-compact-step\/#primaryimage\"},\"image\":{\"@id\":\"https:\/\/www.alucomfort.be\/product\/set-kunsstofvoeten-voor-compact-step\/#primaryimage\"},\"thumbnailUrl\":\"https:\/\/www.alucomfort.be\/wp-content\/uploads\/WA-8204.jpg\",\"datePublished\":\"2019-10-13T23:11:45+00:00\",\"dateModified\":\"2025-03-16T23:39:10+00:00\",\"description\":\"Pi\u00e8ces de Rechange Little Jumbo Compact Step. D\u00e9couvrez Toutes Nos Pi\u00e8ces D\u00e9tach\u00e9es Pour Maintenir Votre Compact Step ou Little Jumbo \u00e0 Jour.\",\"breadcrumb\":{\"@id\":\"https:\/\/www.alucomfort.be\/product\/set-kunsstofvoeten-voor-compact-step\/#breadcrumb\"},\"inLanguage\":\"fr-FR\",\"potentialAction\":[{\"@type\":\"ReadAction\",\"target\":[\"https:\/\/www.alucomfort.be\/product\/set-kunsstofvoeten-voor-compact-step\/\"]}]},{\"@type\":\"ImageObject\",\"inLanguage\":\"fr-FR\",\"@id\":\"https:\/\/www.alucomfort.be\/product\/set-kunsstofvoeten-voor-compact-step\/#primaryimage\",\"url\":\"https:\/\/www.alucomfort.be\/wp-content\/uploads\/WA-8204.jpg\",\"contentUrl\":\"https:\/\/www.alucomfort.be\/wp-content\/uploads\/WA-8204.jpg\",\"width\":373,\"height\":233},{\"@type\":\"BreadcrumbList\",\"@id\":\"https:\/\/www.alucomfort.be\/product\/set-kunsstofvoeten-voor-compact-step\/#breadcrumb\",\"itemListElement\":[{\"@type\":\"ListItem\",\"position\":1,\"name\":\"Home\",\"item\":\"https:\/\/www.alucomfort.be\/fr\/\"},{\"@type\":\"ListItem\",\"position\":2,\"name\":\"Producten\",\"item\":\"https:\/\/www.alucomfort.be\/producten\/\"},{\"@type\":\"ListItem\",\"position\":3,\"name\":\"Pieds en plastique Compact Step (2 devant et 2 derri\u00e8re)\"}]},{\"@type\":\"WebSite\",\"@id\":\"https:\/\/www.alucomfort.be\/#website\",\"url\":\"https:\/\/www.alucomfort.be\/\",\"name\":\"Alu Comfort\",\"description\":\"\",\"potentialAction\":[{\"@type\":\"SearchAction\",\"target\":{\"@type\":\"EntryPoint\",\"urlTemplate\":\"https:\/\/www.alucomfort.be\/?s={search_term_string}\"},\"query-input\":{\"@type\":\"PropertyValueSpecification\",\"valueRequired\":true,\"valueName\":\"search_term_string\"}}],\"inLanguage\":\"fr-FR\"}]}<\/script>\n<!-- \/ Yoast SEO plugin. -->","yoast_head_json":{"title":"Compact step pi\u00e8ce de rechange | Alu Comfort |","description":"Pi\u00e8ces de Rechange Little Jumbo Compact Step. D\u00e9couvrez Toutes Nos Pi\u00e8ces D\u00e9tach\u00e9es Pour Maintenir Votre Compact Step ou Little Jumbo \u00e0 Jour.","robots":{"index":"index","follow":"follow","max-snippet":"max-snippet:-1","max-image-preview":"max-image-preview:large","max-video-preview":"max-video-preview:-1"},"canonical":"https:\/\/www.alucomfort.be\/product\/set-kunsstofvoeten-voor-compact-step\/","og_locale":"fr_FR","og_type":"article","og_title":"Compact step pi\u00e8ce de rechange | Alu Comfort |","og_description":"Pi\u00e8ces de Rechange Little Jumbo Compact Step. D\u00e9couvrez Toutes Nos Pi\u00e8ces D\u00e9tach\u00e9es Pour Maintenir Votre Compact Step ou Little Jumbo \u00e0 Jour.","og_url":"https:\/\/www.alucomfort.be\/product\/set-kunsstofvoeten-voor-compact-step\/","og_site_name":"Alu Comfort","article_modified_time":"2025-03-16T23:39:10+00:00","og_image":[{"width":373,"height":233,"url":"https:\/\/www.alucomfort.be\/wp-content\/uploads\/WA-8204.jpg","type":"image\/jpeg"}],"twitter_card":"summary_large_image","schema":{"@context":"https:\/\/schema.org","@graph":[{"@type":"WebPage","@id":"https:\/\/www.alucomfort.be\/product\/set-kunsstofvoeten-voor-compact-step\/","url":"https:\/\/www.alucomfort.be\/product\/set-kunsstofvoeten-voor-compact-step\/","name":"Compact step pi\u00e8ce de rechange | Alu Comfort |","isPartOf":{"@id":"https:\/\/www.alucomfort.be\/#website"},"primaryImageOfPage":{"@id":"https:\/\/www.alucomfort.be\/product\/set-kunsstofvoeten-voor-compact-step\/#primaryimage"},"image":{"@id":"https:\/\/www.alucomfort.be\/product\/set-kunsstofvoeten-voor-compact-step\/#primaryimage"},"thumbnailUrl":"https:\/\/www.alucomfort.be\/wp-content\/uploads\/WA-8204.jpg","datePublished":"2019-10-13T23:11:45+00:00","dateModified":"2025-03-16T23:39:10+00:00","description":"Pi\u00e8ces de Rechange Little Jumbo Compact Step. D\u00e9couvrez Toutes Nos Pi\u00e8ces D\u00e9tach\u00e9es Pour Maintenir Votre Compact Step ou Little Jumbo \u00e0 Jour.","breadcrumb":{"@id":"https:\/\/www.alucomfort.be\/product\/set-kunsstofvoeten-voor-compact-step\/#breadcrumb"},"inLanguage":"fr-FR","potentialAction":[{"@type":"ReadAction","target":["https:\/\/www.alucomfort.be\/product\/set-kunsstofvoeten-voor-compact-step\/"]}]},{"@type":"ImageObject","inLanguage":"fr-FR","@id":"https:\/\/www.alucomfort.be\/product\/set-kunsstofvoeten-voor-compact-step\/#primaryimage","url":"https:\/\/www.alucomfort.be\/wp-content\/uploads\/WA-8204.jpg","contentUrl":"https:\/\/www.alucomfort.be\/wp-content\/uploads\/WA-8204.jpg","width":373,"height":233},{"@type":"BreadcrumbList","@id":"https:\/\/www.alucomfort.be\/product\/set-kunsstofvoeten-voor-compact-step\/#breadcrumb","itemListElement":[{"@type":"ListItem","position":1,"name":"Home","item":"https:\/\/www.alucomfort.be\/fr\/"},{"@type":"ListItem","position":2,"name":"Producten","item":"https:\/\/www.alucomfort.be\/producten\/"},{"@type":"ListItem","position":3,"name":"Pieds en plastique Compact Step (2 devant et 2 derri\u00e8re)"}]},{"@type":"WebSite","@id":"https:\/\/www.alucomfort.be\/#website","url":"https:\/\/www.alucomfort.be\/","name":"Alu Comfort","description":"","potentialAction":[{"@type":"SearchAction","target":{"@type":"EntryPoint","urlTemplate":"https:\/\/www.alucomfort.be\/?s={search_term_string}"},"query-input":{"@type":"PropertyValueSpecification","valueRequired":true,"valueName":"search_term_string"}}],"inLanguage":"fr-FR"}]}},"_links":{"self":[{"href":"https:\/\/www.alucomfort.be\/fr\/wp-json\/wp\/v2\/product\/173368","targetHints":{"allow":["GET"]}}],"collection":[{"href":"https:\/\/www.alucomfort.be\/fr\/wp-json\/wp\/v2\/product"}],"about":[{"href":"https:\/\/www.alucomfort.be\/fr\/wp-json\/wp\/v2\/types\/product"}],"wp:featuredmedia":[{"embeddable":true,"href":"https:\/\/www.alucomfort.be\/fr\/wp-json\/wp\/v2\/media\/2150"}],"wp:attachment":[{"href":"https:\/\/www.alucomfort.be\/fr\/wp-json\/wp\/v2\/media?parent=173368"}],"wp:term":[{"taxonomy":"product_brand","embeddable":true,"href":"https:\/\/www.alucomfort.be\/fr\/wp-json\/wp\/v2\/product_brand?post=173368"},{"taxonomy":"product_cat","embeddable":true,"href":"https:\/\/www.alucomfort.be\/fr\/wp-json\/wp\/v2\/product_cat?post=173368"},{"taxonomy":"product_tag","embeddable":true,"href":"https:\/\/www.alucomfort.be\/fr\/wp-json\/wp\/v2\/product_tag?post=173368"}],"curies":[{"name":"wp","href":"https:\/\/api.w.org\/{rel}","templated":true}]}}