

{"id":179354,"date":"2019-10-14T10:12:58","date_gmt":"2019-10-14T08:12:58","guid":{"rendered":"https:\/\/www.alucomfort.be\/product\/escaliers-galvanises-longueur-de-la-plate-forme-1000-mm-larguer-de-la-plate-forme-1000-mm\/"},"modified":"2025-04-07T22:23:15","modified_gmt":"2025-04-07T20:23:15","slug":"escaliers-galvanises-longueur-de-la-plate-forme-1000-mm-larguer-de-la-plate-forme-1000-mm","status":"publish","type":"product","link":"https:\/\/www.alucomfort.be\/fr\/product\/escaliers-galvanises-longueur-de-la-plate-forme-1000-mm-larguer-de-la-plate-forme-1000-mm\/","title":{"rendered":"Escaliers galvanis\u00e9s &#8211; Plate-forme 1000 x 1000 mm"},"content":{"rendered":"<p>* Escalier roulant galvanis\u00e9. Id\u00e9al pour une utilisation dans les parcs de recyclage d&rsquo;entreprises ou les parcs \u00e0 conteneurs municipaux, * Largeur : 1000 mm, * Dimensions plate-forme : 1000 x 1000 mm, * Les variantes les plus courantes sont : une hauteur de plateforme de 1600 mm pour les conteneurs hauts et une hauteur de plateforme de 1200 mm pour les conteneurs bas, * 2 roues fixes et 2 roues pivotantes avec frein, * Avec marches en caillebotis antid\u00e9rapantes, * Conforme \u00e0 la norme EN 131, * Escalier adapt\u00e9 \u00e0 un usage intensif et lourd, * Galvanisation \u00e0 chaud conforme aux normes ISO 1461.<\/p>\n","protected":false},"excerpt":{"rendered":"<p>Escalier galvanis\u00e9 et roulant avec longueur de la plate-forme 1000 mm et largeur 1000 mm<\/p>\n","protected":false},"featured_media":2090,"template":"","meta":{"_acf_changed":false},"product_brand":[],"product_cat":[2568],"product_tag":[],"class_list":{"0":"post-179354","1":"product","2":"type-product","3":"status-publish","4":"has-post-thumbnail","6":"product_cat-escaliers-galvanises","8":"first","9":"outofstock","10":"taxable","11":"shipping-taxable","12":"purchasable","13":"product-type-variable"},"acf":[],"yoast_head":"<!-- This site is optimized with the Yoast SEO plugin v24.8.1 - https:\/\/yoast.com\/wordpress\/plugins\/seo\/ -->\n<title>Escaliers conteneurs | Alu Comfort |<\/title>\n<meta name=\"description\" content=\"Optimisez votre parc \u00e0 conteneurs avec les escaliers robustes et s\u00e9curis\u00e9s d&#039;Alu Comfort! Escalier conteneur galvanis\u00e9 et roulant avec des marches et plate-forme caillebotis.\" \/>\n<meta name=\"robots\" content=\"index, follow, max-snippet:-1, max-image-preview:large, max-video-preview:-1\" \/>\n<link rel=\"canonical\" href=\"https:\/\/www.alucomfort.be\/product\/gegalvaniseerde-containertrappen-platformlengte-1000-mm-platformbreedte-1000-mm\/\" \/>\n<meta property=\"og:locale\" content=\"fr_FR\" \/>\n<meta property=\"og:type\" content=\"article\" \/>\n<meta property=\"og:title\" content=\"Escaliers conteneurs | Alu Comfort |\" \/>\n<meta property=\"og:description\" content=\"Optimisez votre parc \u00e0 conteneurs avec les escaliers robustes et s\u00e9curis\u00e9s d&#039;Alu Comfort! Escalier conteneur galvanis\u00e9 et roulant avec des marches et plate-forme caillebotis.\" \/>\n<meta property=\"og:url\" content=\"https:\/\/www.alucomfort.be\/product\/gegalvaniseerde-containertrappen-platformlengte-1000-mm-platformbreedte-1000-mm\/\" \/>\n<meta property=\"og:site_name\" content=\"Alu Comfort\" \/>\n<meta property=\"article:modified_time\" content=\"2025-04-07T20:23:15+00:00\" \/>\n<meta property=\"og:image\" content=\"https:\/\/www.alucomfort.be\/wp-content\/uploads\/Containertrap-Groot.jpg\" \/>\n\t<meta property=\"og:image:width\" content=\"209\" \/>\n\t<meta property=\"og:image:height\" content=\"267\" \/>\n\t<meta property=\"og:image:type\" content=\"image\/jpeg\" \/>\n<meta name=\"twitter:card\" content=\"summary_large_image\" \/>\n<script type=\"application\/ld+json\" class=\"yoast-schema-graph\">{\"@context\":\"https:\/\/schema.org\",\"@graph\":[{\"@type\":\"WebPage\",\"@id\":\"https:\/\/www.alucomfort.be\/product\/gegalvaniseerde-containertrappen-platformlengte-1000-mm-platformbreedte-1000-mm\/\",\"url\":\"https:\/\/www.alucomfort.be\/product\/gegalvaniseerde-containertrappen-platformlengte-1000-mm-platformbreedte-1000-mm\/\",\"name\":\"Escaliers conteneurs | Alu Comfort |\",\"isPartOf\":{\"@id\":\"https:\/\/www.alucomfort.be\/#website\"},\"primaryImageOfPage\":{\"@id\":\"https:\/\/www.alucomfort.be\/product\/gegalvaniseerde-containertrappen-platformlengte-1000-mm-platformbreedte-1000-mm\/#primaryimage\"},\"image\":{\"@id\":\"https:\/\/www.alucomfort.be\/product\/gegalvaniseerde-containertrappen-platformlengte-1000-mm-platformbreedte-1000-mm\/#primaryimage\"},\"thumbnailUrl\":\"https:\/\/www.alucomfort.be\/wp-content\/uploads\/Containertrap-Groot.jpg\",\"datePublished\":\"2019-10-14T08:12:58+00:00\",\"dateModified\":\"2025-04-07T20:23:15+00:00\",\"description\":\"Optimisez votre parc \u00e0 conteneurs avec les escaliers robustes et s\u00e9curis\u00e9s d'Alu Comfort! Escalier conteneur galvanis\u00e9 et roulant avec des marches et plate-forme caillebotis.\",\"breadcrumb\":{\"@id\":\"https:\/\/www.alucomfort.be\/product\/gegalvaniseerde-containertrappen-platformlengte-1000-mm-platformbreedte-1000-mm\/#breadcrumb\"},\"inLanguage\":\"fr-FR\",\"potentialAction\":[{\"@type\":\"ReadAction\",\"target\":[\"https:\/\/www.alucomfort.be\/product\/gegalvaniseerde-containertrappen-platformlengte-1000-mm-platformbreedte-1000-mm\/\"]}]},{\"@type\":\"ImageObject\",\"inLanguage\":\"fr-FR\",\"@id\":\"https:\/\/www.alucomfort.be\/product\/gegalvaniseerde-containertrappen-platformlengte-1000-mm-platformbreedte-1000-mm\/#primaryimage\",\"url\":\"https:\/\/www.alucomfort.be\/wp-content\/uploads\/Containertrap-Groot.jpg\",\"contentUrl\":\"https:\/\/www.alucomfort.be\/wp-content\/uploads\/Containertrap-Groot.jpg\",\"width\":209,\"height\":267},{\"@type\":\"BreadcrumbList\",\"@id\":\"https:\/\/www.alucomfort.be\/product\/gegalvaniseerde-containertrappen-platformlengte-1000-mm-platformbreedte-1000-mm\/#breadcrumb\",\"itemListElement\":[{\"@type\":\"ListItem\",\"position\":1,\"name\":\"Home\",\"item\":\"https:\/\/www.alucomfort.be\/fr\/\"},{\"@type\":\"ListItem\",\"position\":2,\"name\":\"Producten\",\"item\":\"https:\/\/www.alucomfort.be\/producten\/\"},{\"@type\":\"ListItem\",\"position\":3,\"name\":\"Escaliers galvanis\u00e9s &#8211; Plate-forme 1000 x 1000 mm\"}]},{\"@type\":\"WebSite\",\"@id\":\"https:\/\/www.alucomfort.be\/#website\",\"url\":\"https:\/\/www.alucomfort.be\/\",\"name\":\"Alu Comfort\",\"description\":\"\",\"potentialAction\":[{\"@type\":\"SearchAction\",\"target\":{\"@type\":\"EntryPoint\",\"urlTemplate\":\"https:\/\/www.alucomfort.be\/?s={search_term_string}\"},\"query-input\":{\"@type\":\"PropertyValueSpecification\",\"valueRequired\":true,\"valueName\":\"search_term_string\"}}],\"inLanguage\":\"fr-FR\"}]}<\/script>\n<!-- \/ Yoast SEO plugin. -->","yoast_head_json":{"title":"Escaliers conteneurs | Alu Comfort |","description":"Optimisez votre parc \u00e0 conteneurs avec les escaliers robustes et s\u00e9curis\u00e9s d'Alu Comfort! Escalier conteneur galvanis\u00e9 et roulant avec des marches et plate-forme caillebotis.","robots":{"index":"index","follow":"follow","max-snippet":"max-snippet:-1","max-image-preview":"max-image-preview:large","max-video-preview":"max-video-preview:-1"},"canonical":"https:\/\/www.alucomfort.be\/product\/gegalvaniseerde-containertrappen-platformlengte-1000-mm-platformbreedte-1000-mm\/","og_locale":"fr_FR","og_type":"article","og_title":"Escaliers conteneurs | Alu Comfort |","og_description":"Optimisez votre parc \u00e0 conteneurs avec les escaliers robustes et s\u00e9curis\u00e9s d'Alu Comfort! Escalier conteneur galvanis\u00e9 et roulant avec des marches et plate-forme caillebotis.","og_url":"https:\/\/www.alucomfort.be\/product\/gegalvaniseerde-containertrappen-platformlengte-1000-mm-platformbreedte-1000-mm\/","og_site_name":"Alu Comfort","article_modified_time":"2025-04-07T20:23:15+00:00","og_image":[{"width":209,"height":267,"url":"https:\/\/www.alucomfort.be\/wp-content\/uploads\/Containertrap-Groot.jpg","type":"image\/jpeg"}],"twitter_card":"summary_large_image","schema":{"@context":"https:\/\/schema.org","@graph":[{"@type":"WebPage","@id":"https:\/\/www.alucomfort.be\/product\/gegalvaniseerde-containertrappen-platformlengte-1000-mm-platformbreedte-1000-mm\/","url":"https:\/\/www.alucomfort.be\/product\/gegalvaniseerde-containertrappen-platformlengte-1000-mm-platformbreedte-1000-mm\/","name":"Escaliers conteneurs | Alu Comfort |","isPartOf":{"@id":"https:\/\/www.alucomfort.be\/#website"},"primaryImageOfPage":{"@id":"https:\/\/www.alucomfort.be\/product\/gegalvaniseerde-containertrappen-platformlengte-1000-mm-platformbreedte-1000-mm\/#primaryimage"},"image":{"@id":"https:\/\/www.alucomfort.be\/product\/gegalvaniseerde-containertrappen-platformlengte-1000-mm-platformbreedte-1000-mm\/#primaryimage"},"thumbnailUrl":"https:\/\/www.alucomfort.be\/wp-content\/uploads\/Containertrap-Groot.jpg","datePublished":"2019-10-14T08:12:58+00:00","dateModified":"2025-04-07T20:23:15+00:00","description":"Optimisez votre parc \u00e0 conteneurs avec les escaliers robustes et s\u00e9curis\u00e9s d'Alu Comfort! Escalier conteneur galvanis\u00e9 et roulant avec des marches et plate-forme caillebotis.","breadcrumb":{"@id":"https:\/\/www.alucomfort.be\/product\/gegalvaniseerde-containertrappen-platformlengte-1000-mm-platformbreedte-1000-mm\/#breadcrumb"},"inLanguage":"fr-FR","potentialAction":[{"@type":"ReadAction","target":["https:\/\/www.alucomfort.be\/product\/gegalvaniseerde-containertrappen-platformlengte-1000-mm-platformbreedte-1000-mm\/"]}]},{"@type":"ImageObject","inLanguage":"fr-FR","@id":"https:\/\/www.alucomfort.be\/product\/gegalvaniseerde-containertrappen-platformlengte-1000-mm-platformbreedte-1000-mm\/#primaryimage","url":"https:\/\/www.alucomfort.be\/wp-content\/uploads\/Containertrap-Groot.jpg","contentUrl":"https:\/\/www.alucomfort.be\/wp-content\/uploads\/Containertrap-Groot.jpg","width":209,"height":267},{"@type":"BreadcrumbList","@id":"https:\/\/www.alucomfort.be\/product\/gegalvaniseerde-containertrappen-platformlengte-1000-mm-platformbreedte-1000-mm\/#breadcrumb","itemListElement":[{"@type":"ListItem","position":1,"name":"Home","item":"https:\/\/www.alucomfort.be\/fr\/"},{"@type":"ListItem","position":2,"name":"Producten","item":"https:\/\/www.alucomfort.be\/producten\/"},{"@type":"ListItem","position":3,"name":"Escaliers galvanis\u00e9s &#8211; Plate-forme 1000 x 1000 mm"}]},{"@type":"WebSite","@id":"https:\/\/www.alucomfort.be\/#website","url":"https:\/\/www.alucomfort.be\/","name":"Alu Comfort","description":"","potentialAction":[{"@type":"SearchAction","target":{"@type":"EntryPoint","urlTemplate":"https:\/\/www.alucomfort.be\/?s={search_term_string}"},"query-input":{"@type":"PropertyValueSpecification","valueRequired":true,"valueName":"search_term_string"}}],"inLanguage":"fr-FR"}]}},"_links":{"self":[{"href":"https:\/\/www.alucomfort.be\/fr\/wp-json\/wp\/v2\/product\/179354","targetHints":{"allow":["GET"]}}],"collection":[{"href":"https:\/\/www.alucomfort.be\/fr\/wp-json\/wp\/v2\/product"}],"about":[{"href":"https:\/\/www.alucomfort.be\/fr\/wp-json\/wp\/v2\/types\/product"}],"wp:featuredmedia":[{"embeddable":true,"href":"https:\/\/www.alucomfort.be\/fr\/wp-json\/wp\/v2\/media\/2090"}],"wp:attachment":[{"href":"https:\/\/www.alucomfort.be\/fr\/wp-json\/wp\/v2\/media?parent=179354"}],"wp:term":[{"taxonomy":"product_brand","embeddable":true,"href":"https:\/\/www.alucomfort.be\/fr\/wp-json\/wp\/v2\/product_brand?post=179354"},{"taxonomy":"product_cat","embeddable":true,"href":"https:\/\/www.alucomfort.be\/fr\/wp-json\/wp\/v2\/product_cat?post=179354"},{"taxonomy":"product_tag","embeddable":true,"href":"https:\/\/www.alucomfort.be\/fr\/wp-json\/wp\/v2\/product_tag?post=179354"}],"curies":[{"name":"wp","href":"https:\/\/api.w.org\/{rel}","templated":true}]}}