

{"id":179400,"date":"2019-10-14T10:13:37","date_gmt":"2019-10-14T08:13:37","guid":{"rendered":"https:\/\/www.alucomfort.be\/product\/echelle-fruitiere\/"},"modified":"2026-04-23T23:22:35","modified_gmt":"2026-04-23T21:22:35","slug":"echelle-fruitiere-2","status":"publish","type":"product","link":"https:\/\/www.alucomfort.be\/fr\/product\/echelle-fruitiere-2\/","title":{"rendered":"Echelle fruiti\u00e8re"},"content":{"rendered":"<p>* Echelle simple avec b\u00e9quilles de soutien en alu \u00e0 utiliser pour la r\u00e9colte et la culture d&rsquo;arbres fruitiers, * B\u00e9quilles r\u00e9glables en hauteur, * Selon DIN EN 68363.<\/p>\n","protected":false},"excerpt":{"rendered":"<p>Echelle simple avec b\u00e9quilles de soutien \u00e0 utiliser pour la r\u00e9colte et la culture d&rsquo;arbres fruitiers<\/p>\n","protected":false},"featured_media":51000,"template":"","meta":{"_acf_changed":false},"product_brand":[],"product_cat":[9941],"product_tag":[],"class_list":{"0":"post-179400","1":"product","2":"type-product","3":"status-publish","4":"has-post-thumbnail","6":"product_cat-echelle-fruitiere","8":"first","9":"outofstock","10":"taxable","11":"shipping-taxable","12":"purchasable","13":"product-type-variable"},"acf":[],"yoast_head":"<!-- This site is optimized with the Yoast SEO plugin v24.8.1 - https:\/\/yoast.com\/wordpress\/plugins\/seo\/ -->\n<title>Echelle fruiti\u00e8re<\/title>\n<meta name=\"description\" content=\"Echelle simple avec b\u00e9quilles de soutien \u00e0 utiliser pour la r\u00e9colte et la culture d&#039;arbres fruitiers\" \/>\n<meta name=\"robots\" content=\"index, follow, max-snippet:-1, max-image-preview:large, max-video-preview:-1\" \/>\n<link rel=\"canonical\" href=\"https:\/\/www.alucomfort.be\/product\/plukladder\/\" \/>\n<meta property=\"og:locale\" content=\"fr_FR\" \/>\n<meta property=\"og:type\" content=\"article\" \/>\n<meta property=\"og:title\" content=\"Echelle fruiti\u00e8re\" \/>\n<meta property=\"og:description\" content=\"Echelle simple avec b\u00e9quilles de soutien \u00e0 utiliser pour la r\u00e9colte et la culture d&#039;arbres fruitiers\" \/>\n<meta property=\"og:url\" content=\"https:\/\/www.alucomfort.be\/product\/plukladder\/\" \/>\n<meta property=\"og:site_name\" content=\"Alu Comfort\" \/>\n<meta property=\"article:modified_time\" content=\"2026-04-23T21:22:35+00:00\" \/>\n<meta property=\"og:image\" content=\"https:\/\/www.alucomfort.be\/wp-content\/uploads\/Fruitboom1.jpg\" \/>\n\t<meta property=\"og:image:width\" content=\"500\" \/>\n\t<meta property=\"og:image:height\" content=\"500\" \/>\n\t<meta property=\"og:image:type\" content=\"image\/jpeg\" \/>\n<meta name=\"twitter:card\" content=\"summary_large_image\" \/>\n<script type=\"application\/ld+json\" class=\"yoast-schema-graph\">{\"@context\":\"https:\/\/schema.org\",\"@graph\":[{\"@type\":\"WebPage\",\"@id\":\"https:\/\/www.alucomfort.be\/product\/plukladder\/\",\"url\":\"https:\/\/www.alucomfort.be\/product\/plukladder\/\",\"name\":\"Echelle fruiti\u00e8re\",\"isPartOf\":{\"@id\":\"https:\/\/www.alucomfort.be\/#website\"},\"primaryImageOfPage\":{\"@id\":\"https:\/\/www.alucomfort.be\/product\/plukladder\/#primaryimage\"},\"image\":{\"@id\":\"https:\/\/www.alucomfort.be\/product\/plukladder\/#primaryimage\"},\"thumbnailUrl\":\"https:\/\/www.alucomfort.be\/wp-content\/uploads\/Fruitboom1.jpg\",\"datePublished\":\"2019-10-14T08:13:37+00:00\",\"dateModified\":\"2026-04-23T21:22:35+00:00\",\"description\":\"Echelle simple avec b\u00e9quilles de soutien \u00e0 utiliser pour la r\u00e9colte et la culture d'arbres fruitiers\",\"breadcrumb\":{\"@id\":\"https:\/\/www.alucomfort.be\/product\/plukladder\/#breadcrumb\"},\"inLanguage\":\"fr-FR\",\"potentialAction\":[{\"@type\":\"ReadAction\",\"target\":[\"https:\/\/www.alucomfort.be\/product\/plukladder\/\"]}]},{\"@type\":\"ImageObject\",\"inLanguage\":\"fr-FR\",\"@id\":\"https:\/\/www.alucomfort.be\/product\/plukladder\/#primaryimage\",\"url\":\"https:\/\/www.alucomfort.be\/wp-content\/uploads\/Fruitboom1.jpg\",\"contentUrl\":\"https:\/\/www.alucomfort.be\/wp-content\/uploads\/Fruitboom1.jpg\",\"width\":500,\"height\":500,\"caption\":\"Plukladder\"},{\"@type\":\"BreadcrumbList\",\"@id\":\"https:\/\/www.alucomfort.be\/product\/plukladder\/#breadcrumb\",\"itemListElement\":[{\"@type\":\"ListItem\",\"position\":1,\"name\":\"Home\",\"item\":\"https:\/\/www.alucomfort.be\/fr\/\"},{\"@type\":\"ListItem\",\"position\":2,\"name\":\"Producten\",\"item\":\"https:\/\/www.alucomfort.be\/producten\/\"},{\"@type\":\"ListItem\",\"position\":3,\"name\":\"Echelle fruiti\u00e8re\"}]},{\"@type\":\"WebSite\",\"@id\":\"https:\/\/www.alucomfort.be\/#website\",\"url\":\"https:\/\/www.alucomfort.be\/\",\"name\":\"Alu Comfort\",\"description\":\"\",\"potentialAction\":[{\"@type\":\"SearchAction\",\"target\":{\"@type\":\"EntryPoint\",\"urlTemplate\":\"https:\/\/www.alucomfort.be\/?s={search_term_string}\"},\"query-input\":{\"@type\":\"PropertyValueSpecification\",\"valueRequired\":true,\"valueName\":\"search_term_string\"}}],\"inLanguage\":\"fr-FR\"}]}<\/script>\n<!-- \/ Yoast SEO plugin. -->","yoast_head_json":{"title":"Echelle fruiti\u00e8re","description":"Echelle simple avec b\u00e9quilles de soutien \u00e0 utiliser pour la r\u00e9colte et la culture d'arbres fruitiers","robots":{"index":"index","follow":"follow","max-snippet":"max-snippet:-1","max-image-preview":"max-image-preview:large","max-video-preview":"max-video-preview:-1"},"canonical":"https:\/\/www.alucomfort.be\/product\/plukladder\/","og_locale":"fr_FR","og_type":"article","og_title":"Echelle fruiti\u00e8re","og_description":"Echelle simple avec b\u00e9quilles de soutien \u00e0 utiliser pour la r\u00e9colte et la culture d'arbres fruitiers","og_url":"https:\/\/www.alucomfort.be\/product\/plukladder\/","og_site_name":"Alu Comfort","article_modified_time":"2026-04-23T21:22:35+00:00","og_image":[{"width":500,"height":500,"url":"https:\/\/www.alucomfort.be\/wp-content\/uploads\/Fruitboom1.jpg","type":"image\/jpeg"}],"twitter_card":"summary_large_image","schema":{"@context":"https:\/\/schema.org","@graph":[{"@type":"WebPage","@id":"https:\/\/www.alucomfort.be\/product\/plukladder\/","url":"https:\/\/www.alucomfort.be\/product\/plukladder\/","name":"Echelle fruiti\u00e8re","isPartOf":{"@id":"https:\/\/www.alucomfort.be\/#website"},"primaryImageOfPage":{"@id":"https:\/\/www.alucomfort.be\/product\/plukladder\/#primaryimage"},"image":{"@id":"https:\/\/www.alucomfort.be\/product\/plukladder\/#primaryimage"},"thumbnailUrl":"https:\/\/www.alucomfort.be\/wp-content\/uploads\/Fruitboom1.jpg","datePublished":"2019-10-14T08:13:37+00:00","dateModified":"2026-04-23T21:22:35+00:00","description":"Echelle simple avec b\u00e9quilles de soutien \u00e0 utiliser pour la r\u00e9colte et la culture d'arbres fruitiers","breadcrumb":{"@id":"https:\/\/www.alucomfort.be\/product\/plukladder\/#breadcrumb"},"inLanguage":"fr-FR","potentialAction":[{"@type":"ReadAction","target":["https:\/\/www.alucomfort.be\/product\/plukladder\/"]}]},{"@type":"ImageObject","inLanguage":"fr-FR","@id":"https:\/\/www.alucomfort.be\/product\/plukladder\/#primaryimage","url":"https:\/\/www.alucomfort.be\/wp-content\/uploads\/Fruitboom1.jpg","contentUrl":"https:\/\/www.alucomfort.be\/wp-content\/uploads\/Fruitboom1.jpg","width":500,"height":500,"caption":"Plukladder"},{"@type":"BreadcrumbList","@id":"https:\/\/www.alucomfort.be\/product\/plukladder\/#breadcrumb","itemListElement":[{"@type":"ListItem","position":1,"name":"Home","item":"https:\/\/www.alucomfort.be\/fr\/"},{"@type":"ListItem","position":2,"name":"Producten","item":"https:\/\/www.alucomfort.be\/producten\/"},{"@type":"ListItem","position":3,"name":"Echelle fruiti\u00e8re"}]},{"@type":"WebSite","@id":"https:\/\/www.alucomfort.be\/#website","url":"https:\/\/www.alucomfort.be\/","name":"Alu Comfort","description":"","potentialAction":[{"@type":"SearchAction","target":{"@type":"EntryPoint","urlTemplate":"https:\/\/www.alucomfort.be\/?s={search_term_string}"},"query-input":{"@type":"PropertyValueSpecification","valueRequired":true,"valueName":"search_term_string"}}],"inLanguage":"fr-FR"}]}},"_links":{"self":[{"href":"https:\/\/www.alucomfort.be\/fr\/wp-json\/wp\/v2\/product\/179400","targetHints":{"allow":["GET"]}}],"collection":[{"href":"https:\/\/www.alucomfort.be\/fr\/wp-json\/wp\/v2\/product"}],"about":[{"href":"https:\/\/www.alucomfort.be\/fr\/wp-json\/wp\/v2\/types\/product"}],"wp:featuredmedia":[{"embeddable":true,"href":"https:\/\/www.alucomfort.be\/fr\/wp-json\/wp\/v2\/media\/51000"}],"wp:attachment":[{"href":"https:\/\/www.alucomfort.be\/fr\/wp-json\/wp\/v2\/media?parent=179400"}],"wp:term":[{"taxonomy":"product_brand","embeddable":true,"href":"https:\/\/www.alucomfort.be\/fr\/wp-json\/wp\/v2\/product_brand?post=179400"},{"taxonomy":"product_cat","embeddable":true,"href":"https:\/\/www.alucomfort.be\/fr\/wp-json\/wp\/v2\/product_cat?post=179400"},{"taxonomy":"product_tag","embeddable":true,"href":"https:\/\/www.alucomfort.be\/fr\/wp-json\/wp\/v2\/product_tag?post=179400"}],"curies":[{"name":"wp","href":"https:\/\/api.w.org\/{rel}","templated":true}]}}