

{"id":179522,"date":"2019-10-14T10:15:14","date_gmt":"2019-10-14T08:15:14","guid":{"rendered":"https:\/\/www.alucomfort.be\/product\/hercules-escabeau-simple-blue\/"},"modified":"2021-03-30T14:00:48","modified_gmt":"2021-03-30T12:00:48","slug":"hercules-escabeau-simple-blue","status":"publish","type":"product","link":"https:\/\/www.alucomfort.be\/fr\/product\/hercules-escabeau-simple-blue\/","title":{"rendered":""},"content":{"rendered":"<p>* Livraison seulement en Belgique, * Marches extra larges de 10 cm, * Marches \u00e0 double paroi pour une solidit\u00e9 et une stabilit\u00e9 suppl\u00e9mentaires, * Aucune soudure, ni rivet: fixation des marches avec les montants par sertissage, * Petit bac \u00e0 outils, * Large plate-forme pour garantir le confort, * Coating emp\u00eache d&rsquo;avoir les mains sales et \u00e9vite la corrosion de l&rsquo;aluminium.<\/p>\n","protected":false},"excerpt":{"rendered":"<p>* Livraison seulement en Belgique, * Marches extra larges de 10 cm, * Marches \u00e0 double paroi pour une solidit\u00e9 et une stabilit\u00e9 suppl\u00e9mentaires, * Aucune soudure, ni rivet: fixation des marches avec les montants par sertissage, * Petit bac \u00e0 outils, * Large plate-forme pour garantir le confort, * Coating emp\u00eache d&rsquo;avoir les mains<\/p>\n","protected":false},"featured_media":50631,"template":"","meta":{"_acf_changed":false},"product_brand":[],"product_cat":[2618],"product_tag":[],"class_list":{"0":"post-179522","1":"product","2":"type-product","3":"status-publish","4":"has-post-thumbnail","6":"product_cat-escabeaux-simple","8":"first","9":"outofstock","10":"taxable","11":"shipping-taxable","12":"purchasable","13":"product-type-variable"},"acf":[],"yoast_head":"<!-- This site is optimized with the Yoast SEO plugin v24.8.1 - https:\/\/yoast.com\/wordpress\/plugins\/seo\/ -->\n<title>Escabeau DAS<\/title>\n<meta name=\"description\" content=\"Escabelle Hercules DAS avec des marches extra larges.\" \/>\n<meta name=\"robots\" content=\"index, follow, max-snippet:-1, max-image-preview:large, max-video-preview:-1\" \/>\n<link rel=\"canonical\" href=\"https:\/\/www.alucomfort.be\/product\/das-hercules-trapladder-enkel-blue\/\" \/>\n<meta property=\"og:locale\" content=\"fr_FR\" \/>\n<meta property=\"og:type\" content=\"article\" \/>\n<meta property=\"og:title\" content=\"Escabeau DAS\" \/>\n<meta property=\"og:description\" content=\"Escabelle Hercules DAS avec des marches extra larges.\" \/>\n<meta property=\"og:url\" content=\"https:\/\/www.alucomfort.be\/product\/das-hercules-trapladder-enkel-blue\/\" \/>\n<meta property=\"og:site_name\" content=\"Alu Comfort\" \/>\n<meta property=\"article:modified_time\" content=\"2021-03-30T12:00:48+00:00\" \/>\n<meta property=\"og:image\" content=\"https:\/\/www.alucomfort.be\/wp-content\/uploads\/DA-ET-1.jpg\" \/>\n\t<meta property=\"og:image:width\" content=\"1988\" \/>\n\t<meta property=\"og:image:height\" content=\"3456\" \/>\n\t<meta property=\"og:image:type\" content=\"image\/jpeg\" \/>\n<meta name=\"twitter:card\" content=\"summary_large_image\" \/>\n<script type=\"application\/ld+json\" class=\"yoast-schema-graph\">{\"@context\":\"https:\/\/schema.org\",\"@graph\":[{\"@type\":\"WebPage\",\"@id\":\"https:\/\/www.alucomfort.be\/product\/das-hercules-trapladder-enkel-blue\/\",\"url\":\"https:\/\/www.alucomfort.be\/product\/das-hercules-trapladder-enkel-blue\/\",\"name\":\"Escabeau DAS\",\"isPartOf\":{\"@id\":\"https:\/\/www.alucomfort.be\/#website\"},\"primaryImageOfPage\":{\"@id\":\"https:\/\/www.alucomfort.be\/product\/das-hercules-trapladder-enkel-blue\/#primaryimage\"},\"image\":{\"@id\":\"https:\/\/www.alucomfort.be\/product\/das-hercules-trapladder-enkel-blue\/#primaryimage\"},\"thumbnailUrl\":\"https:\/\/www.alucomfort.be\/wp-content\/uploads\/DA-ET-1.jpg\",\"datePublished\":\"2019-10-14T08:15:14+00:00\",\"dateModified\":\"2021-03-30T12:00:48+00:00\",\"description\":\"Escabelle Hercules DAS avec des marches extra larges.\",\"breadcrumb\":{\"@id\":\"https:\/\/www.alucomfort.be\/product\/das-hercules-trapladder-enkel-blue\/#breadcrumb\"},\"inLanguage\":\"fr-FR\",\"potentialAction\":[{\"@type\":\"ReadAction\",\"target\":[\"https:\/\/www.alucomfort.be\/product\/das-hercules-trapladder-enkel-blue\/\"]}]},{\"@type\":\"ImageObject\",\"inLanguage\":\"fr-FR\",\"@id\":\"https:\/\/www.alucomfort.be\/product\/das-hercules-trapladder-enkel-blue\/#primaryimage\",\"url\":\"https:\/\/www.alucomfort.be\/wp-content\/uploads\/DA-ET-1.jpg\",\"contentUrl\":\"https:\/\/www.alucomfort.be\/wp-content\/uploads\/DA-ET-1.jpg\",\"width\":1988,\"height\":3456},{\"@type\":\"BreadcrumbList\",\"@id\":\"https:\/\/www.alucomfort.be\/product\/das-hercules-trapladder-enkel-blue\/#breadcrumb\",\"itemListElement\":[{\"@type\":\"ListItem\",\"position\":1,\"name\":\"Home\",\"item\":\"https:\/\/www.alucomfort.be\/fr\/\"},{\"@type\":\"ListItem\",\"position\":2,\"name\":\"Producten\",\"item\":\"https:\/\/www.alucomfort.be\/producten\/\"}]},{\"@type\":\"WebSite\",\"@id\":\"https:\/\/www.alucomfort.be\/#website\",\"url\":\"https:\/\/www.alucomfort.be\/\",\"name\":\"Alu Comfort\",\"description\":\"\",\"potentialAction\":[{\"@type\":\"SearchAction\",\"target\":{\"@type\":\"EntryPoint\",\"urlTemplate\":\"https:\/\/www.alucomfort.be\/?s={search_term_string}\"},\"query-input\":{\"@type\":\"PropertyValueSpecification\",\"valueRequired\":true,\"valueName\":\"search_term_string\"}}],\"inLanguage\":\"fr-FR\"}]}<\/script>\n<!-- \/ Yoast SEO plugin. -->","yoast_head_json":{"title":"Escabeau DAS","description":"Escabelle Hercules DAS avec des marches extra larges.","robots":{"index":"index","follow":"follow","max-snippet":"max-snippet:-1","max-image-preview":"max-image-preview:large","max-video-preview":"max-video-preview:-1"},"canonical":"https:\/\/www.alucomfort.be\/product\/das-hercules-trapladder-enkel-blue\/","og_locale":"fr_FR","og_type":"article","og_title":"Escabeau DAS","og_description":"Escabelle Hercules DAS avec des marches extra larges.","og_url":"https:\/\/www.alucomfort.be\/product\/das-hercules-trapladder-enkel-blue\/","og_site_name":"Alu Comfort","article_modified_time":"2021-03-30T12:00:48+00:00","og_image":[{"width":1988,"height":3456,"url":"https:\/\/www.alucomfort.be\/wp-content\/uploads\/DA-ET-1.jpg","type":"image\/jpeg"}],"twitter_card":"summary_large_image","schema":{"@context":"https:\/\/schema.org","@graph":[{"@type":"WebPage","@id":"https:\/\/www.alucomfort.be\/product\/das-hercules-trapladder-enkel-blue\/","url":"https:\/\/www.alucomfort.be\/product\/das-hercules-trapladder-enkel-blue\/","name":"Escabeau DAS","isPartOf":{"@id":"https:\/\/www.alucomfort.be\/#website"},"primaryImageOfPage":{"@id":"https:\/\/www.alucomfort.be\/product\/das-hercules-trapladder-enkel-blue\/#primaryimage"},"image":{"@id":"https:\/\/www.alucomfort.be\/product\/das-hercules-trapladder-enkel-blue\/#primaryimage"},"thumbnailUrl":"https:\/\/www.alucomfort.be\/wp-content\/uploads\/DA-ET-1.jpg","datePublished":"2019-10-14T08:15:14+00:00","dateModified":"2021-03-30T12:00:48+00:00","description":"Escabelle Hercules DAS avec des marches extra larges.","breadcrumb":{"@id":"https:\/\/www.alucomfort.be\/product\/das-hercules-trapladder-enkel-blue\/#breadcrumb"},"inLanguage":"fr-FR","potentialAction":[{"@type":"ReadAction","target":["https:\/\/www.alucomfort.be\/product\/das-hercules-trapladder-enkel-blue\/"]}]},{"@type":"ImageObject","inLanguage":"fr-FR","@id":"https:\/\/www.alucomfort.be\/product\/das-hercules-trapladder-enkel-blue\/#primaryimage","url":"https:\/\/www.alucomfort.be\/wp-content\/uploads\/DA-ET-1.jpg","contentUrl":"https:\/\/www.alucomfort.be\/wp-content\/uploads\/DA-ET-1.jpg","width":1988,"height":3456},{"@type":"BreadcrumbList","@id":"https:\/\/www.alucomfort.be\/product\/das-hercules-trapladder-enkel-blue\/#breadcrumb","itemListElement":[{"@type":"ListItem","position":1,"name":"Home","item":"https:\/\/www.alucomfort.be\/fr\/"},{"@type":"ListItem","position":2,"name":"Producten","item":"https:\/\/www.alucomfort.be\/producten\/"}]},{"@type":"WebSite","@id":"https:\/\/www.alucomfort.be\/#website","url":"https:\/\/www.alucomfort.be\/","name":"Alu Comfort","description":"","potentialAction":[{"@type":"SearchAction","target":{"@type":"EntryPoint","urlTemplate":"https:\/\/www.alucomfort.be\/?s={search_term_string}"},"query-input":{"@type":"PropertyValueSpecification","valueRequired":true,"valueName":"search_term_string"}}],"inLanguage":"fr-FR"}]}},"_links":{"self":[{"href":"https:\/\/www.alucomfort.be\/fr\/wp-json\/wp\/v2\/product\/179522","targetHints":{"allow":["GET"]}}],"collection":[{"href":"https:\/\/www.alucomfort.be\/fr\/wp-json\/wp\/v2\/product"}],"about":[{"href":"https:\/\/www.alucomfort.be\/fr\/wp-json\/wp\/v2\/types\/product"}],"wp:featuredmedia":[{"embeddable":true,"href":"https:\/\/www.alucomfort.be\/fr\/wp-json\/wp\/v2\/media\/50631"}],"wp:attachment":[{"href":"https:\/\/www.alucomfort.be\/fr\/wp-json\/wp\/v2\/media?parent=179522"}],"wp:term":[{"taxonomy":"product_brand","embeddable":true,"href":"https:\/\/www.alucomfort.be\/fr\/wp-json\/wp\/v2\/product_brand?post=179522"},{"taxonomy":"product_cat","embeddable":true,"href":"https:\/\/www.alucomfort.be\/fr\/wp-json\/wp\/v2\/product_cat?post=179522"},{"taxonomy":"product_tag","embeddable":true,"href":"https:\/\/www.alucomfort.be\/fr\/wp-json\/wp\/v2\/product_tag?post=179522"}],"curies":[{"name":"wp","href":"https:\/\/api.w.org\/{rel}","templated":true}]}}