

{"id":179614,"date":"2019-10-14T10:16:23","date_gmt":"2019-10-14T08:16:23","guid":{"rendered":"https:\/\/www.alucomfort.be\/product\/hercules-escabeau-double-ano\/"},"modified":"2021-03-30T14:02:56","modified_gmt":"2021-03-30T12:02:56","slug":"hercules-escabeau-double-ano","status":"publish","type":"product","link":"https:\/\/www.alucomfort.be\/fr\/product\/hercules-escabeau-double-ano\/","title":{"rendered":"Hercules escabeau double &lsquo;Ano&rsquo;"},"content":{"rendered":"<p>* Livraison seulement en Belgique, * Marches extra larges de 10 cm, * Aucune soudure, ni rivet: fixation des marches avec les montants par sertissage, * Marches \u00e0 double paroi pour une solidit\u00e9 et une stabilit\u00e9 suppl\u00e9mentaires, * L&rsquo;anodisation emp\u00eache d&rsquo;avoir les mains sales et \u00e9vite la corrosion de l&rsquo;aluminium, * Large plate-forme pour garantir le confort, * En option avec garde-corps et des roulettes.<\/p>\n","protected":false},"excerpt":{"rendered":"<p>DAS Escabeau double professionel.<\/p>\n","protected":false},"featured_media":50626,"template":"","meta":{"_acf_changed":false},"product_brand":[],"product_cat":[2628],"product_tag":[],"class_list":{"0":"post-179614","1":"product","2":"type-product","3":"status-publish","4":"has-post-thumbnail","6":"product_cat-escabeaux-double","8":"first","9":"outofstock","10":"taxable","11":"shipping-taxable","12":"purchasable","13":"product-type-variable"},"acf":[],"yoast_head":"<!-- This site is optimized with the Yoast SEO plugin v24.8.1 - https:\/\/yoast.com\/wordpress\/plugins\/seo\/ -->\n<title>Marche pied<\/title>\n<meta name=\"description\" content=\"Marchepieds avec des marches extra larges et garde-corps mobile.\" \/>\n<meta name=\"robots\" content=\"index, follow, max-snippet:-1, max-image-preview:large, max-video-preview:-1\" \/>\n<link rel=\"canonical\" href=\"https:\/\/www.alucomfort.be\/product\/das-hercules-trapladder-dubbel-ano\/\" \/>\n<meta property=\"og:locale\" content=\"fr_FR\" \/>\n<meta property=\"og:type\" content=\"article\" \/>\n<meta property=\"og:title\" content=\"Marche pied\" \/>\n<meta property=\"og:description\" content=\"Marchepieds avec des marches extra larges et garde-corps mobile.\" \/>\n<meta property=\"og:url\" content=\"https:\/\/www.alucomfort.be\/product\/das-hercules-trapladder-dubbel-ano\/\" \/>\n<meta property=\"og:site_name\" content=\"Alu Comfort\" \/>\n<meta property=\"article:modified_time\" content=\"2021-03-30T12:02:56+00:00\" \/>\n<meta property=\"og:image\" content=\"https:\/\/www.alucomfort.be\/wp-content\/uploads\/DA-DTA-1.png\" \/>\n\t<meta property=\"og:image:width\" content=\"300\" \/>\n\t<meta property=\"og:image:height\" content=\"330\" \/>\n\t<meta property=\"og:image:type\" content=\"image\/png\" \/>\n<meta name=\"twitter:card\" content=\"summary_large_image\" \/>\n<script type=\"application\/ld+json\" class=\"yoast-schema-graph\">{\"@context\":\"https:\/\/schema.org\",\"@graph\":[{\"@type\":\"WebPage\",\"@id\":\"https:\/\/www.alucomfort.be\/product\/das-hercules-trapladder-dubbel-ano\/\",\"url\":\"https:\/\/www.alucomfort.be\/product\/das-hercules-trapladder-dubbel-ano\/\",\"name\":\"Marche pied\",\"isPartOf\":{\"@id\":\"https:\/\/www.alucomfort.be\/#website\"},\"primaryImageOfPage\":{\"@id\":\"https:\/\/www.alucomfort.be\/product\/das-hercules-trapladder-dubbel-ano\/#primaryimage\"},\"image\":{\"@id\":\"https:\/\/www.alucomfort.be\/product\/das-hercules-trapladder-dubbel-ano\/#primaryimage\"},\"thumbnailUrl\":\"https:\/\/www.alucomfort.be\/wp-content\/uploads\/DA-DTA-1.png\",\"datePublished\":\"2019-10-14T08:16:23+00:00\",\"dateModified\":\"2021-03-30T12:02:56+00:00\",\"description\":\"Marchepieds avec des marches extra larges et garde-corps mobile.\",\"breadcrumb\":{\"@id\":\"https:\/\/www.alucomfort.be\/product\/das-hercules-trapladder-dubbel-ano\/#breadcrumb\"},\"inLanguage\":\"fr-FR\",\"potentialAction\":[{\"@type\":\"ReadAction\",\"target\":[\"https:\/\/www.alucomfort.be\/product\/das-hercules-trapladder-dubbel-ano\/\"]}]},{\"@type\":\"ImageObject\",\"inLanguage\":\"fr-FR\",\"@id\":\"https:\/\/www.alucomfort.be\/product\/das-hercules-trapladder-dubbel-ano\/#primaryimage\",\"url\":\"https:\/\/www.alucomfort.be\/wp-content\/uploads\/DA-DTA-1.png\",\"contentUrl\":\"https:\/\/www.alucomfort.be\/wp-content\/uploads\/DA-DTA-1.png\",\"width\":300,\"height\":330},{\"@type\":\"BreadcrumbList\",\"@id\":\"https:\/\/www.alucomfort.be\/product\/das-hercules-trapladder-dubbel-ano\/#breadcrumb\",\"itemListElement\":[{\"@type\":\"ListItem\",\"position\":1,\"name\":\"Home\",\"item\":\"https:\/\/www.alucomfort.be\/fr\/\"},{\"@type\":\"ListItem\",\"position\":2,\"name\":\"Producten\",\"item\":\"https:\/\/www.alucomfort.be\/producten\/\"},{\"@type\":\"ListItem\",\"position\":3,\"name\":\"Hercules escabeau double &#8216;Ano&#8217;\"}]},{\"@type\":\"WebSite\",\"@id\":\"https:\/\/www.alucomfort.be\/#website\",\"url\":\"https:\/\/www.alucomfort.be\/\",\"name\":\"Alu Comfort\",\"description\":\"\",\"potentialAction\":[{\"@type\":\"SearchAction\",\"target\":{\"@type\":\"EntryPoint\",\"urlTemplate\":\"https:\/\/www.alucomfort.be\/?s={search_term_string}\"},\"query-input\":{\"@type\":\"PropertyValueSpecification\",\"valueRequired\":true,\"valueName\":\"search_term_string\"}}],\"inLanguage\":\"fr-FR\"}]}<\/script>\n<!-- \/ Yoast SEO plugin. -->","yoast_head_json":{"title":"Marche pied","description":"Marchepieds avec des marches extra larges et garde-corps mobile.","robots":{"index":"index","follow":"follow","max-snippet":"max-snippet:-1","max-image-preview":"max-image-preview:large","max-video-preview":"max-video-preview:-1"},"canonical":"https:\/\/www.alucomfort.be\/product\/das-hercules-trapladder-dubbel-ano\/","og_locale":"fr_FR","og_type":"article","og_title":"Marche pied","og_description":"Marchepieds avec des marches extra larges et garde-corps mobile.","og_url":"https:\/\/www.alucomfort.be\/product\/das-hercules-trapladder-dubbel-ano\/","og_site_name":"Alu Comfort","article_modified_time":"2021-03-30T12:02:56+00:00","og_image":[{"width":300,"height":330,"url":"https:\/\/www.alucomfort.be\/wp-content\/uploads\/DA-DTA-1.png","type":"image\/png"}],"twitter_card":"summary_large_image","schema":{"@context":"https:\/\/schema.org","@graph":[{"@type":"WebPage","@id":"https:\/\/www.alucomfort.be\/product\/das-hercules-trapladder-dubbel-ano\/","url":"https:\/\/www.alucomfort.be\/product\/das-hercules-trapladder-dubbel-ano\/","name":"Marche pied","isPartOf":{"@id":"https:\/\/www.alucomfort.be\/#website"},"primaryImageOfPage":{"@id":"https:\/\/www.alucomfort.be\/product\/das-hercules-trapladder-dubbel-ano\/#primaryimage"},"image":{"@id":"https:\/\/www.alucomfort.be\/product\/das-hercules-trapladder-dubbel-ano\/#primaryimage"},"thumbnailUrl":"https:\/\/www.alucomfort.be\/wp-content\/uploads\/DA-DTA-1.png","datePublished":"2019-10-14T08:16:23+00:00","dateModified":"2021-03-30T12:02:56+00:00","description":"Marchepieds avec des marches extra larges et garde-corps mobile.","breadcrumb":{"@id":"https:\/\/www.alucomfort.be\/product\/das-hercules-trapladder-dubbel-ano\/#breadcrumb"},"inLanguage":"fr-FR","potentialAction":[{"@type":"ReadAction","target":["https:\/\/www.alucomfort.be\/product\/das-hercules-trapladder-dubbel-ano\/"]}]},{"@type":"ImageObject","inLanguage":"fr-FR","@id":"https:\/\/www.alucomfort.be\/product\/das-hercules-trapladder-dubbel-ano\/#primaryimage","url":"https:\/\/www.alucomfort.be\/wp-content\/uploads\/DA-DTA-1.png","contentUrl":"https:\/\/www.alucomfort.be\/wp-content\/uploads\/DA-DTA-1.png","width":300,"height":330},{"@type":"BreadcrumbList","@id":"https:\/\/www.alucomfort.be\/product\/das-hercules-trapladder-dubbel-ano\/#breadcrumb","itemListElement":[{"@type":"ListItem","position":1,"name":"Home","item":"https:\/\/www.alucomfort.be\/fr\/"},{"@type":"ListItem","position":2,"name":"Producten","item":"https:\/\/www.alucomfort.be\/producten\/"},{"@type":"ListItem","position":3,"name":"Hercules escabeau double &#8216;Ano&#8217;"}]},{"@type":"WebSite","@id":"https:\/\/www.alucomfort.be\/#website","url":"https:\/\/www.alucomfort.be\/","name":"Alu Comfort","description":"","potentialAction":[{"@type":"SearchAction","target":{"@type":"EntryPoint","urlTemplate":"https:\/\/www.alucomfort.be\/?s={search_term_string}"},"query-input":{"@type":"PropertyValueSpecification","valueRequired":true,"valueName":"search_term_string"}}],"inLanguage":"fr-FR"}]}},"_links":{"self":[{"href":"https:\/\/www.alucomfort.be\/fr\/wp-json\/wp\/v2\/product\/179614","targetHints":{"allow":["GET"]}}],"collection":[{"href":"https:\/\/www.alucomfort.be\/fr\/wp-json\/wp\/v2\/product"}],"about":[{"href":"https:\/\/www.alucomfort.be\/fr\/wp-json\/wp\/v2\/types\/product"}],"wp:featuredmedia":[{"embeddable":true,"href":"https:\/\/www.alucomfort.be\/fr\/wp-json\/wp\/v2\/media\/50626"}],"wp:attachment":[{"href":"https:\/\/www.alucomfort.be\/fr\/wp-json\/wp\/v2\/media?parent=179614"}],"wp:term":[{"taxonomy":"product_brand","embeddable":true,"href":"https:\/\/www.alucomfort.be\/fr\/wp-json\/wp\/v2\/product_brand?post=179614"},{"taxonomy":"product_cat","embeddable":true,"href":"https:\/\/www.alucomfort.be\/fr\/wp-json\/wp\/v2\/product_cat?post=179614"},{"taxonomy":"product_tag","embeddable":true,"href":"https:\/\/www.alucomfort.be\/fr\/wp-json\/wp\/v2\/product_tag?post=179614"}],"curies":[{"name":"wp","href":"https:\/\/api.w.org\/{rel}","templated":true}]}}