

{"id":180068,"date":"2019-10-14T10:22:36","date_gmt":"2019-10-14T08:22:36","guid":{"rendered":"https:\/\/www.alucomfort.be\/product\/bacs-silo-100-m%c2%b3-paroi-frontale-a-trappe-coulissante-pour-vidage-manuel\/"},"modified":"2019-10-14T16:21:02","modified_gmt":"2019-10-14T14:21:02","slug":"bacs-silo-100-m%c2%b3-paroi-frontale-a-trappe-coulissante-pour-vidage-manuel","status":"publish","type":"product","link":"https:\/\/www.alucomfort.be\/fr\/product\/bacs-silo-100-m%c2%b3-paroi-frontale-a-trappe-coulissante-pour-vidage-manuel\/","title":{"rendered":"Bacs-Silo &#8211; 1,00 m\u00b3 &#8211; Paroi frontale \u00e0 trappe coulissante pour vidage manuel"},"content":{"rendered":"<p>* Paroi frontale \u00e0 trappe coulissante pour vidage manuel (ouverture: l x h: 250 x 250 mm), * Tremie en t\u00f4le d&rsquo;acier avec profil\u00e9 de renfort, * Inclinaison du fond \u00e0 30\u00b0, * Cadre de base \u00e0 fourreaux, * S\u00e9curis\u00e9 contre le glissement inintentionnels, * Prises pour transpalette et grue, * Superposables sur 3 niveaux.<\/p>\n","protected":false},"excerpt":{"rendered":"<p>Collecte et vidage frontal de mat\u00e9riaux en vrac.<\/p>\n","protected":false},"featured_media":3682,"template":"","meta":{"_acf_changed":false},"product_brand":[],"product_cat":[2972],"product_tag":[],"class_list":{"0":"post-180068","1":"product","2":"type-product","3":"status-publish","4":"has-post-thumbnail","6":"product_cat-bacs-silo-alu-comfort-pour-vidage-dose-stockage-de-vrac","8":"first","9":"outofstock","10":"taxable","11":"shipping-taxable","12":"purchasable","13":"product-type-variable"},"acf":[],"yoast_head":"<!-- This site is optimized with the Yoast SEO plugin v24.8.1 - https:\/\/yoast.com\/wordpress\/plugins\/seo\/ -->\n<title>Bacs-Silo<\/title>\n<meta name=\"description\" content=\"Collecte et vidage frontal de mat\u00e9riaux en vrac.\" \/>\n<meta name=\"robots\" content=\"index, follow, max-snippet:-1, max-image-preview:large, max-video-preview:-1\" \/>\n<link rel=\"canonical\" href=\"https:\/\/www.alucomfort.be\/fr\/product\/bacs-silo-100-m\u00b3-paroi-frontale-a-trappe-coulissante-pour-vidage-manuel\/\" \/>\n<meta property=\"og:locale\" content=\"fr_FR\" \/>\n<meta property=\"og:type\" content=\"article\" \/>\n<meta property=\"og:title\" content=\"Bacs-Silo\" \/>\n<meta property=\"og:description\" content=\"Collecte et vidage frontal de mat\u00e9riaux en vrac.\" \/>\n<meta property=\"og:url\" content=\"https:\/\/www.alucomfort.be\/fr\/product\/bacs-silo-100-m\u00b3-paroi-frontale-a-trappe-coulissante-pour-vidage-manuel\/\" \/>\n<meta property=\"og:site_name\" content=\"Alu Comfort\" \/>\n<meta property=\"article:modified_time\" content=\"2019-10-14T14:21:02+00:00\" \/>\n<meta property=\"og:image\" content=\"https:\/\/www.alucomfort.be\/wp-content\/uploads\/BR-SGS-1.jpg\" \/>\n\t<meta property=\"og:image:width\" content=\"1864\" \/>\n\t<meta property=\"og:image:height\" content=\"1372\" \/>\n\t<meta property=\"og:image:type\" content=\"image\/jpeg\" \/>\n<meta name=\"twitter:card\" content=\"summary_large_image\" \/>\n<script type=\"application\/ld+json\" class=\"yoast-schema-graph\">{\"@context\":\"https:\/\/schema.org\",\"@graph\":[{\"@type\":\"WebPage\",\"@id\":\"https:\/\/www.alucomfort.be\/fr\/product\/bacs-silo-100-m%c2%b3-paroi-frontale-a-trappe-coulissante-pour-vidage-manuel\/\",\"url\":\"https:\/\/www.alucomfort.be\/fr\/product\/bacs-silo-100-m%c2%b3-paroi-frontale-a-trappe-coulissante-pour-vidage-manuel\/\",\"name\":\"Bacs-Silo\",\"isPartOf\":{\"@id\":\"https:\/\/www.alucomfort.be\/#website\"},\"primaryImageOfPage\":{\"@id\":\"https:\/\/www.alucomfort.be\/fr\/product\/bacs-silo-100-m%c2%b3-paroi-frontale-a-trappe-coulissante-pour-vidage-manuel\/#primaryimage\"},\"image\":{\"@id\":\"https:\/\/www.alucomfort.be\/fr\/product\/bacs-silo-100-m%c2%b3-paroi-frontale-a-trappe-coulissante-pour-vidage-manuel\/#primaryimage\"},\"thumbnailUrl\":\"https:\/\/www.alucomfort.be\/wp-content\/uploads\/BR-SGS-1.jpg\",\"datePublished\":\"2019-10-14T08:22:36+00:00\",\"dateModified\":\"2019-10-14T14:21:02+00:00\",\"description\":\"Collecte et vidage frontal de mat\u00e9riaux en vrac.\",\"breadcrumb\":{\"@id\":\"https:\/\/www.alucomfort.be\/fr\/product\/bacs-silo-100-m%c2%b3-paroi-frontale-a-trappe-coulissante-pour-vidage-manuel\/#breadcrumb\"},\"inLanguage\":\"fr-FR\",\"potentialAction\":[{\"@type\":\"ReadAction\",\"target\":[\"https:\/\/www.alucomfort.be\/fr\/product\/bacs-silo-100-m%c2%b3-paroi-frontale-a-trappe-coulissante-pour-vidage-manuel\/\"]}]},{\"@type\":\"ImageObject\",\"inLanguage\":\"fr-FR\",\"@id\":\"https:\/\/www.alucomfort.be\/fr\/product\/bacs-silo-100-m%c2%b3-paroi-frontale-a-trappe-coulissante-pour-vidage-manuel\/#primaryimage\",\"url\":\"https:\/\/www.alucomfort.be\/wp-content\/uploads\/BR-SGS-1.jpg\",\"contentUrl\":\"https:\/\/www.alucomfort.be\/wp-content\/uploads\/BR-SGS-1.jpg\",\"width\":1864,\"height\":1372,\"caption\":\"OLYMPUS DIGITAL CAMERA\"},{\"@type\":\"BreadcrumbList\",\"@id\":\"https:\/\/www.alucomfort.be\/fr\/product\/bacs-silo-100-m%c2%b3-paroi-frontale-a-trappe-coulissante-pour-vidage-manuel\/#breadcrumb\",\"itemListElement\":[{\"@type\":\"ListItem\",\"position\":1,\"name\":\"Home\",\"item\":\"https:\/\/www.alucomfort.be\/fr\/\"},{\"@type\":\"ListItem\",\"position\":2,\"name\":\"Producten\",\"item\":\"https:\/\/www.alucomfort.be\/producten\/\"},{\"@type\":\"ListItem\",\"position\":3,\"name\":\"Bacs-Silo &#8211; 1,00 m\u00b3 &#8211; Paroi frontale \u00e0 trappe coulissante pour vidage manuel\"}]},{\"@type\":\"WebSite\",\"@id\":\"https:\/\/www.alucomfort.be\/#website\",\"url\":\"https:\/\/www.alucomfort.be\/\",\"name\":\"Alu Comfort\",\"description\":\"\",\"potentialAction\":[{\"@type\":\"SearchAction\",\"target\":{\"@type\":\"EntryPoint\",\"urlTemplate\":\"https:\/\/www.alucomfort.be\/?s={search_term_string}\"},\"query-input\":{\"@type\":\"PropertyValueSpecification\",\"valueRequired\":true,\"valueName\":\"search_term_string\"}}],\"inLanguage\":\"fr-FR\"}]}<\/script>\n<!-- \/ Yoast SEO plugin. -->","yoast_head_json":{"title":"Bacs-Silo","description":"Collecte et vidage frontal de mat\u00e9riaux en vrac.","robots":{"index":"index","follow":"follow","max-snippet":"max-snippet:-1","max-image-preview":"max-image-preview:large","max-video-preview":"max-video-preview:-1"},"canonical":"https:\/\/www.alucomfort.be\/fr\/product\/bacs-silo-100-m\u00b3-paroi-frontale-a-trappe-coulissante-pour-vidage-manuel\/","og_locale":"fr_FR","og_type":"article","og_title":"Bacs-Silo","og_description":"Collecte et vidage frontal de mat\u00e9riaux en vrac.","og_url":"https:\/\/www.alucomfort.be\/fr\/product\/bacs-silo-100-m\u00b3-paroi-frontale-a-trappe-coulissante-pour-vidage-manuel\/","og_site_name":"Alu Comfort","article_modified_time":"2019-10-14T14:21:02+00:00","og_image":[{"width":1864,"height":1372,"url":"https:\/\/www.alucomfort.be\/wp-content\/uploads\/BR-SGS-1.jpg","type":"image\/jpeg"}],"twitter_card":"summary_large_image","schema":{"@context":"https:\/\/schema.org","@graph":[{"@type":"WebPage","@id":"https:\/\/www.alucomfort.be\/fr\/product\/bacs-silo-100-m%c2%b3-paroi-frontale-a-trappe-coulissante-pour-vidage-manuel\/","url":"https:\/\/www.alucomfort.be\/fr\/product\/bacs-silo-100-m%c2%b3-paroi-frontale-a-trappe-coulissante-pour-vidage-manuel\/","name":"Bacs-Silo","isPartOf":{"@id":"https:\/\/www.alucomfort.be\/#website"},"primaryImageOfPage":{"@id":"https:\/\/www.alucomfort.be\/fr\/product\/bacs-silo-100-m%c2%b3-paroi-frontale-a-trappe-coulissante-pour-vidage-manuel\/#primaryimage"},"image":{"@id":"https:\/\/www.alucomfort.be\/fr\/product\/bacs-silo-100-m%c2%b3-paroi-frontale-a-trappe-coulissante-pour-vidage-manuel\/#primaryimage"},"thumbnailUrl":"https:\/\/www.alucomfort.be\/wp-content\/uploads\/BR-SGS-1.jpg","datePublished":"2019-10-14T08:22:36+00:00","dateModified":"2019-10-14T14:21:02+00:00","description":"Collecte et vidage frontal de mat\u00e9riaux en vrac.","breadcrumb":{"@id":"https:\/\/www.alucomfort.be\/fr\/product\/bacs-silo-100-m%c2%b3-paroi-frontale-a-trappe-coulissante-pour-vidage-manuel\/#breadcrumb"},"inLanguage":"fr-FR","potentialAction":[{"@type":"ReadAction","target":["https:\/\/www.alucomfort.be\/fr\/product\/bacs-silo-100-m%c2%b3-paroi-frontale-a-trappe-coulissante-pour-vidage-manuel\/"]}]},{"@type":"ImageObject","inLanguage":"fr-FR","@id":"https:\/\/www.alucomfort.be\/fr\/product\/bacs-silo-100-m%c2%b3-paroi-frontale-a-trappe-coulissante-pour-vidage-manuel\/#primaryimage","url":"https:\/\/www.alucomfort.be\/wp-content\/uploads\/BR-SGS-1.jpg","contentUrl":"https:\/\/www.alucomfort.be\/wp-content\/uploads\/BR-SGS-1.jpg","width":1864,"height":1372,"caption":"OLYMPUS DIGITAL CAMERA"},{"@type":"BreadcrumbList","@id":"https:\/\/www.alucomfort.be\/fr\/product\/bacs-silo-100-m%c2%b3-paroi-frontale-a-trappe-coulissante-pour-vidage-manuel\/#breadcrumb","itemListElement":[{"@type":"ListItem","position":1,"name":"Home","item":"https:\/\/www.alucomfort.be\/fr\/"},{"@type":"ListItem","position":2,"name":"Producten","item":"https:\/\/www.alucomfort.be\/producten\/"},{"@type":"ListItem","position":3,"name":"Bacs-Silo &#8211; 1,00 m\u00b3 &#8211; Paroi frontale \u00e0 trappe coulissante pour vidage manuel"}]},{"@type":"WebSite","@id":"https:\/\/www.alucomfort.be\/#website","url":"https:\/\/www.alucomfort.be\/","name":"Alu Comfort","description":"","potentialAction":[{"@type":"SearchAction","target":{"@type":"EntryPoint","urlTemplate":"https:\/\/www.alucomfort.be\/?s={search_term_string}"},"query-input":{"@type":"PropertyValueSpecification","valueRequired":true,"valueName":"search_term_string"}}],"inLanguage":"fr-FR"}]}},"_links":{"self":[{"href":"https:\/\/www.alucomfort.be\/fr\/wp-json\/wp\/v2\/product\/180068","targetHints":{"allow":["GET"]}}],"collection":[{"href":"https:\/\/www.alucomfort.be\/fr\/wp-json\/wp\/v2\/product"}],"about":[{"href":"https:\/\/www.alucomfort.be\/fr\/wp-json\/wp\/v2\/types\/product"}],"wp:featuredmedia":[{"embeddable":true,"href":"https:\/\/www.alucomfort.be\/fr\/wp-json\/wp\/v2\/media\/3682"}],"wp:attachment":[{"href":"https:\/\/www.alucomfort.be\/fr\/wp-json\/wp\/v2\/media?parent=180068"}],"wp:term":[{"taxonomy":"product_brand","embeddable":true,"href":"https:\/\/www.alucomfort.be\/fr\/wp-json\/wp\/v2\/product_brand?post=180068"},{"taxonomy":"product_cat","embeddable":true,"href":"https:\/\/www.alucomfort.be\/fr\/wp-json\/wp\/v2\/product_cat?post=180068"},{"taxonomy":"product_tag","embeddable":true,"href":"https:\/\/www.alucomfort.be\/fr\/wp-json\/wp\/v2\/product_tag?post=180068"}],"curies":[{"name":"wp","href":"https:\/\/api.w.org\/{rel}","templated":true}]}}