

{"id":180302,"date":"2019-10-14T10:25:42","date_gmt":"2019-10-14T08:25:42","guid":{"rendered":"https:\/\/www.alucomfort.be\/product\/rallonges-de-fourches-version-partie-inferieure-fermee\/"},"modified":"2022-02-14T13:20:41","modified_gmt":"2022-02-14T11:20:41","slug":"rallonges-de-fourches-version-partie-inferieure-fermee","status":"publish","type":"product","link":"https:\/\/www.alucomfort.be\/fr\/product\/rallonges-de-fourches-version-partie-inferieure-fermee\/","title":{"rendered":"Rallonges de fourches &#8211; Version partie inf\u00e9rieure ferm\u00e9e"},"content":{"rendered":"<p>* Construction robuste en t\u00f4le d&rsquo;acier, * Prise rapide et facile, * Fixation derri\u00e8re le talon par goujons, * Pour des raisons de s\u00e9curit\u00e9 la longueur des fourches ne doit pas \u00eatre inf\u00e9rieure \u00e0 60% de la longueur des rallonges<\/p>\n","protected":false},"excerpt":{"rendered":"<p>Les rallonges de fourches permettent de manipuler en toute s\u00e9curit\u00e9 des charges plus longues que les fourches existantes.<\/p>\n","protected":false},"featured_media":3969,"template":"","meta":{"_acf_changed":false},"product_brand":[],"product_cat":[2998],"product_tag":[],"class_list":{"0":"post-180302","1":"product","2":"type-product","3":"status-publish","4":"has-post-thumbnail","6":"product_cat-rallonges-de-fourches","8":"first","9":"outofstock","10":"taxable","11":"shipping-taxable","12":"purchasable","13":"product-type-variable"},"acf":[],"yoast_head":"<!-- This site is optimized with the Yoast SEO plugin v24.8.1 - https:\/\/yoast.com\/wordpress\/plugins\/seo\/ -->\n<title>Vorktandverlengers heftruck | Alu Comfort | Lage prijs, 100 % kwaliteit!<\/title>\n<meta name=\"description\" content=\"Vorktandverlengers voor uw heftruck kopen? Langere lasten opnemen? Bij ons bent U aan het juiste adres voor al uw professioneel materaal.\" \/>\n<meta name=\"robots\" content=\"index, follow, max-snippet:-1, max-image-preview:large, max-video-preview:-1\" \/>\n<link rel=\"canonical\" href=\"https:\/\/www.alucomfort.be\/fr\/product\/rallonges-de-fourches-version-partie-inferieure-fermee\/\" \/>\n<meta property=\"og:locale\" content=\"fr_FR\" \/>\n<meta property=\"og:type\" content=\"article\" \/>\n<meta property=\"og:title\" content=\"Vorktandverlengers heftruck | Alu Comfort | Lage prijs, 100 % kwaliteit!\" \/>\n<meta property=\"og:description\" content=\"Vorktandverlengers voor uw heftruck kopen? Langere lasten opnemen? Bij ons bent U aan het juiste adres voor al uw professioneel materaal.\" \/>\n<meta property=\"og:url\" content=\"https:\/\/www.alucomfort.be\/fr\/product\/rallonges-de-fourches-version-partie-inferieure-fermee\/\" \/>\n<meta property=\"og:site_name\" content=\"Alu Comfort\" \/>\n<meta property=\"article:modified_time\" content=\"2022-02-14T11:20:41+00:00\" \/>\n<meta property=\"og:image\" content=\"https:\/\/www.alucomfort.be\/wp-content\/uploads\/BR-4475-3-1024x685.jpg\" \/>\n\t<meta property=\"og:image:width\" content=\"1024\" \/>\n\t<meta property=\"og:image:height\" content=\"685\" \/>\n\t<meta property=\"og:image:type\" content=\"image\/jpeg\" \/>\n<meta name=\"twitter:card\" content=\"summary_large_image\" \/>\n<script type=\"application\/ld+json\" class=\"yoast-schema-graph\">{\"@context\":\"https:\/\/schema.org\",\"@graph\":[{\"@type\":\"WebPage\",\"@id\":\"https:\/\/www.alucomfort.be\/fr\/product\/rallonges-de-fourches-version-partie-inferieure-fermee\/\",\"url\":\"https:\/\/www.alucomfort.be\/fr\/product\/rallonges-de-fourches-version-partie-inferieure-fermee\/\",\"name\":\"Vorktandverlengers heftruck | Alu Comfort | Lage prijs, 100 % kwaliteit!\",\"isPartOf\":{\"@id\":\"https:\/\/www.alucomfort.be\/#website\"},\"primaryImageOfPage\":{\"@id\":\"https:\/\/www.alucomfort.be\/fr\/product\/rallonges-de-fourches-version-partie-inferieure-fermee\/#primaryimage\"},\"image\":{\"@id\":\"https:\/\/www.alucomfort.be\/fr\/product\/rallonges-de-fourches-version-partie-inferieure-fermee\/#primaryimage\"},\"thumbnailUrl\":\"https:\/\/www.alucomfort.be\/wp-content\/uploads\/BR-4475-3.jpg\",\"datePublished\":\"2019-10-14T08:25:42+00:00\",\"dateModified\":\"2022-02-14T11:20:41+00:00\",\"description\":\"Vorktandverlengers voor uw heftruck kopen? Langere lasten opnemen? Bij ons bent U aan het juiste adres voor al uw professioneel materaal.\",\"breadcrumb\":{\"@id\":\"https:\/\/www.alucomfort.be\/fr\/product\/rallonges-de-fourches-version-partie-inferieure-fermee\/#breadcrumb\"},\"inLanguage\":\"fr-FR\",\"potentialAction\":[{\"@type\":\"ReadAction\",\"target\":[\"https:\/\/www.alucomfort.be\/fr\/product\/rallonges-de-fourches-version-partie-inferieure-fermee\/\"]}]},{\"@type\":\"ImageObject\",\"inLanguage\":\"fr-FR\",\"@id\":\"https:\/\/www.alucomfort.be\/fr\/product\/rallonges-de-fourches-version-partie-inferieure-fermee\/#primaryimage\",\"url\":\"https:\/\/www.alucomfort.be\/wp-content\/uploads\/BR-4475-3.jpg\",\"contentUrl\":\"https:\/\/www.alucomfort.be\/wp-content\/uploads\/BR-4475-3.jpg\",\"width\":3872,\"height\":2592},{\"@type\":\"BreadcrumbList\",\"@id\":\"https:\/\/www.alucomfort.be\/fr\/product\/rallonges-de-fourches-version-partie-inferieure-fermee\/#breadcrumb\",\"itemListElement\":[{\"@type\":\"ListItem\",\"position\":1,\"name\":\"Home\",\"item\":\"https:\/\/www.alucomfort.be\/fr\/\"},{\"@type\":\"ListItem\",\"position\":2,\"name\":\"Producten\",\"item\":\"https:\/\/www.alucomfort.be\/producten\/\"},{\"@type\":\"ListItem\",\"position\":3,\"name\":\"Rallonges de fourches &#8211; Version partie inf\u00e9rieure ferm\u00e9e\"}]},{\"@type\":\"WebSite\",\"@id\":\"https:\/\/www.alucomfort.be\/#website\",\"url\":\"https:\/\/www.alucomfort.be\/\",\"name\":\"Alu Comfort\",\"description\":\"\",\"potentialAction\":[{\"@type\":\"SearchAction\",\"target\":{\"@type\":\"EntryPoint\",\"urlTemplate\":\"https:\/\/www.alucomfort.be\/?s={search_term_string}\"},\"query-input\":{\"@type\":\"PropertyValueSpecification\",\"valueRequired\":true,\"valueName\":\"search_term_string\"}}],\"inLanguage\":\"fr-FR\"}]}<\/script>\n<!-- \/ Yoast SEO plugin. -->","yoast_head_json":{"title":"Vorktandverlengers heftruck | Alu Comfort | Lage prijs, 100 % kwaliteit!","description":"Vorktandverlengers voor uw heftruck kopen? Langere lasten opnemen? Bij ons bent U aan het juiste adres voor al uw professioneel materaal.","robots":{"index":"index","follow":"follow","max-snippet":"max-snippet:-1","max-image-preview":"max-image-preview:large","max-video-preview":"max-video-preview:-1"},"canonical":"https:\/\/www.alucomfort.be\/fr\/product\/rallonges-de-fourches-version-partie-inferieure-fermee\/","og_locale":"fr_FR","og_type":"article","og_title":"Vorktandverlengers heftruck | Alu Comfort | Lage prijs, 100 % kwaliteit!","og_description":"Vorktandverlengers voor uw heftruck kopen? Langere lasten opnemen? Bij ons bent U aan het juiste adres voor al uw professioneel materaal.","og_url":"https:\/\/www.alucomfort.be\/fr\/product\/rallonges-de-fourches-version-partie-inferieure-fermee\/","og_site_name":"Alu Comfort","article_modified_time":"2022-02-14T11:20:41+00:00","og_image":[{"width":1024,"height":685,"url":"https:\/\/www.alucomfort.be\/wp-content\/uploads\/BR-4475-3-1024x685.jpg","type":"image\/jpeg"}],"twitter_card":"summary_large_image","schema":{"@context":"https:\/\/schema.org","@graph":[{"@type":"WebPage","@id":"https:\/\/www.alucomfort.be\/fr\/product\/rallonges-de-fourches-version-partie-inferieure-fermee\/","url":"https:\/\/www.alucomfort.be\/fr\/product\/rallonges-de-fourches-version-partie-inferieure-fermee\/","name":"Vorktandverlengers heftruck | Alu Comfort | Lage prijs, 100 % kwaliteit!","isPartOf":{"@id":"https:\/\/www.alucomfort.be\/#website"},"primaryImageOfPage":{"@id":"https:\/\/www.alucomfort.be\/fr\/product\/rallonges-de-fourches-version-partie-inferieure-fermee\/#primaryimage"},"image":{"@id":"https:\/\/www.alucomfort.be\/fr\/product\/rallonges-de-fourches-version-partie-inferieure-fermee\/#primaryimage"},"thumbnailUrl":"https:\/\/www.alucomfort.be\/wp-content\/uploads\/BR-4475-3.jpg","datePublished":"2019-10-14T08:25:42+00:00","dateModified":"2022-02-14T11:20:41+00:00","description":"Vorktandverlengers voor uw heftruck kopen? Langere lasten opnemen? Bij ons bent U aan het juiste adres voor al uw professioneel materaal.","breadcrumb":{"@id":"https:\/\/www.alucomfort.be\/fr\/product\/rallonges-de-fourches-version-partie-inferieure-fermee\/#breadcrumb"},"inLanguage":"fr-FR","potentialAction":[{"@type":"ReadAction","target":["https:\/\/www.alucomfort.be\/fr\/product\/rallonges-de-fourches-version-partie-inferieure-fermee\/"]}]},{"@type":"ImageObject","inLanguage":"fr-FR","@id":"https:\/\/www.alucomfort.be\/fr\/product\/rallonges-de-fourches-version-partie-inferieure-fermee\/#primaryimage","url":"https:\/\/www.alucomfort.be\/wp-content\/uploads\/BR-4475-3.jpg","contentUrl":"https:\/\/www.alucomfort.be\/wp-content\/uploads\/BR-4475-3.jpg","width":3872,"height":2592},{"@type":"BreadcrumbList","@id":"https:\/\/www.alucomfort.be\/fr\/product\/rallonges-de-fourches-version-partie-inferieure-fermee\/#breadcrumb","itemListElement":[{"@type":"ListItem","position":1,"name":"Home","item":"https:\/\/www.alucomfort.be\/fr\/"},{"@type":"ListItem","position":2,"name":"Producten","item":"https:\/\/www.alucomfort.be\/producten\/"},{"@type":"ListItem","position":3,"name":"Rallonges de fourches &#8211; Version partie inf\u00e9rieure ferm\u00e9e"}]},{"@type":"WebSite","@id":"https:\/\/www.alucomfort.be\/#website","url":"https:\/\/www.alucomfort.be\/","name":"Alu Comfort","description":"","potentialAction":[{"@type":"SearchAction","target":{"@type":"EntryPoint","urlTemplate":"https:\/\/www.alucomfort.be\/?s={search_term_string}"},"query-input":{"@type":"PropertyValueSpecification","valueRequired":true,"valueName":"search_term_string"}}],"inLanguage":"fr-FR"}]}},"_links":{"self":[{"href":"https:\/\/www.alucomfort.be\/fr\/wp-json\/wp\/v2\/product\/180302","targetHints":{"allow":["GET"]}}],"collection":[{"href":"https:\/\/www.alucomfort.be\/fr\/wp-json\/wp\/v2\/product"}],"about":[{"href":"https:\/\/www.alucomfort.be\/fr\/wp-json\/wp\/v2\/types\/product"}],"wp:featuredmedia":[{"embeddable":true,"href":"https:\/\/www.alucomfort.be\/fr\/wp-json\/wp\/v2\/media\/3969"}],"wp:attachment":[{"href":"https:\/\/www.alucomfort.be\/fr\/wp-json\/wp\/v2\/media?parent=180302"}],"wp:term":[{"taxonomy":"product_brand","embeddable":true,"href":"https:\/\/www.alucomfort.be\/fr\/wp-json\/wp\/v2\/product_brand?post=180302"},{"taxonomy":"product_cat","embeddable":true,"href":"https:\/\/www.alucomfort.be\/fr\/wp-json\/wp\/v2\/product_cat?post=180302"},{"taxonomy":"product_tag","embeddable":true,"href":"https:\/\/www.alucomfort.be\/fr\/wp-json\/wp\/v2\/product_tag?post=180302"}],"curies":[{"name":"wp","href":"https:\/\/api.w.org\/{rel}","templated":true}]}}