

{"id":180728,"date":"2019-10-14T10:31:36","date_gmt":"2019-10-14T08:31:36","guid":{"rendered":"https:\/\/www.alucomfort.be\/product\/palettes-pour-squelettes-de-decoupe\/"},"modified":"2025-10-11T22:05:41","modified_gmt":"2025-10-11T20:05:41","slug":"palettes-pour-squelettes-de-decoupe-3","status":"publish","type":"product","link":"https:\/\/www.alucomfort.be\/fr\/product\/palettes-pour-squelettes-de-decoupe-3\/","title":{"rendered":"Palettes pour squelettes de d\u00e9coupe"},"content":{"rendered":"<p>* Plateforme robuste avec fourreaux,  * Basculement de toute hauteur par commande \u00e0 cable \u00e0 partir du si\u00e8ge du chariot \u00e9levateur, * S\u00e9curis\u00e9 contre le basculement et le glissement inintentionnel, * Versions sp\u00e9cifiques livrables<\/p>\n","protected":false},"excerpt":{"rendered":"<p>Plate-forme avec des dimension 1790 x 3000 x 377 mm pour collecter et transporter des squelettes de d\u00e9coupte, panneaux agglom\u00e9r\u00e9s et lames.<\/p>\n","protected":false},"featured_media":4434,"template":"","meta":{"_acf_changed":false},"product_brand":[],"product_cat":[9908],"product_tag":[],"class_list":{"0":"post-180728","1":"product","2":"type-product","3":"status-publish","4":"has-post-thumbnail","6":"product_cat-plateformes-et-chariots-pour-charges-longues","8":"first","9":"outofstock","10":"taxable","11":"shipping-taxable","12":"purchasable","13":"product-type-variable"},"acf":[],"yoast_head":"<!-- This site is optimized with the Yoast SEO plugin v24.8.1 - https:\/\/yoast.com\/wordpress\/plugins\/seo\/ -->\n<title>Palettes pour squelettes de d\u00e9coupe | Alu Comfort |<\/title>\n<meta name=\"description\" content=\"Plate-forme pour chariot \u00e9l\u00e9vateur pour collecter et transporter des squelettes de d\u00e9coupte, panneaux agglom\u00e9r\u00e9s et lames.\" \/>\n<meta name=\"robots\" content=\"index, follow, max-snippet:-1, max-image-preview:large, max-video-preview:-1\" \/>\n<link rel=\"canonical\" href=\"https:\/\/www.alucomfort.be\/product\/plateau-voor-roosters-2\/\" \/>\n<meta property=\"og:locale\" content=\"fr_FR\" \/>\n<meta property=\"og:type\" content=\"article\" \/>\n<meta property=\"og:title\" content=\"Palettes pour squelettes de d\u00e9coupe | Alu Comfort |\" \/>\n<meta property=\"og:description\" content=\"Plate-forme pour chariot \u00e9l\u00e9vateur pour collecter et transporter des squelettes de d\u00e9coupte, panneaux agglom\u00e9r\u00e9s et lames.\" \/>\n<meta property=\"og:url\" content=\"https:\/\/www.alucomfort.be\/product\/plateau-voor-roosters-2\/\" \/>\n<meta property=\"og:site_name\" content=\"Alu Comfort\" \/>\n<meta property=\"article:modified_time\" content=\"2025-10-11T20:05:41+00:00\" \/>\n<meta property=\"og:image\" content=\"https:\/\/www.alucomfort.be\/wp-content\/uploads\/BR-RGP-2.jpg\" \/>\n\t<meta property=\"og:image:width\" content=\"1280\" \/>\n\t<meta property=\"og:image:height\" content=\"1024\" \/>\n\t<meta property=\"og:image:type\" content=\"image\/jpeg\" \/>\n<meta name=\"twitter:card\" content=\"summary_large_image\" \/>\n<script type=\"application\/ld+json\" class=\"yoast-schema-graph\">{\"@context\":\"https:\/\/schema.org\",\"@graph\":[{\"@type\":\"WebPage\",\"@id\":\"https:\/\/www.alucomfort.be\/product\/plateau-voor-roosters-2\/\",\"url\":\"https:\/\/www.alucomfort.be\/product\/plateau-voor-roosters-2\/\",\"name\":\"Palettes pour squelettes de d\u00e9coupe | Alu Comfort |\",\"isPartOf\":{\"@id\":\"https:\/\/www.alucomfort.be\/#website\"},\"primaryImageOfPage\":{\"@id\":\"https:\/\/www.alucomfort.be\/product\/plateau-voor-roosters-2\/#primaryimage\"},\"image\":{\"@id\":\"https:\/\/www.alucomfort.be\/product\/plateau-voor-roosters-2\/#primaryimage\"},\"thumbnailUrl\":\"https:\/\/www.alucomfort.be\/wp-content\/uploads\/BR-RGP-2.jpg\",\"datePublished\":\"2019-10-14T08:31:36+00:00\",\"dateModified\":\"2025-10-11T20:05:41+00:00\",\"description\":\"Plate-forme pour chariot \u00e9l\u00e9vateur pour collecter et transporter des squelettes de d\u00e9coupte, panneaux agglom\u00e9r\u00e9s et lames.\",\"breadcrumb\":{\"@id\":\"https:\/\/www.alucomfort.be\/product\/plateau-voor-roosters-2\/#breadcrumb\"},\"inLanguage\":\"fr-FR\",\"potentialAction\":[{\"@type\":\"ReadAction\",\"target\":[\"https:\/\/www.alucomfort.be\/product\/plateau-voor-roosters-2\/\"]}]},{\"@type\":\"ImageObject\",\"inLanguage\":\"fr-FR\",\"@id\":\"https:\/\/www.alucomfort.be\/product\/plateau-voor-roosters-2\/#primaryimage\",\"url\":\"https:\/\/www.alucomfort.be\/wp-content\/uploads\/BR-RGP-2.jpg\",\"contentUrl\":\"https:\/\/www.alucomfort.be\/wp-content\/uploads\/BR-RGP-2.jpg\",\"width\":1280,\"height\":1024},{\"@type\":\"BreadcrumbList\",\"@id\":\"https:\/\/www.alucomfort.be\/product\/plateau-voor-roosters-2\/#breadcrumb\",\"itemListElement\":[{\"@type\":\"ListItem\",\"position\":1,\"name\":\"Home\",\"item\":\"https:\/\/www.alucomfort.be\/fr\/\"},{\"@type\":\"ListItem\",\"position\":2,\"name\":\"Producten\",\"item\":\"https:\/\/www.alucomfort.be\/producten\/\"},{\"@type\":\"ListItem\",\"position\":3,\"name\":\"Palettes pour squelettes de d\u00e9coupe\"}]},{\"@type\":\"WebSite\",\"@id\":\"https:\/\/www.alucomfort.be\/#website\",\"url\":\"https:\/\/www.alucomfort.be\/\",\"name\":\"Alu Comfort\",\"description\":\"\",\"potentialAction\":[{\"@type\":\"SearchAction\",\"target\":{\"@type\":\"EntryPoint\",\"urlTemplate\":\"https:\/\/www.alucomfort.be\/?s={search_term_string}\"},\"query-input\":{\"@type\":\"PropertyValueSpecification\",\"valueRequired\":true,\"valueName\":\"search_term_string\"}}],\"inLanguage\":\"fr-FR\"}]}<\/script>\n<!-- \/ Yoast SEO plugin. -->","yoast_head_json":{"title":"Palettes pour squelettes de d\u00e9coupe | Alu Comfort |","description":"Plate-forme pour chariot \u00e9l\u00e9vateur pour collecter et transporter des squelettes de d\u00e9coupte, panneaux agglom\u00e9r\u00e9s et lames.","robots":{"index":"index","follow":"follow","max-snippet":"max-snippet:-1","max-image-preview":"max-image-preview:large","max-video-preview":"max-video-preview:-1"},"canonical":"https:\/\/www.alucomfort.be\/product\/plateau-voor-roosters-2\/","og_locale":"fr_FR","og_type":"article","og_title":"Palettes pour squelettes de d\u00e9coupe | Alu Comfort |","og_description":"Plate-forme pour chariot \u00e9l\u00e9vateur pour collecter et transporter des squelettes de d\u00e9coupte, panneaux agglom\u00e9r\u00e9s et lames.","og_url":"https:\/\/www.alucomfort.be\/product\/plateau-voor-roosters-2\/","og_site_name":"Alu Comfort","article_modified_time":"2025-10-11T20:05:41+00:00","og_image":[{"width":1280,"height":1024,"url":"https:\/\/www.alucomfort.be\/wp-content\/uploads\/BR-RGP-2.jpg","type":"image\/jpeg"}],"twitter_card":"summary_large_image","schema":{"@context":"https:\/\/schema.org","@graph":[{"@type":"WebPage","@id":"https:\/\/www.alucomfort.be\/product\/plateau-voor-roosters-2\/","url":"https:\/\/www.alucomfort.be\/product\/plateau-voor-roosters-2\/","name":"Palettes pour squelettes de d\u00e9coupe | Alu Comfort |","isPartOf":{"@id":"https:\/\/www.alucomfort.be\/#website"},"primaryImageOfPage":{"@id":"https:\/\/www.alucomfort.be\/product\/plateau-voor-roosters-2\/#primaryimage"},"image":{"@id":"https:\/\/www.alucomfort.be\/product\/plateau-voor-roosters-2\/#primaryimage"},"thumbnailUrl":"https:\/\/www.alucomfort.be\/wp-content\/uploads\/BR-RGP-2.jpg","datePublished":"2019-10-14T08:31:36+00:00","dateModified":"2025-10-11T20:05:41+00:00","description":"Plate-forme pour chariot \u00e9l\u00e9vateur pour collecter et transporter des squelettes de d\u00e9coupte, panneaux agglom\u00e9r\u00e9s et lames.","breadcrumb":{"@id":"https:\/\/www.alucomfort.be\/product\/plateau-voor-roosters-2\/#breadcrumb"},"inLanguage":"fr-FR","potentialAction":[{"@type":"ReadAction","target":["https:\/\/www.alucomfort.be\/product\/plateau-voor-roosters-2\/"]}]},{"@type":"ImageObject","inLanguage":"fr-FR","@id":"https:\/\/www.alucomfort.be\/product\/plateau-voor-roosters-2\/#primaryimage","url":"https:\/\/www.alucomfort.be\/wp-content\/uploads\/BR-RGP-2.jpg","contentUrl":"https:\/\/www.alucomfort.be\/wp-content\/uploads\/BR-RGP-2.jpg","width":1280,"height":1024},{"@type":"BreadcrumbList","@id":"https:\/\/www.alucomfort.be\/product\/plateau-voor-roosters-2\/#breadcrumb","itemListElement":[{"@type":"ListItem","position":1,"name":"Home","item":"https:\/\/www.alucomfort.be\/fr\/"},{"@type":"ListItem","position":2,"name":"Producten","item":"https:\/\/www.alucomfort.be\/producten\/"},{"@type":"ListItem","position":3,"name":"Palettes pour squelettes de d\u00e9coupe"}]},{"@type":"WebSite","@id":"https:\/\/www.alucomfort.be\/#website","url":"https:\/\/www.alucomfort.be\/","name":"Alu Comfort","description":"","potentialAction":[{"@type":"SearchAction","target":{"@type":"EntryPoint","urlTemplate":"https:\/\/www.alucomfort.be\/?s={search_term_string}"},"query-input":{"@type":"PropertyValueSpecification","valueRequired":true,"valueName":"search_term_string"}}],"inLanguage":"fr-FR"}]}},"_links":{"self":[{"href":"https:\/\/www.alucomfort.be\/fr\/wp-json\/wp\/v2\/product\/180728","targetHints":{"allow":["GET"]}}],"collection":[{"href":"https:\/\/www.alucomfort.be\/fr\/wp-json\/wp\/v2\/product"}],"about":[{"href":"https:\/\/www.alucomfort.be\/fr\/wp-json\/wp\/v2\/types\/product"}],"wp:featuredmedia":[{"embeddable":true,"href":"https:\/\/www.alucomfort.be\/fr\/wp-json\/wp\/v2\/media\/4434"}],"wp:attachment":[{"href":"https:\/\/www.alucomfort.be\/fr\/wp-json\/wp\/v2\/media?parent=180728"}],"wp:term":[{"taxonomy":"product_brand","embeddable":true,"href":"https:\/\/www.alucomfort.be\/fr\/wp-json\/wp\/v2\/product_brand?post=180728"},{"taxonomy":"product_cat","embeddable":true,"href":"https:\/\/www.alucomfort.be\/fr\/wp-json\/wp\/v2\/product_cat?post=180728"},{"taxonomy":"product_tag","embeddable":true,"href":"https:\/\/www.alucomfort.be\/fr\/wp-json\/wp\/v2\/product_tag?post=180728"}],"curies":[{"name":"wp","href":"https:\/\/api.w.org\/{rel}","templated":true}]}}