

{"id":180794,"date":"2019-10-14T10:32:29","date_gmt":"2019-10-14T08:32:29","guid":{"rendered":"https:\/\/www.alucomfort.be\/product\/rayonnages-a-tiroirs-3240-x-1550-x-1580-mm\/"},"modified":"2025-10-11T22:06:45","modified_gmt":"2025-10-11T20:06:45","slug":"rayonnages-a-tiroirs-3240-x-1550-x-1580-mm","status":"publish","type":"product","link":"https:\/\/www.alucomfort.be\/fr\/product\/rayonnages-a-tiroirs-3240-x-1550-x-1580-mm\/","title":{"rendered":"Rayonnages \u00e0 tiroirs &#8211; 3240 x 1550 x 1580 mm"},"content":{"rendered":"<p>* Cadre: construction stable et robuste en acier \u00e0 but\u00e9e, * 6 plateaux \u00e0 extractibles de format jusqu&rsquo;\u00e0 l x p max 3000 x 1500 mm, * Hauteur max de chargement par cassette 120 mm, * Pr\u00eat pour une fixation au sol, * Maximum de 12 cassettes superpos\u00e9es, * Raccordement sur place<\/p>\n","protected":false},"excerpt":{"rendered":"<p>Stockage ordonn\u00e9 et \u00e9conomique de plaques de t\u00f4le ou mat\u00e9riaux en panneaux.<\/p>\n","protected":false},"featured_media":4425,"template":"","meta":{"_acf_changed":false},"product_brand":[],"product_cat":[3119],"product_tag":[],"class_list":{"0":"post-180794","1":"product","2":"type-product","3":"status-publish","4":"has-post-thumbnail","6":"product_cat-rayonage-a-tiroirs","8":"first","9":"outofstock","10":"taxable","11":"shipping-taxable","12":"purchasable","13":"product-type-variable"},"acf":[],"yoast_head":"<!-- This site is optimized with the Yoast SEO plugin v24.8.1 - https:\/\/yoast.com\/wordpress\/plugins\/seo\/ -->\n<title>Rayonnages \u00e0 tiroirs | Alu Comfort |<\/title>\n<meta name=\"description\" content=\"Rayonnage pour un stockage ordonn\u00e9 et \u00e9conomique de plaques de t\u00f4le ou mat\u00e9riaux en panneaux.\" \/>\n<meta name=\"robots\" content=\"index, follow, max-snippet:-1, max-image-preview:large, max-video-preview:-1\" \/>\n<link rel=\"canonical\" href=\"https:\/\/www.alucomfort.be\/product\/cassette-plaatstaalrek-3240-x-1550-x-1580-mm\/\" \/>\n<meta property=\"og:locale\" content=\"fr_FR\" \/>\n<meta property=\"og:type\" content=\"article\" \/>\n<meta property=\"og:title\" content=\"Rayonnages \u00e0 tiroirs | Alu Comfort |\" \/>\n<meta property=\"og:description\" content=\"Rayonnage pour un stockage ordonn\u00e9 et \u00e9conomique de plaques de t\u00f4le ou mat\u00e9riaux en panneaux.\" \/>\n<meta property=\"og:url\" content=\"https:\/\/www.alucomfort.be\/product\/cassette-plaatstaalrek-3240-x-1550-x-1580-mm\/\" \/>\n<meta property=\"og:site_name\" content=\"Alu Comfort\" \/>\n<meta property=\"article:modified_time\" content=\"2025-10-11T20:06:45+00:00\" \/>\n<meta property=\"og:image\" content=\"https:\/\/www.alucomfort.be\/wp-content\/uploads\/BR-KBR-1.jpg\" \/>\n\t<meta property=\"og:image:width\" content=\"2172\" \/>\n\t<meta property=\"og:image:height\" content=\"1640\" \/>\n\t<meta property=\"og:image:type\" content=\"image\/jpeg\" \/>\n<meta name=\"twitter:card\" content=\"summary_large_image\" \/>\n<script type=\"application\/ld+json\" class=\"yoast-schema-graph\">{\"@context\":\"https:\/\/schema.org\",\"@graph\":[{\"@type\":\"WebPage\",\"@id\":\"https:\/\/www.alucomfort.be\/product\/cassette-plaatstaalrek-3240-x-1550-x-1580-mm\/\",\"url\":\"https:\/\/www.alucomfort.be\/product\/cassette-plaatstaalrek-3240-x-1550-x-1580-mm\/\",\"name\":\"Rayonnages \u00e0 tiroirs | Alu Comfort |\",\"isPartOf\":{\"@id\":\"https:\/\/www.alucomfort.be\/#website\"},\"primaryImageOfPage\":{\"@id\":\"https:\/\/www.alucomfort.be\/product\/cassette-plaatstaalrek-3240-x-1550-x-1580-mm\/#primaryimage\"},\"image\":{\"@id\":\"https:\/\/www.alucomfort.be\/product\/cassette-plaatstaalrek-3240-x-1550-x-1580-mm\/#primaryimage\"},\"thumbnailUrl\":\"https:\/\/www.alucomfort.be\/wp-content\/uploads\/BR-KBR-1.jpg\",\"datePublished\":\"2019-10-14T08:32:29+00:00\",\"dateModified\":\"2025-10-11T20:06:45+00:00\",\"description\":\"Rayonnage pour un stockage ordonn\u00e9 et \u00e9conomique de plaques de t\u00f4le ou mat\u00e9riaux en panneaux.\",\"breadcrumb\":{\"@id\":\"https:\/\/www.alucomfort.be\/product\/cassette-plaatstaalrek-3240-x-1550-x-1580-mm\/#breadcrumb\"},\"inLanguage\":\"fr-FR\",\"potentialAction\":[{\"@type\":\"ReadAction\",\"target\":[\"https:\/\/www.alucomfort.be\/product\/cassette-plaatstaalrek-3240-x-1550-x-1580-mm\/\"]}]},{\"@type\":\"ImageObject\",\"inLanguage\":\"fr-FR\",\"@id\":\"https:\/\/www.alucomfort.be\/product\/cassette-plaatstaalrek-3240-x-1550-x-1580-mm\/#primaryimage\",\"url\":\"https:\/\/www.alucomfort.be\/wp-content\/uploads\/BR-KBR-1.jpg\",\"contentUrl\":\"https:\/\/www.alucomfort.be\/wp-content\/uploads\/BR-KBR-1.jpg\",\"width\":2172,\"height\":1640},{\"@type\":\"BreadcrumbList\",\"@id\":\"https:\/\/www.alucomfort.be\/product\/cassette-plaatstaalrek-3240-x-1550-x-1580-mm\/#breadcrumb\",\"itemListElement\":[{\"@type\":\"ListItem\",\"position\":1,\"name\":\"Home\",\"item\":\"https:\/\/www.alucomfort.be\/fr\/\"},{\"@type\":\"ListItem\",\"position\":2,\"name\":\"Producten\",\"item\":\"https:\/\/www.alucomfort.be\/producten\/\"},{\"@type\":\"ListItem\",\"position\":3,\"name\":\"Rayonnages \u00e0 tiroirs &#8211; 3240 x 1550 x 1580 mm\"}]},{\"@type\":\"WebSite\",\"@id\":\"https:\/\/www.alucomfort.be\/#website\",\"url\":\"https:\/\/www.alucomfort.be\/\",\"name\":\"Alu Comfort\",\"description\":\"\",\"potentialAction\":[{\"@type\":\"SearchAction\",\"target\":{\"@type\":\"EntryPoint\",\"urlTemplate\":\"https:\/\/www.alucomfort.be\/?s={search_term_string}\"},\"query-input\":{\"@type\":\"PropertyValueSpecification\",\"valueRequired\":true,\"valueName\":\"search_term_string\"}}],\"inLanguage\":\"fr-FR\"}]}<\/script>\n<!-- \/ Yoast SEO plugin. -->","yoast_head_json":{"title":"Rayonnages \u00e0 tiroirs | Alu Comfort |","description":"Rayonnage pour un stockage ordonn\u00e9 et \u00e9conomique de plaques de t\u00f4le ou mat\u00e9riaux en panneaux.","robots":{"index":"index","follow":"follow","max-snippet":"max-snippet:-1","max-image-preview":"max-image-preview:large","max-video-preview":"max-video-preview:-1"},"canonical":"https:\/\/www.alucomfort.be\/product\/cassette-plaatstaalrek-3240-x-1550-x-1580-mm\/","og_locale":"fr_FR","og_type":"article","og_title":"Rayonnages \u00e0 tiroirs | Alu Comfort |","og_description":"Rayonnage pour un stockage ordonn\u00e9 et \u00e9conomique de plaques de t\u00f4le ou mat\u00e9riaux en panneaux.","og_url":"https:\/\/www.alucomfort.be\/product\/cassette-plaatstaalrek-3240-x-1550-x-1580-mm\/","og_site_name":"Alu Comfort","article_modified_time":"2025-10-11T20:06:45+00:00","og_image":[{"width":2172,"height":1640,"url":"https:\/\/www.alucomfort.be\/wp-content\/uploads\/BR-KBR-1.jpg","type":"image\/jpeg"}],"twitter_card":"summary_large_image","schema":{"@context":"https:\/\/schema.org","@graph":[{"@type":"WebPage","@id":"https:\/\/www.alucomfort.be\/product\/cassette-plaatstaalrek-3240-x-1550-x-1580-mm\/","url":"https:\/\/www.alucomfort.be\/product\/cassette-plaatstaalrek-3240-x-1550-x-1580-mm\/","name":"Rayonnages \u00e0 tiroirs | Alu Comfort |","isPartOf":{"@id":"https:\/\/www.alucomfort.be\/#website"},"primaryImageOfPage":{"@id":"https:\/\/www.alucomfort.be\/product\/cassette-plaatstaalrek-3240-x-1550-x-1580-mm\/#primaryimage"},"image":{"@id":"https:\/\/www.alucomfort.be\/product\/cassette-plaatstaalrek-3240-x-1550-x-1580-mm\/#primaryimage"},"thumbnailUrl":"https:\/\/www.alucomfort.be\/wp-content\/uploads\/BR-KBR-1.jpg","datePublished":"2019-10-14T08:32:29+00:00","dateModified":"2025-10-11T20:06:45+00:00","description":"Rayonnage pour un stockage ordonn\u00e9 et \u00e9conomique de plaques de t\u00f4le ou mat\u00e9riaux en panneaux.","breadcrumb":{"@id":"https:\/\/www.alucomfort.be\/product\/cassette-plaatstaalrek-3240-x-1550-x-1580-mm\/#breadcrumb"},"inLanguage":"fr-FR","potentialAction":[{"@type":"ReadAction","target":["https:\/\/www.alucomfort.be\/product\/cassette-plaatstaalrek-3240-x-1550-x-1580-mm\/"]}]},{"@type":"ImageObject","inLanguage":"fr-FR","@id":"https:\/\/www.alucomfort.be\/product\/cassette-plaatstaalrek-3240-x-1550-x-1580-mm\/#primaryimage","url":"https:\/\/www.alucomfort.be\/wp-content\/uploads\/BR-KBR-1.jpg","contentUrl":"https:\/\/www.alucomfort.be\/wp-content\/uploads\/BR-KBR-1.jpg","width":2172,"height":1640},{"@type":"BreadcrumbList","@id":"https:\/\/www.alucomfort.be\/product\/cassette-plaatstaalrek-3240-x-1550-x-1580-mm\/#breadcrumb","itemListElement":[{"@type":"ListItem","position":1,"name":"Home","item":"https:\/\/www.alucomfort.be\/fr\/"},{"@type":"ListItem","position":2,"name":"Producten","item":"https:\/\/www.alucomfort.be\/producten\/"},{"@type":"ListItem","position":3,"name":"Rayonnages \u00e0 tiroirs &#8211; 3240 x 1550 x 1580 mm"}]},{"@type":"WebSite","@id":"https:\/\/www.alucomfort.be\/#website","url":"https:\/\/www.alucomfort.be\/","name":"Alu Comfort","description":"","potentialAction":[{"@type":"SearchAction","target":{"@type":"EntryPoint","urlTemplate":"https:\/\/www.alucomfort.be\/?s={search_term_string}"},"query-input":{"@type":"PropertyValueSpecification","valueRequired":true,"valueName":"search_term_string"}}],"inLanguage":"fr-FR"}]}},"_links":{"self":[{"href":"https:\/\/www.alucomfort.be\/fr\/wp-json\/wp\/v2\/product\/180794","targetHints":{"allow":["GET"]}}],"collection":[{"href":"https:\/\/www.alucomfort.be\/fr\/wp-json\/wp\/v2\/product"}],"about":[{"href":"https:\/\/www.alucomfort.be\/fr\/wp-json\/wp\/v2\/types\/product"}],"wp:featuredmedia":[{"embeddable":true,"href":"https:\/\/www.alucomfort.be\/fr\/wp-json\/wp\/v2\/media\/4425"}],"wp:attachment":[{"href":"https:\/\/www.alucomfort.be\/fr\/wp-json\/wp\/v2\/media?parent=180794"}],"wp:term":[{"taxonomy":"product_brand","embeddable":true,"href":"https:\/\/www.alucomfort.be\/fr\/wp-json\/wp\/v2\/product_brand?post=180794"},{"taxonomy":"product_cat","embeddable":true,"href":"https:\/\/www.alucomfort.be\/fr\/wp-json\/wp\/v2\/product_cat?post=180794"},{"taxonomy":"product_tag","embeddable":true,"href":"https:\/\/www.alucomfort.be\/fr\/wp-json\/wp\/v2\/product_tag?post=180794"}],"curies":[{"name":"wp","href":"https:\/\/api.w.org\/{rel}","templated":true}]}}