

{"id":180982,"date":"2019-10-14T10:35:14","date_gmt":"2019-10-14T08:35:14","guid":{"rendered":"https:\/\/www.alucomfort.be\/product\/chariots-basculants-cap-600-l\/"},"modified":"2022-02-15T13:23:31","modified_gmt":"2022-02-15T11:23:31","slug":"chariots-basculants-cap-600-l","status":"publish","type":"product","link":"https:\/\/www.alucomfort.be\/fr\/product\/chariots-basculants-cap-600-l\/","title":{"rendered":"Chariots basculants &#8211; Cap 600 l"},"content":{"rendered":"<p>* Sans fourreaux, * Construction en t\u00f4le d&rsquo;acier \u00e0 rebord renforc\u00e9, * Cadre de base en acier profil\u00e9, * Etanche \u00e0 l&rsquo;huile et \u00e0 l&rsquo;eau, * S\u00e9curis\u00e9 de basculement \u00e0 ressort, * 2 roues fixes + 2 pivotantes avec arr\u00eatoir, * Poign\u00e9e.<\/p>\n","protected":false},"excerpt":{"rendered":"<p>Pour mat\u00e9riaux en vrac de toute nature.<\/p>\n","protected":false},"featured_media":3672,"template":"","meta":{"_acf_changed":false},"product_brand":[],"product_cat":[2978],"product_tag":[],"class_list":{"0":"post-180982","1":"product","2":"type-product","3":"status-publish","4":"has-post-thumbnail","6":"product_cat-chariots-basculants","8":"first","9":"outofstock","10":"taxable","11":"shipping-taxable","12":"purchasable","13":"product-type-variable"},"acf":[],"yoast_head":"<!-- This site is optimized with the Yoast SEO plugin v24.8.1 - https:\/\/yoast.com\/wordpress\/plugins\/seo\/ -->\n<title>Chariots basculants<\/title>\n<meta name=\"description\" content=\"Chariots basculants pour mat\u00e9riaux en vrac de toute nature.\" \/>\n<meta name=\"robots\" content=\"index, follow, max-snippet:-1, max-image-preview:large, max-video-preview:-1\" \/>\n<link rel=\"canonical\" href=\"https:\/\/www.alucomfort.be\/product\/containerwagen-cap-600-l\/\" \/>\n<meta property=\"og:locale\" content=\"fr_FR\" \/>\n<meta property=\"og:type\" content=\"article\" \/>\n<meta property=\"og:title\" content=\"Chariots basculants\" \/>\n<meta property=\"og:description\" content=\"Chariots basculants pour mat\u00e9riaux en vrac de toute nature.\" \/>\n<meta property=\"og:url\" content=\"https:\/\/www.alucomfort.be\/product\/containerwagen-cap-600-l\/\" \/>\n<meta property=\"og:site_name\" content=\"Alu Comfort\" \/>\n<meta property=\"article:modified_time\" content=\"2022-02-15T11:23:31+00:00\" \/>\n<meta property=\"og:image\" content=\"https:\/\/www.alucomfort.be\/wp-content\/uploads\/BR-KW-3.jpg\" \/>\n\t<meta property=\"og:image:width\" content=\"1820\" \/>\n\t<meta property=\"og:image:height\" content=\"1788\" \/>\n\t<meta property=\"og:image:type\" content=\"image\/jpeg\" \/>\n<meta name=\"twitter:card\" content=\"summary_large_image\" \/>\n<script type=\"application\/ld+json\" class=\"yoast-schema-graph\">{\"@context\":\"https:\/\/schema.org\",\"@graph\":[{\"@type\":\"WebPage\",\"@id\":\"https:\/\/www.alucomfort.be\/product\/containerwagen-cap-600-l\/\",\"url\":\"https:\/\/www.alucomfort.be\/product\/containerwagen-cap-600-l\/\",\"name\":\"Chariots basculants\",\"isPartOf\":{\"@id\":\"https:\/\/www.alucomfort.be\/#website\"},\"primaryImageOfPage\":{\"@id\":\"https:\/\/www.alucomfort.be\/product\/containerwagen-cap-600-l\/#primaryimage\"},\"image\":{\"@id\":\"https:\/\/www.alucomfort.be\/product\/containerwagen-cap-600-l\/#primaryimage\"},\"thumbnailUrl\":\"https:\/\/www.alucomfort.be\/wp-content\/uploads\/BR-KW-3.jpg\",\"datePublished\":\"2019-10-14T08:35:14+00:00\",\"dateModified\":\"2022-02-15T11:23:31+00:00\",\"description\":\"Chariots basculants pour mat\u00e9riaux en vrac de toute nature.\",\"breadcrumb\":{\"@id\":\"https:\/\/www.alucomfort.be\/product\/containerwagen-cap-600-l\/#breadcrumb\"},\"inLanguage\":\"fr-FR\",\"potentialAction\":[{\"@type\":\"ReadAction\",\"target\":[\"https:\/\/www.alucomfort.be\/product\/containerwagen-cap-600-l\/\"]}]},{\"@type\":\"ImageObject\",\"inLanguage\":\"fr-FR\",\"@id\":\"https:\/\/www.alucomfort.be\/product\/containerwagen-cap-600-l\/#primaryimage\",\"url\":\"https:\/\/www.alucomfort.be\/wp-content\/uploads\/BR-KW-3.jpg\",\"contentUrl\":\"https:\/\/www.alucomfort.be\/wp-content\/uploads\/BR-KW-3.jpg\",\"width\":1820,\"height\":1788},{\"@type\":\"BreadcrumbList\",\"@id\":\"https:\/\/www.alucomfort.be\/product\/containerwagen-cap-600-l\/#breadcrumb\",\"itemListElement\":[{\"@type\":\"ListItem\",\"position\":1,\"name\":\"Home\",\"item\":\"https:\/\/www.alucomfort.be\/fr\/\"},{\"@type\":\"ListItem\",\"position\":2,\"name\":\"Producten\",\"item\":\"https:\/\/www.alucomfort.be\/producten\/\"},{\"@type\":\"ListItem\",\"position\":3,\"name\":\"Chariots basculants &#8211; Cap 600 l\"}]},{\"@type\":\"WebSite\",\"@id\":\"https:\/\/www.alucomfort.be\/#website\",\"url\":\"https:\/\/www.alucomfort.be\/\",\"name\":\"Alu Comfort\",\"description\":\"\",\"potentialAction\":[{\"@type\":\"SearchAction\",\"target\":{\"@type\":\"EntryPoint\",\"urlTemplate\":\"https:\/\/www.alucomfort.be\/?s={search_term_string}\"},\"query-input\":{\"@type\":\"PropertyValueSpecification\",\"valueRequired\":true,\"valueName\":\"search_term_string\"}}],\"inLanguage\":\"fr-FR\"}]}<\/script>\n<!-- \/ Yoast SEO plugin. -->","yoast_head_json":{"title":"Chariots basculants","description":"Chariots basculants pour mat\u00e9riaux en vrac de toute nature.","robots":{"index":"index","follow":"follow","max-snippet":"max-snippet:-1","max-image-preview":"max-image-preview:large","max-video-preview":"max-video-preview:-1"},"canonical":"https:\/\/www.alucomfort.be\/product\/containerwagen-cap-600-l\/","og_locale":"fr_FR","og_type":"article","og_title":"Chariots basculants","og_description":"Chariots basculants pour mat\u00e9riaux en vrac de toute nature.","og_url":"https:\/\/www.alucomfort.be\/product\/containerwagen-cap-600-l\/","og_site_name":"Alu Comfort","article_modified_time":"2022-02-15T11:23:31+00:00","og_image":[{"width":1820,"height":1788,"url":"https:\/\/www.alucomfort.be\/wp-content\/uploads\/BR-KW-3.jpg","type":"image\/jpeg"}],"twitter_card":"summary_large_image","schema":{"@context":"https:\/\/schema.org","@graph":[{"@type":"WebPage","@id":"https:\/\/www.alucomfort.be\/product\/containerwagen-cap-600-l\/","url":"https:\/\/www.alucomfort.be\/product\/containerwagen-cap-600-l\/","name":"Chariots basculants","isPartOf":{"@id":"https:\/\/www.alucomfort.be\/#website"},"primaryImageOfPage":{"@id":"https:\/\/www.alucomfort.be\/product\/containerwagen-cap-600-l\/#primaryimage"},"image":{"@id":"https:\/\/www.alucomfort.be\/product\/containerwagen-cap-600-l\/#primaryimage"},"thumbnailUrl":"https:\/\/www.alucomfort.be\/wp-content\/uploads\/BR-KW-3.jpg","datePublished":"2019-10-14T08:35:14+00:00","dateModified":"2022-02-15T11:23:31+00:00","description":"Chariots basculants pour mat\u00e9riaux en vrac de toute nature.","breadcrumb":{"@id":"https:\/\/www.alucomfort.be\/product\/containerwagen-cap-600-l\/#breadcrumb"},"inLanguage":"fr-FR","potentialAction":[{"@type":"ReadAction","target":["https:\/\/www.alucomfort.be\/product\/containerwagen-cap-600-l\/"]}]},{"@type":"ImageObject","inLanguage":"fr-FR","@id":"https:\/\/www.alucomfort.be\/product\/containerwagen-cap-600-l\/#primaryimage","url":"https:\/\/www.alucomfort.be\/wp-content\/uploads\/BR-KW-3.jpg","contentUrl":"https:\/\/www.alucomfort.be\/wp-content\/uploads\/BR-KW-3.jpg","width":1820,"height":1788},{"@type":"BreadcrumbList","@id":"https:\/\/www.alucomfort.be\/product\/containerwagen-cap-600-l\/#breadcrumb","itemListElement":[{"@type":"ListItem","position":1,"name":"Home","item":"https:\/\/www.alucomfort.be\/fr\/"},{"@type":"ListItem","position":2,"name":"Producten","item":"https:\/\/www.alucomfort.be\/producten\/"},{"@type":"ListItem","position":3,"name":"Chariots basculants &#8211; Cap 600 l"}]},{"@type":"WebSite","@id":"https:\/\/www.alucomfort.be\/#website","url":"https:\/\/www.alucomfort.be\/","name":"Alu Comfort","description":"","potentialAction":[{"@type":"SearchAction","target":{"@type":"EntryPoint","urlTemplate":"https:\/\/www.alucomfort.be\/?s={search_term_string}"},"query-input":{"@type":"PropertyValueSpecification","valueRequired":true,"valueName":"search_term_string"}}],"inLanguage":"fr-FR"}]}},"_links":{"self":[{"href":"https:\/\/www.alucomfort.be\/fr\/wp-json\/wp\/v2\/product\/180982","targetHints":{"allow":["GET"]}}],"collection":[{"href":"https:\/\/www.alucomfort.be\/fr\/wp-json\/wp\/v2\/product"}],"about":[{"href":"https:\/\/www.alucomfort.be\/fr\/wp-json\/wp\/v2\/types\/product"}],"wp:featuredmedia":[{"embeddable":true,"href":"https:\/\/www.alucomfort.be\/fr\/wp-json\/wp\/v2\/media\/3672"}],"wp:attachment":[{"href":"https:\/\/www.alucomfort.be\/fr\/wp-json\/wp\/v2\/media?parent=180982"}],"wp:term":[{"taxonomy":"product_brand","embeddable":true,"href":"https:\/\/www.alucomfort.be\/fr\/wp-json\/wp\/v2\/product_brand?post=180982"},{"taxonomy":"product_cat","embeddable":true,"href":"https:\/\/www.alucomfort.be\/fr\/wp-json\/wp\/v2\/product_cat?post=180982"},{"taxonomy":"product_tag","embeddable":true,"href":"https:\/\/www.alucomfort.be\/fr\/wp-json\/wp\/v2\/product_tag?post=180982"}],"curies":[{"name":"wp","href":"https:\/\/api.w.org\/{rel}","templated":true}]}}