

{"id":181102,"date":"2019-10-14T10:36:53","date_gmt":"2019-10-14T08:36:53","guid":{"rendered":"https:\/\/www.alucomfort.be\/product\/basculeurs-mobile-de-poubelles-avec-pompe-a-mains\/"},"modified":"2025-06-12T22:57:04","modified_gmt":"2025-06-12T20:57:04","slug":"basculeurs-mobile-de-poubelles-avec-pompe-a-mains","status":"publish","type":"product","link":"https:\/\/www.alucomfort.be\/fr\/product\/basculeurs-mobile-de-poubelles-avec-pompe-a-mains\/","title":{"rendered":"Basculeur mobile pour poubelles avec pompe manuelle"},"content":{"rendered":"<p>* Basculeurs\/\u00e9l\u00e9vateurs mobiles pour poubelles.  Convient pour le vidage et le nettoyage de poubelles de 120 et 240 litres (conformes CE), * Angle de basculement jusqu\u0092\u00e0 135\u00b0 avec une hauteur de d\u00e9versement d\u0092environ 1480 mm, * Environ 15 coups de levier n\u00e9cessaires pour un basculement complet de la poubelle,  * \u00c9quip\u00e9 de 2 roulettes pivotantes (dont 1 avec frein) et 2 roulettes fixes (\u00f8 180 mm).<\/p>\n","protected":false},"excerpt":{"rendered":"<p>Appareil pour la vidange de conteneurs \u00e0 d\u00e9chets de 120 et 240 litres<\/p>\n","protected":false},"featured_media":224236,"template":"","meta":{"_acf_changed":false},"product_brand":[],"product_cat":[2311],"product_tag":[],"class_list":{"0":"post-181102","1":"product","2":"type-product","3":"status-publish","4":"has-post-thumbnail","6":"product_cat-conteneurs-de-120l-et-240l-basculeurs-mobiles-transport","8":"first","9":"outofstock","10":"taxable","11":"shipping-taxable","12":"purchasable","13":"product-type-variable"},"acf":[],"yoast_head":"<!-- This site is optimized with the Yoast SEO plugin v24.8.1 - https:\/\/yoast.com\/wordpress\/plugins\/seo\/ -->\n<title>Basculeur mobile pour poubelles avec pompe manuelle | Alu Comfort |<\/title>\n<meta name=\"description\" content=\"Trouvez le poste de vidage id\u00e9al pour vider rapidement et efficacement vos conteneurs \u00e0 d\u00e9chets de 120L et 240L. D\u00e9couvrez ici toutes nos solutions pour la gestion de vos poubelles.\" \/>\n<meta name=\"robots\" content=\"index, follow, max-snippet:-1, max-image-preview:large, max-video-preview:-1\" \/>\n<link rel=\"canonical\" href=\"https:\/\/www.alucomfort.be\/product\/kiepsysteem-met-handpomp-voor-afvalcontainers\/\" \/>\n<meta property=\"og:locale\" content=\"fr_FR\" \/>\n<meta property=\"og:type\" content=\"article\" \/>\n<meta property=\"og:title\" content=\"Basculeur mobile pour poubelles avec pompe manuelle | Alu Comfort |\" \/>\n<meta property=\"og:description\" content=\"Trouvez le poste de vidage id\u00e9al pour vider rapidement et efficacement vos conteneurs \u00e0 d\u00e9chets de 120L et 240L. D\u00e9couvrez ici toutes nos solutions pour la gestion de vos poubelles.\" \/>\n<meta property=\"og:url\" content=\"https:\/\/www.alucomfort.be\/product\/kiepsysteem-met-handpomp-voor-afvalcontainers\/\" \/>\n<meta property=\"og:site_name\" content=\"Alu Comfort\" \/>\n<meta property=\"article:modified_time\" content=\"2025-06-12T20:57:04+00:00\" \/>\n<meta property=\"og:image\" content=\"https:\/\/www.alucomfort.be\/wp-content\/uploads\/Basculeur-mobile-pour-poubelles-avec-pompe-MKS-H.jpg\" \/>\n\t<meta property=\"og:image:width\" content=\"1571\" \/>\n\t<meta property=\"og:image:height\" content=\"2405\" \/>\n\t<meta property=\"og:image:type\" content=\"image\/jpeg\" \/>\n<meta name=\"twitter:card\" content=\"summary_large_image\" \/>\n<script type=\"application\/ld+json\" class=\"yoast-schema-graph\">{\"@context\":\"https:\/\/schema.org\",\"@graph\":[{\"@type\":\"WebPage\",\"@id\":\"https:\/\/www.alucomfort.be\/product\/kiepsysteem-met-handpomp-voor-afvalcontainers\/\",\"url\":\"https:\/\/www.alucomfort.be\/product\/kiepsysteem-met-handpomp-voor-afvalcontainers\/\",\"name\":\"Basculeur mobile pour poubelles avec pompe manuelle | Alu Comfort |\",\"isPartOf\":{\"@id\":\"https:\/\/www.alucomfort.be\/#website\"},\"primaryImageOfPage\":{\"@id\":\"https:\/\/www.alucomfort.be\/product\/kiepsysteem-met-handpomp-voor-afvalcontainers\/#primaryimage\"},\"image\":{\"@id\":\"https:\/\/www.alucomfort.be\/product\/kiepsysteem-met-handpomp-voor-afvalcontainers\/#primaryimage\"},\"thumbnailUrl\":\"https:\/\/www.alucomfort.be\/wp-content\/uploads\/Basculeur-mobile-pour-poubelles-avec-pompe-MKS-H.jpg\",\"datePublished\":\"2019-10-14T08:36:53+00:00\",\"dateModified\":\"2025-06-12T20:57:04+00:00\",\"description\":\"Trouvez le poste de vidage id\u00e9al pour vider rapidement et efficacement vos conteneurs \u00e0 d\u00e9chets de 120L et 240L. D\u00e9couvrez ici toutes nos solutions pour la gestion de vos poubelles.\",\"breadcrumb\":{\"@id\":\"https:\/\/www.alucomfort.be\/product\/kiepsysteem-met-handpomp-voor-afvalcontainers\/#breadcrumb\"},\"inLanguage\":\"fr-FR\",\"potentialAction\":[{\"@type\":\"ReadAction\",\"target\":[\"https:\/\/www.alucomfort.be\/product\/kiepsysteem-met-handpomp-voor-afvalcontainers\/\"]}]},{\"@type\":\"ImageObject\",\"inLanguage\":\"fr-FR\",\"@id\":\"https:\/\/www.alucomfort.be\/product\/kiepsysteem-met-handpomp-voor-afvalcontainers\/#primaryimage\",\"url\":\"https:\/\/www.alucomfort.be\/wp-content\/uploads\/Basculeur-mobile-pour-poubelles-avec-pompe-MKS-H.jpg\",\"contentUrl\":\"https:\/\/www.alucomfort.be\/wp-content\/uploads\/Basculeur-mobile-pour-poubelles-avec-pompe-MKS-H.jpg\",\"width\":1571,\"height\":2405,\"caption\":\"Basculeur mobile pour poubelles avec pompe-MKS-H\"},{\"@type\":\"BreadcrumbList\",\"@id\":\"https:\/\/www.alucomfort.be\/product\/kiepsysteem-met-handpomp-voor-afvalcontainers\/#breadcrumb\",\"itemListElement\":[{\"@type\":\"ListItem\",\"position\":1,\"name\":\"Home\",\"item\":\"https:\/\/www.alucomfort.be\/fr\/\"},{\"@type\":\"ListItem\",\"position\":2,\"name\":\"Producten\",\"item\":\"https:\/\/www.alucomfort.be\/producten\/\"},{\"@type\":\"ListItem\",\"position\":3,\"name\":\"Basculeur mobile pour poubelles avec pompe manuelle\"}]},{\"@type\":\"WebSite\",\"@id\":\"https:\/\/www.alucomfort.be\/#website\",\"url\":\"https:\/\/www.alucomfort.be\/\",\"name\":\"Alu Comfort\",\"description\":\"\",\"potentialAction\":[{\"@type\":\"SearchAction\",\"target\":{\"@type\":\"EntryPoint\",\"urlTemplate\":\"https:\/\/www.alucomfort.be\/?s={search_term_string}\"},\"query-input\":{\"@type\":\"PropertyValueSpecification\",\"valueRequired\":true,\"valueName\":\"search_term_string\"}}],\"inLanguage\":\"fr-FR\"}]}<\/script>\n<!-- \/ Yoast SEO plugin. -->","yoast_head_json":{"title":"Basculeur mobile pour poubelles avec pompe manuelle | Alu Comfort |","description":"Trouvez le poste de vidage id\u00e9al pour vider rapidement et efficacement vos conteneurs \u00e0 d\u00e9chets de 120L et 240L. D\u00e9couvrez ici toutes nos solutions pour la gestion de vos poubelles.","robots":{"index":"index","follow":"follow","max-snippet":"max-snippet:-1","max-image-preview":"max-image-preview:large","max-video-preview":"max-video-preview:-1"},"canonical":"https:\/\/www.alucomfort.be\/product\/kiepsysteem-met-handpomp-voor-afvalcontainers\/","og_locale":"fr_FR","og_type":"article","og_title":"Basculeur mobile pour poubelles avec pompe manuelle | Alu Comfort |","og_description":"Trouvez le poste de vidage id\u00e9al pour vider rapidement et efficacement vos conteneurs \u00e0 d\u00e9chets de 120L et 240L. D\u00e9couvrez ici toutes nos solutions pour la gestion de vos poubelles.","og_url":"https:\/\/www.alucomfort.be\/product\/kiepsysteem-met-handpomp-voor-afvalcontainers\/","og_site_name":"Alu Comfort","article_modified_time":"2025-06-12T20:57:04+00:00","og_image":[{"width":1571,"height":2405,"url":"https:\/\/www.alucomfort.be\/wp-content\/uploads\/Basculeur-mobile-pour-poubelles-avec-pompe-MKS-H.jpg","type":"image\/jpeg"}],"twitter_card":"summary_large_image","schema":{"@context":"https:\/\/schema.org","@graph":[{"@type":"WebPage","@id":"https:\/\/www.alucomfort.be\/product\/kiepsysteem-met-handpomp-voor-afvalcontainers\/","url":"https:\/\/www.alucomfort.be\/product\/kiepsysteem-met-handpomp-voor-afvalcontainers\/","name":"Basculeur mobile pour poubelles avec pompe manuelle | Alu Comfort |","isPartOf":{"@id":"https:\/\/www.alucomfort.be\/#website"},"primaryImageOfPage":{"@id":"https:\/\/www.alucomfort.be\/product\/kiepsysteem-met-handpomp-voor-afvalcontainers\/#primaryimage"},"image":{"@id":"https:\/\/www.alucomfort.be\/product\/kiepsysteem-met-handpomp-voor-afvalcontainers\/#primaryimage"},"thumbnailUrl":"https:\/\/www.alucomfort.be\/wp-content\/uploads\/Basculeur-mobile-pour-poubelles-avec-pompe-MKS-H.jpg","datePublished":"2019-10-14T08:36:53+00:00","dateModified":"2025-06-12T20:57:04+00:00","description":"Trouvez le poste de vidage id\u00e9al pour vider rapidement et efficacement vos conteneurs \u00e0 d\u00e9chets de 120L et 240L. D\u00e9couvrez ici toutes nos solutions pour la gestion de vos poubelles.","breadcrumb":{"@id":"https:\/\/www.alucomfort.be\/product\/kiepsysteem-met-handpomp-voor-afvalcontainers\/#breadcrumb"},"inLanguage":"fr-FR","potentialAction":[{"@type":"ReadAction","target":["https:\/\/www.alucomfort.be\/product\/kiepsysteem-met-handpomp-voor-afvalcontainers\/"]}]},{"@type":"ImageObject","inLanguage":"fr-FR","@id":"https:\/\/www.alucomfort.be\/product\/kiepsysteem-met-handpomp-voor-afvalcontainers\/#primaryimage","url":"https:\/\/www.alucomfort.be\/wp-content\/uploads\/Basculeur-mobile-pour-poubelles-avec-pompe-MKS-H.jpg","contentUrl":"https:\/\/www.alucomfort.be\/wp-content\/uploads\/Basculeur-mobile-pour-poubelles-avec-pompe-MKS-H.jpg","width":1571,"height":2405,"caption":"Basculeur mobile pour poubelles avec pompe-MKS-H"},{"@type":"BreadcrumbList","@id":"https:\/\/www.alucomfort.be\/product\/kiepsysteem-met-handpomp-voor-afvalcontainers\/#breadcrumb","itemListElement":[{"@type":"ListItem","position":1,"name":"Home","item":"https:\/\/www.alucomfort.be\/fr\/"},{"@type":"ListItem","position":2,"name":"Producten","item":"https:\/\/www.alucomfort.be\/producten\/"},{"@type":"ListItem","position":3,"name":"Basculeur mobile pour poubelles avec pompe manuelle"}]},{"@type":"WebSite","@id":"https:\/\/www.alucomfort.be\/#website","url":"https:\/\/www.alucomfort.be\/","name":"Alu Comfort","description":"","potentialAction":[{"@type":"SearchAction","target":{"@type":"EntryPoint","urlTemplate":"https:\/\/www.alucomfort.be\/?s={search_term_string}"},"query-input":{"@type":"PropertyValueSpecification","valueRequired":true,"valueName":"search_term_string"}}],"inLanguage":"fr-FR"}]}},"_links":{"self":[{"href":"https:\/\/www.alucomfort.be\/fr\/wp-json\/wp\/v2\/product\/181102","targetHints":{"allow":["GET"]}}],"collection":[{"href":"https:\/\/www.alucomfort.be\/fr\/wp-json\/wp\/v2\/product"}],"about":[{"href":"https:\/\/www.alucomfort.be\/fr\/wp-json\/wp\/v2\/types\/product"}],"wp:featuredmedia":[{"embeddable":true,"href":"https:\/\/www.alucomfort.be\/fr\/wp-json\/wp\/v2\/media\/224236"}],"wp:attachment":[{"href":"https:\/\/www.alucomfort.be\/fr\/wp-json\/wp\/v2\/media?parent=181102"}],"wp:term":[{"taxonomy":"product_brand","embeddable":true,"href":"https:\/\/www.alucomfort.be\/fr\/wp-json\/wp\/v2\/product_brand?post=181102"},{"taxonomy":"product_cat","embeddable":true,"href":"https:\/\/www.alucomfort.be\/fr\/wp-json\/wp\/v2\/product_cat?post=181102"},{"taxonomy":"product_tag","embeddable":true,"href":"https:\/\/www.alucomfort.be\/fr\/wp-json\/wp\/v2\/product_tag?post=181102"}],"curies":[{"name":"wp","href":"https:\/\/api.w.org\/{rel}","templated":true}]}}