

{"id":181114,"date":"2019-10-14T10:37:02","date_gmt":"2019-10-14T08:37:02","guid":{"rendered":"https:\/\/www.alucomfort.be\/product\/basculeurs-mobile-de-poubelles-avec-pompe-a-pied\/"},"modified":"2025-06-12T22:57:15","modified_gmt":"2025-06-12T20:57:15","slug":"basculeurs-mobile-de-poubelles-avec-pompe-a-pied","status":"publish","type":"product","link":"https:\/\/www.alucomfort.be\/fr\/product\/basculeurs-mobile-de-poubelles-avec-pompe-a-pied\/","title":{"rendered":"Basculeur mobile pour poubelles avec pompe \u00e0 pied"},"content":{"rendered":"<p>* Basculeurs\/\u00e9l\u00e9vateurs mobiles pour poubelles.  Convient pour le vidage et le nettoyage de poubelles de 120 et 240 litres (conformes CE), *Angle de basculement jusqu\u0092\u00e0 135\u00b0 avec une hauteur de d\u00e9versement d\u0092environ 1480 mm, * Environ 30 coups de levier n\u00e9cessaires pour un basculement complet de la poubelle,  * \u00c9quip\u00e9 de 2 roulettes pivotantes (dont 1 avec frein) et 2 roulettes fixes (\u00f8 180 mm).<\/p>\n","protected":false},"excerpt":{"rendered":"<p>Dispositif pour le vidage de conteneurs \u00e0 d\u00e9chets de 120 et 240 litres<\/p>\n","protected":false},"featured_media":224242,"template":"","meta":{"_acf_changed":false},"product_brand":[],"product_cat":[2311],"product_tag":[],"class_list":{"0":"post-181114","1":"product","2":"type-product","3":"status-publish","4":"has-post-thumbnail","6":"product_cat-conteneurs-de-120l-et-240l-basculeurs-mobiles-transport","8":"first","9":"outofstock","10":"taxable","11":"shipping-taxable","12":"purchasable","13":"product-type-variable"},"acf":[],"yoast_head":"<!-- This site is optimized with the Yoast SEO plugin v24.8.1 - https:\/\/yoast.com\/wordpress\/plugins\/seo\/ -->\n<title>Dispositif pour le vidage de conteneurs \u00e0 d\u00e9chets de 120 et 240 litres | Alu Comfort |<\/title>\n<meta name=\"description\" content=\"D\u00e9versement et nettoyage des poubelles de 120 et 240 litres. Pour un environnement de travail s\u00e9curis\u00e9 et hygi\u00e9nique. Contactez-Nous!\" \/>\n<meta name=\"robots\" content=\"index, follow, max-snippet:-1, max-image-preview:large, max-video-preview:-1\" \/>\n<link rel=\"canonical\" href=\"https:\/\/www.alucomfort.be\/product\/kiepsysteem-met-voetpomp-voor-afvalcontainers\/\" \/>\n<meta property=\"og:locale\" content=\"fr_FR\" \/>\n<meta property=\"og:type\" content=\"article\" \/>\n<meta property=\"og:title\" content=\"Dispositif pour le vidage de conteneurs \u00e0 d\u00e9chets de 120 et 240 litres | Alu Comfort |\" \/>\n<meta property=\"og:description\" content=\"D\u00e9versement et nettoyage des poubelles de 120 et 240 litres. Pour un environnement de travail s\u00e9curis\u00e9 et hygi\u00e9nique. Contactez-Nous!\" \/>\n<meta property=\"og:url\" content=\"https:\/\/www.alucomfort.be\/product\/kiepsysteem-met-voetpomp-voor-afvalcontainers\/\" \/>\n<meta property=\"og:site_name\" content=\"Alu Comfort\" \/>\n<meta property=\"article:modified_time\" content=\"2025-06-12T20:57:15+00:00\" \/>\n<meta property=\"og:image\" content=\"https:\/\/www.alucomfort.be\/wp-content\/uploads\/Kiepsysteem-voor-afvalcontainers-met-pomp-MKS-F.jpg\" \/>\n\t<meta property=\"og:image:width\" content=\"1920\" \/>\n\t<meta property=\"og:image:height\" content=\"3014\" \/>\n\t<meta property=\"og:image:type\" content=\"image\/jpeg\" \/>\n<meta name=\"twitter:card\" content=\"summary_large_image\" \/>\n<script type=\"application\/ld+json\" class=\"yoast-schema-graph\">{\"@context\":\"https:\/\/schema.org\",\"@graph\":[{\"@type\":\"WebPage\",\"@id\":\"https:\/\/www.alucomfort.be\/product\/kiepsysteem-met-voetpomp-voor-afvalcontainers\/\",\"url\":\"https:\/\/www.alucomfort.be\/product\/kiepsysteem-met-voetpomp-voor-afvalcontainers\/\",\"name\":\"Dispositif pour le vidage de conteneurs \u00e0 d\u00e9chets de 120 et 240 litres | Alu Comfort |\",\"isPartOf\":{\"@id\":\"https:\/\/www.alucomfort.be\/#website\"},\"primaryImageOfPage\":{\"@id\":\"https:\/\/www.alucomfort.be\/product\/kiepsysteem-met-voetpomp-voor-afvalcontainers\/#primaryimage\"},\"image\":{\"@id\":\"https:\/\/www.alucomfort.be\/product\/kiepsysteem-met-voetpomp-voor-afvalcontainers\/#primaryimage\"},\"thumbnailUrl\":\"https:\/\/www.alucomfort.be\/wp-content\/uploads\/Kiepsysteem-voor-afvalcontainers-met-pomp-MKS-F.jpg\",\"datePublished\":\"2019-10-14T08:37:02+00:00\",\"dateModified\":\"2025-06-12T20:57:15+00:00\",\"description\":\"D\u00e9versement et nettoyage des poubelles de 120 et 240 litres. Pour un environnement de travail s\u00e9curis\u00e9 et hygi\u00e9nique. Contactez-Nous!\",\"breadcrumb\":{\"@id\":\"https:\/\/www.alucomfort.be\/product\/kiepsysteem-met-voetpomp-voor-afvalcontainers\/#breadcrumb\"},\"inLanguage\":\"fr-FR\",\"potentialAction\":[{\"@type\":\"ReadAction\",\"target\":[\"https:\/\/www.alucomfort.be\/product\/kiepsysteem-met-voetpomp-voor-afvalcontainers\/\"]}]},{\"@type\":\"ImageObject\",\"inLanguage\":\"fr-FR\",\"@id\":\"https:\/\/www.alucomfort.be\/product\/kiepsysteem-met-voetpomp-voor-afvalcontainers\/#primaryimage\",\"url\":\"https:\/\/www.alucomfort.be\/wp-content\/uploads\/Kiepsysteem-voor-afvalcontainers-met-pomp-MKS-F.jpg\",\"contentUrl\":\"https:\/\/www.alucomfort.be\/wp-content\/uploads\/Kiepsysteem-voor-afvalcontainers-met-pomp-MKS-F.jpg\",\"width\":1920,\"height\":3014,\"caption\":\"Onze kantelaar voor afvalcontainers is de meest ergonomische oplossing om afvalcontainers van 120 liter of 240 liter snel en veilig leeg te maken.\"},{\"@type\":\"BreadcrumbList\",\"@id\":\"https:\/\/www.alucomfort.be\/product\/kiepsysteem-met-voetpomp-voor-afvalcontainers\/#breadcrumb\",\"itemListElement\":[{\"@type\":\"ListItem\",\"position\":1,\"name\":\"Home\",\"item\":\"https:\/\/www.alucomfort.be\/fr\/\"},{\"@type\":\"ListItem\",\"position\":2,\"name\":\"Producten\",\"item\":\"https:\/\/www.alucomfort.be\/producten\/\"},{\"@type\":\"ListItem\",\"position\":3,\"name\":\"Basculeur mobile pour poubelles avec pompe \u00e0 pied\"}]},{\"@type\":\"WebSite\",\"@id\":\"https:\/\/www.alucomfort.be\/#website\",\"url\":\"https:\/\/www.alucomfort.be\/\",\"name\":\"Alu Comfort\",\"description\":\"\",\"potentialAction\":[{\"@type\":\"SearchAction\",\"target\":{\"@type\":\"EntryPoint\",\"urlTemplate\":\"https:\/\/www.alucomfort.be\/?s={search_term_string}\"},\"query-input\":{\"@type\":\"PropertyValueSpecification\",\"valueRequired\":true,\"valueName\":\"search_term_string\"}}],\"inLanguage\":\"fr-FR\"}]}<\/script>\n<!-- \/ Yoast SEO plugin. -->","yoast_head_json":{"title":"Dispositif pour le vidage de conteneurs \u00e0 d\u00e9chets de 120 et 240 litres | Alu Comfort |","description":"D\u00e9versement et nettoyage des poubelles de 120 et 240 litres. Pour un environnement de travail s\u00e9curis\u00e9 et hygi\u00e9nique. Contactez-Nous!","robots":{"index":"index","follow":"follow","max-snippet":"max-snippet:-1","max-image-preview":"max-image-preview:large","max-video-preview":"max-video-preview:-1"},"canonical":"https:\/\/www.alucomfort.be\/product\/kiepsysteem-met-voetpomp-voor-afvalcontainers\/","og_locale":"fr_FR","og_type":"article","og_title":"Dispositif pour le vidage de conteneurs \u00e0 d\u00e9chets de 120 et 240 litres | Alu Comfort |","og_description":"D\u00e9versement et nettoyage des poubelles de 120 et 240 litres. Pour un environnement de travail s\u00e9curis\u00e9 et hygi\u00e9nique. Contactez-Nous!","og_url":"https:\/\/www.alucomfort.be\/product\/kiepsysteem-met-voetpomp-voor-afvalcontainers\/","og_site_name":"Alu Comfort","article_modified_time":"2025-06-12T20:57:15+00:00","og_image":[{"width":1920,"height":3014,"url":"https:\/\/www.alucomfort.be\/wp-content\/uploads\/Kiepsysteem-voor-afvalcontainers-met-pomp-MKS-F.jpg","type":"image\/jpeg"}],"twitter_card":"summary_large_image","schema":{"@context":"https:\/\/schema.org","@graph":[{"@type":"WebPage","@id":"https:\/\/www.alucomfort.be\/product\/kiepsysteem-met-voetpomp-voor-afvalcontainers\/","url":"https:\/\/www.alucomfort.be\/product\/kiepsysteem-met-voetpomp-voor-afvalcontainers\/","name":"Dispositif pour le vidage de conteneurs \u00e0 d\u00e9chets de 120 et 240 litres | Alu Comfort |","isPartOf":{"@id":"https:\/\/www.alucomfort.be\/#website"},"primaryImageOfPage":{"@id":"https:\/\/www.alucomfort.be\/product\/kiepsysteem-met-voetpomp-voor-afvalcontainers\/#primaryimage"},"image":{"@id":"https:\/\/www.alucomfort.be\/product\/kiepsysteem-met-voetpomp-voor-afvalcontainers\/#primaryimage"},"thumbnailUrl":"https:\/\/www.alucomfort.be\/wp-content\/uploads\/Kiepsysteem-voor-afvalcontainers-met-pomp-MKS-F.jpg","datePublished":"2019-10-14T08:37:02+00:00","dateModified":"2025-06-12T20:57:15+00:00","description":"D\u00e9versement et nettoyage des poubelles de 120 et 240 litres. Pour un environnement de travail s\u00e9curis\u00e9 et hygi\u00e9nique. Contactez-Nous!","breadcrumb":{"@id":"https:\/\/www.alucomfort.be\/product\/kiepsysteem-met-voetpomp-voor-afvalcontainers\/#breadcrumb"},"inLanguage":"fr-FR","potentialAction":[{"@type":"ReadAction","target":["https:\/\/www.alucomfort.be\/product\/kiepsysteem-met-voetpomp-voor-afvalcontainers\/"]}]},{"@type":"ImageObject","inLanguage":"fr-FR","@id":"https:\/\/www.alucomfort.be\/product\/kiepsysteem-met-voetpomp-voor-afvalcontainers\/#primaryimage","url":"https:\/\/www.alucomfort.be\/wp-content\/uploads\/Kiepsysteem-voor-afvalcontainers-met-pomp-MKS-F.jpg","contentUrl":"https:\/\/www.alucomfort.be\/wp-content\/uploads\/Kiepsysteem-voor-afvalcontainers-met-pomp-MKS-F.jpg","width":1920,"height":3014,"caption":"Onze kantelaar voor afvalcontainers is de meest ergonomische oplossing om afvalcontainers van 120 liter of 240 liter snel en veilig leeg te maken."},{"@type":"BreadcrumbList","@id":"https:\/\/www.alucomfort.be\/product\/kiepsysteem-met-voetpomp-voor-afvalcontainers\/#breadcrumb","itemListElement":[{"@type":"ListItem","position":1,"name":"Home","item":"https:\/\/www.alucomfort.be\/fr\/"},{"@type":"ListItem","position":2,"name":"Producten","item":"https:\/\/www.alucomfort.be\/producten\/"},{"@type":"ListItem","position":3,"name":"Basculeur mobile pour poubelles avec pompe \u00e0 pied"}]},{"@type":"WebSite","@id":"https:\/\/www.alucomfort.be\/#website","url":"https:\/\/www.alucomfort.be\/","name":"Alu Comfort","description":"","potentialAction":[{"@type":"SearchAction","target":{"@type":"EntryPoint","urlTemplate":"https:\/\/www.alucomfort.be\/?s={search_term_string}"},"query-input":{"@type":"PropertyValueSpecification","valueRequired":true,"valueName":"search_term_string"}}],"inLanguage":"fr-FR"}]}},"_links":{"self":[{"href":"https:\/\/www.alucomfort.be\/fr\/wp-json\/wp\/v2\/product\/181114","targetHints":{"allow":["GET"]}}],"collection":[{"href":"https:\/\/www.alucomfort.be\/fr\/wp-json\/wp\/v2\/product"}],"about":[{"href":"https:\/\/www.alucomfort.be\/fr\/wp-json\/wp\/v2\/types\/product"}],"wp:featuredmedia":[{"embeddable":true,"href":"https:\/\/www.alucomfort.be\/fr\/wp-json\/wp\/v2\/media\/224242"}],"wp:attachment":[{"href":"https:\/\/www.alucomfort.be\/fr\/wp-json\/wp\/v2\/media?parent=181114"}],"wp:term":[{"taxonomy":"product_brand","embeddable":true,"href":"https:\/\/www.alucomfort.be\/fr\/wp-json\/wp\/v2\/product_brand?post=181114"},{"taxonomy":"product_cat","embeddable":true,"href":"https:\/\/www.alucomfort.be\/fr\/wp-json\/wp\/v2\/product_cat?post=181114"},{"taxonomy":"product_tag","embeddable":true,"href":"https:\/\/www.alucomfort.be\/fr\/wp-json\/wp\/v2\/product_tag?post=181114"}],"curies":[{"name":"wp","href":"https:\/\/api.w.org\/{rel}","templated":true}]}}