

{"id":181138,"date":"2019-10-14T10:37:22","date_gmt":"2019-10-14T08:37:22","guid":{"rendered":"https:\/\/www.alucomfort.be\/product\/basculeurs-mobile-de-poubelles-electro-hydraulique-12v\/"},"modified":"2025-06-12T22:57:49","modified_gmt":"2025-06-12T20:57:49","slug":"basculeurs-mobile-de-poubelles-electro-hydraulique-12v","status":"publish","type":"product","link":"https:\/\/www.alucomfort.be\/fr\/product\/basculeurs-mobile-de-poubelles-electro-hydraulique-12v\/","title":{"rendered":"Basculeur mobile pour poubelles &#8211; electro-hydraulique 12V"},"content":{"rendered":"<p>* Basculeurs\/\u00e9l\u00e9vateurs mobiles pour poubelles.  Convient pour le vidage et le nettoyage de poubelles de 120 et 240 litres (conformes CE), * Version \u00e9lectro-hydraulique en 12V, *Angle de basculement jusqu\u0092\u00e0 135\u00b0 avec une hauteur de d\u00e9versement d\u0092environ 1480 mm, * \u00c9quip\u00e9 de 2 roulettes pivotantes (dont 1 avec frein) et 2 roulettes fixes (\u00f8 180 mm).<\/p>\n","protected":false},"excerpt":{"rendered":"<p>Version sur batterie.  D\u00e9versement et nettoyage des poubelles de 120 et 240 litres electro-hydraulique 12V.<\/p>\n","protected":false},"featured_media":224244,"template":"","meta":{"_acf_changed":false},"product_brand":[],"product_cat":[2311],"product_tag":[],"class_list":{"0":"post-181138","1":"product","2":"type-product","3":"status-publish","4":"has-post-thumbnail","6":"product_cat-conteneurs-de-120l-et-240l-basculeurs-mobiles-transport","8":"first","9":"outofstock","10":"featured","11":"taxable","12":"shipping-taxable","13":"purchasable","14":"product-type-variable"},"acf":[],"yoast_head":"<!-- This site is optimized with the Yoast SEO plugin v24.8.1 - https:\/\/yoast.com\/wordpress\/plugins\/seo\/ -->\n<title>Basculeur mobile de poubelles - electro-hydraulique 12V | Alu Comfort |<\/title>\n<meta name=\"description\" content=\"D\u00e9versement et nettoyage des poubelles de 120 et 240 litres avec notre basculeur electro-hydraulique 12V.\" \/>\n<meta name=\"robots\" content=\"index, follow, max-snippet:-1, max-image-preview:large, max-video-preview:-1\" \/>\n<link rel=\"canonical\" href=\"https:\/\/www.alucomfort.be\/product\/kipsysteem-electrohydraulisch-12v-voor-afvalcontainers\/\" \/>\n<meta property=\"og:locale\" content=\"fr_FR\" \/>\n<meta property=\"og:type\" content=\"article\" \/>\n<meta property=\"og:title\" content=\"Basculeur mobile de poubelles - electro-hydraulique 12V | Alu Comfort |\" \/>\n<meta property=\"og:description\" content=\"D\u00e9versement et nettoyage des poubelles de 120 et 240 litres avec notre basculeur electro-hydraulique 12V.\" \/>\n<meta property=\"og:url\" content=\"https:\/\/www.alucomfort.be\/product\/kipsysteem-electrohydraulisch-12v-voor-afvalcontainers\/\" \/>\n<meta property=\"og:site_name\" content=\"Alu Comfort\" \/>\n<meta property=\"article:modified_time\" content=\"2025-06-12T20:57:49+00:00\" \/>\n<meta property=\"og:image\" content=\"https:\/\/www.alucomfort.be\/wp-content\/uploads\/Kieptoestel-Voor-Afvalcontainers-GFT-12V.jpg\" \/>\n\t<meta property=\"og:image:width\" content=\"1920\" \/>\n\t<meta property=\"og:image:height\" content=\"2218\" \/>\n\t<meta property=\"og:image:type\" content=\"image\/jpeg\" \/>\n<meta name=\"twitter:card\" content=\"summary_large_image\" \/>\n<script type=\"application\/ld+json\" class=\"yoast-schema-graph\">{\"@context\":\"https:\/\/schema.org\",\"@graph\":[{\"@type\":\"WebPage\",\"@id\":\"https:\/\/www.alucomfort.be\/product\/kipsysteem-electrohydraulisch-12v-voor-afvalcontainers\/\",\"url\":\"https:\/\/www.alucomfort.be\/product\/kipsysteem-electrohydraulisch-12v-voor-afvalcontainers\/\",\"name\":\"Basculeur mobile de poubelles - electro-hydraulique 12V | Alu Comfort |\",\"isPartOf\":{\"@id\":\"https:\/\/www.alucomfort.be\/#website\"},\"primaryImageOfPage\":{\"@id\":\"https:\/\/www.alucomfort.be\/product\/kipsysteem-electrohydraulisch-12v-voor-afvalcontainers\/#primaryimage\"},\"image\":{\"@id\":\"https:\/\/www.alucomfort.be\/product\/kipsysteem-electrohydraulisch-12v-voor-afvalcontainers\/#primaryimage\"},\"thumbnailUrl\":\"https:\/\/www.alucomfort.be\/wp-content\/uploads\/Kieptoestel-Voor-Afvalcontainers-GFT-12V.jpg\",\"datePublished\":\"2019-10-14T08:37:22+00:00\",\"dateModified\":\"2025-06-12T20:57:49+00:00\",\"description\":\"D\u00e9versement et nettoyage des poubelles de 120 et 240 litres avec notre basculeur electro-hydraulique 12V.\",\"breadcrumb\":{\"@id\":\"https:\/\/www.alucomfort.be\/product\/kipsysteem-electrohydraulisch-12v-voor-afvalcontainers\/#breadcrumb\"},\"inLanguage\":\"fr-FR\",\"potentialAction\":[{\"@type\":\"ReadAction\",\"target\":[\"https:\/\/www.alucomfort.be\/product\/kipsysteem-electrohydraulisch-12v-voor-afvalcontainers\/\"]}]},{\"@type\":\"ImageObject\",\"inLanguage\":\"fr-FR\",\"@id\":\"https:\/\/www.alucomfort.be\/product\/kipsysteem-electrohydraulisch-12v-voor-afvalcontainers\/#primaryimage\",\"url\":\"https:\/\/www.alucomfort.be\/wp-content\/uploads\/Kieptoestel-Voor-Afvalcontainers-GFT-12V.jpg\",\"contentUrl\":\"https:\/\/www.alucomfort.be\/wp-content\/uploads\/Kieptoestel-Voor-Afvalcontainers-GFT-12V.jpg\",\"width\":1920,\"height\":2218,\"caption\":\"Kieptoestel_Voor_Afvalcontainers_GFT_12V\"},{\"@type\":\"BreadcrumbList\",\"@id\":\"https:\/\/www.alucomfort.be\/product\/kipsysteem-electrohydraulisch-12v-voor-afvalcontainers\/#breadcrumb\",\"itemListElement\":[{\"@type\":\"ListItem\",\"position\":1,\"name\":\"Home\",\"item\":\"https:\/\/www.alucomfort.be\/fr\/\"},{\"@type\":\"ListItem\",\"position\":2,\"name\":\"Producten\",\"item\":\"https:\/\/www.alucomfort.be\/producten\/\"},{\"@type\":\"ListItem\",\"position\":3,\"name\":\"Basculeur mobile pour poubelles &#8211; electro-hydraulique 12V\"}]},{\"@type\":\"WebSite\",\"@id\":\"https:\/\/www.alucomfort.be\/#website\",\"url\":\"https:\/\/www.alucomfort.be\/\",\"name\":\"Alu Comfort\",\"description\":\"\",\"potentialAction\":[{\"@type\":\"SearchAction\",\"target\":{\"@type\":\"EntryPoint\",\"urlTemplate\":\"https:\/\/www.alucomfort.be\/?s={search_term_string}\"},\"query-input\":{\"@type\":\"PropertyValueSpecification\",\"valueRequired\":true,\"valueName\":\"search_term_string\"}}],\"inLanguage\":\"fr-FR\"}]}<\/script>\n<!-- \/ Yoast SEO plugin. -->","yoast_head_json":{"title":"Basculeur mobile de poubelles - electro-hydraulique 12V | Alu Comfort |","description":"D\u00e9versement et nettoyage des poubelles de 120 et 240 litres avec notre basculeur electro-hydraulique 12V.","robots":{"index":"index","follow":"follow","max-snippet":"max-snippet:-1","max-image-preview":"max-image-preview:large","max-video-preview":"max-video-preview:-1"},"canonical":"https:\/\/www.alucomfort.be\/product\/kipsysteem-electrohydraulisch-12v-voor-afvalcontainers\/","og_locale":"fr_FR","og_type":"article","og_title":"Basculeur mobile de poubelles - electro-hydraulique 12V | Alu Comfort |","og_description":"D\u00e9versement et nettoyage des poubelles de 120 et 240 litres avec notre basculeur electro-hydraulique 12V.","og_url":"https:\/\/www.alucomfort.be\/product\/kipsysteem-electrohydraulisch-12v-voor-afvalcontainers\/","og_site_name":"Alu Comfort","article_modified_time":"2025-06-12T20:57:49+00:00","og_image":[{"width":1920,"height":2218,"url":"https:\/\/www.alucomfort.be\/wp-content\/uploads\/Kieptoestel-Voor-Afvalcontainers-GFT-12V.jpg","type":"image\/jpeg"}],"twitter_card":"summary_large_image","schema":{"@context":"https:\/\/schema.org","@graph":[{"@type":"WebPage","@id":"https:\/\/www.alucomfort.be\/product\/kipsysteem-electrohydraulisch-12v-voor-afvalcontainers\/","url":"https:\/\/www.alucomfort.be\/product\/kipsysteem-electrohydraulisch-12v-voor-afvalcontainers\/","name":"Basculeur mobile de poubelles - electro-hydraulique 12V | Alu Comfort |","isPartOf":{"@id":"https:\/\/www.alucomfort.be\/#website"},"primaryImageOfPage":{"@id":"https:\/\/www.alucomfort.be\/product\/kipsysteem-electrohydraulisch-12v-voor-afvalcontainers\/#primaryimage"},"image":{"@id":"https:\/\/www.alucomfort.be\/product\/kipsysteem-electrohydraulisch-12v-voor-afvalcontainers\/#primaryimage"},"thumbnailUrl":"https:\/\/www.alucomfort.be\/wp-content\/uploads\/Kieptoestel-Voor-Afvalcontainers-GFT-12V.jpg","datePublished":"2019-10-14T08:37:22+00:00","dateModified":"2025-06-12T20:57:49+00:00","description":"D\u00e9versement et nettoyage des poubelles de 120 et 240 litres avec notre basculeur electro-hydraulique 12V.","breadcrumb":{"@id":"https:\/\/www.alucomfort.be\/product\/kipsysteem-electrohydraulisch-12v-voor-afvalcontainers\/#breadcrumb"},"inLanguage":"fr-FR","potentialAction":[{"@type":"ReadAction","target":["https:\/\/www.alucomfort.be\/product\/kipsysteem-electrohydraulisch-12v-voor-afvalcontainers\/"]}]},{"@type":"ImageObject","inLanguage":"fr-FR","@id":"https:\/\/www.alucomfort.be\/product\/kipsysteem-electrohydraulisch-12v-voor-afvalcontainers\/#primaryimage","url":"https:\/\/www.alucomfort.be\/wp-content\/uploads\/Kieptoestel-Voor-Afvalcontainers-GFT-12V.jpg","contentUrl":"https:\/\/www.alucomfort.be\/wp-content\/uploads\/Kieptoestel-Voor-Afvalcontainers-GFT-12V.jpg","width":1920,"height":2218,"caption":"Kieptoestel_Voor_Afvalcontainers_GFT_12V"},{"@type":"BreadcrumbList","@id":"https:\/\/www.alucomfort.be\/product\/kipsysteem-electrohydraulisch-12v-voor-afvalcontainers\/#breadcrumb","itemListElement":[{"@type":"ListItem","position":1,"name":"Home","item":"https:\/\/www.alucomfort.be\/fr\/"},{"@type":"ListItem","position":2,"name":"Producten","item":"https:\/\/www.alucomfort.be\/producten\/"},{"@type":"ListItem","position":3,"name":"Basculeur mobile pour poubelles &#8211; electro-hydraulique 12V"}]},{"@type":"WebSite","@id":"https:\/\/www.alucomfort.be\/#website","url":"https:\/\/www.alucomfort.be\/","name":"Alu Comfort","description":"","potentialAction":[{"@type":"SearchAction","target":{"@type":"EntryPoint","urlTemplate":"https:\/\/www.alucomfort.be\/?s={search_term_string}"},"query-input":{"@type":"PropertyValueSpecification","valueRequired":true,"valueName":"search_term_string"}}],"inLanguage":"fr-FR"}]}},"_links":{"self":[{"href":"https:\/\/www.alucomfort.be\/fr\/wp-json\/wp\/v2\/product\/181138","targetHints":{"allow":["GET"]}}],"collection":[{"href":"https:\/\/www.alucomfort.be\/fr\/wp-json\/wp\/v2\/product"}],"about":[{"href":"https:\/\/www.alucomfort.be\/fr\/wp-json\/wp\/v2\/types\/product"}],"wp:featuredmedia":[{"embeddable":true,"href":"https:\/\/www.alucomfort.be\/fr\/wp-json\/wp\/v2\/media\/224244"}],"wp:attachment":[{"href":"https:\/\/www.alucomfort.be\/fr\/wp-json\/wp\/v2\/media?parent=181138"}],"wp:term":[{"taxonomy":"product_brand","embeddable":true,"href":"https:\/\/www.alucomfort.be\/fr\/wp-json\/wp\/v2\/product_brand?post=181138"},{"taxonomy":"product_cat","embeddable":true,"href":"https:\/\/www.alucomfort.be\/fr\/wp-json\/wp\/v2\/product_cat?post=181138"},{"taxonomy":"product_tag","embeddable":true,"href":"https:\/\/www.alucomfort.be\/fr\/wp-json\/wp\/v2\/product_tag?post=181138"}],"curies":[{"name":"wp","href":"https:\/\/api.w.org\/{rel}","templated":true}]}}