

{"id":181226,"date":"2019-10-14T10:38:33","date_gmt":"2019-10-14T08:38:33","guid":{"rendered":"https:\/\/www.alucomfort.be\/product\/bennes-a-fond-ouvrant-sb-g-cap-100-m%c2%b3-conteneur-grillage\/"},"modified":"2022-02-15T13:52:08","modified_gmt":"2022-02-15T11:52:08","slug":"bennes-a-fond-ouvrant-sb-g-cap-100-m%c2%b3-conteneur-grillage","status":"publish","type":"product","link":"https:\/\/www.alucomfort.be\/fr\/product\/bennes-a-fond-ouvrant-sb-g-cap-100-m%c2%b3-conteneur-grillage\/","title":{"rendered":"Bennes \u00e0 fond ouvrant SB-G &#8211; Cap: 1,00 m\u00b3 &#8211; Conteneur grillag\u00e9"},"content":{"rendered":"<p>* Bennes \u00e0 fonds ouvrant type SB-G pour la collecte des d\u00e9chets, * Bacs basculants grillag\u00e9s pour mat\u00e9riaux \u00e0 faible densit\u00e9 tels que papiers, plastiques, bois ou d\u00e9chets verts, * Un vidage int\u00e9gral par la base et le fond se ferme automatiquement en d\u00e9posant le bac, * Fond en t\u00f4le d&rsquo;acier et des parois en grillag\u00e9es m\u00e9tallique avec des mailles 25 x 25 mm, * Tous les bacs sont s\u00e9curis\u00e9s contre l&rsquo;ouverture du fond inintentionnels et le glissement inintentionnels, * Des options sont des roulettes (2 pivotantes avec freins et 2 roulettes fixes avec diam\u00e8tre 180 mm) ou un ouvercle galvanis\u00e9 ouvrant des deux cot\u00e9s.<\/p>\n","protected":false},"excerpt":{"rendered":"<p>Conteneur grillag\u00e9 avec fond rabattable type SB-G &#8211; Dimensions: 1035 x 1310 x 1160 mm <\/p>\n","protected":false},"featured_media":3611,"template":"","meta":{"_acf_changed":false},"product_brand":[],"product_cat":[8154],"product_tag":[],"class_list":{"0":"post-181226","1":"product","2":"type-product","3":"status-publish","4":"has-post-thumbnail","6":"product_cat-bac-grillages","8":"first","9":"outofstock","10":"taxable","11":"shipping-taxable","12":"purchasable","13":"product-type-variable"},"acf":[],"yoast_head":"<!-- This site is optimized with the Yoast SEO plugin v24.8.1 - https:\/\/yoast.com\/wordpress\/plugins\/seo\/ -->\n<title>Bennes \u00e0 fond ouvrant grillag\u00e9<\/title>\n<meta name=\"description\" content=\"Conteneur grillag\u00e9 pour mat\u00e9riaux \u00e0 faible densit\u00e9 tels que papiers, mati\u00e8res plastiques, bois et d\u00e9chets verts.\" \/>\n<meta name=\"robots\" content=\"index, follow, max-snippet:-1, max-image-preview:large, max-video-preview:-1\" \/>\n<link rel=\"canonical\" href=\"https:\/\/www.alucomfort.be\/product\/gaascontainer-met-bodemklep-sb-g-capaciteit-100-m\u00b3-voor-lichte-goederen\/\" \/>\n<meta property=\"og:locale\" content=\"fr_FR\" \/>\n<meta property=\"og:type\" content=\"article\" \/>\n<meta property=\"og:title\" content=\"Bennes \u00e0 fond ouvrant grillag\u00e9\" \/>\n<meta property=\"og:description\" content=\"Conteneur grillag\u00e9 pour mat\u00e9riaux \u00e0 faible densit\u00e9 tels que papiers, mati\u00e8res plastiques, bois et d\u00e9chets verts.\" \/>\n<meta property=\"og:url\" content=\"https:\/\/www.alucomfort.be\/product\/gaascontainer-met-bodemklep-sb-g-capaciteit-100-m\u00b3-voor-lichte-goederen\/\" \/>\n<meta property=\"og:site_name\" content=\"Alu Comfort\" \/>\n<meta property=\"article:modified_time\" content=\"2022-02-15T11:52:08+00:00\" \/>\n<meta property=\"og:image\" content=\"https:\/\/www.alucomfort.be\/wp-content\/uploads\/BR-SB-G-1.jpg\" \/>\n\t<meta property=\"og:image:width\" content=\"900\" \/>\n\t<meta property=\"og:image:height\" content=\"720\" \/>\n\t<meta property=\"og:image:type\" content=\"image\/jpeg\" \/>\n<meta name=\"twitter:card\" content=\"summary_large_image\" \/>\n<meta name=\"twitter:label1\" content=\"Dur\u00e9e de lecture estim\u00e9e\" \/>\n\t<meta name=\"twitter:data1\" content=\"1 minute\" \/>\n<script type=\"application\/ld+json\" class=\"yoast-schema-graph\">{\"@context\":\"https:\/\/schema.org\",\"@graph\":[{\"@type\":\"WebPage\",\"@id\":\"https:\/\/www.alucomfort.be\/product\/gaascontainer-met-bodemklep-sb-g-capaciteit-100-m%c2%b3-voor-lichte-goederen\/\",\"url\":\"https:\/\/www.alucomfort.be\/product\/gaascontainer-met-bodemklep-sb-g-capaciteit-100-m%c2%b3-voor-lichte-goederen\/\",\"name\":\"Bennes \u00e0 fond ouvrant grillag\u00e9\",\"isPartOf\":{\"@id\":\"https:\/\/www.alucomfort.be\/#website\"},\"primaryImageOfPage\":{\"@id\":\"https:\/\/www.alucomfort.be\/product\/gaascontainer-met-bodemklep-sb-g-capaciteit-100-m%c2%b3-voor-lichte-goederen\/#primaryimage\"},\"image\":{\"@id\":\"https:\/\/www.alucomfort.be\/product\/gaascontainer-met-bodemklep-sb-g-capaciteit-100-m%c2%b3-voor-lichte-goederen\/#primaryimage\"},\"thumbnailUrl\":\"https:\/\/www.alucomfort.be\/wp-content\/uploads\/BR-SB-G-1.jpg\",\"datePublished\":\"2019-10-14T08:38:33+00:00\",\"dateModified\":\"2022-02-15T11:52:08+00:00\",\"description\":\"Conteneur grillag\u00e9 pour mat\u00e9riaux \u00e0 faible densit\u00e9 tels que papiers, mati\u00e8res plastiques, bois et d\u00e9chets verts.\",\"breadcrumb\":{\"@id\":\"https:\/\/www.alucomfort.be\/product\/gaascontainer-met-bodemklep-sb-g-capaciteit-100-m%c2%b3-voor-lichte-goederen\/#breadcrumb\"},\"inLanguage\":\"fr-FR\",\"potentialAction\":[{\"@type\":\"ReadAction\",\"target\":[\"https:\/\/www.alucomfort.be\/product\/gaascontainer-met-bodemklep-sb-g-capaciteit-100-m%c2%b3-voor-lichte-goederen\/\"]}]},{\"@type\":\"ImageObject\",\"inLanguage\":\"fr-FR\",\"@id\":\"https:\/\/www.alucomfort.be\/product\/gaascontainer-met-bodemklep-sb-g-capaciteit-100-m%c2%b3-voor-lichte-goederen\/#primaryimage\",\"url\":\"https:\/\/www.alucomfort.be\/wp-content\/uploads\/BR-SB-G-1.jpg\",\"contentUrl\":\"https:\/\/www.alucomfort.be\/wp-content\/uploads\/BR-SB-G-1.jpg\",\"width\":900,\"height\":720},{\"@type\":\"BreadcrumbList\",\"@id\":\"https:\/\/www.alucomfort.be\/product\/gaascontainer-met-bodemklep-sb-g-capaciteit-100-m%c2%b3-voor-lichte-goederen\/#breadcrumb\",\"itemListElement\":[{\"@type\":\"ListItem\",\"position\":1,\"name\":\"Home\",\"item\":\"https:\/\/www.alucomfort.be\/fr\/\"},{\"@type\":\"ListItem\",\"position\":2,\"name\":\"Producten\",\"item\":\"https:\/\/www.alucomfort.be\/producten\/\"},{\"@type\":\"ListItem\",\"position\":3,\"name\":\"Bennes \u00e0 fond ouvrant SB-G &#8211; Cap: 1,00 m\u00b3 &#8211; Conteneur grillag\u00e9\"}]},{\"@type\":\"WebSite\",\"@id\":\"https:\/\/www.alucomfort.be\/#website\",\"url\":\"https:\/\/www.alucomfort.be\/\",\"name\":\"Alu Comfort\",\"description\":\"\",\"potentialAction\":[{\"@type\":\"SearchAction\",\"target\":{\"@type\":\"EntryPoint\",\"urlTemplate\":\"https:\/\/www.alucomfort.be\/?s={search_term_string}\"},\"query-input\":{\"@type\":\"PropertyValueSpecification\",\"valueRequired\":true,\"valueName\":\"search_term_string\"}}],\"inLanguage\":\"fr-FR\"}]}<\/script>\n<!-- \/ Yoast SEO plugin. -->","yoast_head_json":{"title":"Bennes \u00e0 fond ouvrant grillag\u00e9","description":"Conteneur grillag\u00e9 pour mat\u00e9riaux \u00e0 faible densit\u00e9 tels que papiers, mati\u00e8res plastiques, bois et d\u00e9chets verts.","robots":{"index":"index","follow":"follow","max-snippet":"max-snippet:-1","max-image-preview":"max-image-preview:large","max-video-preview":"max-video-preview:-1"},"canonical":"https:\/\/www.alucomfort.be\/product\/gaascontainer-met-bodemklep-sb-g-capaciteit-100-m\u00b3-voor-lichte-goederen\/","og_locale":"fr_FR","og_type":"article","og_title":"Bennes \u00e0 fond ouvrant grillag\u00e9","og_description":"Conteneur grillag\u00e9 pour mat\u00e9riaux \u00e0 faible densit\u00e9 tels que papiers, mati\u00e8res plastiques, bois et d\u00e9chets verts.","og_url":"https:\/\/www.alucomfort.be\/product\/gaascontainer-met-bodemklep-sb-g-capaciteit-100-m\u00b3-voor-lichte-goederen\/","og_site_name":"Alu Comfort","article_modified_time":"2022-02-15T11:52:08+00:00","og_image":[{"width":900,"height":720,"url":"https:\/\/www.alucomfort.be\/wp-content\/uploads\/BR-SB-G-1.jpg","type":"image\/jpeg"}],"twitter_card":"summary_large_image","twitter_misc":{"Dur\u00e9e de lecture estim\u00e9e":"1 minute"},"schema":{"@context":"https:\/\/schema.org","@graph":[{"@type":"WebPage","@id":"https:\/\/www.alucomfort.be\/product\/gaascontainer-met-bodemklep-sb-g-capaciteit-100-m%c2%b3-voor-lichte-goederen\/","url":"https:\/\/www.alucomfort.be\/product\/gaascontainer-met-bodemklep-sb-g-capaciteit-100-m%c2%b3-voor-lichte-goederen\/","name":"Bennes \u00e0 fond ouvrant grillag\u00e9","isPartOf":{"@id":"https:\/\/www.alucomfort.be\/#website"},"primaryImageOfPage":{"@id":"https:\/\/www.alucomfort.be\/product\/gaascontainer-met-bodemklep-sb-g-capaciteit-100-m%c2%b3-voor-lichte-goederen\/#primaryimage"},"image":{"@id":"https:\/\/www.alucomfort.be\/product\/gaascontainer-met-bodemklep-sb-g-capaciteit-100-m%c2%b3-voor-lichte-goederen\/#primaryimage"},"thumbnailUrl":"https:\/\/www.alucomfort.be\/wp-content\/uploads\/BR-SB-G-1.jpg","datePublished":"2019-10-14T08:38:33+00:00","dateModified":"2022-02-15T11:52:08+00:00","description":"Conteneur grillag\u00e9 pour mat\u00e9riaux \u00e0 faible densit\u00e9 tels que papiers, mati\u00e8res plastiques, bois et d\u00e9chets verts.","breadcrumb":{"@id":"https:\/\/www.alucomfort.be\/product\/gaascontainer-met-bodemklep-sb-g-capaciteit-100-m%c2%b3-voor-lichte-goederen\/#breadcrumb"},"inLanguage":"fr-FR","potentialAction":[{"@type":"ReadAction","target":["https:\/\/www.alucomfort.be\/product\/gaascontainer-met-bodemklep-sb-g-capaciteit-100-m%c2%b3-voor-lichte-goederen\/"]}]},{"@type":"ImageObject","inLanguage":"fr-FR","@id":"https:\/\/www.alucomfort.be\/product\/gaascontainer-met-bodemklep-sb-g-capaciteit-100-m%c2%b3-voor-lichte-goederen\/#primaryimage","url":"https:\/\/www.alucomfort.be\/wp-content\/uploads\/BR-SB-G-1.jpg","contentUrl":"https:\/\/www.alucomfort.be\/wp-content\/uploads\/BR-SB-G-1.jpg","width":900,"height":720},{"@type":"BreadcrumbList","@id":"https:\/\/www.alucomfort.be\/product\/gaascontainer-met-bodemklep-sb-g-capaciteit-100-m%c2%b3-voor-lichte-goederen\/#breadcrumb","itemListElement":[{"@type":"ListItem","position":1,"name":"Home","item":"https:\/\/www.alucomfort.be\/fr\/"},{"@type":"ListItem","position":2,"name":"Producten","item":"https:\/\/www.alucomfort.be\/producten\/"},{"@type":"ListItem","position":3,"name":"Bennes \u00e0 fond ouvrant SB-G &#8211; Cap: 1,00 m\u00b3 &#8211; Conteneur grillag\u00e9"}]},{"@type":"WebSite","@id":"https:\/\/www.alucomfort.be\/#website","url":"https:\/\/www.alucomfort.be\/","name":"Alu Comfort","description":"","potentialAction":[{"@type":"SearchAction","target":{"@type":"EntryPoint","urlTemplate":"https:\/\/www.alucomfort.be\/?s={search_term_string}"},"query-input":{"@type":"PropertyValueSpecification","valueRequired":true,"valueName":"search_term_string"}}],"inLanguage":"fr-FR"}]}},"_links":{"self":[{"href":"https:\/\/www.alucomfort.be\/fr\/wp-json\/wp\/v2\/product\/181226","targetHints":{"allow":["GET"]}}],"collection":[{"href":"https:\/\/www.alucomfort.be\/fr\/wp-json\/wp\/v2\/product"}],"about":[{"href":"https:\/\/www.alucomfort.be\/fr\/wp-json\/wp\/v2\/types\/product"}],"wp:featuredmedia":[{"embeddable":true,"href":"https:\/\/www.alucomfort.be\/fr\/wp-json\/wp\/v2\/media\/3611"}],"wp:attachment":[{"href":"https:\/\/www.alucomfort.be\/fr\/wp-json\/wp\/v2\/media?parent=181226"}],"wp:term":[{"taxonomy":"product_brand","embeddable":true,"href":"https:\/\/www.alucomfort.be\/fr\/wp-json\/wp\/v2\/product_brand?post=181226"},{"taxonomy":"product_cat","embeddable":true,"href":"https:\/\/www.alucomfort.be\/fr\/wp-json\/wp\/v2\/product_cat?post=181226"},{"taxonomy":"product_tag","embeddable":true,"href":"https:\/\/www.alucomfort.be\/fr\/wp-json\/wp\/v2\/product_tag?post=181226"}],"curies":[{"name":"wp","href":"https:\/\/api.w.org\/{rel}","templated":true}]}}