

{"id":183720,"date":"2019-10-14T11:12:12","date_gmt":"2019-10-14T09:12:12","guid":{"rendered":"https:\/\/www.alucomfort.be\/product\/bacs-basculants-cap-060-m%c2%b3-le-bac-basculant-sur-trois-cotes\/"},"modified":"2022-06-06T18:32:04","modified_gmt":"2022-06-06T16:32:04","slug":"bacs-basculants-cap-060-m%c2%b3-le-bac-basculant-sur-trois-cotes","status":"publish","type":"product","link":"https:\/\/www.alucomfort.be\/fr\/product\/bacs-basculants-cap-060-m%c2%b3-le-bac-basculant-sur-trois-cotes\/","title":{"rendered":"Bennes Basculantes &#8211; Cap: 0,60 m\u00b3 &#8211; La benne basculante sur trois cot\u00e9s"},"content":{"rendered":"<p>* La benne basculante sur 3 cot\u00e9s avec r\u00e9glage facile de la direction de basculement vers l&rsquo;avant, \u00e0 gauche ou \u00e0 droite, * Basculement de toute hauteur par commande \u00e0 cable \u00e0 partir du si\u00e8ge du chariot \u00e9levateur, * Les bacs ont une cadre de base tr\u00e8s robuste avec des fourreaux.  T\u00f4le de cuve avec rebord profil\u00e9 sur le pourtour,  * Tous les bacs sont s\u00e9curis\u00e9s contre le basculement et le glissement inintentionnels, *  Des options sont des roulettes (2 pivotantes avec freins et 2 roulettes fixes avec \u00d8 180 mm) ou un couvercle galvanis\u00e9 ouvrant des 2 cot\u00e9s.<\/p>\n","protected":false},"excerpt":{"rendered":"<p>Benne basculante sur 3 cot\u00e9s &#8211; Cap: 0,60 m\u00b3 &#8211; Dim.: 1460 x 1070 x 890 mm &#8211; Charge adm: 1000 kg<\/p>\n","protected":false},"featured_media":3978,"template":"","meta":{"_acf_changed":false},"product_brand":[],"product_cat":[8869],"product_tag":[],"class_list":{"0":"post-183720","1":"product","2":"type-product","3":"status-publish","4":"has-post-thumbnail","6":"product_cat-bennes-basculantes-sur-3-cotes","8":"first","9":"outofstock","10":"taxable","11":"shipping-taxable","12":"purchasable","13":"product-type-variable"},"acf":[],"yoast_head":"<!-- This site is optimized with the Yoast SEO plugin v24.8.1 - https:\/\/yoast.com\/wordpress\/plugins\/seo\/ -->\n<title>Bennes basculantes sur trois cot\u00e9s | Alu Comfort | Sp\u00e9cialiste des bennes basculantes<\/title>\n<meta name=\"description\" content=\"La benne basculable sur 3 cot\u00e9s\" \/>\n<meta name=\"robots\" content=\"index, follow, max-snippet:-1, max-image-preview:large, max-video-preview:-1\" \/>\n<link rel=\"canonical\" href=\"https:\/\/www.alucomfort.be\/product\/kiepcontainer-capaciteit-060-m\u00b3-met-3-zijdige-kiepfunctie\/\" \/>\n<meta property=\"og:locale\" content=\"fr_FR\" \/>\n<meta property=\"og:type\" content=\"article\" \/>\n<meta property=\"og:title\" content=\"Bennes basculantes sur trois cot\u00e9s | Alu Comfort | Sp\u00e9cialiste des bennes basculantes\" \/>\n<meta property=\"og:description\" content=\"La benne basculable sur 3 cot\u00e9s\" \/>\n<meta property=\"og:url\" content=\"https:\/\/www.alucomfort.be\/product\/kiepcontainer-capaciteit-060-m\u00b3-met-3-zijdige-kiepfunctie\/\" \/>\n<meta property=\"og:site_name\" content=\"Alu Comfort\" \/>\n<meta property=\"article:modified_time\" content=\"2022-06-06T16:32:04+00:00\" \/>\n<meta property=\"og:image\" content=\"https:\/\/www.alucomfort.be\/wp-content\/uploads\/BR-3S-3.jpg\" \/>\n\t<meta property=\"og:image:width\" content=\"1272\" \/>\n\t<meta property=\"og:image:height\" content=\"1696\" \/>\n\t<meta property=\"og:image:type\" content=\"image\/jpeg\" \/>\n<meta name=\"twitter:card\" content=\"summary_large_image\" \/>\n<script type=\"application\/ld+json\" class=\"yoast-schema-graph\">{\"@context\":\"https:\/\/schema.org\",\"@graph\":[{\"@type\":\"WebPage\",\"@id\":\"https:\/\/www.alucomfort.be\/product\/kiepcontainer-capaciteit-060-m%c2%b3-met-3-zijdige-kiepfunctie\/\",\"url\":\"https:\/\/www.alucomfort.be\/product\/kiepcontainer-capaciteit-060-m%c2%b3-met-3-zijdige-kiepfunctie\/\",\"name\":\"Bennes basculantes sur trois cot\u00e9s | Alu Comfort | Sp\u00e9cialiste des bennes basculantes\",\"isPartOf\":{\"@id\":\"https:\/\/www.alucomfort.be\/#website\"},\"primaryImageOfPage\":{\"@id\":\"https:\/\/www.alucomfort.be\/product\/kiepcontainer-capaciteit-060-m%c2%b3-met-3-zijdige-kiepfunctie\/#primaryimage\"},\"image\":{\"@id\":\"https:\/\/www.alucomfort.be\/product\/kiepcontainer-capaciteit-060-m%c2%b3-met-3-zijdige-kiepfunctie\/#primaryimage\"},\"thumbnailUrl\":\"https:\/\/www.alucomfort.be\/wp-content\/uploads\/BR-3S-3.jpg\",\"datePublished\":\"2019-10-14T09:12:12+00:00\",\"dateModified\":\"2022-06-06T16:32:04+00:00\",\"description\":\"La benne basculable sur 3 cot\u00e9s\",\"breadcrumb\":{\"@id\":\"https:\/\/www.alucomfort.be\/product\/kiepcontainer-capaciteit-060-m%c2%b3-met-3-zijdige-kiepfunctie\/#breadcrumb\"},\"inLanguage\":\"fr-FR\",\"potentialAction\":[{\"@type\":\"ReadAction\",\"target\":[\"https:\/\/www.alucomfort.be\/product\/kiepcontainer-capaciteit-060-m%c2%b3-met-3-zijdige-kiepfunctie\/\"]}]},{\"@type\":\"ImageObject\",\"inLanguage\":\"fr-FR\",\"@id\":\"https:\/\/www.alucomfort.be\/product\/kiepcontainer-capaciteit-060-m%c2%b3-met-3-zijdige-kiepfunctie\/#primaryimage\",\"url\":\"https:\/\/www.alucomfort.be\/wp-content\/uploads\/BR-3S-3.jpg\",\"contentUrl\":\"https:\/\/www.alucomfort.be\/wp-content\/uploads\/BR-3S-3.jpg\",\"width\":1272,\"height\":1696},{\"@type\":\"BreadcrumbList\",\"@id\":\"https:\/\/www.alucomfort.be\/product\/kiepcontainer-capaciteit-060-m%c2%b3-met-3-zijdige-kiepfunctie\/#breadcrumb\",\"itemListElement\":[{\"@type\":\"ListItem\",\"position\":1,\"name\":\"Home\",\"item\":\"https:\/\/www.alucomfort.be\/fr\/\"},{\"@type\":\"ListItem\",\"position\":2,\"name\":\"Producten\",\"item\":\"https:\/\/www.alucomfort.be\/producten\/\"},{\"@type\":\"ListItem\",\"position\":3,\"name\":\"Bennes Basculantes &#8211; Cap: 0,60 m\u00b3 &#8211; La benne basculante sur trois cot\u00e9s\"}]},{\"@type\":\"WebSite\",\"@id\":\"https:\/\/www.alucomfort.be\/#website\",\"url\":\"https:\/\/www.alucomfort.be\/\",\"name\":\"Alu Comfort\",\"description\":\"\",\"potentialAction\":[{\"@type\":\"SearchAction\",\"target\":{\"@type\":\"EntryPoint\",\"urlTemplate\":\"https:\/\/www.alucomfort.be\/?s={search_term_string}\"},\"query-input\":{\"@type\":\"PropertyValueSpecification\",\"valueRequired\":true,\"valueName\":\"search_term_string\"}}],\"inLanguage\":\"fr-FR\"}]}<\/script>\n<!-- \/ Yoast SEO plugin. -->","yoast_head_json":{"title":"Bennes basculantes sur trois cot\u00e9s | Alu Comfort | Sp\u00e9cialiste des bennes basculantes","description":"La benne basculable sur 3 cot\u00e9s","robots":{"index":"index","follow":"follow","max-snippet":"max-snippet:-1","max-image-preview":"max-image-preview:large","max-video-preview":"max-video-preview:-1"},"canonical":"https:\/\/www.alucomfort.be\/product\/kiepcontainer-capaciteit-060-m\u00b3-met-3-zijdige-kiepfunctie\/","og_locale":"fr_FR","og_type":"article","og_title":"Bennes basculantes sur trois cot\u00e9s | Alu Comfort | Sp\u00e9cialiste des bennes basculantes","og_description":"La benne basculable sur 3 cot\u00e9s","og_url":"https:\/\/www.alucomfort.be\/product\/kiepcontainer-capaciteit-060-m\u00b3-met-3-zijdige-kiepfunctie\/","og_site_name":"Alu Comfort","article_modified_time":"2022-06-06T16:32:04+00:00","og_image":[{"width":1272,"height":1696,"url":"https:\/\/www.alucomfort.be\/wp-content\/uploads\/BR-3S-3.jpg","type":"image\/jpeg"}],"twitter_card":"summary_large_image","schema":{"@context":"https:\/\/schema.org","@graph":[{"@type":"WebPage","@id":"https:\/\/www.alucomfort.be\/product\/kiepcontainer-capaciteit-060-m%c2%b3-met-3-zijdige-kiepfunctie\/","url":"https:\/\/www.alucomfort.be\/product\/kiepcontainer-capaciteit-060-m%c2%b3-met-3-zijdige-kiepfunctie\/","name":"Bennes basculantes sur trois cot\u00e9s | Alu Comfort | Sp\u00e9cialiste des bennes basculantes","isPartOf":{"@id":"https:\/\/www.alucomfort.be\/#website"},"primaryImageOfPage":{"@id":"https:\/\/www.alucomfort.be\/product\/kiepcontainer-capaciteit-060-m%c2%b3-met-3-zijdige-kiepfunctie\/#primaryimage"},"image":{"@id":"https:\/\/www.alucomfort.be\/product\/kiepcontainer-capaciteit-060-m%c2%b3-met-3-zijdige-kiepfunctie\/#primaryimage"},"thumbnailUrl":"https:\/\/www.alucomfort.be\/wp-content\/uploads\/BR-3S-3.jpg","datePublished":"2019-10-14T09:12:12+00:00","dateModified":"2022-06-06T16:32:04+00:00","description":"La benne basculable sur 3 cot\u00e9s","breadcrumb":{"@id":"https:\/\/www.alucomfort.be\/product\/kiepcontainer-capaciteit-060-m%c2%b3-met-3-zijdige-kiepfunctie\/#breadcrumb"},"inLanguage":"fr-FR","potentialAction":[{"@type":"ReadAction","target":["https:\/\/www.alucomfort.be\/product\/kiepcontainer-capaciteit-060-m%c2%b3-met-3-zijdige-kiepfunctie\/"]}]},{"@type":"ImageObject","inLanguage":"fr-FR","@id":"https:\/\/www.alucomfort.be\/product\/kiepcontainer-capaciteit-060-m%c2%b3-met-3-zijdige-kiepfunctie\/#primaryimage","url":"https:\/\/www.alucomfort.be\/wp-content\/uploads\/BR-3S-3.jpg","contentUrl":"https:\/\/www.alucomfort.be\/wp-content\/uploads\/BR-3S-3.jpg","width":1272,"height":1696},{"@type":"BreadcrumbList","@id":"https:\/\/www.alucomfort.be\/product\/kiepcontainer-capaciteit-060-m%c2%b3-met-3-zijdige-kiepfunctie\/#breadcrumb","itemListElement":[{"@type":"ListItem","position":1,"name":"Home","item":"https:\/\/www.alucomfort.be\/fr\/"},{"@type":"ListItem","position":2,"name":"Producten","item":"https:\/\/www.alucomfort.be\/producten\/"},{"@type":"ListItem","position":3,"name":"Bennes Basculantes &#8211; Cap: 0,60 m\u00b3 &#8211; La benne basculante sur trois cot\u00e9s"}]},{"@type":"WebSite","@id":"https:\/\/www.alucomfort.be\/#website","url":"https:\/\/www.alucomfort.be\/","name":"Alu Comfort","description":"","potentialAction":[{"@type":"SearchAction","target":{"@type":"EntryPoint","urlTemplate":"https:\/\/www.alucomfort.be\/?s={search_term_string}"},"query-input":{"@type":"PropertyValueSpecification","valueRequired":true,"valueName":"search_term_string"}}],"inLanguage":"fr-FR"}]}},"_links":{"self":[{"href":"https:\/\/www.alucomfort.be\/fr\/wp-json\/wp\/v2\/product\/183720","targetHints":{"allow":["GET"]}}],"collection":[{"href":"https:\/\/www.alucomfort.be\/fr\/wp-json\/wp\/v2\/product"}],"about":[{"href":"https:\/\/www.alucomfort.be\/fr\/wp-json\/wp\/v2\/types\/product"}],"wp:featuredmedia":[{"embeddable":true,"href":"https:\/\/www.alucomfort.be\/fr\/wp-json\/wp\/v2\/media\/3978"}],"wp:attachment":[{"href":"https:\/\/www.alucomfort.be\/fr\/wp-json\/wp\/v2\/media?parent=183720"}],"wp:term":[{"taxonomy":"product_brand","embeddable":true,"href":"https:\/\/www.alucomfort.be\/fr\/wp-json\/wp\/v2\/product_brand?post=183720"},{"taxonomy":"product_cat","embeddable":true,"href":"https:\/\/www.alucomfort.be\/fr\/wp-json\/wp\/v2\/product_cat?post=183720"},{"taxonomy":"product_tag","embeddable":true,"href":"https:\/\/www.alucomfort.be\/fr\/wp-json\/wp\/v2\/product_tag?post=183720"}],"curies":[{"name":"wp","href":"https:\/\/api.w.org\/{rel}","templated":true}]}}