

{"id":183780,"date":"2019-10-14T11:12:57","date_gmt":"2019-10-14T09:12:57","guid":{"rendered":"https:\/\/www.alucomfort.be\/product\/bacs-basculants-trio-cap-3-x-060-m%c2%b3\/"},"modified":"2022-06-06T20:28:30","modified_gmt":"2022-06-06T18:28:30","slug":"bacs-basculants-trio-cap-3-x-060-m%c2%b3","status":"publish","type":"product","link":"https:\/\/www.alucomfort.be\/fr\/product\/bacs-basculants-trio-cap-3-x-060-m%c2%b3\/","title":{"rendered":"Benne Basculante trio  &#8211; Cap: 3 x 0,60 m\u00b3"},"content":{"rendered":"<p>* Benne basculante version 2 caisses, * Cadre de base robuste avec fourreaux, * T\u00f4le de cuve avec rebord profil\u00e9 sur le pourtour, * Basculement individuel en avant et en arri\u00e8re, * S\u00e9curis\u00e9 contre le basculement et le glissement inintentionnels, * Des options sont des roulettes (2 pivotantes avec freins et 2 roulettes fixes avec \u00d8 180 mm), un ouvercle galvanis\u00e9 ouvrant d&rsquo;un c\u00f4t\u00e9 ou marquage.<\/p>\n","protected":false},"excerpt":{"rendered":"<p>Benne de manutention pour la collete \u00e9conomique des mat\u00e9riaux recyclables et d\u00e9chets &#8211; Dim: 1665 x 1675 x 1000 mm<\/p>\n","protected":false},"featured_media":40891,"template":"","meta":{"_acf_changed":false},"product_brand":[],"product_cat":[8877],"product_tag":[],"class_list":{"0":"post-183780","1":"product","2":"type-product","3":"status-publish","4":"has-post-thumbnail","6":"product_cat-bennes-basculantes-type-duo-trio","8":"first","9":"outofstock","10":"taxable","11":"shipping-taxable","12":"purchasable","13":"product-type-variable"},"acf":[],"yoast_head":"<!-- This site is optimized with the Yoast SEO plugin v24.8.1 - https:\/\/yoast.com\/wordpress\/plugins\/seo\/ -->\n<title>Benne basculante trio | Alu Comfort |Large choix des bennes!<\/title>\n<meta name=\"description\" content=\"Bennes trio avec 3 caisses pour la collete \u00e9conomique des mat\u00e9riaux recyclables et d\u00e9chets. Contactez-Nous!\" \/>\n<meta name=\"robots\" content=\"index, follow, max-snippet:-1, max-image-preview:large, max-video-preview:-1\" \/>\n<link rel=\"canonical\" href=\"https:\/\/www.alucomfort.be\/product\/trio-kiepcontainer-3-x-060-m\u00b3\/\" \/>\n<meta property=\"og:locale\" content=\"fr_FR\" \/>\n<meta property=\"og:type\" content=\"article\" \/>\n<meta property=\"og:title\" content=\"Benne basculante trio | Alu Comfort |Large choix des bennes!\" \/>\n<meta property=\"og:description\" content=\"Bennes trio avec 3 caisses pour la collete \u00e9conomique des mat\u00e9riaux recyclables et d\u00e9chets. Contactez-Nous!\" \/>\n<meta property=\"og:url\" content=\"https:\/\/www.alucomfort.be\/product\/trio-kiepcontainer-3-x-060-m\u00b3\/\" \/>\n<meta property=\"og:site_name\" content=\"Alu Comfort\" \/>\n<meta property=\"article:modified_time\" content=\"2022-06-06T18:28:30+00:00\" \/>\n<meta property=\"og:image\" content=\"https:\/\/www.alucomfort.be\/wp-content\/uploads\/BR-TRIO-3-1024x975.jpg\" \/>\n\t<meta property=\"og:image:width\" content=\"1024\" \/>\n\t<meta property=\"og:image:height\" content=\"975\" \/>\n\t<meta property=\"og:image:type\" content=\"image\/jpeg\" \/>\n<meta name=\"twitter:card\" content=\"summary_large_image\" \/>\n<script type=\"application\/ld+json\" class=\"yoast-schema-graph\">{\"@context\":\"https:\/\/schema.org\",\"@graph\":[{\"@type\":\"WebPage\",\"@id\":\"https:\/\/www.alucomfort.be\/product\/trio-kiepcontainer-3-x-060-m%c2%b3\/\",\"url\":\"https:\/\/www.alucomfort.be\/product\/trio-kiepcontainer-3-x-060-m%c2%b3\/\",\"name\":\"Benne basculante trio | Alu Comfort |Large choix des bennes!\",\"isPartOf\":{\"@id\":\"https:\/\/www.alucomfort.be\/#website\"},\"primaryImageOfPage\":{\"@id\":\"https:\/\/www.alucomfort.be\/product\/trio-kiepcontainer-3-x-060-m%c2%b3\/#primaryimage\"},\"image\":{\"@id\":\"https:\/\/www.alucomfort.be\/product\/trio-kiepcontainer-3-x-060-m%c2%b3\/#primaryimage\"},\"thumbnailUrl\":\"https:\/\/www.alucomfort.be\/wp-content\/uploads\/BR-TRIO-3.jpg\",\"datePublished\":\"2019-10-14T09:12:57+00:00\",\"dateModified\":\"2022-06-06T18:28:30+00:00\",\"description\":\"Bennes trio avec 3 caisses pour la collete \u00e9conomique des mat\u00e9riaux recyclables et d\u00e9chets. Contactez-Nous!\",\"breadcrumb\":{\"@id\":\"https:\/\/www.alucomfort.be\/product\/trio-kiepcontainer-3-x-060-m%c2%b3\/#breadcrumb\"},\"inLanguage\":\"fr-FR\",\"potentialAction\":[{\"@type\":\"ReadAction\",\"target\":[\"https:\/\/www.alucomfort.be\/product\/trio-kiepcontainer-3-x-060-m%c2%b3\/\"]}]},{\"@type\":\"ImageObject\",\"inLanguage\":\"fr-FR\",\"@id\":\"https:\/\/www.alucomfort.be\/product\/trio-kiepcontainer-3-x-060-m%c2%b3\/#primaryimage\",\"url\":\"https:\/\/www.alucomfort.be\/wp-content\/uploads\/BR-TRIO-3.jpg\",\"contentUrl\":\"https:\/\/www.alucomfort.be\/wp-content\/uploads\/BR-TRIO-3.jpg\",\"width\":2386,\"height\":2272,\"caption\":\"Trio kiepbakken\"},{\"@type\":\"BreadcrumbList\",\"@id\":\"https:\/\/www.alucomfort.be\/product\/trio-kiepcontainer-3-x-060-m%c2%b3\/#breadcrumb\",\"itemListElement\":[{\"@type\":\"ListItem\",\"position\":1,\"name\":\"Home\",\"item\":\"https:\/\/www.alucomfort.be\/fr\/\"},{\"@type\":\"ListItem\",\"position\":2,\"name\":\"Producten\",\"item\":\"https:\/\/www.alucomfort.be\/producten\/\"},{\"@type\":\"ListItem\",\"position\":3,\"name\":\"Benne Basculante trio &#8211; Cap: 3 x 0,60 m\u00b3\"}]},{\"@type\":\"WebSite\",\"@id\":\"https:\/\/www.alucomfort.be\/#website\",\"url\":\"https:\/\/www.alucomfort.be\/\",\"name\":\"Alu Comfort\",\"description\":\"\",\"potentialAction\":[{\"@type\":\"SearchAction\",\"target\":{\"@type\":\"EntryPoint\",\"urlTemplate\":\"https:\/\/www.alucomfort.be\/?s={search_term_string}\"},\"query-input\":{\"@type\":\"PropertyValueSpecification\",\"valueRequired\":true,\"valueName\":\"search_term_string\"}}],\"inLanguage\":\"fr-FR\"}]}<\/script>\n<!-- \/ Yoast SEO plugin. -->","yoast_head_json":{"title":"Benne basculante trio | Alu Comfort |Large choix des bennes!","description":"Bennes trio avec 3 caisses pour la collete \u00e9conomique des mat\u00e9riaux recyclables et d\u00e9chets. Contactez-Nous!","robots":{"index":"index","follow":"follow","max-snippet":"max-snippet:-1","max-image-preview":"max-image-preview:large","max-video-preview":"max-video-preview:-1"},"canonical":"https:\/\/www.alucomfort.be\/product\/trio-kiepcontainer-3-x-060-m\u00b3\/","og_locale":"fr_FR","og_type":"article","og_title":"Benne basculante trio | Alu Comfort |Large choix des bennes!","og_description":"Bennes trio avec 3 caisses pour la collete \u00e9conomique des mat\u00e9riaux recyclables et d\u00e9chets. Contactez-Nous!","og_url":"https:\/\/www.alucomfort.be\/product\/trio-kiepcontainer-3-x-060-m\u00b3\/","og_site_name":"Alu Comfort","article_modified_time":"2022-06-06T18:28:30+00:00","og_image":[{"width":1024,"height":975,"url":"https:\/\/www.alucomfort.be\/wp-content\/uploads\/BR-TRIO-3-1024x975.jpg","type":"image\/jpeg"}],"twitter_card":"summary_large_image","schema":{"@context":"https:\/\/schema.org","@graph":[{"@type":"WebPage","@id":"https:\/\/www.alucomfort.be\/product\/trio-kiepcontainer-3-x-060-m%c2%b3\/","url":"https:\/\/www.alucomfort.be\/product\/trio-kiepcontainer-3-x-060-m%c2%b3\/","name":"Benne basculante trio | Alu Comfort |Large choix des bennes!","isPartOf":{"@id":"https:\/\/www.alucomfort.be\/#website"},"primaryImageOfPage":{"@id":"https:\/\/www.alucomfort.be\/product\/trio-kiepcontainer-3-x-060-m%c2%b3\/#primaryimage"},"image":{"@id":"https:\/\/www.alucomfort.be\/product\/trio-kiepcontainer-3-x-060-m%c2%b3\/#primaryimage"},"thumbnailUrl":"https:\/\/www.alucomfort.be\/wp-content\/uploads\/BR-TRIO-3.jpg","datePublished":"2019-10-14T09:12:57+00:00","dateModified":"2022-06-06T18:28:30+00:00","description":"Bennes trio avec 3 caisses pour la collete \u00e9conomique des mat\u00e9riaux recyclables et d\u00e9chets. Contactez-Nous!","breadcrumb":{"@id":"https:\/\/www.alucomfort.be\/product\/trio-kiepcontainer-3-x-060-m%c2%b3\/#breadcrumb"},"inLanguage":"fr-FR","potentialAction":[{"@type":"ReadAction","target":["https:\/\/www.alucomfort.be\/product\/trio-kiepcontainer-3-x-060-m%c2%b3\/"]}]},{"@type":"ImageObject","inLanguage":"fr-FR","@id":"https:\/\/www.alucomfort.be\/product\/trio-kiepcontainer-3-x-060-m%c2%b3\/#primaryimage","url":"https:\/\/www.alucomfort.be\/wp-content\/uploads\/BR-TRIO-3.jpg","contentUrl":"https:\/\/www.alucomfort.be\/wp-content\/uploads\/BR-TRIO-3.jpg","width":2386,"height":2272,"caption":"Trio kiepbakken"},{"@type":"BreadcrumbList","@id":"https:\/\/www.alucomfort.be\/product\/trio-kiepcontainer-3-x-060-m%c2%b3\/#breadcrumb","itemListElement":[{"@type":"ListItem","position":1,"name":"Home","item":"https:\/\/www.alucomfort.be\/fr\/"},{"@type":"ListItem","position":2,"name":"Producten","item":"https:\/\/www.alucomfort.be\/producten\/"},{"@type":"ListItem","position":3,"name":"Benne Basculante trio &#8211; Cap: 3 x 0,60 m\u00b3"}]},{"@type":"WebSite","@id":"https:\/\/www.alucomfort.be\/#website","url":"https:\/\/www.alucomfort.be\/","name":"Alu Comfort","description":"","potentialAction":[{"@type":"SearchAction","target":{"@type":"EntryPoint","urlTemplate":"https:\/\/www.alucomfort.be\/?s={search_term_string}"},"query-input":{"@type":"PropertyValueSpecification","valueRequired":true,"valueName":"search_term_string"}}],"inLanguage":"fr-FR"}]}},"_links":{"self":[{"href":"https:\/\/www.alucomfort.be\/fr\/wp-json\/wp\/v2\/product\/183780","targetHints":{"allow":["GET"]}}],"collection":[{"href":"https:\/\/www.alucomfort.be\/fr\/wp-json\/wp\/v2\/product"}],"about":[{"href":"https:\/\/www.alucomfort.be\/fr\/wp-json\/wp\/v2\/types\/product"}],"wp:featuredmedia":[{"embeddable":true,"href":"https:\/\/www.alucomfort.be\/fr\/wp-json\/wp\/v2\/media\/40891"}],"wp:attachment":[{"href":"https:\/\/www.alucomfort.be\/fr\/wp-json\/wp\/v2\/media?parent=183780"}],"wp:term":[{"taxonomy":"product_brand","embeddable":true,"href":"https:\/\/www.alucomfort.be\/fr\/wp-json\/wp\/v2\/product_brand?post=183780"},{"taxonomy":"product_cat","embeddable":true,"href":"https:\/\/www.alucomfort.be\/fr\/wp-json\/wp\/v2\/product_cat?post=183780"},{"taxonomy":"product_tag","embeddable":true,"href":"https:\/\/www.alucomfort.be\/fr\/wp-json\/wp\/v2\/product_tag?post=183780"}],"curies":[{"name":"wp","href":"https:\/\/api.w.org\/{rel}","templated":true}]}}