

{"id":183830,"date":"2019-10-14T11:13:47","date_gmt":"2019-10-14T09:13:47","guid":{"rendered":"https:\/\/www.alucomfort.be\/product\/stations-de-soutirage-pour-4-futs-de-60-l\/"},"modified":"2025-09-09T01:19:21","modified_gmt":"2025-09-08T23:19:21","slug":"stations-de-soutirage-pour-4-futs-de-60-l","status":"publish","type":"product","link":"https:\/\/www.alucomfort.be\/fr\/product\/stations-de-soutirage-pour-4-futs-de-60-l\/","title":{"rendered":"Stations de soutirage pour 4 f\u00fbts de 60 l"},"content":{"rendered":"<p>* Rayonnage de r\u00e9tention pour produits corrosifs, * Sans caillebotis.  En option possible avec caillebotis.  Veuillez prendre contact avec nous, * Dimensions (l x p): 900 x 800 mm, * Volume de r\u00e9tention: 82 l, * Fabriqu\u00e9 selon ISO9001, * 100% \u00e9tanch\u00e9it\u00e9, test\u00e9e, contr\u00f4l\u00e9e et certifi\u00e9e, * Liquides inflammables des cat\u00e9gories GHS 1-3, * Liquides dangereux pour la nappe phr\u00e9atique des cat\u00e9gories GHS 1-4<\/p>\n","protected":false},"excerpt":{"rendered":"<p>Rayonnages de soutirage<\/p>\n","protected":false},"featured_media":224980,"template":"","meta":{"_acf_changed":false},"product_brand":[],"product_cat":[2344],"product_tag":[],"class_list":{"0":"post-183830","1":"product","2":"type-product","3":"status-publish","4":"has-post-thumbnail","6":"product_cat-stations-de-soutirage","8":"first","9":"outofstock","10":"taxable","11":"shipping-taxable","12":"purchasable","13":"product-type-variable"},"acf":[],"yoast_head":"<!-- This site is optimized with the Yoast SEO plugin v24.8.1 - https:\/\/yoast.com\/wordpress\/plugins\/seo\/ -->\n<title>Stations de soutirage | Alu Comfort | Stockage f\u00fbts en S\u00e9curit\u00e9<\/title>\n<meta name=\"description\" content=\"D\u00e9couvrez nos stations de soutirage pour la manipulation s\u00e9curis\u00e9e de f\u00fbts (60L\/200L). \u00c9quip\u00e9es d&#039;un bac de r\u00e9tention pour une conformit\u00e9 totale. Prot\u00e9gez vos sols!\" \/>\n<meta name=\"robots\" content=\"index, follow, max-snippet:-1, max-image-preview:large, max-video-preview:-1\" \/>\n<link rel=\"canonical\" href=\"https:\/\/www.alucomfort.be\/product\/aftapstelling-voor-4-vaten-van-60-l\/\" \/>\n<meta property=\"og:locale\" content=\"fr_FR\" \/>\n<meta property=\"og:type\" content=\"article\" \/>\n<meta property=\"og:title\" content=\"Stations de soutirage | Alu Comfort | Stockage f\u00fbts en S\u00e9curit\u00e9\" \/>\n<meta property=\"og:description\" content=\"D\u00e9couvrez nos stations de soutirage pour la manipulation s\u00e9curis\u00e9e de f\u00fbts (60L\/200L). \u00c9quip\u00e9es d&#039;un bac de r\u00e9tention pour une conformit\u00e9 totale. Prot\u00e9gez vos sols!\" \/>\n<meta property=\"og:url\" content=\"https:\/\/www.alucomfort.be\/product\/aftapstelling-voor-4-vaten-van-60-l\/\" \/>\n<meta property=\"og:site_name\" content=\"Alu Comfort\" \/>\n<meta property=\"article:modified_time\" content=\"2025-09-08T23:19:21+00:00\" \/>\n<meta property=\"og:image\" content=\"https:\/\/www.alucomfort.be\/wp-content\/uploads\/Aftapstelling-met-lekbak-AFT-2.jpg\" \/>\n\t<meta property=\"og:image:width\" content=\"900\" \/>\n\t<meta property=\"og:image:height\" content=\"1124\" \/>\n\t<meta property=\"og:image:type\" content=\"image\/jpeg\" \/>\n<meta name=\"twitter:card\" content=\"summary_large_image\" \/>\n<script type=\"application\/ld+json\" class=\"yoast-schema-graph\">{\"@context\":\"https:\/\/schema.org\",\"@graph\":[{\"@type\":\"WebPage\",\"@id\":\"https:\/\/www.alucomfort.be\/product\/aftapstelling-voor-4-vaten-van-60-l\/\",\"url\":\"https:\/\/www.alucomfort.be\/product\/aftapstelling-voor-4-vaten-van-60-l\/\",\"name\":\"Stations de soutirage | Alu Comfort | Stockage f\u00fbts en S\u00e9curit\u00e9\",\"isPartOf\":{\"@id\":\"https:\/\/www.alucomfort.be\/#website\"},\"primaryImageOfPage\":{\"@id\":\"https:\/\/www.alucomfort.be\/product\/aftapstelling-voor-4-vaten-van-60-l\/#primaryimage\"},\"image\":{\"@id\":\"https:\/\/www.alucomfort.be\/product\/aftapstelling-voor-4-vaten-van-60-l\/#primaryimage\"},\"thumbnailUrl\":\"https:\/\/www.alucomfort.be\/wp-content\/uploads\/Aftapstelling-met-lekbak-AFT-2.jpg\",\"datePublished\":\"2019-10-14T09:13:47+00:00\",\"dateModified\":\"2025-09-08T23:19:21+00:00\",\"description\":\"D\u00e9couvrez nos stations de soutirage pour la manipulation s\u00e9curis\u00e9e de f\u00fbts (60L\/200L). \u00c9quip\u00e9es d'un bac de r\u00e9tention pour une conformit\u00e9 totale. Prot\u00e9gez vos sols!\",\"breadcrumb\":{\"@id\":\"https:\/\/www.alucomfort.be\/product\/aftapstelling-voor-4-vaten-van-60-l\/#breadcrumb\"},\"inLanguage\":\"fr-FR\",\"potentialAction\":[{\"@type\":\"ReadAction\",\"target\":[\"https:\/\/www.alucomfort.be\/product\/aftapstelling-voor-4-vaten-van-60-l\/\"]}]},{\"@type\":\"ImageObject\",\"inLanguage\":\"fr-FR\",\"@id\":\"https:\/\/www.alucomfort.be\/product\/aftapstelling-voor-4-vaten-van-60-l\/#primaryimage\",\"url\":\"https:\/\/www.alucomfort.be\/wp-content\/uploads\/Aftapstelling-met-lekbak-AFT-2.jpg\",\"contentUrl\":\"https:\/\/www.alucomfort.be\/wp-content\/uploads\/Aftapstelling-met-lekbak-AFT-2.jpg\",\"width\":900,\"height\":1124,\"caption\":\"Aftapstelling met lekbak\"},{\"@type\":\"BreadcrumbList\",\"@id\":\"https:\/\/www.alucomfort.be\/product\/aftapstelling-voor-4-vaten-van-60-l\/#breadcrumb\",\"itemListElement\":[{\"@type\":\"ListItem\",\"position\":1,\"name\":\"Home\",\"item\":\"https:\/\/www.alucomfort.be\/fr\/\"},{\"@type\":\"ListItem\",\"position\":2,\"name\":\"Producten\",\"item\":\"https:\/\/www.alucomfort.be\/producten\/\"},{\"@type\":\"ListItem\",\"position\":3,\"name\":\"Stations de soutirage pour 4 f\u00fbts de 60 l\"}]},{\"@type\":\"WebSite\",\"@id\":\"https:\/\/www.alucomfort.be\/#website\",\"url\":\"https:\/\/www.alucomfort.be\/\",\"name\":\"Alu Comfort\",\"description\":\"\",\"potentialAction\":[{\"@type\":\"SearchAction\",\"target\":{\"@type\":\"EntryPoint\",\"urlTemplate\":\"https:\/\/www.alucomfort.be\/?s={search_term_string}\"},\"query-input\":{\"@type\":\"PropertyValueSpecification\",\"valueRequired\":true,\"valueName\":\"search_term_string\"}}],\"inLanguage\":\"fr-FR\"}]}<\/script>\n<!-- \/ Yoast SEO plugin. -->","yoast_head_json":{"title":"Stations de soutirage | Alu Comfort | Stockage f\u00fbts en S\u00e9curit\u00e9","description":"D\u00e9couvrez nos stations de soutirage pour la manipulation s\u00e9curis\u00e9e de f\u00fbts (60L\/200L). \u00c9quip\u00e9es d'un bac de r\u00e9tention pour une conformit\u00e9 totale. Prot\u00e9gez vos sols!","robots":{"index":"index","follow":"follow","max-snippet":"max-snippet:-1","max-image-preview":"max-image-preview:large","max-video-preview":"max-video-preview:-1"},"canonical":"https:\/\/www.alucomfort.be\/product\/aftapstelling-voor-4-vaten-van-60-l\/","og_locale":"fr_FR","og_type":"article","og_title":"Stations de soutirage | Alu Comfort | Stockage f\u00fbts en S\u00e9curit\u00e9","og_description":"D\u00e9couvrez nos stations de soutirage pour la manipulation s\u00e9curis\u00e9e de f\u00fbts (60L\/200L). \u00c9quip\u00e9es d'un bac de r\u00e9tention pour une conformit\u00e9 totale. Prot\u00e9gez vos sols!","og_url":"https:\/\/www.alucomfort.be\/product\/aftapstelling-voor-4-vaten-van-60-l\/","og_site_name":"Alu Comfort","article_modified_time":"2025-09-08T23:19:21+00:00","og_image":[{"width":900,"height":1124,"url":"https:\/\/www.alucomfort.be\/wp-content\/uploads\/Aftapstelling-met-lekbak-AFT-2.jpg","type":"image\/jpeg"}],"twitter_card":"summary_large_image","schema":{"@context":"https:\/\/schema.org","@graph":[{"@type":"WebPage","@id":"https:\/\/www.alucomfort.be\/product\/aftapstelling-voor-4-vaten-van-60-l\/","url":"https:\/\/www.alucomfort.be\/product\/aftapstelling-voor-4-vaten-van-60-l\/","name":"Stations de soutirage | Alu Comfort | Stockage f\u00fbts en S\u00e9curit\u00e9","isPartOf":{"@id":"https:\/\/www.alucomfort.be\/#website"},"primaryImageOfPage":{"@id":"https:\/\/www.alucomfort.be\/product\/aftapstelling-voor-4-vaten-van-60-l\/#primaryimage"},"image":{"@id":"https:\/\/www.alucomfort.be\/product\/aftapstelling-voor-4-vaten-van-60-l\/#primaryimage"},"thumbnailUrl":"https:\/\/www.alucomfort.be\/wp-content\/uploads\/Aftapstelling-met-lekbak-AFT-2.jpg","datePublished":"2019-10-14T09:13:47+00:00","dateModified":"2025-09-08T23:19:21+00:00","description":"D\u00e9couvrez nos stations de soutirage pour la manipulation s\u00e9curis\u00e9e de f\u00fbts (60L\/200L). \u00c9quip\u00e9es d'un bac de r\u00e9tention pour une conformit\u00e9 totale. Prot\u00e9gez vos sols!","breadcrumb":{"@id":"https:\/\/www.alucomfort.be\/product\/aftapstelling-voor-4-vaten-van-60-l\/#breadcrumb"},"inLanguage":"fr-FR","potentialAction":[{"@type":"ReadAction","target":["https:\/\/www.alucomfort.be\/product\/aftapstelling-voor-4-vaten-van-60-l\/"]}]},{"@type":"ImageObject","inLanguage":"fr-FR","@id":"https:\/\/www.alucomfort.be\/product\/aftapstelling-voor-4-vaten-van-60-l\/#primaryimage","url":"https:\/\/www.alucomfort.be\/wp-content\/uploads\/Aftapstelling-met-lekbak-AFT-2.jpg","contentUrl":"https:\/\/www.alucomfort.be\/wp-content\/uploads\/Aftapstelling-met-lekbak-AFT-2.jpg","width":900,"height":1124,"caption":"Aftapstelling met lekbak"},{"@type":"BreadcrumbList","@id":"https:\/\/www.alucomfort.be\/product\/aftapstelling-voor-4-vaten-van-60-l\/#breadcrumb","itemListElement":[{"@type":"ListItem","position":1,"name":"Home","item":"https:\/\/www.alucomfort.be\/fr\/"},{"@type":"ListItem","position":2,"name":"Producten","item":"https:\/\/www.alucomfort.be\/producten\/"},{"@type":"ListItem","position":3,"name":"Stations de soutirage pour 4 f\u00fbts de 60 l"}]},{"@type":"WebSite","@id":"https:\/\/www.alucomfort.be\/#website","url":"https:\/\/www.alucomfort.be\/","name":"Alu Comfort","description":"","potentialAction":[{"@type":"SearchAction","target":{"@type":"EntryPoint","urlTemplate":"https:\/\/www.alucomfort.be\/?s={search_term_string}"},"query-input":{"@type":"PropertyValueSpecification","valueRequired":true,"valueName":"search_term_string"}}],"inLanguage":"fr-FR"}]}},"_links":{"self":[{"href":"https:\/\/www.alucomfort.be\/fr\/wp-json\/wp\/v2\/product\/183830","targetHints":{"allow":["GET"]}}],"collection":[{"href":"https:\/\/www.alucomfort.be\/fr\/wp-json\/wp\/v2\/product"}],"about":[{"href":"https:\/\/www.alucomfort.be\/fr\/wp-json\/wp\/v2\/types\/product"}],"wp:featuredmedia":[{"embeddable":true,"href":"https:\/\/www.alucomfort.be\/fr\/wp-json\/wp\/v2\/media\/224980"}],"wp:attachment":[{"href":"https:\/\/www.alucomfort.be\/fr\/wp-json\/wp\/v2\/media?parent=183830"}],"wp:term":[{"taxonomy":"product_brand","embeddable":true,"href":"https:\/\/www.alucomfort.be\/fr\/wp-json\/wp\/v2\/product_brand?post=183830"},{"taxonomy":"product_cat","embeddable":true,"href":"https:\/\/www.alucomfort.be\/fr\/wp-json\/wp\/v2\/product_cat?post=183830"},{"taxonomy":"product_tag","embeddable":true,"href":"https:\/\/www.alucomfort.be\/fr\/wp-json\/wp\/v2\/product_tag?post=183830"}],"curies":[{"name":"wp","href":"https:\/\/api.w.org\/{rel}","templated":true}]}}