

{"id":183844,"date":"2019-10-14T11:13:56","date_gmt":"2019-10-14T09:13:56","guid":{"rendered":"https:\/\/www.alucomfort.be\/product\/stations-de-soutirage-pour-9-futs-de-60-l\/"},"modified":"2025-09-09T01:19:30","modified_gmt":"2025-09-08T23:19:30","slug":"stations-de-soutirage-pour-9-futs-de-60-l","status":"publish","type":"product","link":"https:\/\/www.alucomfort.be\/fr\/product\/stations-de-soutirage-pour-9-futs-de-60-l\/","title":{"rendered":"Stations de soutirage pour 9 f\u00fbts de 60 l"},"content":{"rendered":"<p>* Soutirage de f\u00fbts en s\u00e9curit\u00e9, * Dimensions (l x p): 1300 x 800 mm, * Volume de r\u00e9tention: 104 l, *  Fabriqu\u00e9 selon ISO9001, * 100% \u00e9tanch\u00e9it\u00e9, test\u00e9e, contr\u00f4l\u00e9e et certifi\u00e9e, * Liquides inflammables des cat\u00e9gories GHS 1-3, * Liquides dangereux pour la nappe phr\u00e9atique des cat\u00e9gories GHS 1-4<\/p>\n","protected":false},"excerpt":{"rendered":"<p>Poste de soutirage pour 4 f\u00fbts<\/p>\n","protected":false},"featured_media":224984,"template":"","meta":{"_acf_changed":false},"product_brand":[],"product_cat":[2344],"product_tag":[],"class_list":{"0":"post-183844","1":"product","2":"type-product","3":"status-publish","4":"has-post-thumbnail","6":"product_cat-stations-de-soutirage","8":"first","9":"outofstock","10":"taxable","11":"shipping-taxable","12":"purchasable","13":"product-type-variable"},"acf":[],"yoast_head":"<!-- This site is optimized with the Yoast SEO plugin v24.8.1 - https:\/\/yoast.com\/wordpress\/plugins\/seo\/ -->\n<title>Rayonnages Soutirage | Alu Comfort | Stockage Dangereux<\/title>\n<meta name=\"description\" content=\"Besoin d&#039;un rayonnage de soutirage pour 9 f\u00fbts de 60L ? Nos racks avec bac de r\u00e9tention assurent un stockage conforme de vos produits dangereux. D\u00e9couvrez!\" \/>\n<meta name=\"robots\" content=\"index, follow, max-snippet:-1, max-image-preview:large, max-video-preview:-1\" \/>\n<link rel=\"canonical\" href=\"https:\/\/www.alucomfort.be\/product\/aftapstelling-voor-9-vaten-van-60-l\/\" \/>\n<meta property=\"og:locale\" content=\"fr_FR\" \/>\n<meta property=\"og:type\" content=\"article\" \/>\n<meta property=\"og:title\" content=\"Rayonnages Soutirage | Alu Comfort | Stockage Dangereux\" \/>\n<meta property=\"og:description\" content=\"Besoin d&#039;un rayonnage de soutirage pour 9 f\u00fbts de 60L ? Nos racks avec bac de r\u00e9tention assurent un stockage conforme de vos produits dangereux. D\u00e9couvrez!\" \/>\n<meta property=\"og:url\" content=\"https:\/\/www.alucomfort.be\/product\/aftapstelling-voor-9-vaten-van-60-l\/\" \/>\n<meta property=\"og:site_name\" content=\"Alu Comfort\" \/>\n<meta property=\"article:modified_time\" content=\"2025-09-08T23:19:30+00:00\" \/>\n<meta property=\"og:image\" content=\"https:\/\/www.alucomfort.be\/wp-content\/uploads\/Liggende-opslag-vaten-AFT-1.jpg\" \/>\n\t<meta property=\"og:image:width\" content=\"900\" \/>\n\t<meta property=\"og:image:height\" content=\"1028\" \/>\n\t<meta property=\"og:image:type\" content=\"image\/jpeg\" \/>\n<meta name=\"twitter:card\" content=\"summary_large_image\" \/>\n<script type=\"application\/ld+json\" class=\"yoast-schema-graph\">{\"@context\":\"https:\/\/schema.org\",\"@graph\":[{\"@type\":\"WebPage\",\"@id\":\"https:\/\/www.alucomfort.be\/product\/aftapstelling-voor-9-vaten-van-60-l\/\",\"url\":\"https:\/\/www.alucomfort.be\/product\/aftapstelling-voor-9-vaten-van-60-l\/\",\"name\":\"Rayonnages Soutirage | Alu Comfort | Stockage Dangereux\",\"isPartOf\":{\"@id\":\"https:\/\/www.alucomfort.be\/#website\"},\"primaryImageOfPage\":{\"@id\":\"https:\/\/www.alucomfort.be\/product\/aftapstelling-voor-9-vaten-van-60-l\/#primaryimage\"},\"image\":{\"@id\":\"https:\/\/www.alucomfort.be\/product\/aftapstelling-voor-9-vaten-van-60-l\/#primaryimage\"},\"thumbnailUrl\":\"https:\/\/www.alucomfort.be\/wp-content\/uploads\/Liggende-opslag-vaten-AFT-1.jpg\",\"datePublished\":\"2019-10-14T09:13:56+00:00\",\"dateModified\":\"2025-09-08T23:19:30+00:00\",\"description\":\"Besoin d'un rayonnage de soutirage pour 9 f\u00fbts de 60L ? Nos racks avec bac de r\u00e9tention assurent un stockage conforme de vos produits dangereux. D\u00e9couvrez!\",\"breadcrumb\":{\"@id\":\"https:\/\/www.alucomfort.be\/product\/aftapstelling-voor-9-vaten-van-60-l\/#breadcrumb\"},\"inLanguage\":\"fr-FR\",\"potentialAction\":[{\"@type\":\"ReadAction\",\"target\":[\"https:\/\/www.alucomfort.be\/product\/aftapstelling-voor-9-vaten-van-60-l\/\"]}]},{\"@type\":\"ImageObject\",\"inLanguage\":\"fr-FR\",\"@id\":\"https:\/\/www.alucomfort.be\/product\/aftapstelling-voor-9-vaten-van-60-l\/#primaryimage\",\"url\":\"https:\/\/www.alucomfort.be\/wp-content\/uploads\/Liggende-opslag-vaten-AFT-1.jpg\",\"contentUrl\":\"https:\/\/www.alucomfort.be\/wp-content\/uploads\/Liggende-opslag-vaten-AFT-1.jpg\",\"width\":900,\"height\":1028,\"caption\":\"Liggende opslag vaten\"},{\"@type\":\"BreadcrumbList\",\"@id\":\"https:\/\/www.alucomfort.be\/product\/aftapstelling-voor-9-vaten-van-60-l\/#breadcrumb\",\"itemListElement\":[{\"@type\":\"ListItem\",\"position\":1,\"name\":\"Home\",\"item\":\"https:\/\/www.alucomfort.be\/fr\/\"},{\"@type\":\"ListItem\",\"position\":2,\"name\":\"Producten\",\"item\":\"https:\/\/www.alucomfort.be\/producten\/\"},{\"@type\":\"ListItem\",\"position\":3,\"name\":\"Stations de soutirage pour 9 f\u00fbts de 60 l\"}]},{\"@type\":\"WebSite\",\"@id\":\"https:\/\/www.alucomfort.be\/#website\",\"url\":\"https:\/\/www.alucomfort.be\/\",\"name\":\"Alu Comfort\",\"description\":\"\",\"potentialAction\":[{\"@type\":\"SearchAction\",\"target\":{\"@type\":\"EntryPoint\",\"urlTemplate\":\"https:\/\/www.alucomfort.be\/?s={search_term_string}\"},\"query-input\":{\"@type\":\"PropertyValueSpecification\",\"valueRequired\":true,\"valueName\":\"search_term_string\"}}],\"inLanguage\":\"fr-FR\"}]}<\/script>\n<!-- \/ Yoast SEO plugin. -->","yoast_head_json":{"title":"Rayonnages Soutirage | Alu Comfort | Stockage Dangereux","description":"Besoin d'un rayonnage de soutirage pour 9 f\u00fbts de 60L ? Nos racks avec bac de r\u00e9tention assurent un stockage conforme de vos produits dangereux. D\u00e9couvrez!","robots":{"index":"index","follow":"follow","max-snippet":"max-snippet:-1","max-image-preview":"max-image-preview:large","max-video-preview":"max-video-preview:-1"},"canonical":"https:\/\/www.alucomfort.be\/product\/aftapstelling-voor-9-vaten-van-60-l\/","og_locale":"fr_FR","og_type":"article","og_title":"Rayonnages Soutirage | Alu Comfort | Stockage Dangereux","og_description":"Besoin d'un rayonnage de soutirage pour 9 f\u00fbts de 60L ? Nos racks avec bac de r\u00e9tention assurent un stockage conforme de vos produits dangereux. D\u00e9couvrez!","og_url":"https:\/\/www.alucomfort.be\/product\/aftapstelling-voor-9-vaten-van-60-l\/","og_site_name":"Alu Comfort","article_modified_time":"2025-09-08T23:19:30+00:00","og_image":[{"width":900,"height":1028,"url":"https:\/\/www.alucomfort.be\/wp-content\/uploads\/Liggende-opslag-vaten-AFT-1.jpg","type":"image\/jpeg"}],"twitter_card":"summary_large_image","schema":{"@context":"https:\/\/schema.org","@graph":[{"@type":"WebPage","@id":"https:\/\/www.alucomfort.be\/product\/aftapstelling-voor-9-vaten-van-60-l\/","url":"https:\/\/www.alucomfort.be\/product\/aftapstelling-voor-9-vaten-van-60-l\/","name":"Rayonnages Soutirage | Alu Comfort | Stockage Dangereux","isPartOf":{"@id":"https:\/\/www.alucomfort.be\/#website"},"primaryImageOfPage":{"@id":"https:\/\/www.alucomfort.be\/product\/aftapstelling-voor-9-vaten-van-60-l\/#primaryimage"},"image":{"@id":"https:\/\/www.alucomfort.be\/product\/aftapstelling-voor-9-vaten-van-60-l\/#primaryimage"},"thumbnailUrl":"https:\/\/www.alucomfort.be\/wp-content\/uploads\/Liggende-opslag-vaten-AFT-1.jpg","datePublished":"2019-10-14T09:13:56+00:00","dateModified":"2025-09-08T23:19:30+00:00","description":"Besoin d'un rayonnage de soutirage pour 9 f\u00fbts de 60L ? Nos racks avec bac de r\u00e9tention assurent un stockage conforme de vos produits dangereux. D\u00e9couvrez!","breadcrumb":{"@id":"https:\/\/www.alucomfort.be\/product\/aftapstelling-voor-9-vaten-van-60-l\/#breadcrumb"},"inLanguage":"fr-FR","potentialAction":[{"@type":"ReadAction","target":["https:\/\/www.alucomfort.be\/product\/aftapstelling-voor-9-vaten-van-60-l\/"]}]},{"@type":"ImageObject","inLanguage":"fr-FR","@id":"https:\/\/www.alucomfort.be\/product\/aftapstelling-voor-9-vaten-van-60-l\/#primaryimage","url":"https:\/\/www.alucomfort.be\/wp-content\/uploads\/Liggende-opslag-vaten-AFT-1.jpg","contentUrl":"https:\/\/www.alucomfort.be\/wp-content\/uploads\/Liggende-opslag-vaten-AFT-1.jpg","width":900,"height":1028,"caption":"Liggende opslag vaten"},{"@type":"BreadcrumbList","@id":"https:\/\/www.alucomfort.be\/product\/aftapstelling-voor-9-vaten-van-60-l\/#breadcrumb","itemListElement":[{"@type":"ListItem","position":1,"name":"Home","item":"https:\/\/www.alucomfort.be\/fr\/"},{"@type":"ListItem","position":2,"name":"Producten","item":"https:\/\/www.alucomfort.be\/producten\/"},{"@type":"ListItem","position":3,"name":"Stations de soutirage pour 9 f\u00fbts de 60 l"}]},{"@type":"WebSite","@id":"https:\/\/www.alucomfort.be\/#website","url":"https:\/\/www.alucomfort.be\/","name":"Alu Comfort","description":"","potentialAction":[{"@type":"SearchAction","target":{"@type":"EntryPoint","urlTemplate":"https:\/\/www.alucomfort.be\/?s={search_term_string}"},"query-input":{"@type":"PropertyValueSpecification","valueRequired":true,"valueName":"search_term_string"}}],"inLanguage":"fr-FR"}]}},"_links":{"self":[{"href":"https:\/\/www.alucomfort.be\/fr\/wp-json\/wp\/v2\/product\/183844","targetHints":{"allow":["GET"]}}],"collection":[{"href":"https:\/\/www.alucomfort.be\/fr\/wp-json\/wp\/v2\/product"}],"about":[{"href":"https:\/\/www.alucomfort.be\/fr\/wp-json\/wp\/v2\/types\/product"}],"wp:featuredmedia":[{"embeddable":true,"href":"https:\/\/www.alucomfort.be\/fr\/wp-json\/wp\/v2\/media\/224984"}],"wp:attachment":[{"href":"https:\/\/www.alucomfort.be\/fr\/wp-json\/wp\/v2\/media?parent=183844"}],"wp:term":[{"taxonomy":"product_brand","embeddable":true,"href":"https:\/\/www.alucomfort.be\/fr\/wp-json\/wp\/v2\/product_brand?post=183844"},{"taxonomy":"product_cat","embeddable":true,"href":"https:\/\/www.alucomfort.be\/fr\/wp-json\/wp\/v2\/product_cat?post=183844"},{"taxonomy":"product_tag","embeddable":true,"href":"https:\/\/www.alucomfort.be\/fr\/wp-json\/wp\/v2\/product_tag?post=183844"}],"curies":[{"name":"wp","href":"https:\/\/api.w.org\/{rel}","templated":true}]}}