

{"id":183872,"date":"2019-10-14T11:14:18","date_gmt":"2019-10-14T09:14:18","guid":{"rendered":"https:\/\/www.alucomfort.be\/product\/stations-de-soutirage-pour-6-futs-de-200-l\/"},"modified":"2025-09-09T01:19:40","modified_gmt":"2025-09-08T23:19:40","slug":"stations-de-soutirage-pour-6-futs-de-200-l","status":"publish","type":"product","link":"https:\/\/www.alucomfort.be\/fr\/product\/stations-de-soutirage-pour-6-futs-de-200-l\/","title":{"rendered":"Stations de soutirage pour 6 f\u00fbts de 200 l"},"content":{"rendered":"<p>* Bacs de r\u00e9tention en t\u00f4le d&rsquo;acier de 3 mm avec hauteur de passage 100 mm , * Dimensions (l x p): 1200 x 1200 x 335 mm, * Volume de r\u00e9tention: 309 l, * Fabriqu\u00e9 selon  ISO9001, * 100% \u00e9tanch\u00e9it\u00e9, test\u00e9e, contr\u00f4l\u00e9e et certifi\u00e9e, * Liquides inflammables des cat\u00e9gories GHS 1-3, * Liquides dangereux pour la nappe phr\u00e9atique des cat\u00e9gories GHS 1-4<\/p>\n","protected":false},"excerpt":{"rendered":"<p>Rayonnages \u00e0 f\u00fbts<\/p>\n","protected":false},"featured_media":224986,"template":"","meta":{"_acf_changed":false},"product_brand":[],"product_cat":[2344],"product_tag":[],"class_list":{"0":"post-183872","1":"product","2":"type-product","3":"status-publish","4":"has-post-thumbnail","6":"product_cat-stations-de-soutirage","8":"first","9":"outofstock","10":"taxable","11":"shipping-taxable","12":"purchasable","13":"product-type-variable"},"acf":[],"yoast_head":"<!-- This site is optimized with the Yoast SEO plugin v24.8.1 - https:\/\/yoast.com\/wordpress\/plugins\/seo\/ -->\n<title>Stations de soutirage 200l | Alu Comfort | S\u00e9curit\u00e9 &amp; R\u00e9tention<\/title>\n<meta name=\"description\" content=\"Poste de soutirage professionnel pour le stockage et le pr\u00e9l\u00e8vement s\u00e9curis\u00e9 de max. 6 f\u00fbts de 200L couch\u00e9s. Modulable et combinable avec des f\u00fbts de 60L. D\u00e9couvrez!\" \/>\n<meta name=\"robots\" content=\"index, follow, max-snippet:-1, max-image-preview:large, max-video-preview:-1\" \/>\n<link rel=\"canonical\" href=\"https:\/\/www.alucomfort.be\/product\/vatenrek-voor-6-vaten-van-200-l\/\" \/>\n<meta property=\"og:locale\" content=\"fr_FR\" \/>\n<meta property=\"og:type\" content=\"article\" \/>\n<meta property=\"og:title\" content=\"Stations de soutirage 200l | Alu Comfort | S\u00e9curit\u00e9 &amp; R\u00e9tention\" \/>\n<meta property=\"og:description\" content=\"Poste de soutirage professionnel pour le stockage et le pr\u00e9l\u00e8vement s\u00e9curis\u00e9 de max. 6 f\u00fbts de 200L couch\u00e9s. Modulable et combinable avec des f\u00fbts de 60L. D\u00e9couvrez!\" \/>\n<meta property=\"og:url\" content=\"https:\/\/www.alucomfort.be\/product\/vatenrek-voor-6-vaten-van-200-l\/\" \/>\n<meta property=\"og:site_name\" content=\"Alu Comfort\" \/>\n<meta property=\"article:modified_time\" content=\"2025-09-08T23:19:40+00:00\" \/>\n<meta property=\"og:image\" content=\"https:\/\/www.alucomfort.be\/wp-content\/uploads\/Modulaire-vatenopslag-Drumrack-FRA-1.jpg\" \/>\n\t<meta property=\"og:image:width\" content=\"728\" \/>\n\t<meta property=\"og:image:height\" content=\"1330\" \/>\n\t<meta property=\"og:image:type\" content=\"image\/jpeg\" \/>\n<meta name=\"twitter:card\" content=\"summary_large_image\" \/>\n<script type=\"application\/ld+json\" class=\"yoast-schema-graph\">{\"@context\":\"https:\/\/schema.org\",\"@graph\":[{\"@type\":\"WebPage\",\"@id\":\"https:\/\/www.alucomfort.be\/product\/vatenrek-voor-6-vaten-van-200-l\/\",\"url\":\"https:\/\/www.alucomfort.be\/product\/vatenrek-voor-6-vaten-van-200-l\/\",\"name\":\"Stations de soutirage 200l | Alu Comfort | S\u00e9curit\u00e9 & R\u00e9tention\",\"isPartOf\":{\"@id\":\"https:\/\/www.alucomfort.be\/#website\"},\"primaryImageOfPage\":{\"@id\":\"https:\/\/www.alucomfort.be\/product\/vatenrek-voor-6-vaten-van-200-l\/#primaryimage\"},\"image\":{\"@id\":\"https:\/\/www.alucomfort.be\/product\/vatenrek-voor-6-vaten-van-200-l\/#primaryimage\"},\"thumbnailUrl\":\"https:\/\/www.alucomfort.be\/wp-content\/uploads\/Modulaire-vatenopslag-Drumrack-FRA-1.jpg\",\"datePublished\":\"2019-10-14T09:14:18+00:00\",\"dateModified\":\"2025-09-08T23:19:40+00:00\",\"description\":\"Poste de soutirage professionnel pour le stockage et le pr\u00e9l\u00e8vement s\u00e9curis\u00e9 de max. 6 f\u00fbts de 200L couch\u00e9s. Modulable et combinable avec des f\u00fbts de 60L. D\u00e9couvrez!\",\"breadcrumb\":{\"@id\":\"https:\/\/www.alucomfort.be\/product\/vatenrek-voor-6-vaten-van-200-l\/#breadcrumb\"},\"inLanguage\":\"fr-FR\",\"potentialAction\":[{\"@type\":\"ReadAction\",\"target\":[\"https:\/\/www.alucomfort.be\/product\/vatenrek-voor-6-vaten-van-200-l\/\"]}]},{\"@type\":\"ImageObject\",\"inLanguage\":\"fr-FR\",\"@id\":\"https:\/\/www.alucomfort.be\/product\/vatenrek-voor-6-vaten-van-200-l\/#primaryimage\",\"url\":\"https:\/\/www.alucomfort.be\/wp-content\/uploads\/Modulaire-vatenopslag-Drumrack-FRA-1.jpg\",\"contentUrl\":\"https:\/\/www.alucomfort.be\/wp-content\/uploads\/Modulaire-vatenopslag-Drumrack-FRA-1.jpg\",\"width\":728,\"height\":1330,\"caption\":\"Modulaire vatenopslag Drumrack\"},{\"@type\":\"BreadcrumbList\",\"@id\":\"https:\/\/www.alucomfort.be\/product\/vatenrek-voor-6-vaten-van-200-l\/#breadcrumb\",\"itemListElement\":[{\"@type\":\"ListItem\",\"position\":1,\"name\":\"Home\",\"item\":\"https:\/\/www.alucomfort.be\/fr\/\"},{\"@type\":\"ListItem\",\"position\":2,\"name\":\"Producten\",\"item\":\"https:\/\/www.alucomfort.be\/producten\/\"},{\"@type\":\"ListItem\",\"position\":3,\"name\":\"Stations de soutirage pour 6 f\u00fbts de 200 l\"}]},{\"@type\":\"WebSite\",\"@id\":\"https:\/\/www.alucomfort.be\/#website\",\"url\":\"https:\/\/www.alucomfort.be\/\",\"name\":\"Alu Comfort\",\"description\":\"\",\"potentialAction\":[{\"@type\":\"SearchAction\",\"target\":{\"@type\":\"EntryPoint\",\"urlTemplate\":\"https:\/\/www.alucomfort.be\/?s={search_term_string}\"},\"query-input\":{\"@type\":\"PropertyValueSpecification\",\"valueRequired\":true,\"valueName\":\"search_term_string\"}}],\"inLanguage\":\"fr-FR\"}]}<\/script>\n<!-- \/ Yoast SEO plugin. -->","yoast_head_json":{"title":"Stations de soutirage 200l | Alu Comfort | S\u00e9curit\u00e9 & R\u00e9tention","description":"Poste de soutirage professionnel pour le stockage et le pr\u00e9l\u00e8vement s\u00e9curis\u00e9 de max. 6 f\u00fbts de 200L couch\u00e9s. Modulable et combinable avec des f\u00fbts de 60L. D\u00e9couvrez!","robots":{"index":"index","follow":"follow","max-snippet":"max-snippet:-1","max-image-preview":"max-image-preview:large","max-video-preview":"max-video-preview:-1"},"canonical":"https:\/\/www.alucomfort.be\/product\/vatenrek-voor-6-vaten-van-200-l\/","og_locale":"fr_FR","og_type":"article","og_title":"Stations de soutirage 200l | Alu Comfort | S\u00e9curit\u00e9 & R\u00e9tention","og_description":"Poste de soutirage professionnel pour le stockage et le pr\u00e9l\u00e8vement s\u00e9curis\u00e9 de max. 6 f\u00fbts de 200L couch\u00e9s. Modulable et combinable avec des f\u00fbts de 60L. D\u00e9couvrez!","og_url":"https:\/\/www.alucomfort.be\/product\/vatenrek-voor-6-vaten-van-200-l\/","og_site_name":"Alu Comfort","article_modified_time":"2025-09-08T23:19:40+00:00","og_image":[{"width":728,"height":1330,"url":"https:\/\/www.alucomfort.be\/wp-content\/uploads\/Modulaire-vatenopslag-Drumrack-FRA-1.jpg","type":"image\/jpeg"}],"twitter_card":"summary_large_image","schema":{"@context":"https:\/\/schema.org","@graph":[{"@type":"WebPage","@id":"https:\/\/www.alucomfort.be\/product\/vatenrek-voor-6-vaten-van-200-l\/","url":"https:\/\/www.alucomfort.be\/product\/vatenrek-voor-6-vaten-van-200-l\/","name":"Stations de soutirage 200l | Alu Comfort | S\u00e9curit\u00e9 & R\u00e9tention","isPartOf":{"@id":"https:\/\/www.alucomfort.be\/#website"},"primaryImageOfPage":{"@id":"https:\/\/www.alucomfort.be\/product\/vatenrek-voor-6-vaten-van-200-l\/#primaryimage"},"image":{"@id":"https:\/\/www.alucomfort.be\/product\/vatenrek-voor-6-vaten-van-200-l\/#primaryimage"},"thumbnailUrl":"https:\/\/www.alucomfort.be\/wp-content\/uploads\/Modulaire-vatenopslag-Drumrack-FRA-1.jpg","datePublished":"2019-10-14T09:14:18+00:00","dateModified":"2025-09-08T23:19:40+00:00","description":"Poste de soutirage professionnel pour le stockage et le pr\u00e9l\u00e8vement s\u00e9curis\u00e9 de max. 6 f\u00fbts de 200L couch\u00e9s. Modulable et combinable avec des f\u00fbts de 60L. D\u00e9couvrez!","breadcrumb":{"@id":"https:\/\/www.alucomfort.be\/product\/vatenrek-voor-6-vaten-van-200-l\/#breadcrumb"},"inLanguage":"fr-FR","potentialAction":[{"@type":"ReadAction","target":["https:\/\/www.alucomfort.be\/product\/vatenrek-voor-6-vaten-van-200-l\/"]}]},{"@type":"ImageObject","inLanguage":"fr-FR","@id":"https:\/\/www.alucomfort.be\/product\/vatenrek-voor-6-vaten-van-200-l\/#primaryimage","url":"https:\/\/www.alucomfort.be\/wp-content\/uploads\/Modulaire-vatenopslag-Drumrack-FRA-1.jpg","contentUrl":"https:\/\/www.alucomfort.be\/wp-content\/uploads\/Modulaire-vatenopslag-Drumrack-FRA-1.jpg","width":728,"height":1330,"caption":"Modulaire vatenopslag Drumrack"},{"@type":"BreadcrumbList","@id":"https:\/\/www.alucomfort.be\/product\/vatenrek-voor-6-vaten-van-200-l\/#breadcrumb","itemListElement":[{"@type":"ListItem","position":1,"name":"Home","item":"https:\/\/www.alucomfort.be\/fr\/"},{"@type":"ListItem","position":2,"name":"Producten","item":"https:\/\/www.alucomfort.be\/producten\/"},{"@type":"ListItem","position":3,"name":"Stations de soutirage pour 6 f\u00fbts de 200 l"}]},{"@type":"WebSite","@id":"https:\/\/www.alucomfort.be\/#website","url":"https:\/\/www.alucomfort.be\/","name":"Alu Comfort","description":"","potentialAction":[{"@type":"SearchAction","target":{"@type":"EntryPoint","urlTemplate":"https:\/\/www.alucomfort.be\/?s={search_term_string}"},"query-input":{"@type":"PropertyValueSpecification","valueRequired":true,"valueName":"search_term_string"}}],"inLanguage":"fr-FR"}]}},"_links":{"self":[{"href":"https:\/\/www.alucomfort.be\/fr\/wp-json\/wp\/v2\/product\/183872","targetHints":{"allow":["GET"]}}],"collection":[{"href":"https:\/\/www.alucomfort.be\/fr\/wp-json\/wp\/v2\/product"}],"about":[{"href":"https:\/\/www.alucomfort.be\/fr\/wp-json\/wp\/v2\/types\/product"}],"wp:featuredmedia":[{"embeddable":true,"href":"https:\/\/www.alucomfort.be\/fr\/wp-json\/wp\/v2\/media\/224986"}],"wp:attachment":[{"href":"https:\/\/www.alucomfort.be\/fr\/wp-json\/wp\/v2\/media?parent=183872"}],"wp:term":[{"taxonomy":"product_brand","embeddable":true,"href":"https:\/\/www.alucomfort.be\/fr\/wp-json\/wp\/v2\/product_brand?post=183872"},{"taxonomy":"product_cat","embeddable":true,"href":"https:\/\/www.alucomfort.be\/fr\/wp-json\/wp\/v2\/product_cat?post=183872"},{"taxonomy":"product_tag","embeddable":true,"href":"https:\/\/www.alucomfort.be\/fr\/wp-json\/wp\/v2\/product_tag?post=183872"}],"curies":[{"name":"wp","href":"https:\/\/api.w.org\/{rel}","templated":true}]}}