

{"id":183990,"date":"2019-10-14T11:15:46","date_gmt":"2019-10-14T09:15:46","guid":{"rendered":"https:\/\/www.alucomfort.be\/product\/bacs-de-retention-2-x-200-l\/"},"modified":"2025-09-09T10:45:59","modified_gmt":"2025-09-09T08:45:59","slug":"bacs-de-retention-2-x-200-l","status":"publish","type":"product","link":"https:\/\/www.alucomfort.be\/fr\/product\/bacs-de-retention-2-x-200-l\/","title":{"rendered":"Bac de r\u00e9tention empilable &#8211; 2 x 200 l"},"content":{"rendered":"<p>* Construction en t\u00f4le d&rsquo;acier de 3 mm, * Construction conique et empilables l&rsquo;un dans l&rsquo;autre, * Garde au sol de 100 mm, * Choix avec ou sans caillebotis galvanis\u00e9 (Charge adm. 1000 kg\/m\u00b2).<\/p>\n","protected":false},"excerpt":{"rendered":"<p>Bac de r\u00e9tention conique en t\u00f4le d&rsquo;acier de 3 mm.  Pour le stockage de 2 f\u00fbts de 200 l &#8211; Dim: 1200 x 800 x 415 mm<\/p>\n","protected":false},"featured_media":4224,"template":"","meta":{"_acf_changed":false},"product_brand":[],"product_cat":[9779,2147],"product_tag":[],"class_list":{"0":"post-183990","1":"product","2":"type-product","3":"status-publish","4":"has-post-thumbnail","6":"product_cat-bacs-de-retention-en-tole-dacier-de-3-mm-pour-des-futs-ou-des-ibc","7":"product_cat-mobiele-trap-met-platform","9":"first","10":"outofstock","11":"taxable","12":"shipping-taxable","13":"purchasable","14":"product-type-variable"},"acf":[],"yoast_head":"<!-- This site is optimized with the Yoast SEO plugin v24.8.1 - https:\/\/yoast.com\/wordpress\/plugins\/seo\/ -->\n<title>Cuve de r\u00e9tention empilable pour f\u00fbts de 200 l | Alu Comfort |<\/title>\n<meta name=\"description\" content=\"Alu Comfort propose une large gamme de bacs de r\u00e9tention empilables pour un stockage organis\u00e9 et peu encombrant de substances dangereuses.\" \/>\n<meta name=\"robots\" content=\"index, follow, max-snippet:-1, max-image-preview:large, max-video-preview:-1\" \/>\n<link rel=\"canonical\" href=\"https:\/\/www.alucomfort.be\/product\/opvangbak-2-x-200-l-vaten\/\" \/>\n<meta property=\"og:locale\" content=\"fr_FR\" \/>\n<meta property=\"og:type\" content=\"article\" \/>\n<meta property=\"og:title\" content=\"Cuve de r\u00e9tention empilable pour f\u00fbts de 200 l | Alu Comfort |\" \/>\n<meta property=\"og:description\" content=\"Alu Comfort propose une large gamme de bacs de r\u00e9tention empilables pour un stockage organis\u00e9 et peu encombrant de substances dangereuses.\" \/>\n<meta property=\"og:url\" content=\"https:\/\/www.alucomfort.be\/product\/opvangbak-2-x-200-l-vaten\/\" \/>\n<meta property=\"og:site_name\" content=\"Alu Comfort\" \/>\n<meta property=\"article:modified_time\" content=\"2025-09-09T08:45:59+00:00\" \/>\n<meta property=\"og:image\" content=\"https:\/\/www.alucomfort.be\/wp-content\/uploads\/BR-AM-2-2.jpg\" \/>\n\t<meta property=\"og:image:width\" content=\"2587\" \/>\n\t<meta property=\"og:image:height\" content=\"1494\" \/>\n\t<meta property=\"og:image:type\" content=\"image\/jpeg\" \/>\n<meta name=\"twitter:card\" content=\"summary_large_image\" \/>\n<script type=\"application\/ld+json\" class=\"yoast-schema-graph\">{\"@context\":\"https:\/\/schema.org\",\"@graph\":[{\"@type\":\"WebPage\",\"@id\":\"https:\/\/www.alucomfort.be\/product\/opvangbak-2-x-200-l-vaten\/\",\"url\":\"https:\/\/www.alucomfort.be\/product\/opvangbak-2-x-200-l-vaten\/\",\"name\":\"Cuve de r\u00e9tention empilable pour f\u00fbts de 200 l | Alu Comfort |\",\"isPartOf\":{\"@id\":\"https:\/\/www.alucomfort.be\/#website\"},\"primaryImageOfPage\":{\"@id\":\"https:\/\/www.alucomfort.be\/product\/opvangbak-2-x-200-l-vaten\/#primaryimage\"},\"image\":{\"@id\":\"https:\/\/www.alucomfort.be\/product\/opvangbak-2-x-200-l-vaten\/#primaryimage\"},\"thumbnailUrl\":\"https:\/\/www.alucomfort.be\/wp-content\/uploads\/BR-AM-2-2.jpg\",\"datePublished\":\"2019-10-14T09:15:46+00:00\",\"dateModified\":\"2025-09-09T08:45:59+00:00\",\"description\":\"Alu Comfort propose une large gamme de bacs de r\u00e9tention empilables pour un stockage organis\u00e9 et peu encombrant de substances dangereuses.\",\"breadcrumb\":{\"@id\":\"https:\/\/www.alucomfort.be\/product\/opvangbak-2-x-200-l-vaten\/#breadcrumb\"},\"inLanguage\":\"fr-FR\",\"potentialAction\":[{\"@type\":\"ReadAction\",\"target\":[\"https:\/\/www.alucomfort.be\/product\/opvangbak-2-x-200-l-vaten\/\"]}]},{\"@type\":\"ImageObject\",\"inLanguage\":\"fr-FR\",\"@id\":\"https:\/\/www.alucomfort.be\/product\/opvangbak-2-x-200-l-vaten\/#primaryimage\",\"url\":\"https:\/\/www.alucomfort.be\/wp-content\/uploads\/BR-AM-2-2.jpg\",\"contentUrl\":\"https:\/\/www.alucomfort.be\/wp-content\/uploads\/BR-AM-2-2.jpg\",\"width\":2587,\"height\":1494},{\"@type\":\"BreadcrumbList\",\"@id\":\"https:\/\/www.alucomfort.be\/product\/opvangbak-2-x-200-l-vaten\/#breadcrumb\",\"itemListElement\":[{\"@type\":\"ListItem\",\"position\":1,\"name\":\"Home\",\"item\":\"https:\/\/www.alucomfort.be\/fr\/\"},{\"@type\":\"ListItem\",\"position\":2,\"name\":\"Producten\",\"item\":\"https:\/\/www.alucomfort.be\/producten\/\"},{\"@type\":\"ListItem\",\"position\":3,\"name\":\"Bac de r\u00e9tention empilable &#8211; 2 x 200 l\"}]},{\"@type\":\"WebSite\",\"@id\":\"https:\/\/www.alucomfort.be\/#website\",\"url\":\"https:\/\/www.alucomfort.be\/\",\"name\":\"Alu Comfort\",\"description\":\"\",\"potentialAction\":[{\"@type\":\"SearchAction\",\"target\":{\"@type\":\"EntryPoint\",\"urlTemplate\":\"https:\/\/www.alucomfort.be\/?s={search_term_string}\"},\"query-input\":{\"@type\":\"PropertyValueSpecification\",\"valueRequired\":true,\"valueName\":\"search_term_string\"}}],\"inLanguage\":\"fr-FR\"}]}<\/script>\n<!-- \/ Yoast SEO plugin. -->","yoast_head_json":{"title":"Cuve de r\u00e9tention empilable pour f\u00fbts de 200 l | Alu Comfort |","description":"Alu Comfort propose une large gamme de bacs de r\u00e9tention empilables pour un stockage organis\u00e9 et peu encombrant de substances dangereuses.","robots":{"index":"index","follow":"follow","max-snippet":"max-snippet:-1","max-image-preview":"max-image-preview:large","max-video-preview":"max-video-preview:-1"},"canonical":"https:\/\/www.alucomfort.be\/product\/opvangbak-2-x-200-l-vaten\/","og_locale":"fr_FR","og_type":"article","og_title":"Cuve de r\u00e9tention empilable pour f\u00fbts de 200 l | Alu Comfort |","og_description":"Alu Comfort propose une large gamme de bacs de r\u00e9tention empilables pour un stockage organis\u00e9 et peu encombrant de substances dangereuses.","og_url":"https:\/\/www.alucomfort.be\/product\/opvangbak-2-x-200-l-vaten\/","og_site_name":"Alu Comfort","article_modified_time":"2025-09-09T08:45:59+00:00","og_image":[{"width":2587,"height":1494,"url":"https:\/\/www.alucomfort.be\/wp-content\/uploads\/BR-AM-2-2.jpg","type":"image\/jpeg"}],"twitter_card":"summary_large_image","schema":{"@context":"https:\/\/schema.org","@graph":[{"@type":"WebPage","@id":"https:\/\/www.alucomfort.be\/product\/opvangbak-2-x-200-l-vaten\/","url":"https:\/\/www.alucomfort.be\/product\/opvangbak-2-x-200-l-vaten\/","name":"Cuve de r\u00e9tention empilable pour f\u00fbts de 200 l | Alu Comfort |","isPartOf":{"@id":"https:\/\/www.alucomfort.be\/#website"},"primaryImageOfPage":{"@id":"https:\/\/www.alucomfort.be\/product\/opvangbak-2-x-200-l-vaten\/#primaryimage"},"image":{"@id":"https:\/\/www.alucomfort.be\/product\/opvangbak-2-x-200-l-vaten\/#primaryimage"},"thumbnailUrl":"https:\/\/www.alucomfort.be\/wp-content\/uploads\/BR-AM-2-2.jpg","datePublished":"2019-10-14T09:15:46+00:00","dateModified":"2025-09-09T08:45:59+00:00","description":"Alu Comfort propose une large gamme de bacs de r\u00e9tention empilables pour un stockage organis\u00e9 et peu encombrant de substances dangereuses.","breadcrumb":{"@id":"https:\/\/www.alucomfort.be\/product\/opvangbak-2-x-200-l-vaten\/#breadcrumb"},"inLanguage":"fr-FR","potentialAction":[{"@type":"ReadAction","target":["https:\/\/www.alucomfort.be\/product\/opvangbak-2-x-200-l-vaten\/"]}]},{"@type":"ImageObject","inLanguage":"fr-FR","@id":"https:\/\/www.alucomfort.be\/product\/opvangbak-2-x-200-l-vaten\/#primaryimage","url":"https:\/\/www.alucomfort.be\/wp-content\/uploads\/BR-AM-2-2.jpg","contentUrl":"https:\/\/www.alucomfort.be\/wp-content\/uploads\/BR-AM-2-2.jpg","width":2587,"height":1494},{"@type":"BreadcrumbList","@id":"https:\/\/www.alucomfort.be\/product\/opvangbak-2-x-200-l-vaten\/#breadcrumb","itemListElement":[{"@type":"ListItem","position":1,"name":"Home","item":"https:\/\/www.alucomfort.be\/fr\/"},{"@type":"ListItem","position":2,"name":"Producten","item":"https:\/\/www.alucomfort.be\/producten\/"},{"@type":"ListItem","position":3,"name":"Bac de r\u00e9tention empilable &#8211; 2 x 200 l"}]},{"@type":"WebSite","@id":"https:\/\/www.alucomfort.be\/#website","url":"https:\/\/www.alucomfort.be\/","name":"Alu Comfort","description":"","potentialAction":[{"@type":"SearchAction","target":{"@type":"EntryPoint","urlTemplate":"https:\/\/www.alucomfort.be\/?s={search_term_string}"},"query-input":{"@type":"PropertyValueSpecification","valueRequired":true,"valueName":"search_term_string"}}],"inLanguage":"fr-FR"}]}},"_links":{"self":[{"href":"https:\/\/www.alucomfort.be\/fr\/wp-json\/wp\/v2\/product\/183990","targetHints":{"allow":["GET"]}}],"collection":[{"href":"https:\/\/www.alucomfort.be\/fr\/wp-json\/wp\/v2\/product"}],"about":[{"href":"https:\/\/www.alucomfort.be\/fr\/wp-json\/wp\/v2\/types\/product"}],"wp:featuredmedia":[{"embeddable":true,"href":"https:\/\/www.alucomfort.be\/fr\/wp-json\/wp\/v2\/media\/4224"}],"wp:attachment":[{"href":"https:\/\/www.alucomfort.be\/fr\/wp-json\/wp\/v2\/media?parent=183990"}],"wp:term":[{"taxonomy":"product_brand","embeddable":true,"href":"https:\/\/www.alucomfort.be\/fr\/wp-json\/wp\/v2\/product_brand?post=183990"},{"taxonomy":"product_cat","embeddable":true,"href":"https:\/\/www.alucomfort.be\/fr\/wp-json\/wp\/v2\/product_cat?post=183990"},{"taxonomy":"product_tag","embeddable":true,"href":"https:\/\/www.alucomfort.be\/fr\/wp-json\/wp\/v2\/product_tag?post=183990"}],"curies":[{"name":"wp","href":"https:\/\/api.w.org\/{rel}","templated":true}]}}