

{"id":184068,"date":"2019-10-14T11:16:42","date_gmt":"2019-10-14T09:16:42","guid":{"rendered":"https:\/\/www.alucomfort.be\/product\/bacs-de-retention-8-x-200-l\/"},"modified":"2025-09-09T10:46:55","modified_gmt":"2025-09-09T08:46:55","slug":"bacs-de-retention-8-x-200-l","status":"publish","type":"product","link":"https:\/\/www.alucomfort.be\/fr\/product\/bacs-de-retention-8-x-200-l\/","title":{"rendered":"Bacs de r\u00e9tention &#8211; 08 x 200 l"},"content":{"rendered":"<p>* Grands bacs de r\u00e9tention en acier pour 8 f\u00fbts de 200 litres de liquides dangereux pour l&rsquo;environnement, * Construction en t\u00f4le d&rsquo;acier de 3 mm, * Garde au sol de 100 mm, * Avec caillebotis galvanis\u00e9 (Charge adm. 1000 kg\/m\u00b2), * En option avec support de f\u00fbts ou support \u00e0 rouleaux.  Veuillez prendre contacte avec nous.<\/p>\n","protected":false},"excerpt":{"rendered":"<p>Bac de r\u00e9tention en t\u00f4le d&rsquo;acier de 3 mm.  Pour le stockage de 8 f\u00fbts de 200 l &#8211; Dim: 2650 x 1300 x 210 mm<\/p>\n","protected":false},"featured_media":49472,"template":"","meta":{"_acf_changed":false},"product_brand":[],"product_cat":[9779,2147],"product_tag":[],"class_list":{"0":"post-184068","1":"product","2":"type-product","3":"status-publish","4":"has-post-thumbnail","6":"product_cat-bacs-de-retention-en-tole-dacier-de-3-mm-pour-des-futs-ou-des-ibc","7":"product_cat-mobiele-trap-met-platform","9":"first","10":"outofstock","11":"taxable","12":"shipping-taxable","13":"purchasable","14":"product-type-variable"},"acf":[],"yoast_head":"<!-- This site is optimized with the Yoast SEO plugin v24.8.1 - https:\/\/yoast.com\/wordpress\/plugins\/seo\/ -->\n<title>Bac de r\u00e9tention pour le stockage de 8 f\u00fbts | Alu Comfort |<\/title>\n<meta name=\"description\" content=\"Besoin de grands bacs de r\u00e9tention pour 8 f\u00fbts et plus ? Alu Comfort propose des solutions robustes en acier pour un stockage s\u00e9curis\u00e9 et conforme des volumes importants.\" \/>\n<meta name=\"robots\" content=\"index, follow, max-snippet:-1, max-image-preview:large, max-video-preview:-1\" \/>\n<link rel=\"canonical\" href=\"https:\/\/www.alucomfort.be\/product\/opvangbak-8-x-200-l-vaten\/\" \/>\n<meta property=\"og:locale\" content=\"fr_FR\" \/>\n<meta property=\"og:type\" content=\"article\" \/>\n<meta property=\"og:title\" content=\"Bac de r\u00e9tention pour le stockage de 8 f\u00fbts | Alu Comfort |\" \/>\n<meta property=\"og:description\" content=\"Besoin de grands bacs de r\u00e9tention pour 8 f\u00fbts et plus ? Alu Comfort propose des solutions robustes en acier pour un stockage s\u00e9curis\u00e9 et conforme des volumes importants.\" \/>\n<meta property=\"og:url\" content=\"https:\/\/www.alucomfort.be\/product\/opvangbak-8-x-200-l-vaten\/\" \/>\n<meta property=\"og:site_name\" content=\"Alu Comfort\" \/>\n<meta property=\"article:modified_time\" content=\"2025-09-09T08:46:55+00:00\" \/>\n<meta property=\"og:image\" content=\"https:\/\/www.alucomfort.be\/wp-content\/uploads\/BR-AW-8-1-1024x685.jpg\" \/>\n\t<meta property=\"og:image:width\" content=\"1024\" \/>\n\t<meta property=\"og:image:height\" content=\"685\" \/>\n\t<meta property=\"og:image:type\" content=\"image\/jpeg\" \/>\n<meta name=\"twitter:card\" content=\"summary_large_image\" \/>\n<script type=\"application\/ld+json\" class=\"yoast-schema-graph\">{\"@context\":\"https:\/\/schema.org\",\"@graph\":[{\"@type\":\"WebPage\",\"@id\":\"https:\/\/www.alucomfort.be\/product\/opvangbak-8-x-200-l-vaten\/\",\"url\":\"https:\/\/www.alucomfort.be\/product\/opvangbak-8-x-200-l-vaten\/\",\"name\":\"Bac de r\u00e9tention pour le stockage de 8 f\u00fbts | Alu Comfort |\",\"isPartOf\":{\"@id\":\"https:\/\/www.alucomfort.be\/#website\"},\"primaryImageOfPage\":{\"@id\":\"https:\/\/www.alucomfort.be\/product\/opvangbak-8-x-200-l-vaten\/#primaryimage\"},\"image\":{\"@id\":\"https:\/\/www.alucomfort.be\/product\/opvangbak-8-x-200-l-vaten\/#primaryimage\"},\"thumbnailUrl\":\"https:\/\/www.alucomfort.be\/wp-content\/uploads\/BR-AW-8-1.jpg\",\"datePublished\":\"2019-10-14T09:16:42+00:00\",\"dateModified\":\"2025-09-09T08:46:55+00:00\",\"description\":\"Besoin de grands bacs de r\u00e9tention pour 8 f\u00fbts et plus ? Alu Comfort propose des solutions robustes en acier pour un stockage s\u00e9curis\u00e9 et conforme des volumes importants.\",\"breadcrumb\":{\"@id\":\"https:\/\/www.alucomfort.be\/product\/opvangbak-8-x-200-l-vaten\/#breadcrumb\"},\"inLanguage\":\"fr-FR\",\"potentialAction\":[{\"@type\":\"ReadAction\",\"target\":[\"https:\/\/www.alucomfort.be\/product\/opvangbak-8-x-200-l-vaten\/\"]}]},{\"@type\":\"ImageObject\",\"inLanguage\":\"fr-FR\",\"@id\":\"https:\/\/www.alucomfort.be\/product\/opvangbak-8-x-200-l-vaten\/#primaryimage\",\"url\":\"https:\/\/www.alucomfort.be\/wp-content\/uploads\/BR-AW-8-1.jpg\",\"contentUrl\":\"https:\/\/www.alucomfort.be\/wp-content\/uploads\/BR-AW-8-1.jpg\",\"width\":3872,\"height\":2592},{\"@type\":\"BreadcrumbList\",\"@id\":\"https:\/\/www.alucomfort.be\/product\/opvangbak-8-x-200-l-vaten\/#breadcrumb\",\"itemListElement\":[{\"@type\":\"ListItem\",\"position\":1,\"name\":\"Home\",\"item\":\"https:\/\/www.alucomfort.be\/fr\/\"},{\"@type\":\"ListItem\",\"position\":2,\"name\":\"Producten\",\"item\":\"https:\/\/www.alucomfort.be\/producten\/\"},{\"@type\":\"ListItem\",\"position\":3,\"name\":\"Bacs de r\u00e9tention &#8211; 08 x 200 l\"}]},{\"@type\":\"WebSite\",\"@id\":\"https:\/\/www.alucomfort.be\/#website\",\"url\":\"https:\/\/www.alucomfort.be\/\",\"name\":\"Alu Comfort\",\"description\":\"\",\"potentialAction\":[{\"@type\":\"SearchAction\",\"target\":{\"@type\":\"EntryPoint\",\"urlTemplate\":\"https:\/\/www.alucomfort.be\/?s={search_term_string}\"},\"query-input\":{\"@type\":\"PropertyValueSpecification\",\"valueRequired\":true,\"valueName\":\"search_term_string\"}}],\"inLanguage\":\"fr-FR\"}]}<\/script>\n<!-- \/ Yoast SEO plugin. -->","yoast_head_json":{"title":"Bac de r\u00e9tention pour le stockage de 8 f\u00fbts | Alu Comfort |","description":"Besoin de grands bacs de r\u00e9tention pour 8 f\u00fbts et plus ? Alu Comfort propose des solutions robustes en acier pour un stockage s\u00e9curis\u00e9 et conforme des volumes importants.","robots":{"index":"index","follow":"follow","max-snippet":"max-snippet:-1","max-image-preview":"max-image-preview:large","max-video-preview":"max-video-preview:-1"},"canonical":"https:\/\/www.alucomfort.be\/product\/opvangbak-8-x-200-l-vaten\/","og_locale":"fr_FR","og_type":"article","og_title":"Bac de r\u00e9tention pour le stockage de 8 f\u00fbts | Alu Comfort |","og_description":"Besoin de grands bacs de r\u00e9tention pour 8 f\u00fbts et plus ? Alu Comfort propose des solutions robustes en acier pour un stockage s\u00e9curis\u00e9 et conforme des volumes importants.","og_url":"https:\/\/www.alucomfort.be\/product\/opvangbak-8-x-200-l-vaten\/","og_site_name":"Alu Comfort","article_modified_time":"2025-09-09T08:46:55+00:00","og_image":[{"width":1024,"height":685,"url":"https:\/\/www.alucomfort.be\/wp-content\/uploads\/BR-AW-8-1-1024x685.jpg","type":"image\/jpeg"}],"twitter_card":"summary_large_image","schema":{"@context":"https:\/\/schema.org","@graph":[{"@type":"WebPage","@id":"https:\/\/www.alucomfort.be\/product\/opvangbak-8-x-200-l-vaten\/","url":"https:\/\/www.alucomfort.be\/product\/opvangbak-8-x-200-l-vaten\/","name":"Bac de r\u00e9tention pour le stockage de 8 f\u00fbts | Alu Comfort |","isPartOf":{"@id":"https:\/\/www.alucomfort.be\/#website"},"primaryImageOfPage":{"@id":"https:\/\/www.alucomfort.be\/product\/opvangbak-8-x-200-l-vaten\/#primaryimage"},"image":{"@id":"https:\/\/www.alucomfort.be\/product\/opvangbak-8-x-200-l-vaten\/#primaryimage"},"thumbnailUrl":"https:\/\/www.alucomfort.be\/wp-content\/uploads\/BR-AW-8-1.jpg","datePublished":"2019-10-14T09:16:42+00:00","dateModified":"2025-09-09T08:46:55+00:00","description":"Besoin de grands bacs de r\u00e9tention pour 8 f\u00fbts et plus ? Alu Comfort propose des solutions robustes en acier pour un stockage s\u00e9curis\u00e9 et conforme des volumes importants.","breadcrumb":{"@id":"https:\/\/www.alucomfort.be\/product\/opvangbak-8-x-200-l-vaten\/#breadcrumb"},"inLanguage":"fr-FR","potentialAction":[{"@type":"ReadAction","target":["https:\/\/www.alucomfort.be\/product\/opvangbak-8-x-200-l-vaten\/"]}]},{"@type":"ImageObject","inLanguage":"fr-FR","@id":"https:\/\/www.alucomfort.be\/product\/opvangbak-8-x-200-l-vaten\/#primaryimage","url":"https:\/\/www.alucomfort.be\/wp-content\/uploads\/BR-AW-8-1.jpg","contentUrl":"https:\/\/www.alucomfort.be\/wp-content\/uploads\/BR-AW-8-1.jpg","width":3872,"height":2592},{"@type":"BreadcrumbList","@id":"https:\/\/www.alucomfort.be\/product\/opvangbak-8-x-200-l-vaten\/#breadcrumb","itemListElement":[{"@type":"ListItem","position":1,"name":"Home","item":"https:\/\/www.alucomfort.be\/fr\/"},{"@type":"ListItem","position":2,"name":"Producten","item":"https:\/\/www.alucomfort.be\/producten\/"},{"@type":"ListItem","position":3,"name":"Bacs de r\u00e9tention &#8211; 08 x 200 l"}]},{"@type":"WebSite","@id":"https:\/\/www.alucomfort.be\/#website","url":"https:\/\/www.alucomfort.be\/","name":"Alu Comfort","description":"","potentialAction":[{"@type":"SearchAction","target":{"@type":"EntryPoint","urlTemplate":"https:\/\/www.alucomfort.be\/?s={search_term_string}"},"query-input":{"@type":"PropertyValueSpecification","valueRequired":true,"valueName":"search_term_string"}}],"inLanguage":"fr-FR"}]}},"_links":{"self":[{"href":"https:\/\/www.alucomfort.be\/fr\/wp-json\/wp\/v2\/product\/184068","targetHints":{"allow":["GET"]}}],"collection":[{"href":"https:\/\/www.alucomfort.be\/fr\/wp-json\/wp\/v2\/product"}],"about":[{"href":"https:\/\/www.alucomfort.be\/fr\/wp-json\/wp\/v2\/types\/product"}],"wp:featuredmedia":[{"embeddable":true,"href":"https:\/\/www.alucomfort.be\/fr\/wp-json\/wp\/v2\/media\/49472"}],"wp:attachment":[{"href":"https:\/\/www.alucomfort.be\/fr\/wp-json\/wp\/v2\/media?parent=184068"}],"wp:term":[{"taxonomy":"product_brand","embeddable":true,"href":"https:\/\/www.alucomfort.be\/fr\/wp-json\/wp\/v2\/product_brand?post=184068"},{"taxonomy":"product_cat","embeddable":true,"href":"https:\/\/www.alucomfort.be\/fr\/wp-json\/wp\/v2\/product_cat?post=184068"},{"taxonomy":"product_tag","embeddable":true,"href":"https:\/\/www.alucomfort.be\/fr\/wp-json\/wp\/v2\/product_tag?post=184068"}],"curies":[{"name":"wp","href":"https:\/\/api.w.org\/{rel}","templated":true}]}}