

{"id":184110,"date":"2019-10-14T11:17:17","date_gmt":"2019-10-14T09:17:17","guid":{"rendered":"https:\/\/www.alucomfort.be\/product\/bacs-de-retention-pour-petits-recipients\/"},"modified":"2025-06-25T18:17:06","modified_gmt":"2025-06-25T16:17:06","slug":"bacs-de-retention-pour-petits-recipients-2","status":"publish","type":"product","link":"https:\/\/www.alucomfort.be\/fr\/product\/bacs-de-retention-pour-petits-recipients-2\/","title":{"rendered":"Bacs de r\u00e9tention pour petits r\u00e9cipients"},"content":{"rendered":"<p>* Volume de r\u00e9tention de 20 l, * Bac en inox de 2 mm pour le stockage de mati\u00e8res agressives, * En option avec t\u00f4le perfor\u00e9e.<\/p>\n","protected":false},"excerpt":{"rendered":"<p>Bac de r\u00e9tention en inox &#8211; Dim: 940 x 370 x 60 mm<\/p>\n","protected":false},"featured_media":224500,"template":"","meta":{"_acf_changed":false},"product_brand":[],"product_cat":[2466],"product_tag":[],"class_list":{"0":"post-184110","1":"product","2":"type-product","3":"status-publish","4":"has-post-thumbnail","6":"product_cat-bacs-de-retention-pour-petits-recipients","8":"first","9":"outofstock","10":"taxable","11":"shipping-taxable","12":"purchasable","13":"product-type-variable"},"acf":[],"yoast_head":"<!-- This site is optimized with the Yoast SEO plugin v24.8.1 - https:\/\/yoast.com\/wordpress\/plugins\/seo\/ -->\n<title>Bacs de r\u00e9tention pour petits r\u00e9cipients | Alu Comfort |<\/title>\n<meta name=\"description\" content=\"Bacs de r\u00e9tention en inox pour le stockage s\u00e9curis\u00e9 de petites substances dangereuses. Pr\u00e9venez les fuites et prot\u00e9gez vos sols et l&#039;environnement. Durables, r\u00e9sistants \u00e0 la corrosion et conformes \u00e0 la l\u00e9gislation.\" \/>\n<meta name=\"robots\" content=\"index, follow, max-snippet:-1, max-image-preview:large, max-video-preview:-1\" \/>\n<link rel=\"canonical\" href=\"https:\/\/www.alucomfort.be\/product\/opvangbak-voor-kleine-blikken\/\" \/>\n<meta property=\"og:locale\" content=\"fr_FR\" \/>\n<meta property=\"og:type\" content=\"article\" \/>\n<meta property=\"og:title\" content=\"Bacs de r\u00e9tention pour petits r\u00e9cipients | Alu Comfort |\" \/>\n<meta property=\"og:description\" content=\"Bacs de r\u00e9tention en inox pour le stockage s\u00e9curis\u00e9 de petites substances dangereuses. Pr\u00e9venez les fuites et prot\u00e9gez vos sols et l&#039;environnement. Durables, r\u00e9sistants \u00e0 la corrosion et conformes \u00e0 la l\u00e9gislation.\" \/>\n<meta property=\"og:url\" content=\"https:\/\/www.alucomfort.be\/product\/opvangbak-voor-kleine-blikken\/\" \/>\n<meta property=\"og:site_name\" content=\"Alu Comfort\" \/>\n<meta property=\"article:modified_time\" content=\"2025-06-25T16:17:06+00:00\" \/>\n<meta property=\"og:image\" content=\"https:\/\/www.alucomfort.be\/wp-content\/uploads\/Lekdichte-INOX-Bakken-labo-KGW-1.jpg\" \/>\n\t<meta property=\"og:image:width\" content=\"1920\" \/>\n\t<meta property=\"og:image:height\" content=\"724\" \/>\n\t<meta property=\"og:image:type\" content=\"image\/jpeg\" \/>\n<meta name=\"twitter:card\" content=\"summary_large_image\" \/>\n<script type=\"application\/ld+json\" class=\"yoast-schema-graph\">{\"@context\":\"https:\/\/schema.org\",\"@graph\":[{\"@type\":\"WebPage\",\"@id\":\"https:\/\/www.alucomfort.be\/product\/opvangbak-voor-kleine-blikken\/\",\"url\":\"https:\/\/www.alucomfort.be\/product\/opvangbak-voor-kleine-blikken\/\",\"name\":\"Bacs de r\u00e9tention pour petits r\u00e9cipients | Alu Comfort |\",\"isPartOf\":{\"@id\":\"https:\/\/www.alucomfort.be\/#website\"},\"primaryImageOfPage\":{\"@id\":\"https:\/\/www.alucomfort.be\/product\/opvangbak-voor-kleine-blikken\/#primaryimage\"},\"image\":{\"@id\":\"https:\/\/www.alucomfort.be\/product\/opvangbak-voor-kleine-blikken\/#primaryimage\"},\"thumbnailUrl\":\"https:\/\/www.alucomfort.be\/wp-content\/uploads\/Lekdichte-INOX-Bakken-labo-KGW-1.jpg\",\"datePublished\":\"2019-10-14T09:17:17+00:00\",\"dateModified\":\"2025-06-25T16:17:06+00:00\",\"description\":\"Bacs de r\u00e9tention en inox pour le stockage s\u00e9curis\u00e9 de petites substances dangereuses. Pr\u00e9venez les fuites et prot\u00e9gez vos sols et l'environnement. Durables, r\u00e9sistants \u00e0 la corrosion et conformes \u00e0 la l\u00e9gislation.\",\"breadcrumb\":{\"@id\":\"https:\/\/www.alucomfort.be\/product\/opvangbak-voor-kleine-blikken\/#breadcrumb\"},\"inLanguage\":\"fr-FR\",\"potentialAction\":[{\"@type\":\"ReadAction\",\"target\":[\"https:\/\/www.alucomfort.be\/product\/opvangbak-voor-kleine-blikken\/\"]}]},{\"@type\":\"ImageObject\",\"inLanguage\":\"fr-FR\",\"@id\":\"https:\/\/www.alucomfort.be\/product\/opvangbak-voor-kleine-blikken\/#primaryimage\",\"url\":\"https:\/\/www.alucomfort.be\/wp-content\/uploads\/Lekdichte-INOX-Bakken-labo-KGW-1.jpg\",\"contentUrl\":\"https:\/\/www.alucomfort.be\/wp-content\/uploads\/Lekdichte-INOX-Bakken-labo-KGW-1.jpg\",\"width\":1920,\"height\":724,\"caption\":\"Lekdichte-INOX-Bakken-labo\"},{\"@type\":\"BreadcrumbList\",\"@id\":\"https:\/\/www.alucomfort.be\/product\/opvangbak-voor-kleine-blikken\/#breadcrumb\",\"itemListElement\":[{\"@type\":\"ListItem\",\"position\":1,\"name\":\"Home\",\"item\":\"https:\/\/www.alucomfort.be\/fr\/\"},{\"@type\":\"ListItem\",\"position\":2,\"name\":\"Producten\",\"item\":\"https:\/\/www.alucomfort.be\/producten\/\"},{\"@type\":\"ListItem\",\"position\":3,\"name\":\"Bacs de r\u00e9tention pour petits r\u00e9cipients\"}]},{\"@type\":\"WebSite\",\"@id\":\"https:\/\/www.alucomfort.be\/#website\",\"url\":\"https:\/\/www.alucomfort.be\/\",\"name\":\"Alu Comfort\",\"description\":\"\",\"potentialAction\":[{\"@type\":\"SearchAction\",\"target\":{\"@type\":\"EntryPoint\",\"urlTemplate\":\"https:\/\/www.alucomfort.be\/?s={search_term_string}\"},\"query-input\":{\"@type\":\"PropertyValueSpecification\",\"valueRequired\":true,\"valueName\":\"search_term_string\"}}],\"inLanguage\":\"fr-FR\"}]}<\/script>\n<!-- \/ Yoast SEO plugin. -->","yoast_head_json":{"title":"Bacs de r\u00e9tention pour petits r\u00e9cipients | Alu Comfort |","description":"Bacs de r\u00e9tention en inox pour le stockage s\u00e9curis\u00e9 de petites substances dangereuses. Pr\u00e9venez les fuites et prot\u00e9gez vos sols et l'environnement. Durables, r\u00e9sistants \u00e0 la corrosion et conformes \u00e0 la l\u00e9gislation.","robots":{"index":"index","follow":"follow","max-snippet":"max-snippet:-1","max-image-preview":"max-image-preview:large","max-video-preview":"max-video-preview:-1"},"canonical":"https:\/\/www.alucomfort.be\/product\/opvangbak-voor-kleine-blikken\/","og_locale":"fr_FR","og_type":"article","og_title":"Bacs de r\u00e9tention pour petits r\u00e9cipients | Alu Comfort |","og_description":"Bacs de r\u00e9tention en inox pour le stockage s\u00e9curis\u00e9 de petites substances dangereuses. Pr\u00e9venez les fuites et prot\u00e9gez vos sols et l'environnement. Durables, r\u00e9sistants \u00e0 la corrosion et conformes \u00e0 la l\u00e9gislation.","og_url":"https:\/\/www.alucomfort.be\/product\/opvangbak-voor-kleine-blikken\/","og_site_name":"Alu Comfort","article_modified_time":"2025-06-25T16:17:06+00:00","og_image":[{"width":1920,"height":724,"url":"https:\/\/www.alucomfort.be\/wp-content\/uploads\/Lekdichte-INOX-Bakken-labo-KGW-1.jpg","type":"image\/jpeg"}],"twitter_card":"summary_large_image","schema":{"@context":"https:\/\/schema.org","@graph":[{"@type":"WebPage","@id":"https:\/\/www.alucomfort.be\/product\/opvangbak-voor-kleine-blikken\/","url":"https:\/\/www.alucomfort.be\/product\/opvangbak-voor-kleine-blikken\/","name":"Bacs de r\u00e9tention pour petits r\u00e9cipients | Alu Comfort |","isPartOf":{"@id":"https:\/\/www.alucomfort.be\/#website"},"primaryImageOfPage":{"@id":"https:\/\/www.alucomfort.be\/product\/opvangbak-voor-kleine-blikken\/#primaryimage"},"image":{"@id":"https:\/\/www.alucomfort.be\/product\/opvangbak-voor-kleine-blikken\/#primaryimage"},"thumbnailUrl":"https:\/\/www.alucomfort.be\/wp-content\/uploads\/Lekdichte-INOX-Bakken-labo-KGW-1.jpg","datePublished":"2019-10-14T09:17:17+00:00","dateModified":"2025-06-25T16:17:06+00:00","description":"Bacs de r\u00e9tention en inox pour le stockage s\u00e9curis\u00e9 de petites substances dangereuses. Pr\u00e9venez les fuites et prot\u00e9gez vos sols et l'environnement. Durables, r\u00e9sistants \u00e0 la corrosion et conformes \u00e0 la l\u00e9gislation.","breadcrumb":{"@id":"https:\/\/www.alucomfort.be\/product\/opvangbak-voor-kleine-blikken\/#breadcrumb"},"inLanguage":"fr-FR","potentialAction":[{"@type":"ReadAction","target":["https:\/\/www.alucomfort.be\/product\/opvangbak-voor-kleine-blikken\/"]}]},{"@type":"ImageObject","inLanguage":"fr-FR","@id":"https:\/\/www.alucomfort.be\/product\/opvangbak-voor-kleine-blikken\/#primaryimage","url":"https:\/\/www.alucomfort.be\/wp-content\/uploads\/Lekdichte-INOX-Bakken-labo-KGW-1.jpg","contentUrl":"https:\/\/www.alucomfort.be\/wp-content\/uploads\/Lekdichte-INOX-Bakken-labo-KGW-1.jpg","width":1920,"height":724,"caption":"Lekdichte-INOX-Bakken-labo"},{"@type":"BreadcrumbList","@id":"https:\/\/www.alucomfort.be\/product\/opvangbak-voor-kleine-blikken\/#breadcrumb","itemListElement":[{"@type":"ListItem","position":1,"name":"Home","item":"https:\/\/www.alucomfort.be\/fr\/"},{"@type":"ListItem","position":2,"name":"Producten","item":"https:\/\/www.alucomfort.be\/producten\/"},{"@type":"ListItem","position":3,"name":"Bacs de r\u00e9tention pour petits r\u00e9cipients"}]},{"@type":"WebSite","@id":"https:\/\/www.alucomfort.be\/#website","url":"https:\/\/www.alucomfort.be\/","name":"Alu Comfort","description":"","potentialAction":[{"@type":"SearchAction","target":{"@type":"EntryPoint","urlTemplate":"https:\/\/www.alucomfort.be\/?s={search_term_string}"},"query-input":{"@type":"PropertyValueSpecification","valueRequired":true,"valueName":"search_term_string"}}],"inLanguage":"fr-FR"}]}},"_links":{"self":[{"href":"https:\/\/www.alucomfort.be\/fr\/wp-json\/wp\/v2\/product\/184110","targetHints":{"allow":["GET"]}}],"collection":[{"href":"https:\/\/www.alucomfort.be\/fr\/wp-json\/wp\/v2\/product"}],"about":[{"href":"https:\/\/www.alucomfort.be\/fr\/wp-json\/wp\/v2\/types\/product"}],"wp:featuredmedia":[{"embeddable":true,"href":"https:\/\/www.alucomfort.be\/fr\/wp-json\/wp\/v2\/media\/224500"}],"wp:attachment":[{"href":"https:\/\/www.alucomfort.be\/fr\/wp-json\/wp\/v2\/media?parent=184110"}],"wp:term":[{"taxonomy":"product_brand","embeddable":true,"href":"https:\/\/www.alucomfort.be\/fr\/wp-json\/wp\/v2\/product_brand?post=184110"},{"taxonomy":"product_cat","embeddable":true,"href":"https:\/\/www.alucomfort.be\/fr\/wp-json\/wp\/v2\/product_cat?post=184110"},{"taxonomy":"product_tag","embeddable":true,"href":"https:\/\/www.alucomfort.be\/fr\/wp-json\/wp\/v2\/product_tag?post=184110"}],"curies":[{"name":"wp","href":"https:\/\/api.w.org\/{rel}","templated":true}]}}