

{"id":184130,"date":"2019-10-14T11:17:33","date_gmt":"2019-10-14T09:17:33","guid":{"rendered":"https:\/\/www.alucomfort.be\/product\/bacs-de-retention-pour-petits-recipients\/"},"modified":"2025-06-25T18:17:17","modified_gmt":"2025-06-25T16:17:17","slug":"bacs-de-retention-pour-petits-recipients-4","status":"publish","type":"product","link":"https:\/\/www.alucomfort.be\/fr\/product\/bacs-de-retention-pour-petits-recipients-4\/","title":{"rendered":"Bacs de r\u00e9tention pour petits r\u00e9cipients"},"content":{"rendered":"<p>* Volume de r\u00e9tention de 39 l, * Bac en inox de 2 mm pour le stockage de mati\u00e8res agressives, * En option avec t\u00f4le perfor\u00e9e.<\/p>\n","protected":false},"excerpt":{"rendered":"<p>Bac de r\u00e9tention en inox &#8211; Dim: 1000 x 600 x 70 mm<\/p>\n","protected":false},"featured_media":224506,"template":"","meta":{"_acf_changed":false},"product_brand":[],"product_cat":[2466],"product_tag":[],"class_list":{"0":"post-184130","1":"product","2":"type-product","3":"status-publish","4":"has-post-thumbnail","6":"product_cat-bacs-de-retention-pour-petits-recipients","8":"first","9":"outofstock","10":"taxable","11":"shipping-taxable","12":"purchasable","13":"product-type-variable"},"acf":[],"yoast_head":"<!-- This site is optimized with the Yoast SEO plugin v24.8.1 - https:\/\/yoast.com\/wordpress\/plugins\/seo\/ -->\n<title>Bacs de r\u00e9tention pour petits r\u00e9cipients | Alu Comfort |<\/title>\n<meta name=\"description\" content=\"Bacs de r\u00e9tention compacts en inox : Id\u00e9aux pour les bidons et petits f\u00fbts. Fabriqu\u00e9s en acier inoxydable de haute qualit\u00e9, ils offrent une protection optimale contre les fuites et une excellente r\u00e9sistance chimique pour les liquides dangereux.\" \/>\n<meta name=\"robots\" content=\"index, follow, max-snippet:-1, max-image-preview:large, max-video-preview:-1\" \/>\n<link rel=\"canonical\" href=\"https:\/\/www.alucomfort.be\/product\/opvangbak-voor-kleine-blikken-3\/\" \/>\n<meta property=\"og:locale\" content=\"fr_FR\" \/>\n<meta property=\"og:type\" content=\"article\" \/>\n<meta property=\"og:title\" content=\"Bacs de r\u00e9tention pour petits r\u00e9cipients | Alu Comfort |\" \/>\n<meta property=\"og:description\" content=\"Bacs de r\u00e9tention compacts en inox : Id\u00e9aux pour les bidons et petits f\u00fbts. Fabriqu\u00e9s en acier inoxydable de haute qualit\u00e9, ils offrent une protection optimale contre les fuites et une excellente r\u00e9sistance chimique pour les liquides dangereux.\" \/>\n<meta property=\"og:url\" content=\"https:\/\/www.alucomfort.be\/product\/opvangbak-voor-kleine-blikken-3\/\" \/>\n<meta property=\"og:site_name\" content=\"Alu Comfort\" \/>\n<meta property=\"article:modified_time\" content=\"2025-06-25T16:17:17+00:00\" \/>\n<meta property=\"og:image\" content=\"https:\/\/www.alucomfort.be\/wp-content\/uploads\/Lekbak-voor-kleine-blikken-KGW-6.jpg\" \/>\n\t<meta property=\"og:image:width\" content=\"1920\" \/>\n\t<meta property=\"og:image:height\" content=\"1133\" \/>\n\t<meta property=\"og:image:type\" content=\"image\/jpeg\" \/>\n<meta name=\"twitter:card\" content=\"summary_large_image\" \/>\n<script type=\"application\/ld+json\" class=\"yoast-schema-graph\">{\"@context\":\"https:\/\/schema.org\",\"@graph\":[{\"@type\":\"WebPage\",\"@id\":\"https:\/\/www.alucomfort.be\/product\/opvangbak-voor-kleine-blikken-3\/\",\"url\":\"https:\/\/www.alucomfort.be\/product\/opvangbak-voor-kleine-blikken-3\/\",\"name\":\"Bacs de r\u00e9tention pour petits r\u00e9cipients | Alu Comfort |\",\"isPartOf\":{\"@id\":\"https:\/\/www.alucomfort.be\/#website\"},\"primaryImageOfPage\":{\"@id\":\"https:\/\/www.alucomfort.be\/product\/opvangbak-voor-kleine-blikken-3\/#primaryimage\"},\"image\":{\"@id\":\"https:\/\/www.alucomfort.be\/product\/opvangbak-voor-kleine-blikken-3\/#primaryimage\"},\"thumbnailUrl\":\"https:\/\/www.alucomfort.be\/wp-content\/uploads\/Lekbak-voor-kleine-blikken-KGW-6.jpg\",\"datePublished\":\"2019-10-14T09:17:33+00:00\",\"dateModified\":\"2025-06-25T16:17:17+00:00\",\"description\":\"Bacs de r\u00e9tention compacts en inox : Id\u00e9aux pour les bidons et petits f\u00fbts. Fabriqu\u00e9s en acier inoxydable de haute qualit\u00e9, ils offrent une protection optimale contre les fuites et une excellente r\u00e9sistance chimique pour les liquides dangereux.\",\"breadcrumb\":{\"@id\":\"https:\/\/www.alucomfort.be\/product\/opvangbak-voor-kleine-blikken-3\/#breadcrumb\"},\"inLanguage\":\"fr-FR\",\"potentialAction\":[{\"@type\":\"ReadAction\",\"target\":[\"https:\/\/www.alucomfort.be\/product\/opvangbak-voor-kleine-blikken-3\/\"]}]},{\"@type\":\"ImageObject\",\"inLanguage\":\"fr-FR\",\"@id\":\"https:\/\/www.alucomfort.be\/product\/opvangbak-voor-kleine-blikken-3\/#primaryimage\",\"url\":\"https:\/\/www.alucomfort.be\/wp-content\/uploads\/Lekbak-voor-kleine-blikken-KGW-6.jpg\",\"contentUrl\":\"https:\/\/www.alucomfort.be\/wp-content\/uploads\/Lekbak-voor-kleine-blikken-KGW-6.jpg\",\"width\":1920,\"height\":1133,\"caption\":\"converted PNM file\"},{\"@type\":\"BreadcrumbList\",\"@id\":\"https:\/\/www.alucomfort.be\/product\/opvangbak-voor-kleine-blikken-3\/#breadcrumb\",\"itemListElement\":[{\"@type\":\"ListItem\",\"position\":1,\"name\":\"Home\",\"item\":\"https:\/\/www.alucomfort.be\/fr\/\"},{\"@type\":\"ListItem\",\"position\":2,\"name\":\"Producten\",\"item\":\"https:\/\/www.alucomfort.be\/producten\/\"},{\"@type\":\"ListItem\",\"position\":3,\"name\":\"Bacs de r\u00e9tention pour petits r\u00e9cipients\"}]},{\"@type\":\"WebSite\",\"@id\":\"https:\/\/www.alucomfort.be\/#website\",\"url\":\"https:\/\/www.alucomfort.be\/\",\"name\":\"Alu Comfort\",\"description\":\"\",\"potentialAction\":[{\"@type\":\"SearchAction\",\"target\":{\"@type\":\"EntryPoint\",\"urlTemplate\":\"https:\/\/www.alucomfort.be\/?s={search_term_string}\"},\"query-input\":{\"@type\":\"PropertyValueSpecification\",\"valueRequired\":true,\"valueName\":\"search_term_string\"}}],\"inLanguage\":\"fr-FR\"}]}<\/script>\n<!-- \/ Yoast SEO plugin. -->","yoast_head_json":{"title":"Bacs de r\u00e9tention pour petits r\u00e9cipients | Alu Comfort |","description":"Bacs de r\u00e9tention compacts en inox : Id\u00e9aux pour les bidons et petits f\u00fbts. Fabriqu\u00e9s en acier inoxydable de haute qualit\u00e9, ils offrent une protection optimale contre les fuites et une excellente r\u00e9sistance chimique pour les liquides dangereux.","robots":{"index":"index","follow":"follow","max-snippet":"max-snippet:-1","max-image-preview":"max-image-preview:large","max-video-preview":"max-video-preview:-1"},"canonical":"https:\/\/www.alucomfort.be\/product\/opvangbak-voor-kleine-blikken-3\/","og_locale":"fr_FR","og_type":"article","og_title":"Bacs de r\u00e9tention pour petits r\u00e9cipients | Alu Comfort |","og_description":"Bacs de r\u00e9tention compacts en inox : Id\u00e9aux pour les bidons et petits f\u00fbts. Fabriqu\u00e9s en acier inoxydable de haute qualit\u00e9, ils offrent une protection optimale contre les fuites et une excellente r\u00e9sistance chimique pour les liquides dangereux.","og_url":"https:\/\/www.alucomfort.be\/product\/opvangbak-voor-kleine-blikken-3\/","og_site_name":"Alu Comfort","article_modified_time":"2025-06-25T16:17:17+00:00","og_image":[{"width":1920,"height":1133,"url":"https:\/\/www.alucomfort.be\/wp-content\/uploads\/Lekbak-voor-kleine-blikken-KGW-6.jpg","type":"image\/jpeg"}],"twitter_card":"summary_large_image","schema":{"@context":"https:\/\/schema.org","@graph":[{"@type":"WebPage","@id":"https:\/\/www.alucomfort.be\/product\/opvangbak-voor-kleine-blikken-3\/","url":"https:\/\/www.alucomfort.be\/product\/opvangbak-voor-kleine-blikken-3\/","name":"Bacs de r\u00e9tention pour petits r\u00e9cipients | Alu Comfort |","isPartOf":{"@id":"https:\/\/www.alucomfort.be\/#website"},"primaryImageOfPage":{"@id":"https:\/\/www.alucomfort.be\/product\/opvangbak-voor-kleine-blikken-3\/#primaryimage"},"image":{"@id":"https:\/\/www.alucomfort.be\/product\/opvangbak-voor-kleine-blikken-3\/#primaryimage"},"thumbnailUrl":"https:\/\/www.alucomfort.be\/wp-content\/uploads\/Lekbak-voor-kleine-blikken-KGW-6.jpg","datePublished":"2019-10-14T09:17:33+00:00","dateModified":"2025-06-25T16:17:17+00:00","description":"Bacs de r\u00e9tention compacts en inox : Id\u00e9aux pour les bidons et petits f\u00fbts. Fabriqu\u00e9s en acier inoxydable de haute qualit\u00e9, ils offrent une protection optimale contre les fuites et une excellente r\u00e9sistance chimique pour les liquides dangereux.","breadcrumb":{"@id":"https:\/\/www.alucomfort.be\/product\/opvangbak-voor-kleine-blikken-3\/#breadcrumb"},"inLanguage":"fr-FR","potentialAction":[{"@type":"ReadAction","target":["https:\/\/www.alucomfort.be\/product\/opvangbak-voor-kleine-blikken-3\/"]}]},{"@type":"ImageObject","inLanguage":"fr-FR","@id":"https:\/\/www.alucomfort.be\/product\/opvangbak-voor-kleine-blikken-3\/#primaryimage","url":"https:\/\/www.alucomfort.be\/wp-content\/uploads\/Lekbak-voor-kleine-blikken-KGW-6.jpg","contentUrl":"https:\/\/www.alucomfort.be\/wp-content\/uploads\/Lekbak-voor-kleine-blikken-KGW-6.jpg","width":1920,"height":1133,"caption":"converted PNM file"},{"@type":"BreadcrumbList","@id":"https:\/\/www.alucomfort.be\/product\/opvangbak-voor-kleine-blikken-3\/#breadcrumb","itemListElement":[{"@type":"ListItem","position":1,"name":"Home","item":"https:\/\/www.alucomfort.be\/fr\/"},{"@type":"ListItem","position":2,"name":"Producten","item":"https:\/\/www.alucomfort.be\/producten\/"},{"@type":"ListItem","position":3,"name":"Bacs de r\u00e9tention pour petits r\u00e9cipients"}]},{"@type":"WebSite","@id":"https:\/\/www.alucomfort.be\/#website","url":"https:\/\/www.alucomfort.be\/","name":"Alu Comfort","description":"","potentialAction":[{"@type":"SearchAction","target":{"@type":"EntryPoint","urlTemplate":"https:\/\/www.alucomfort.be\/?s={search_term_string}"},"query-input":{"@type":"PropertyValueSpecification","valueRequired":true,"valueName":"search_term_string"}}],"inLanguage":"fr-FR"}]}},"_links":{"self":[{"href":"https:\/\/www.alucomfort.be\/fr\/wp-json\/wp\/v2\/product\/184130","targetHints":{"allow":["GET"]}}],"collection":[{"href":"https:\/\/www.alucomfort.be\/fr\/wp-json\/wp\/v2\/product"}],"about":[{"href":"https:\/\/www.alucomfort.be\/fr\/wp-json\/wp\/v2\/types\/product"}],"wp:featuredmedia":[{"embeddable":true,"href":"https:\/\/www.alucomfort.be\/fr\/wp-json\/wp\/v2\/media\/224506"}],"wp:attachment":[{"href":"https:\/\/www.alucomfort.be\/fr\/wp-json\/wp\/v2\/media?parent=184130"}],"wp:term":[{"taxonomy":"product_brand","embeddable":true,"href":"https:\/\/www.alucomfort.be\/fr\/wp-json\/wp\/v2\/product_brand?post=184130"},{"taxonomy":"product_cat","embeddable":true,"href":"https:\/\/www.alucomfort.be\/fr\/wp-json\/wp\/v2\/product_cat?post=184130"},{"taxonomy":"product_tag","embeddable":true,"href":"https:\/\/www.alucomfort.be\/fr\/wp-json\/wp\/v2\/product_tag?post=184130"}],"curies":[{"name":"wp","href":"https:\/\/api.w.org\/{rel}","templated":true}]}}