

{"id":184170,"date":"2019-10-14T11:18:06","date_gmt":"2019-10-14T09:18:06","guid":{"rendered":"https:\/\/www.alucomfort.be\/product\/bacs-de-retention-pour-petits-recipients-sur-des-euro-pallettes-ou-sur-palettes-chimiques\/"},"modified":"2025-06-25T18:17:40","modified_gmt":"2025-06-25T16:17:40","slug":"bacs-de-retention-pour-petits-recipients-sur-des-euro-pallettes-ou-sur-palettes-chimiques-3","status":"publish","type":"product","link":"https:\/\/www.alucomfort.be\/fr\/product\/bacs-de-retention-pour-petits-recipients-sur-des-euro-pallettes-ou-sur-palettes-chimiques-3\/","title":{"rendered":"Bacs de r\u00e9tention pour r\u00e9cipients sur euro-pallettes ou palettes chimiques"},"content":{"rendered":"<p>* Volume de r\u00e9tention de 55 l, * Les bacs peuvent \u00eatre combin\u00e9s, aussi bien avec une Euro-palette qu&rsquo;avec une palette chimique, * Bac en inox de 2 mm pour le stockage de mati\u00e8res agressives, * En option avec t\u00f4le perfor\u00e9e.<\/p>\n","protected":false},"excerpt":{"rendered":"<p>Bac de r\u00e9tention en inox &#8211; Dim: 800 x 600 x 120 mm<\/p>\n","protected":false},"featured_media":224522,"template":"","meta":{"_acf_changed":false},"product_brand":[],"product_cat":[2466],"product_tag":[],"class_list":{"0":"post-184170","1":"product","2":"type-product","3":"status-publish","4":"has-post-thumbnail","6":"product_cat-bacs-de-retention-pour-petits-recipients","8":"first","9":"outofstock","10":"taxable","11":"shipping-taxable","12":"purchasable","13":"product-type-variable"},"acf":[],"yoast_head":"<!-- This site is optimized with the Yoast SEO plugin v24.8.1 - https:\/\/yoast.com\/wordpress\/plugins\/seo\/ -->\n<title>Bacs de r\u00e9tention pour bidons | Alu Comfort | Sp\u00e9cialement con\u00e7us pour les petites fuites.<\/title>\n<meta name=\"description\" content=\"Prot\u00e9gez votre investissement et l&#039;environnement avec nos bacs de r\u00e9tention premium en inox. Sp\u00e9cialement con\u00e7us pour le tamponnage s\u00e9curis\u00e9 de petits emballages de liquides dangereux sur palettes chimiques et Euro-palettes. D\u00e9couvrez notre gamme.\" \/>\n<meta name=\"robots\" content=\"index, follow, max-snippet:-1, max-image-preview:large, max-video-preview:-1\" \/>\n<link rel=\"canonical\" href=\"https:\/\/www.alucomfort.be\/product\/opvangbak-voor-kleine-blikken-voor-opslag-op-euro-en-chemiepallets-2\/\" \/>\n<meta property=\"og:locale\" content=\"fr_FR\" \/>\n<meta property=\"og:type\" content=\"article\" \/>\n<meta property=\"og:title\" content=\"Bacs de r\u00e9tention pour bidons | Alu Comfort | Sp\u00e9cialement con\u00e7us pour les petites fuites.\" \/>\n<meta property=\"og:description\" content=\"Prot\u00e9gez votre investissement et l&#039;environnement avec nos bacs de r\u00e9tention premium en inox. Sp\u00e9cialement con\u00e7us pour le tamponnage s\u00e9curis\u00e9 de petits emballages de liquides dangereux sur palettes chimiques et Euro-palettes. D\u00e9couvrez notre gamme.\" \/>\n<meta property=\"og:url\" content=\"https:\/\/www.alucomfort.be\/product\/opvangbak-voor-kleine-blikken-voor-opslag-op-euro-en-chemiepallets-2\/\" \/>\n<meta property=\"og:site_name\" content=\"Alu Comfort\" \/>\n<meta property=\"article:modified_time\" content=\"2025-06-25T16:17:40+00:00\" \/>\n<meta property=\"og:image\" content=\"https:\/\/www.alucomfort.be\/wp-content\/uploads\/Lekbak-Chemiepallet-KGW-P-2-2.jpg\" \/>\n\t<meta property=\"og:image:width\" content=\"1920\" \/>\n\t<meta property=\"og:image:height\" content=\"1012\" \/>\n\t<meta property=\"og:image:type\" content=\"image\/jpeg\" \/>\n<meta name=\"twitter:card\" content=\"summary_large_image\" \/>\n<script type=\"application\/ld+json\" class=\"yoast-schema-graph\">{\"@context\":\"https:\/\/schema.org\",\"@graph\":[{\"@type\":\"WebPage\",\"@id\":\"https:\/\/www.alucomfort.be\/product\/opvangbak-voor-kleine-blikken-voor-opslag-op-euro-en-chemiepallets-2\/\",\"url\":\"https:\/\/www.alucomfort.be\/product\/opvangbak-voor-kleine-blikken-voor-opslag-op-euro-en-chemiepallets-2\/\",\"name\":\"Bacs de r\u00e9tention pour bidons | Alu Comfort | Sp\u00e9cialement con\u00e7us pour les petites fuites.\",\"isPartOf\":{\"@id\":\"https:\/\/www.alucomfort.be\/#website\"},\"primaryImageOfPage\":{\"@id\":\"https:\/\/www.alucomfort.be\/product\/opvangbak-voor-kleine-blikken-voor-opslag-op-euro-en-chemiepallets-2\/#primaryimage\"},\"image\":{\"@id\":\"https:\/\/www.alucomfort.be\/product\/opvangbak-voor-kleine-blikken-voor-opslag-op-euro-en-chemiepallets-2\/#primaryimage\"},\"thumbnailUrl\":\"https:\/\/www.alucomfort.be\/wp-content\/uploads\/Lekbak-Chemiepallet-KGW-P-2-2.jpg\",\"datePublished\":\"2019-10-14T09:18:06+00:00\",\"dateModified\":\"2025-06-25T16:17:40+00:00\",\"description\":\"Prot\u00e9gez votre investissement et l'environnement avec nos bacs de r\u00e9tention premium en inox. Sp\u00e9cialement con\u00e7us pour le tamponnage s\u00e9curis\u00e9 de petits emballages de liquides dangereux sur palettes chimiques et Euro-palettes. D\u00e9couvrez notre gamme.\",\"breadcrumb\":{\"@id\":\"https:\/\/www.alucomfort.be\/product\/opvangbak-voor-kleine-blikken-voor-opslag-op-euro-en-chemiepallets-2\/#breadcrumb\"},\"inLanguage\":\"fr-FR\",\"potentialAction\":[{\"@type\":\"ReadAction\",\"target\":[\"https:\/\/www.alucomfort.be\/product\/opvangbak-voor-kleine-blikken-voor-opslag-op-euro-en-chemiepallets-2\/\"]}]},{\"@type\":\"ImageObject\",\"inLanguage\":\"fr-FR\",\"@id\":\"https:\/\/www.alucomfort.be\/product\/opvangbak-voor-kleine-blikken-voor-opslag-op-euro-en-chemiepallets-2\/#primaryimage\",\"url\":\"https:\/\/www.alucomfort.be\/wp-content\/uploads\/Lekbak-Chemiepallet-KGW-P-2-2.jpg\",\"contentUrl\":\"https:\/\/www.alucomfort.be\/wp-content\/uploads\/Lekbak-Chemiepallet-KGW-P-2-2.jpg\",\"width\":1920,\"height\":1012,\"caption\":\"Lekbak_Chemiepallet\"},{\"@type\":\"BreadcrumbList\",\"@id\":\"https:\/\/www.alucomfort.be\/product\/opvangbak-voor-kleine-blikken-voor-opslag-op-euro-en-chemiepallets-2\/#breadcrumb\",\"itemListElement\":[{\"@type\":\"ListItem\",\"position\":1,\"name\":\"Home\",\"item\":\"https:\/\/www.alucomfort.be\/fr\/\"},{\"@type\":\"ListItem\",\"position\":2,\"name\":\"Producten\",\"item\":\"https:\/\/www.alucomfort.be\/producten\/\"},{\"@type\":\"ListItem\",\"position\":3,\"name\":\"Bacs de r\u00e9tention pour r\u00e9cipients sur euro-pallettes ou palettes chimiques\"}]},{\"@type\":\"WebSite\",\"@id\":\"https:\/\/www.alucomfort.be\/#website\",\"url\":\"https:\/\/www.alucomfort.be\/\",\"name\":\"Alu Comfort\",\"description\":\"\",\"potentialAction\":[{\"@type\":\"SearchAction\",\"target\":{\"@type\":\"EntryPoint\",\"urlTemplate\":\"https:\/\/www.alucomfort.be\/?s={search_term_string}\"},\"query-input\":{\"@type\":\"PropertyValueSpecification\",\"valueRequired\":true,\"valueName\":\"search_term_string\"}}],\"inLanguage\":\"fr-FR\"}]}<\/script>\n<!-- \/ Yoast SEO plugin. -->","yoast_head_json":{"title":"Bacs de r\u00e9tention pour bidons | Alu Comfort | Sp\u00e9cialement con\u00e7us pour les petites fuites.","description":"Prot\u00e9gez votre investissement et l'environnement avec nos bacs de r\u00e9tention premium en inox. Sp\u00e9cialement con\u00e7us pour le tamponnage s\u00e9curis\u00e9 de petits emballages de liquides dangereux sur palettes chimiques et Euro-palettes. D\u00e9couvrez notre gamme.","robots":{"index":"index","follow":"follow","max-snippet":"max-snippet:-1","max-image-preview":"max-image-preview:large","max-video-preview":"max-video-preview:-1"},"canonical":"https:\/\/www.alucomfort.be\/product\/opvangbak-voor-kleine-blikken-voor-opslag-op-euro-en-chemiepallets-2\/","og_locale":"fr_FR","og_type":"article","og_title":"Bacs de r\u00e9tention pour bidons | Alu Comfort | Sp\u00e9cialement con\u00e7us pour les petites fuites.","og_description":"Prot\u00e9gez votre investissement et l'environnement avec nos bacs de r\u00e9tention premium en inox. Sp\u00e9cialement con\u00e7us pour le tamponnage s\u00e9curis\u00e9 de petits emballages de liquides dangereux sur palettes chimiques et Euro-palettes. D\u00e9couvrez notre gamme.","og_url":"https:\/\/www.alucomfort.be\/product\/opvangbak-voor-kleine-blikken-voor-opslag-op-euro-en-chemiepallets-2\/","og_site_name":"Alu Comfort","article_modified_time":"2025-06-25T16:17:40+00:00","og_image":[{"width":1920,"height":1012,"url":"https:\/\/www.alucomfort.be\/wp-content\/uploads\/Lekbak-Chemiepallet-KGW-P-2-2.jpg","type":"image\/jpeg"}],"twitter_card":"summary_large_image","schema":{"@context":"https:\/\/schema.org","@graph":[{"@type":"WebPage","@id":"https:\/\/www.alucomfort.be\/product\/opvangbak-voor-kleine-blikken-voor-opslag-op-euro-en-chemiepallets-2\/","url":"https:\/\/www.alucomfort.be\/product\/opvangbak-voor-kleine-blikken-voor-opslag-op-euro-en-chemiepallets-2\/","name":"Bacs de r\u00e9tention pour bidons | Alu Comfort | Sp\u00e9cialement con\u00e7us pour les petites fuites.","isPartOf":{"@id":"https:\/\/www.alucomfort.be\/#website"},"primaryImageOfPage":{"@id":"https:\/\/www.alucomfort.be\/product\/opvangbak-voor-kleine-blikken-voor-opslag-op-euro-en-chemiepallets-2\/#primaryimage"},"image":{"@id":"https:\/\/www.alucomfort.be\/product\/opvangbak-voor-kleine-blikken-voor-opslag-op-euro-en-chemiepallets-2\/#primaryimage"},"thumbnailUrl":"https:\/\/www.alucomfort.be\/wp-content\/uploads\/Lekbak-Chemiepallet-KGW-P-2-2.jpg","datePublished":"2019-10-14T09:18:06+00:00","dateModified":"2025-06-25T16:17:40+00:00","description":"Prot\u00e9gez votre investissement et l'environnement avec nos bacs de r\u00e9tention premium en inox. Sp\u00e9cialement con\u00e7us pour le tamponnage s\u00e9curis\u00e9 de petits emballages de liquides dangereux sur palettes chimiques et Euro-palettes. D\u00e9couvrez notre gamme.","breadcrumb":{"@id":"https:\/\/www.alucomfort.be\/product\/opvangbak-voor-kleine-blikken-voor-opslag-op-euro-en-chemiepallets-2\/#breadcrumb"},"inLanguage":"fr-FR","potentialAction":[{"@type":"ReadAction","target":["https:\/\/www.alucomfort.be\/product\/opvangbak-voor-kleine-blikken-voor-opslag-op-euro-en-chemiepallets-2\/"]}]},{"@type":"ImageObject","inLanguage":"fr-FR","@id":"https:\/\/www.alucomfort.be\/product\/opvangbak-voor-kleine-blikken-voor-opslag-op-euro-en-chemiepallets-2\/#primaryimage","url":"https:\/\/www.alucomfort.be\/wp-content\/uploads\/Lekbak-Chemiepallet-KGW-P-2-2.jpg","contentUrl":"https:\/\/www.alucomfort.be\/wp-content\/uploads\/Lekbak-Chemiepallet-KGW-P-2-2.jpg","width":1920,"height":1012,"caption":"Lekbak_Chemiepallet"},{"@type":"BreadcrumbList","@id":"https:\/\/www.alucomfort.be\/product\/opvangbak-voor-kleine-blikken-voor-opslag-op-euro-en-chemiepallets-2\/#breadcrumb","itemListElement":[{"@type":"ListItem","position":1,"name":"Home","item":"https:\/\/www.alucomfort.be\/fr\/"},{"@type":"ListItem","position":2,"name":"Producten","item":"https:\/\/www.alucomfort.be\/producten\/"},{"@type":"ListItem","position":3,"name":"Bacs de r\u00e9tention pour r\u00e9cipients sur euro-pallettes ou palettes chimiques"}]},{"@type":"WebSite","@id":"https:\/\/www.alucomfort.be\/#website","url":"https:\/\/www.alucomfort.be\/","name":"Alu Comfort","description":"","potentialAction":[{"@type":"SearchAction","target":{"@type":"EntryPoint","urlTemplate":"https:\/\/www.alucomfort.be\/?s={search_term_string}"},"query-input":{"@type":"PropertyValueSpecification","valueRequired":true,"valueName":"search_term_string"}}],"inLanguage":"fr-FR"}]}},"_links":{"self":[{"href":"https:\/\/www.alucomfort.be\/fr\/wp-json\/wp\/v2\/product\/184170","targetHints":{"allow":["GET"]}}],"collection":[{"href":"https:\/\/www.alucomfort.be\/fr\/wp-json\/wp\/v2\/product"}],"about":[{"href":"https:\/\/www.alucomfort.be\/fr\/wp-json\/wp\/v2\/types\/product"}],"wp:featuredmedia":[{"embeddable":true,"href":"https:\/\/www.alucomfort.be\/fr\/wp-json\/wp\/v2\/media\/224522"}],"wp:attachment":[{"href":"https:\/\/www.alucomfort.be\/fr\/wp-json\/wp\/v2\/media?parent=184170"}],"wp:term":[{"taxonomy":"product_brand","embeddable":true,"href":"https:\/\/www.alucomfort.be\/fr\/wp-json\/wp\/v2\/product_brand?post=184170"},{"taxonomy":"product_cat","embeddable":true,"href":"https:\/\/www.alucomfort.be\/fr\/wp-json\/wp\/v2\/product_cat?post=184170"},{"taxonomy":"product_tag","embeddable":true,"href":"https:\/\/www.alucomfort.be\/fr\/wp-json\/wp\/v2\/product_tag?post=184170"}],"curies":[{"name":"wp","href":"https:\/\/api.w.org\/{rel}","templated":true}]}}