

{"id":184228,"date":"2019-10-14T11:18:59","date_gmt":"2019-10-14T09:18:59","guid":{"rendered":"https:\/\/www.alucomfort.be\/product\/lame-chasse-neige\/"},"modified":"2019-10-14T17:55:33","modified_gmt":"2019-10-14T15:55:33","slug":"lame-chasse-neige","status":"publish","type":"product","link":"https:\/\/www.alucomfort.be\/fr\/product\/lame-chasse-neige\/","title":{"rendered":"Lame chasse-neige"},"content":{"rendered":"<p>* L&rsquo;alternative \u00e9conomique, * Enfourchage rapide, * S\u00e9curis\u00e9 contre le glissement inintentionnel, * Une position de r\u00e9glage du bouclier \u00e0 gauche et \u00e0 droite, * Bande racleuse en caoutchouc, viss\u00e9e, replacement rapide.<\/p>\n","protected":false},"excerpt":{"rendered":"<p>Lames de chasse-neige robustes.<\/p>\n","protected":false},"featured_media":3878,"template":"","meta":{"_acf_changed":false},"product_brand":[],"product_cat":[3049],"product_tag":[],"class_list":{"0":"post-184228","1":"product","2":"type-product","3":"status-publish","4":"has-post-thumbnail","6":"product_cat-lame-chasse-neige","8":"first","9":"outofstock","10":"taxable","11":"shipping-taxable","12":"purchasable","13":"product-type-variable"},"acf":[],"yoast_head":"<!-- This site is optimized with the Yoast SEO plugin v24.8.1 - https:\/\/yoast.com\/wordpress\/plugins\/seo\/ -->\n<title>Lame chasse-neige<\/title>\n<meta name=\"description\" content=\"Lames de chasse-neige robustes.\" \/>\n<meta name=\"robots\" content=\"index, follow, max-snippet:-1, max-image-preview:large, max-video-preview:-1\" \/>\n<link rel=\"canonical\" href=\"https:\/\/www.alucomfort.be\/fr\/product\/lame-chasse-neige\/\" \/>\n<meta property=\"og:locale\" content=\"fr_FR\" \/>\n<meta property=\"og:type\" content=\"article\" \/>\n<meta property=\"og:title\" content=\"Lame chasse-neige\" \/>\n<meta property=\"og:description\" content=\"Lames de chasse-neige robustes.\" \/>\n<meta property=\"og:url\" content=\"https:\/\/www.alucomfort.be\/fr\/product\/lame-chasse-neige\/\" \/>\n<meta property=\"og:site_name\" content=\"Alu Comfort\" \/>\n<meta property=\"article:modified_time\" content=\"2019-10-14T15:55:33+00:00\" \/>\n<meta property=\"og:image\" content=\"https:\/\/www.alucomfort.be\/wp-content\/uploads\/BR-SCH-L-1.jpg\" \/>\n\t<meta property=\"og:image:width\" content=\"1920\" \/>\n\t<meta property=\"og:image:height\" content=\"1143\" \/>\n\t<meta property=\"og:image:type\" content=\"image\/jpeg\" \/>\n<meta name=\"twitter:card\" content=\"summary_large_image\" \/>\n<script type=\"application\/ld+json\" class=\"yoast-schema-graph\">{\"@context\":\"https:\/\/schema.org\",\"@graph\":[{\"@type\":\"WebPage\",\"@id\":\"https:\/\/www.alucomfort.be\/fr\/product\/lame-chasse-neige\/\",\"url\":\"https:\/\/www.alucomfort.be\/fr\/product\/lame-chasse-neige\/\",\"name\":\"Lame chasse-neige\",\"isPartOf\":{\"@id\":\"https:\/\/www.alucomfort.be\/#website\"},\"primaryImageOfPage\":{\"@id\":\"https:\/\/www.alucomfort.be\/fr\/product\/lame-chasse-neige\/#primaryimage\"},\"image\":{\"@id\":\"https:\/\/www.alucomfort.be\/fr\/product\/lame-chasse-neige\/#primaryimage\"},\"thumbnailUrl\":\"https:\/\/www.alucomfort.be\/wp-content\/uploads\/BR-SCH-L-1.jpg\",\"datePublished\":\"2019-10-14T09:18:59+00:00\",\"dateModified\":\"2019-10-14T15:55:33+00:00\",\"description\":\"Lames de chasse-neige robustes.\",\"breadcrumb\":{\"@id\":\"https:\/\/www.alucomfort.be\/fr\/product\/lame-chasse-neige\/#breadcrumb\"},\"inLanguage\":\"fr-FR\",\"potentialAction\":[{\"@type\":\"ReadAction\",\"target\":[\"https:\/\/www.alucomfort.be\/fr\/product\/lame-chasse-neige\/\"]}]},{\"@type\":\"ImageObject\",\"inLanguage\":\"fr-FR\",\"@id\":\"https:\/\/www.alucomfort.be\/fr\/product\/lame-chasse-neige\/#primaryimage\",\"url\":\"https:\/\/www.alucomfort.be\/wp-content\/uploads\/BR-SCH-L-1.jpg\",\"contentUrl\":\"https:\/\/www.alucomfort.be\/wp-content\/uploads\/BR-SCH-L-1.jpg\",\"width\":1920,\"height\":1143},{\"@type\":\"BreadcrumbList\",\"@id\":\"https:\/\/www.alucomfort.be\/fr\/product\/lame-chasse-neige\/#breadcrumb\",\"itemListElement\":[{\"@type\":\"ListItem\",\"position\":1,\"name\":\"Home\",\"item\":\"https:\/\/www.alucomfort.be\/fr\/\"},{\"@type\":\"ListItem\",\"position\":2,\"name\":\"Producten\",\"item\":\"https:\/\/www.alucomfort.be\/producten\/\"},{\"@type\":\"ListItem\",\"position\":3,\"name\":\"Lame chasse-neige\"}]},{\"@type\":\"WebSite\",\"@id\":\"https:\/\/www.alucomfort.be\/#website\",\"url\":\"https:\/\/www.alucomfort.be\/\",\"name\":\"Alu Comfort\",\"description\":\"\",\"potentialAction\":[{\"@type\":\"SearchAction\",\"target\":{\"@type\":\"EntryPoint\",\"urlTemplate\":\"https:\/\/www.alucomfort.be\/?s={search_term_string}\"},\"query-input\":{\"@type\":\"PropertyValueSpecification\",\"valueRequired\":true,\"valueName\":\"search_term_string\"}}],\"inLanguage\":\"fr-FR\"}]}<\/script>\n<!-- \/ Yoast SEO plugin. -->","yoast_head_json":{"title":"Lame chasse-neige","description":"Lames de chasse-neige robustes.","robots":{"index":"index","follow":"follow","max-snippet":"max-snippet:-1","max-image-preview":"max-image-preview:large","max-video-preview":"max-video-preview:-1"},"canonical":"https:\/\/www.alucomfort.be\/fr\/product\/lame-chasse-neige\/","og_locale":"fr_FR","og_type":"article","og_title":"Lame chasse-neige","og_description":"Lames de chasse-neige robustes.","og_url":"https:\/\/www.alucomfort.be\/fr\/product\/lame-chasse-neige\/","og_site_name":"Alu Comfort","article_modified_time":"2019-10-14T15:55:33+00:00","og_image":[{"width":1920,"height":1143,"url":"https:\/\/www.alucomfort.be\/wp-content\/uploads\/BR-SCH-L-1.jpg","type":"image\/jpeg"}],"twitter_card":"summary_large_image","schema":{"@context":"https:\/\/schema.org","@graph":[{"@type":"WebPage","@id":"https:\/\/www.alucomfort.be\/fr\/product\/lame-chasse-neige\/","url":"https:\/\/www.alucomfort.be\/fr\/product\/lame-chasse-neige\/","name":"Lame chasse-neige","isPartOf":{"@id":"https:\/\/www.alucomfort.be\/#website"},"primaryImageOfPage":{"@id":"https:\/\/www.alucomfort.be\/fr\/product\/lame-chasse-neige\/#primaryimage"},"image":{"@id":"https:\/\/www.alucomfort.be\/fr\/product\/lame-chasse-neige\/#primaryimage"},"thumbnailUrl":"https:\/\/www.alucomfort.be\/wp-content\/uploads\/BR-SCH-L-1.jpg","datePublished":"2019-10-14T09:18:59+00:00","dateModified":"2019-10-14T15:55:33+00:00","description":"Lames de chasse-neige robustes.","breadcrumb":{"@id":"https:\/\/www.alucomfort.be\/fr\/product\/lame-chasse-neige\/#breadcrumb"},"inLanguage":"fr-FR","potentialAction":[{"@type":"ReadAction","target":["https:\/\/www.alucomfort.be\/fr\/product\/lame-chasse-neige\/"]}]},{"@type":"ImageObject","inLanguage":"fr-FR","@id":"https:\/\/www.alucomfort.be\/fr\/product\/lame-chasse-neige\/#primaryimage","url":"https:\/\/www.alucomfort.be\/wp-content\/uploads\/BR-SCH-L-1.jpg","contentUrl":"https:\/\/www.alucomfort.be\/wp-content\/uploads\/BR-SCH-L-1.jpg","width":1920,"height":1143},{"@type":"BreadcrumbList","@id":"https:\/\/www.alucomfort.be\/fr\/product\/lame-chasse-neige\/#breadcrumb","itemListElement":[{"@type":"ListItem","position":1,"name":"Home","item":"https:\/\/www.alucomfort.be\/fr\/"},{"@type":"ListItem","position":2,"name":"Producten","item":"https:\/\/www.alucomfort.be\/producten\/"},{"@type":"ListItem","position":3,"name":"Lame chasse-neige"}]},{"@type":"WebSite","@id":"https:\/\/www.alucomfort.be\/#website","url":"https:\/\/www.alucomfort.be\/","name":"Alu Comfort","description":"","potentialAction":[{"@type":"SearchAction","target":{"@type":"EntryPoint","urlTemplate":"https:\/\/www.alucomfort.be\/?s={search_term_string}"},"query-input":{"@type":"PropertyValueSpecification","valueRequired":true,"valueName":"search_term_string"}}],"inLanguage":"fr-FR"}]}},"_links":{"self":[{"href":"https:\/\/www.alucomfort.be\/fr\/wp-json\/wp\/v2\/product\/184228","targetHints":{"allow":["GET"]}}],"collection":[{"href":"https:\/\/www.alucomfort.be\/fr\/wp-json\/wp\/v2\/product"}],"about":[{"href":"https:\/\/www.alucomfort.be\/fr\/wp-json\/wp\/v2\/types\/product"}],"wp:featuredmedia":[{"embeddable":true,"href":"https:\/\/www.alucomfort.be\/fr\/wp-json\/wp\/v2\/media\/3878"}],"wp:attachment":[{"href":"https:\/\/www.alucomfort.be\/fr\/wp-json\/wp\/v2\/media?parent=184228"}],"wp:term":[{"taxonomy":"product_brand","embeddable":true,"href":"https:\/\/www.alucomfort.be\/fr\/wp-json\/wp\/v2\/product_brand?post=184228"},{"taxonomy":"product_cat","embeddable":true,"href":"https:\/\/www.alucomfort.be\/fr\/wp-json\/wp\/v2\/product_cat?post=184228"},{"taxonomy":"product_tag","embeddable":true,"href":"https:\/\/www.alucomfort.be\/fr\/wp-json\/wp\/v2\/product_tag?post=184228"}],"curies":[{"name":"wp","href":"https:\/\/api.w.org\/{rel}","templated":true}]}}