

{"id":202939,"date":"2019-11-07T16:07:24","date_gmt":"2019-11-07T14:07:24","guid":{"rendered":"https:\/\/www.alucomfort.be\/product\/echelle-de-rayonnage\/"},"modified":"2025-11-24T00:37:30","modified_gmt":"2025-11-23T22:37:30","slug":"echelle-de-rayonnage","status":"publish","type":"product","link":"https:\/\/www.alucomfort.be\/fr\/product\/echelle-de-rayonnage\/","title":{"rendered":"Echelle de rayonnage"},"content":{"rendered":"<p>* Demo YouTube: https:\/\/youtu.be\/4vygXkisNuY, * Echelle de rayonnage avec le rail int\u00e9gr\u00e9 de guide sup\u00e9rieur, * Avec des rouleux auto-bloquant (\u00d8 80mm), * Inclinasion de 21\u00b0, * Possiblit\u00e9 de placer l&rsquo;\u00e9chelle dans une position verticale, * En option disponible avec la hauteur exacte.  Veuillez prendre contacte avec nous, * Veuillez communiquer ausssi la longueur de votre rayonnage pour un devis exact avec tubes et porte-tubes inclus, * En option avec main courante, * Marches profil\u00e9s (profondeur de 80 mm) pour plus de s\u00e9curit\u00e9.<\/p>\n","protected":false},"excerpt":{"rendered":"<p>Echelle en aluminium pour \u00e9tag\u00e8res avec syst\u00e8me tube-rail<\/p>\n","protected":false},"featured_media":205131,"template":"","meta":{"_acf_changed":false},"product_brand":[],"product_cat":[7895],"product_tag":[],"class_list":{"0":"post-202939","1":"product","2":"type-product","3":"status-publish","4":"has-post-thumbnail","6":"product_cat-echelle-bibliotheque","8":"first","9":"outofstock","10":"taxable","11":"shipping-taxable","12":"purchasable","13":"product-type-variable"},"acf":[],"yoast_head":"<!-- This site is optimized with the Yoast SEO plugin v24.8.1 - https:\/\/yoast.com\/wordpress\/plugins\/seo\/ -->\n<title>Krause Echelle biblioth\u00e8que | Alu Comfort | \u00e9chelles et escaliers<\/title>\n<meta name=\"description\" content=\"\u00c9chelles en alu pour rayons, \u00e9tag\u00e8res et biblioth\u00e8ques. Echelles de placard.\" \/>\n<meta name=\"robots\" content=\"index, follow, max-snippet:-1, max-image-preview:large, max-video-preview:-1\" \/>\n<link rel=\"canonical\" href=\"https:\/\/www.alucomfort.be\/product\/stellingladder-met-geintegreerde-toprail-3\/\" \/>\n<meta property=\"og:locale\" content=\"fr_FR\" \/>\n<meta property=\"og:type\" content=\"article\" \/>\n<meta property=\"og:title\" content=\"Krause Echelle biblioth\u00e8que | Alu Comfort | \u00e9chelles et escaliers\" \/>\n<meta property=\"og:description\" content=\"\u00c9chelles en alu pour rayons, \u00e9tag\u00e8res et biblioth\u00e8ques. Echelles de placard.\" \/>\n<meta property=\"og:url\" content=\"https:\/\/www.alucomfort.be\/product\/stellingladder-met-geintegreerde-toprail-3\/\" \/>\n<meta property=\"og:site_name\" content=\"Alu Comfort\" \/>\n<meta property=\"article:modified_time\" content=\"2025-11-23T22:37:30+00:00\" \/>\n<meta property=\"og:image\" content=\"https:\/\/www.alucomfort.be\/wp-content\/uploads\/Bibliotheekladder1-A.jpg\" \/>\n\t<meta property=\"og:image:width\" content=\"959\" \/>\n\t<meta property=\"og:image:height\" content=\"1275\" \/>\n\t<meta property=\"og:image:type\" content=\"image\/jpeg\" \/>\n<meta name=\"twitter:card\" content=\"summary_large_image\" \/>\n<script type=\"application\/ld+json\" class=\"yoast-schema-graph\">{\"@context\":\"https:\/\/schema.org\",\"@graph\":[{\"@type\":\"WebPage\",\"@id\":\"https:\/\/www.alucomfort.be\/product\/stellingladder-met-geintegreerde-toprail-3\/\",\"url\":\"https:\/\/www.alucomfort.be\/product\/stellingladder-met-geintegreerde-toprail-3\/\",\"name\":\"Krause Echelle biblioth\u00e8que | Alu Comfort | \u00e9chelles et escaliers\",\"isPartOf\":{\"@id\":\"https:\/\/www.alucomfort.be\/#website\"},\"primaryImageOfPage\":{\"@id\":\"https:\/\/www.alucomfort.be\/product\/stellingladder-met-geintegreerde-toprail-3\/#primaryimage\"},\"image\":{\"@id\":\"https:\/\/www.alucomfort.be\/product\/stellingladder-met-geintegreerde-toprail-3\/#primaryimage\"},\"thumbnailUrl\":\"https:\/\/www.alucomfort.be\/wp-content\/uploads\/Bibliotheekladder1-A.jpg\",\"datePublished\":\"2019-11-07T14:07:24+00:00\",\"dateModified\":\"2025-11-23T22:37:30+00:00\",\"description\":\"\u00c9chelles en alu pour rayons, \u00e9tag\u00e8res et biblioth\u00e8ques. Echelles de placard.\",\"breadcrumb\":{\"@id\":\"https:\/\/www.alucomfort.be\/product\/stellingladder-met-geintegreerde-toprail-3\/#breadcrumb\"},\"inLanguage\":\"fr-FR\",\"potentialAction\":[{\"@type\":\"ReadAction\",\"target\":[\"https:\/\/www.alucomfort.be\/product\/stellingladder-met-geintegreerde-toprail-3\/\"]}]},{\"@type\":\"ImageObject\",\"inLanguage\":\"fr-FR\",\"@id\":\"https:\/\/www.alucomfort.be\/product\/stellingladder-met-geintegreerde-toprail-3\/#primaryimage\",\"url\":\"https:\/\/www.alucomfort.be\/wp-content\/uploads\/Bibliotheekladder1-A.jpg\",\"contentUrl\":\"https:\/\/www.alucomfort.be\/wp-content\/uploads\/Bibliotheekladder1-A.jpg\",\"width\":959,\"height\":1275,\"caption\":\"Bibliotheekladder\"},{\"@type\":\"BreadcrumbList\",\"@id\":\"https:\/\/www.alucomfort.be\/product\/stellingladder-met-geintegreerde-toprail-3\/#breadcrumb\",\"itemListElement\":[{\"@type\":\"ListItem\",\"position\":1,\"name\":\"Home\",\"item\":\"https:\/\/www.alucomfort.be\/fr\/\"},{\"@type\":\"ListItem\",\"position\":2,\"name\":\"Producten\",\"item\":\"https:\/\/www.alucomfort.be\/producten\/\"},{\"@type\":\"ListItem\",\"position\":3,\"name\":\"Echelle de rayonnage\"}]},{\"@type\":\"WebSite\",\"@id\":\"https:\/\/www.alucomfort.be\/#website\",\"url\":\"https:\/\/www.alucomfort.be\/\",\"name\":\"Alu Comfort\",\"description\":\"\",\"potentialAction\":[{\"@type\":\"SearchAction\",\"target\":{\"@type\":\"EntryPoint\",\"urlTemplate\":\"https:\/\/www.alucomfort.be\/?s={search_term_string}\"},\"query-input\":{\"@type\":\"PropertyValueSpecification\",\"valueRequired\":true,\"valueName\":\"search_term_string\"}}],\"inLanguage\":\"fr-FR\"}]}<\/script>\n<!-- \/ Yoast SEO plugin. -->","yoast_head_json":{"title":"Krause Echelle biblioth\u00e8que | Alu Comfort | \u00e9chelles et escaliers","description":"\u00c9chelles en alu pour rayons, \u00e9tag\u00e8res et biblioth\u00e8ques. Echelles de placard.","robots":{"index":"index","follow":"follow","max-snippet":"max-snippet:-1","max-image-preview":"max-image-preview:large","max-video-preview":"max-video-preview:-1"},"canonical":"https:\/\/www.alucomfort.be\/product\/stellingladder-met-geintegreerde-toprail-3\/","og_locale":"fr_FR","og_type":"article","og_title":"Krause Echelle biblioth\u00e8que | Alu Comfort | \u00e9chelles et escaliers","og_description":"\u00c9chelles en alu pour rayons, \u00e9tag\u00e8res et biblioth\u00e8ques. Echelles de placard.","og_url":"https:\/\/www.alucomfort.be\/product\/stellingladder-met-geintegreerde-toprail-3\/","og_site_name":"Alu Comfort","article_modified_time":"2025-11-23T22:37:30+00:00","og_image":[{"width":959,"height":1275,"url":"https:\/\/www.alucomfort.be\/wp-content\/uploads\/Bibliotheekladder1-A.jpg","type":"image\/jpeg"}],"twitter_card":"summary_large_image","schema":{"@context":"https:\/\/schema.org","@graph":[{"@type":"WebPage","@id":"https:\/\/www.alucomfort.be\/product\/stellingladder-met-geintegreerde-toprail-3\/","url":"https:\/\/www.alucomfort.be\/product\/stellingladder-met-geintegreerde-toprail-3\/","name":"Krause Echelle biblioth\u00e8que | Alu Comfort | \u00e9chelles et escaliers","isPartOf":{"@id":"https:\/\/www.alucomfort.be\/#website"},"primaryImageOfPage":{"@id":"https:\/\/www.alucomfort.be\/product\/stellingladder-met-geintegreerde-toprail-3\/#primaryimage"},"image":{"@id":"https:\/\/www.alucomfort.be\/product\/stellingladder-met-geintegreerde-toprail-3\/#primaryimage"},"thumbnailUrl":"https:\/\/www.alucomfort.be\/wp-content\/uploads\/Bibliotheekladder1-A.jpg","datePublished":"2019-11-07T14:07:24+00:00","dateModified":"2025-11-23T22:37:30+00:00","description":"\u00c9chelles en alu pour rayons, \u00e9tag\u00e8res et biblioth\u00e8ques. Echelles de placard.","breadcrumb":{"@id":"https:\/\/www.alucomfort.be\/product\/stellingladder-met-geintegreerde-toprail-3\/#breadcrumb"},"inLanguage":"fr-FR","potentialAction":[{"@type":"ReadAction","target":["https:\/\/www.alucomfort.be\/product\/stellingladder-met-geintegreerde-toprail-3\/"]}]},{"@type":"ImageObject","inLanguage":"fr-FR","@id":"https:\/\/www.alucomfort.be\/product\/stellingladder-met-geintegreerde-toprail-3\/#primaryimage","url":"https:\/\/www.alucomfort.be\/wp-content\/uploads\/Bibliotheekladder1-A.jpg","contentUrl":"https:\/\/www.alucomfort.be\/wp-content\/uploads\/Bibliotheekladder1-A.jpg","width":959,"height":1275,"caption":"Bibliotheekladder"},{"@type":"BreadcrumbList","@id":"https:\/\/www.alucomfort.be\/product\/stellingladder-met-geintegreerde-toprail-3\/#breadcrumb","itemListElement":[{"@type":"ListItem","position":1,"name":"Home","item":"https:\/\/www.alucomfort.be\/fr\/"},{"@type":"ListItem","position":2,"name":"Producten","item":"https:\/\/www.alucomfort.be\/producten\/"},{"@type":"ListItem","position":3,"name":"Echelle de rayonnage"}]},{"@type":"WebSite","@id":"https:\/\/www.alucomfort.be\/#website","url":"https:\/\/www.alucomfort.be\/","name":"Alu Comfort","description":"","potentialAction":[{"@type":"SearchAction","target":{"@type":"EntryPoint","urlTemplate":"https:\/\/www.alucomfort.be\/?s={search_term_string}"},"query-input":{"@type":"PropertyValueSpecification","valueRequired":true,"valueName":"search_term_string"}}],"inLanguage":"fr-FR"}]}},"_links":{"self":[{"href":"https:\/\/www.alucomfort.be\/fr\/wp-json\/wp\/v2\/product\/202939","targetHints":{"allow":["GET"]}}],"collection":[{"href":"https:\/\/www.alucomfort.be\/fr\/wp-json\/wp\/v2\/product"}],"about":[{"href":"https:\/\/www.alucomfort.be\/fr\/wp-json\/wp\/v2\/types\/product"}],"wp:featuredmedia":[{"embeddable":true,"href":"https:\/\/www.alucomfort.be\/fr\/wp-json\/wp\/v2\/media\/205131"}],"wp:attachment":[{"href":"https:\/\/www.alucomfort.be\/fr\/wp-json\/wp\/v2\/media?parent=202939"}],"wp:term":[{"taxonomy":"product_brand","embeddable":true,"href":"https:\/\/www.alucomfort.be\/fr\/wp-json\/wp\/v2\/product_brand?post=202939"},{"taxonomy":"product_cat","embeddable":true,"href":"https:\/\/www.alucomfort.be\/fr\/wp-json\/wp\/v2\/product_cat?post=202939"},{"taxonomy":"product_tag","embeddable":true,"href":"https:\/\/www.alucomfort.be\/fr\/wp-json\/wp\/v2\/product_tag?post=202939"}],"curies":[{"name":"wp","href":"https:\/\/api.w.org\/{rel}","templated":true}]}}