

{"id":203936,"date":"2020-02-18T19:59:40","date_gmt":"2020-02-18T17:59:40","guid":{"rendered":"https:\/\/www.alucomfort.be\/product\/echelle-universelle-et-polyvalent-en-2-parties\/"},"modified":"2025-11-24T01:14:02","modified_gmt":"2025-11-23T23:14:02","slug":"echelle-universelle-et-polyvalent-en-2-parties","status":"publish","type":"product","link":"https:\/\/www.alucomfort.be\/fr\/product\/echelle-universelle-et-polyvalent-en-2-parties\/","title":{"rendered":"Echelle universelle et polyvalente en 2 parties"},"content":{"rendered":"<p>* Echelle professionnelle robuste en aluminium, * Traverse stable, * Marches profil\u00e9es pour une mont\u00e9e et une descente en toute s\u00e9curit\u00e9, * Echelle en 2 parties, pouvant \u00eatre utilis\u00e9e comme \u00e9chelle pour s\u0092allonger, se tenir debout et glisser, * Les crochets \u00e0 enclenchement autobloquants emp\u00eachent tout glissement involontaire,  * La sangle r\u00e9sistante aux intemp\u00e9ries emp\u00eache les \u00e9l\u00e9ments de l\u0092\u00e9chelle de glisser involontairement pendant l\u0092utilisation.<\/p>\n","protected":false},"excerpt":{"rendered":"<p>Echelle professionnelle en alu selon EN 131<\/p>\n","protected":false},"featured_media":203933,"template":"","meta":{"_acf_changed":false},"product_brand":[],"product_cat":[9951],"product_tag":[],"class_list":{"0":"post-203936","1":"product","2":"type-product","3":"status-publish","4":"has-post-thumbnail","6":"product_cat-echelle-transformable","8":"first","9":"outofstock","10":"taxable","11":"shipping-taxable","12":"purchasable","13":"product-type-variable"},"acf":[],"yoast_head":"<!-- This site is optimized with the Yoast SEO plugin v24.8.1 - https:\/\/yoast.com\/wordpress\/plugins\/seo\/ -->\n<title>Echelle multifonctionelle en deux parties pour le meilleur prix | Alu Comfort |<\/title>\n<meta name=\"description\" content=\"\u00c9chelle alu coulissante en 2 parties, pour de grandes hauteurs de travail! Contactez-nous.\" \/>\n<meta name=\"robots\" content=\"index, follow, max-snippet:-1, max-image-preview:large, max-video-preview:-1\" \/>\n<link rel=\"canonical\" href=\"https:\/\/www.alucomfort.be\/product\/2-delige-ladder-instapmodel-professionele-kwaliteit-lage-prijs\/\" \/>\n<meta property=\"og:locale\" content=\"fr_FR\" \/>\n<meta property=\"og:type\" content=\"article\" \/>\n<meta property=\"og:title\" content=\"Echelle multifonctionelle en deux parties pour le meilleur prix | Alu Comfort |\" \/>\n<meta property=\"og:description\" content=\"\u00c9chelle alu coulissante en 2 parties, pour de grandes hauteurs de travail! Contactez-nous.\" \/>\n<meta property=\"og:url\" content=\"https:\/\/www.alucomfort.be\/product\/2-delige-ladder-instapmodel-professionele-kwaliteit-lage-prijs\/\" \/>\n<meta property=\"og:site_name\" content=\"Alu Comfort\" \/>\n<meta property=\"article:modified_time\" content=\"2025-11-23T23:14:02+00:00\" \/>\n<meta property=\"og:image\" content=\"https:\/\/www.alucomfort.be\/wp-content\/uploads\/MultifunctioneleLadder.jpg\" \/>\n\t<meta property=\"og:image:width\" content=\"1500\" \/>\n\t<meta property=\"og:image:height\" content=\"1500\" \/>\n\t<meta property=\"og:image:type\" content=\"image\/jpeg\" \/>\n<meta name=\"twitter:card\" content=\"summary_large_image\" \/>\n<script type=\"application\/ld+json\" class=\"yoast-schema-graph\">{\"@context\":\"https:\/\/schema.org\",\"@graph\":[{\"@type\":\"WebPage\",\"@id\":\"https:\/\/www.alucomfort.be\/product\/2-delige-ladder-instapmodel-professionele-kwaliteit-lage-prijs\/\",\"url\":\"https:\/\/www.alucomfort.be\/product\/2-delige-ladder-instapmodel-professionele-kwaliteit-lage-prijs\/\",\"name\":\"Echelle multifonctionelle en deux parties pour le meilleur prix | Alu Comfort |\",\"isPartOf\":{\"@id\":\"https:\/\/www.alucomfort.be\/#website\"},\"primaryImageOfPage\":{\"@id\":\"https:\/\/www.alucomfort.be\/product\/2-delige-ladder-instapmodel-professionele-kwaliteit-lage-prijs\/#primaryimage\"},\"image\":{\"@id\":\"https:\/\/www.alucomfort.be\/product\/2-delige-ladder-instapmodel-professionele-kwaliteit-lage-prijs\/#primaryimage\"},\"thumbnailUrl\":\"https:\/\/www.alucomfort.be\/wp-content\/uploads\/MultifunctioneleLadder.jpg\",\"datePublished\":\"2020-02-18T17:59:40+00:00\",\"dateModified\":\"2025-11-23T23:14:02+00:00\",\"description\":\"\u00c9chelle alu coulissante en 2 parties, pour de grandes hauteurs de travail! Contactez-nous.\",\"breadcrumb\":{\"@id\":\"https:\/\/www.alucomfort.be\/product\/2-delige-ladder-instapmodel-professionele-kwaliteit-lage-prijs\/#breadcrumb\"},\"inLanguage\":\"fr-FR\",\"potentialAction\":[{\"@type\":\"ReadAction\",\"target\":[\"https:\/\/www.alucomfort.be\/product\/2-delige-ladder-instapmodel-professionele-kwaliteit-lage-prijs\/\"]}]},{\"@type\":\"ImageObject\",\"inLanguage\":\"fr-FR\",\"@id\":\"https:\/\/www.alucomfort.be\/product\/2-delige-ladder-instapmodel-professionele-kwaliteit-lage-prijs\/#primaryimage\",\"url\":\"https:\/\/www.alucomfort.be\/wp-content\/uploads\/MultifunctioneleLadder.jpg\",\"contentUrl\":\"https:\/\/www.alucomfort.be\/wp-content\/uploads\/MultifunctioneleLadder.jpg\",\"width\":1500,\"height\":1500,\"caption\":\"Multifunctionele Ladder\"},{\"@type\":\"BreadcrumbList\",\"@id\":\"https:\/\/www.alucomfort.be\/product\/2-delige-ladder-instapmodel-professionele-kwaliteit-lage-prijs\/#breadcrumb\",\"itemListElement\":[{\"@type\":\"ListItem\",\"position\":1,\"name\":\"Home\",\"item\":\"https:\/\/www.alucomfort.be\/fr\/\"},{\"@type\":\"ListItem\",\"position\":2,\"name\":\"Producten\",\"item\":\"https:\/\/www.alucomfort.be\/producten\/\"},{\"@type\":\"ListItem\",\"position\":3,\"name\":\"Echelle universelle et polyvalente en 2 parties\"}]},{\"@type\":\"WebSite\",\"@id\":\"https:\/\/www.alucomfort.be\/#website\",\"url\":\"https:\/\/www.alucomfort.be\/\",\"name\":\"Alu Comfort\",\"description\":\"\",\"potentialAction\":[{\"@type\":\"SearchAction\",\"target\":{\"@type\":\"EntryPoint\",\"urlTemplate\":\"https:\/\/www.alucomfort.be\/?s={search_term_string}\"},\"query-input\":{\"@type\":\"PropertyValueSpecification\",\"valueRequired\":true,\"valueName\":\"search_term_string\"}}],\"inLanguage\":\"fr-FR\"}]}<\/script>\n<!-- \/ Yoast SEO plugin. -->","yoast_head_json":{"title":"Echelle multifonctionelle en deux parties pour le meilleur prix | Alu Comfort |","description":"\u00c9chelle alu coulissante en 2 parties, pour de grandes hauteurs de travail! Contactez-nous.","robots":{"index":"index","follow":"follow","max-snippet":"max-snippet:-1","max-image-preview":"max-image-preview:large","max-video-preview":"max-video-preview:-1"},"canonical":"https:\/\/www.alucomfort.be\/product\/2-delige-ladder-instapmodel-professionele-kwaliteit-lage-prijs\/","og_locale":"fr_FR","og_type":"article","og_title":"Echelle multifonctionelle en deux parties pour le meilleur prix | Alu Comfort |","og_description":"\u00c9chelle alu coulissante en 2 parties, pour de grandes hauteurs de travail! Contactez-nous.","og_url":"https:\/\/www.alucomfort.be\/product\/2-delige-ladder-instapmodel-professionele-kwaliteit-lage-prijs\/","og_site_name":"Alu Comfort","article_modified_time":"2025-11-23T23:14:02+00:00","og_image":[{"width":1500,"height":1500,"url":"https:\/\/www.alucomfort.be\/wp-content\/uploads\/MultifunctioneleLadder.jpg","type":"image\/jpeg"}],"twitter_card":"summary_large_image","schema":{"@context":"https:\/\/schema.org","@graph":[{"@type":"WebPage","@id":"https:\/\/www.alucomfort.be\/product\/2-delige-ladder-instapmodel-professionele-kwaliteit-lage-prijs\/","url":"https:\/\/www.alucomfort.be\/product\/2-delige-ladder-instapmodel-professionele-kwaliteit-lage-prijs\/","name":"Echelle multifonctionelle en deux parties pour le meilleur prix | Alu Comfort |","isPartOf":{"@id":"https:\/\/www.alucomfort.be\/#website"},"primaryImageOfPage":{"@id":"https:\/\/www.alucomfort.be\/product\/2-delige-ladder-instapmodel-professionele-kwaliteit-lage-prijs\/#primaryimage"},"image":{"@id":"https:\/\/www.alucomfort.be\/product\/2-delige-ladder-instapmodel-professionele-kwaliteit-lage-prijs\/#primaryimage"},"thumbnailUrl":"https:\/\/www.alucomfort.be\/wp-content\/uploads\/MultifunctioneleLadder.jpg","datePublished":"2020-02-18T17:59:40+00:00","dateModified":"2025-11-23T23:14:02+00:00","description":"\u00c9chelle alu coulissante en 2 parties, pour de grandes hauteurs de travail! Contactez-nous.","breadcrumb":{"@id":"https:\/\/www.alucomfort.be\/product\/2-delige-ladder-instapmodel-professionele-kwaliteit-lage-prijs\/#breadcrumb"},"inLanguage":"fr-FR","potentialAction":[{"@type":"ReadAction","target":["https:\/\/www.alucomfort.be\/product\/2-delige-ladder-instapmodel-professionele-kwaliteit-lage-prijs\/"]}]},{"@type":"ImageObject","inLanguage":"fr-FR","@id":"https:\/\/www.alucomfort.be\/product\/2-delige-ladder-instapmodel-professionele-kwaliteit-lage-prijs\/#primaryimage","url":"https:\/\/www.alucomfort.be\/wp-content\/uploads\/MultifunctioneleLadder.jpg","contentUrl":"https:\/\/www.alucomfort.be\/wp-content\/uploads\/MultifunctioneleLadder.jpg","width":1500,"height":1500,"caption":"Multifunctionele Ladder"},{"@type":"BreadcrumbList","@id":"https:\/\/www.alucomfort.be\/product\/2-delige-ladder-instapmodel-professionele-kwaliteit-lage-prijs\/#breadcrumb","itemListElement":[{"@type":"ListItem","position":1,"name":"Home","item":"https:\/\/www.alucomfort.be\/fr\/"},{"@type":"ListItem","position":2,"name":"Producten","item":"https:\/\/www.alucomfort.be\/producten\/"},{"@type":"ListItem","position":3,"name":"Echelle universelle et polyvalente en 2 parties"}]},{"@type":"WebSite","@id":"https:\/\/www.alucomfort.be\/#website","url":"https:\/\/www.alucomfort.be\/","name":"Alu Comfort","description":"","potentialAction":[{"@type":"SearchAction","target":{"@type":"EntryPoint","urlTemplate":"https:\/\/www.alucomfort.be\/?s={search_term_string}"},"query-input":{"@type":"PropertyValueSpecification","valueRequired":true,"valueName":"search_term_string"}}],"inLanguage":"fr-FR"}]}},"_links":{"self":[{"href":"https:\/\/www.alucomfort.be\/fr\/wp-json\/wp\/v2\/product\/203936","targetHints":{"allow":["GET"]}}],"collection":[{"href":"https:\/\/www.alucomfort.be\/fr\/wp-json\/wp\/v2\/product"}],"about":[{"href":"https:\/\/www.alucomfort.be\/fr\/wp-json\/wp\/v2\/types\/product"}],"wp:featuredmedia":[{"embeddable":true,"href":"https:\/\/www.alucomfort.be\/fr\/wp-json\/wp\/v2\/media\/203933"}],"wp:attachment":[{"href":"https:\/\/www.alucomfort.be\/fr\/wp-json\/wp\/v2\/media?parent=203936"}],"wp:term":[{"taxonomy":"product_brand","embeddable":true,"href":"https:\/\/www.alucomfort.be\/fr\/wp-json\/wp\/v2\/product_brand?post=203936"},{"taxonomy":"product_cat","embeddable":true,"href":"https:\/\/www.alucomfort.be\/fr\/wp-json\/wp\/v2\/product_cat?post=203936"},{"taxonomy":"product_tag","embeddable":true,"href":"https:\/\/www.alucomfort.be\/fr\/wp-json\/wp\/v2\/product_tag?post=203936"}],"curies":[{"name":"wp","href":"https:\/\/api.w.org\/{rel}","templated":true}]}}