

{"id":204735,"date":"2020-05-25T19:05:42","date_gmt":"2020-05-25T17:05:42","guid":{"rendered":"https:\/\/www.alucomfort.be\/product\/potelets-de-protection\/"},"modified":"2025-11-14T00:01:02","modified_gmt":"2025-11-13T22:01:02","slug":"potelets-de-protection","status":"publish","type":"product","link":"https:\/\/www.alucomfort.be\/fr\/product\/potelets-de-protection\/","title":{"rendered":"Potelets de protection"},"content":{"rendered":"<p>* Avec platine \u00e0 visser, * Galvanis\u00e9 et laqu\u00e9, * Hauteur 1000 mm, * Sans mat\u00e9riel de fixation, * Delai de livraison: plus au moins 5 jours.<\/p>\n","protected":false},"excerpt":{"rendered":"<p>Poteau de protection avec platine \u00e0 visser<\/p>\n","protected":false},"featured_media":204622,"template":"","meta":{"_acf_changed":false},"product_brand":[],"product_cat":[7950],"product_tag":[],"class_list":{"0":"post-204735","1":"product","2":"type-product","3":"status-publish","4":"has-post-thumbnail","6":"product_cat-amenagement-de-parking","8":"first","9":"outofstock","10":"taxable","11":"shipping-taxable","12":"purchasable","13":"product-type-variable"},"acf":[],"yoast_head":"<!-- This site is optimized with the Yoast SEO plugin v24.8.1 - https:\/\/yoast.com\/wordpress\/plugins\/seo\/ -->\n<title>Poteau de protection avec platine \u00e0 visser | Alu Comfort |<\/title>\n<meta name=\"description\" content=\"Poteau de protection\" \/>\n<meta name=\"robots\" content=\"index, follow, max-snippet:-1, max-image-preview:large, max-video-preview:-1\" \/>\n<link rel=\"canonical\" href=\"https:\/\/www.alucomfort.be\/product\/stalen-rampaal-met-grondplaat\/\" \/>\n<meta property=\"og:locale\" content=\"fr_FR\" \/>\n<meta property=\"og:type\" content=\"article\" \/>\n<meta property=\"og:title\" content=\"Poteau de protection avec platine \u00e0 visser | Alu Comfort |\" \/>\n<meta property=\"og:description\" content=\"Poteau de protection\" \/>\n<meta property=\"og:url\" content=\"https:\/\/www.alucomfort.be\/product\/stalen-rampaal-met-grondplaat\/\" \/>\n<meta property=\"og:site_name\" content=\"Alu Comfort\" \/>\n<meta property=\"article:modified_time\" content=\"2025-11-13T22:01:02+00:00\" \/>\n<meta property=\"og:image\" content=\"https:\/\/www.alucomfort.be\/wp-content\/uploads\/Poteau-de-protection.jpg.png\" \/>\n\t<meta property=\"og:image:width\" content=\"683\" \/>\n\t<meta property=\"og:image:height\" content=\"1024\" \/>\n\t<meta property=\"og:image:type\" content=\"image\/png\" \/>\n<meta name=\"twitter:card\" content=\"summary_large_image\" \/>\n<script type=\"application\/ld+json\" class=\"yoast-schema-graph\">{\"@context\":\"https:\/\/schema.org\",\"@graph\":[{\"@type\":\"WebPage\",\"@id\":\"https:\/\/www.alucomfort.be\/product\/stalen-rampaal-met-grondplaat\/\",\"url\":\"https:\/\/www.alucomfort.be\/product\/stalen-rampaal-met-grondplaat\/\",\"name\":\"Poteau de protection avec platine \u00e0 visser | Alu Comfort |\",\"isPartOf\":{\"@id\":\"https:\/\/www.alucomfort.be\/#website\"},\"primaryImageOfPage\":{\"@id\":\"https:\/\/www.alucomfort.be\/product\/stalen-rampaal-met-grondplaat\/#primaryimage\"},\"image\":{\"@id\":\"https:\/\/www.alucomfort.be\/product\/stalen-rampaal-met-grondplaat\/#primaryimage\"},\"thumbnailUrl\":\"https:\/\/www.alucomfort.be\/wp-content\/uploads\/Poteau-de-protection.jpg.png\",\"datePublished\":\"2020-05-25T17:05:42+00:00\",\"dateModified\":\"2025-11-13T22:01:02+00:00\",\"description\":\"Poteau de protection\",\"breadcrumb\":{\"@id\":\"https:\/\/www.alucomfort.be\/product\/stalen-rampaal-met-grondplaat\/#breadcrumb\"},\"inLanguage\":\"fr-FR\",\"potentialAction\":[{\"@type\":\"ReadAction\",\"target\":[\"https:\/\/www.alucomfort.be\/product\/stalen-rampaal-met-grondplaat\/\"]}]},{\"@type\":\"ImageObject\",\"inLanguage\":\"fr-FR\",\"@id\":\"https:\/\/www.alucomfort.be\/product\/stalen-rampaal-met-grondplaat\/#primaryimage\",\"url\":\"https:\/\/www.alucomfort.be\/wp-content\/uploads\/Poteau-de-protection.jpg.png\",\"contentUrl\":\"https:\/\/www.alucomfort.be\/wp-content\/uploads\/Poteau-de-protection.jpg.png\",\"width\":683,\"height\":1024,\"caption\":\"Poteau de protection\"},{\"@type\":\"BreadcrumbList\",\"@id\":\"https:\/\/www.alucomfort.be\/product\/stalen-rampaal-met-grondplaat\/#breadcrumb\",\"itemListElement\":[{\"@type\":\"ListItem\",\"position\":1,\"name\":\"Home\",\"item\":\"https:\/\/www.alucomfort.be\/fr\/\"},{\"@type\":\"ListItem\",\"position\":2,\"name\":\"Producten\",\"item\":\"https:\/\/www.alucomfort.be\/producten\/\"},{\"@type\":\"ListItem\",\"position\":3,\"name\":\"Potelets de protection\"}]},{\"@type\":\"WebSite\",\"@id\":\"https:\/\/www.alucomfort.be\/#website\",\"url\":\"https:\/\/www.alucomfort.be\/\",\"name\":\"Alu Comfort\",\"description\":\"\",\"potentialAction\":[{\"@type\":\"SearchAction\",\"target\":{\"@type\":\"EntryPoint\",\"urlTemplate\":\"https:\/\/www.alucomfort.be\/?s={search_term_string}\"},\"query-input\":{\"@type\":\"PropertyValueSpecification\",\"valueRequired\":true,\"valueName\":\"search_term_string\"}}],\"inLanguage\":\"fr-FR\"}]}<\/script>\n<!-- \/ Yoast SEO plugin. -->","yoast_head_json":{"title":"Poteau de protection avec platine \u00e0 visser | Alu Comfort |","description":"Poteau de protection","robots":{"index":"index","follow":"follow","max-snippet":"max-snippet:-1","max-image-preview":"max-image-preview:large","max-video-preview":"max-video-preview:-1"},"canonical":"https:\/\/www.alucomfort.be\/product\/stalen-rampaal-met-grondplaat\/","og_locale":"fr_FR","og_type":"article","og_title":"Poteau de protection avec platine \u00e0 visser | Alu Comfort |","og_description":"Poteau de protection","og_url":"https:\/\/www.alucomfort.be\/product\/stalen-rampaal-met-grondplaat\/","og_site_name":"Alu Comfort","article_modified_time":"2025-11-13T22:01:02+00:00","og_image":[{"width":683,"height":1024,"url":"https:\/\/www.alucomfort.be\/wp-content\/uploads\/Poteau-de-protection.jpg.png","type":"image\/png"}],"twitter_card":"summary_large_image","schema":{"@context":"https:\/\/schema.org","@graph":[{"@type":"WebPage","@id":"https:\/\/www.alucomfort.be\/product\/stalen-rampaal-met-grondplaat\/","url":"https:\/\/www.alucomfort.be\/product\/stalen-rampaal-met-grondplaat\/","name":"Poteau de protection avec platine \u00e0 visser | Alu Comfort |","isPartOf":{"@id":"https:\/\/www.alucomfort.be\/#website"},"primaryImageOfPage":{"@id":"https:\/\/www.alucomfort.be\/product\/stalen-rampaal-met-grondplaat\/#primaryimage"},"image":{"@id":"https:\/\/www.alucomfort.be\/product\/stalen-rampaal-met-grondplaat\/#primaryimage"},"thumbnailUrl":"https:\/\/www.alucomfort.be\/wp-content\/uploads\/Poteau-de-protection.jpg.png","datePublished":"2020-05-25T17:05:42+00:00","dateModified":"2025-11-13T22:01:02+00:00","description":"Poteau de protection","breadcrumb":{"@id":"https:\/\/www.alucomfort.be\/product\/stalen-rampaal-met-grondplaat\/#breadcrumb"},"inLanguage":"fr-FR","potentialAction":[{"@type":"ReadAction","target":["https:\/\/www.alucomfort.be\/product\/stalen-rampaal-met-grondplaat\/"]}]},{"@type":"ImageObject","inLanguage":"fr-FR","@id":"https:\/\/www.alucomfort.be\/product\/stalen-rampaal-met-grondplaat\/#primaryimage","url":"https:\/\/www.alucomfort.be\/wp-content\/uploads\/Poteau-de-protection.jpg.png","contentUrl":"https:\/\/www.alucomfort.be\/wp-content\/uploads\/Poteau-de-protection.jpg.png","width":683,"height":1024,"caption":"Poteau de protection"},{"@type":"BreadcrumbList","@id":"https:\/\/www.alucomfort.be\/product\/stalen-rampaal-met-grondplaat\/#breadcrumb","itemListElement":[{"@type":"ListItem","position":1,"name":"Home","item":"https:\/\/www.alucomfort.be\/fr\/"},{"@type":"ListItem","position":2,"name":"Producten","item":"https:\/\/www.alucomfort.be\/producten\/"},{"@type":"ListItem","position":3,"name":"Potelets de protection"}]},{"@type":"WebSite","@id":"https:\/\/www.alucomfort.be\/#website","url":"https:\/\/www.alucomfort.be\/","name":"Alu Comfort","description":"","potentialAction":[{"@type":"SearchAction","target":{"@type":"EntryPoint","urlTemplate":"https:\/\/www.alucomfort.be\/?s={search_term_string}"},"query-input":{"@type":"PropertyValueSpecification","valueRequired":true,"valueName":"search_term_string"}}],"inLanguage":"fr-FR"}]}},"_links":{"self":[{"href":"https:\/\/www.alucomfort.be\/fr\/wp-json\/wp\/v2\/product\/204735","targetHints":{"allow":["GET"]}}],"collection":[{"href":"https:\/\/www.alucomfort.be\/fr\/wp-json\/wp\/v2\/product"}],"about":[{"href":"https:\/\/www.alucomfort.be\/fr\/wp-json\/wp\/v2\/types\/product"}],"wp:featuredmedia":[{"embeddable":true,"href":"https:\/\/www.alucomfort.be\/fr\/wp-json\/wp\/v2\/media\/204622"}],"wp:attachment":[{"href":"https:\/\/www.alucomfort.be\/fr\/wp-json\/wp\/v2\/media?parent=204735"}],"wp:term":[{"taxonomy":"product_brand","embeddable":true,"href":"https:\/\/www.alucomfort.be\/fr\/wp-json\/wp\/v2\/product_brand?post=204735"},{"taxonomy":"product_cat","embeddable":true,"href":"https:\/\/www.alucomfort.be\/fr\/wp-json\/wp\/v2\/product_cat?post=204735"},{"taxonomy":"product_tag","embeddable":true,"href":"https:\/\/www.alucomfort.be\/fr\/wp-json\/wp\/v2\/product_tag?post=204735"}],"curies":[{"name":"wp","href":"https:\/\/api.w.org\/{rel}","templated":true}]}}