

{"id":205122,"date":"2020-06-17T18:46:01","date_gmt":"2020-06-17T16:46:01","guid":{"rendered":"https:\/\/www.alucomfort.be\/product\/plate-formes-pour-le-degivrage-des-camions-6-m\/"},"modified":"2024-11-19T23:53:38","modified_gmt":"2024-11-19T21:53:38","slug":"plate-formes-pour-le-degivrage-des-camions-6-m","status":"publish","type":"product","link":"https:\/\/www.alucomfort.be\/fr\/product\/plate-formes-pour-le-degivrage-des-camions-6-m\/","title":{"rendered":"Plate-formes pour le d\u00e9givrage des camions &#8211; 6 m"},"content":{"rendered":"<p>* Plate-forme 6 m avec escalier.  * Avec des marches en caillebotis, * Pour l&rsquo;entretien, nettoyage, r\u00e9paration ou d\u00e9givrage des camions, * Pour enlever en toute s\u00e9curit\u00e9 la neige ou des plaques de glace sur les toits des camions, * Certification t\u00fcv.<\/p>\n","protected":false},"excerpt":{"rendered":"<p>Plateformes pour le d\u00e9givrage, l&rsquo;entretien ou le r\u00e9paratoin des camions.<\/p>\n","protected":false},"featured_media":205115,"template":"","meta":{"_acf_changed":false},"product_brand":[],"product_cat":[2556],"product_tag":[],"class_list":{"0":"post-205122","1":"product","2":"type-product","3":"status-publish","4":"has-post-thumbnail","6":"product_cat-plates-formes-pour-lentretien-ou-le-degivrage-des-camions","8":"first","9":"outofstock","10":"taxable","11":"shipping-taxable","12":"product-type-variable"},"acf":[],"yoast_head":"<!-- This site is optimized with the Yoast SEO plugin v24.8.1 - https:\/\/yoast.com\/wordpress\/plugins\/seo\/ -->\n<title>Plate-formes pour le d\u00e9givrage des camions.<\/title>\n<meta name=\"description\" content=\"Plateformes pour le d\u00e9givrage, l&#039;entretien ou le r\u00e9paratoin des camions.\" \/>\n<meta name=\"robots\" content=\"index, follow, max-snippet:-1, max-image-preview:large, max-video-preview:-1\" \/>\n<link rel=\"canonical\" href=\"https:\/\/www.alucomfort.be\/product\/icefree-stelling-onderhoudsplatform-voor-vrachtwagens\/\" \/>\n<meta property=\"og:locale\" content=\"fr_FR\" \/>\n<meta property=\"og:type\" content=\"article\" \/>\n<meta property=\"og:title\" content=\"Plate-formes pour le d\u00e9givrage des camions.\" \/>\n<meta property=\"og:description\" content=\"Plateformes pour le d\u00e9givrage, l&#039;entretien ou le r\u00e9paratoin des camions.\" \/>\n<meta property=\"og:url\" content=\"https:\/\/www.alucomfort.be\/product\/icefree-stelling-onderhoudsplatform-voor-vrachtwagens\/\" \/>\n<meta property=\"og:site_name\" content=\"Alu Comfort\" \/>\n<meta property=\"article:modified_time\" content=\"2024-11-19T21:53:38+00:00\" \/>\n<meta property=\"og:image\" content=\"https:\/\/www.alucomfort.be\/wp-content\/uploads\/Onderhoudsplatform-vrachtwagen.jpg\" \/>\n\t<meta property=\"og:image:width\" content=\"1920\" \/>\n\t<meta property=\"og:image:height\" content=\"1440\" \/>\n\t<meta property=\"og:image:type\" content=\"image\/jpeg\" \/>\n<meta name=\"twitter:card\" content=\"summary_large_image\" \/>\n<script type=\"application\/ld+json\" class=\"yoast-schema-graph\">{\"@context\":\"https:\/\/schema.org\",\"@graph\":[{\"@type\":\"WebPage\",\"@id\":\"https:\/\/www.alucomfort.be\/product\/icefree-stelling-onderhoudsplatform-voor-vrachtwagens\/\",\"url\":\"https:\/\/www.alucomfort.be\/product\/icefree-stelling-onderhoudsplatform-voor-vrachtwagens\/\",\"name\":\"Plate-formes pour le d\u00e9givrage des camions.\",\"isPartOf\":{\"@id\":\"https:\/\/www.alucomfort.be\/#website\"},\"primaryImageOfPage\":{\"@id\":\"https:\/\/www.alucomfort.be\/product\/icefree-stelling-onderhoudsplatform-voor-vrachtwagens\/#primaryimage\"},\"image\":{\"@id\":\"https:\/\/www.alucomfort.be\/product\/icefree-stelling-onderhoudsplatform-voor-vrachtwagens\/#primaryimage\"},\"thumbnailUrl\":\"https:\/\/www.alucomfort.be\/wp-content\/uploads\/Onderhoudsplatform-vrachtwagen.jpg\",\"datePublished\":\"2020-06-17T16:46:01+00:00\",\"dateModified\":\"2024-11-19T21:53:38+00:00\",\"description\":\"Plateformes pour le d\u00e9givrage, l'entretien ou le r\u00e9paratoin des camions.\",\"breadcrumb\":{\"@id\":\"https:\/\/www.alucomfort.be\/product\/icefree-stelling-onderhoudsplatform-voor-vrachtwagens\/#breadcrumb\"},\"inLanguage\":\"fr-FR\",\"potentialAction\":[{\"@type\":\"ReadAction\",\"target\":[\"https:\/\/www.alucomfort.be\/product\/icefree-stelling-onderhoudsplatform-voor-vrachtwagens\/\"]}]},{\"@type\":\"ImageObject\",\"inLanguage\":\"fr-FR\",\"@id\":\"https:\/\/www.alucomfort.be\/product\/icefree-stelling-onderhoudsplatform-voor-vrachtwagens\/#primaryimage\",\"url\":\"https:\/\/www.alucomfort.be\/wp-content\/uploads\/Onderhoudsplatform-vrachtwagen.jpg\",\"contentUrl\":\"https:\/\/www.alucomfort.be\/wp-content\/uploads\/Onderhoudsplatform-vrachtwagen.jpg\",\"width\":1920,\"height\":1440,\"caption\":\"Onderhoudsplatform of ijsbordes voo vrachwagens.\"},{\"@type\":\"BreadcrumbList\",\"@id\":\"https:\/\/www.alucomfort.be\/product\/icefree-stelling-onderhoudsplatform-voor-vrachtwagens\/#breadcrumb\",\"itemListElement\":[{\"@type\":\"ListItem\",\"position\":1,\"name\":\"Home\",\"item\":\"https:\/\/www.alucomfort.be\/fr\/\"},{\"@type\":\"ListItem\",\"position\":2,\"name\":\"Producten\",\"item\":\"https:\/\/www.alucomfort.be\/producten\/\"},{\"@type\":\"ListItem\",\"position\":3,\"name\":\"Plate-formes pour le d\u00e9givrage des camions &#8211; 6 m\"}]},{\"@type\":\"WebSite\",\"@id\":\"https:\/\/www.alucomfort.be\/#website\",\"url\":\"https:\/\/www.alucomfort.be\/\",\"name\":\"Alu Comfort\",\"description\":\"\",\"potentialAction\":[{\"@type\":\"SearchAction\",\"target\":{\"@type\":\"EntryPoint\",\"urlTemplate\":\"https:\/\/www.alucomfort.be\/?s={search_term_string}\"},\"query-input\":{\"@type\":\"PropertyValueSpecification\",\"valueRequired\":true,\"valueName\":\"search_term_string\"}}],\"inLanguage\":\"fr-FR\"}]}<\/script>\n<!-- \/ Yoast SEO plugin. -->","yoast_head_json":{"title":"Plate-formes pour le d\u00e9givrage des camions.","description":"Plateformes pour le d\u00e9givrage, l'entretien ou le r\u00e9paratoin des camions.","robots":{"index":"index","follow":"follow","max-snippet":"max-snippet:-1","max-image-preview":"max-image-preview:large","max-video-preview":"max-video-preview:-1"},"canonical":"https:\/\/www.alucomfort.be\/product\/icefree-stelling-onderhoudsplatform-voor-vrachtwagens\/","og_locale":"fr_FR","og_type":"article","og_title":"Plate-formes pour le d\u00e9givrage des camions.","og_description":"Plateformes pour le d\u00e9givrage, l'entretien ou le r\u00e9paratoin des camions.","og_url":"https:\/\/www.alucomfort.be\/product\/icefree-stelling-onderhoudsplatform-voor-vrachtwagens\/","og_site_name":"Alu Comfort","article_modified_time":"2024-11-19T21:53:38+00:00","og_image":[{"width":1920,"height":1440,"url":"https:\/\/www.alucomfort.be\/wp-content\/uploads\/Onderhoudsplatform-vrachtwagen.jpg","type":"image\/jpeg"}],"twitter_card":"summary_large_image","schema":{"@context":"https:\/\/schema.org","@graph":[{"@type":"WebPage","@id":"https:\/\/www.alucomfort.be\/product\/icefree-stelling-onderhoudsplatform-voor-vrachtwagens\/","url":"https:\/\/www.alucomfort.be\/product\/icefree-stelling-onderhoudsplatform-voor-vrachtwagens\/","name":"Plate-formes pour le d\u00e9givrage des camions.","isPartOf":{"@id":"https:\/\/www.alucomfort.be\/#website"},"primaryImageOfPage":{"@id":"https:\/\/www.alucomfort.be\/product\/icefree-stelling-onderhoudsplatform-voor-vrachtwagens\/#primaryimage"},"image":{"@id":"https:\/\/www.alucomfort.be\/product\/icefree-stelling-onderhoudsplatform-voor-vrachtwagens\/#primaryimage"},"thumbnailUrl":"https:\/\/www.alucomfort.be\/wp-content\/uploads\/Onderhoudsplatform-vrachtwagen.jpg","datePublished":"2020-06-17T16:46:01+00:00","dateModified":"2024-11-19T21:53:38+00:00","description":"Plateformes pour le d\u00e9givrage, l'entretien ou le r\u00e9paratoin des camions.","breadcrumb":{"@id":"https:\/\/www.alucomfort.be\/product\/icefree-stelling-onderhoudsplatform-voor-vrachtwagens\/#breadcrumb"},"inLanguage":"fr-FR","potentialAction":[{"@type":"ReadAction","target":["https:\/\/www.alucomfort.be\/product\/icefree-stelling-onderhoudsplatform-voor-vrachtwagens\/"]}]},{"@type":"ImageObject","inLanguage":"fr-FR","@id":"https:\/\/www.alucomfort.be\/product\/icefree-stelling-onderhoudsplatform-voor-vrachtwagens\/#primaryimage","url":"https:\/\/www.alucomfort.be\/wp-content\/uploads\/Onderhoudsplatform-vrachtwagen.jpg","contentUrl":"https:\/\/www.alucomfort.be\/wp-content\/uploads\/Onderhoudsplatform-vrachtwagen.jpg","width":1920,"height":1440,"caption":"Onderhoudsplatform of ijsbordes voo vrachwagens."},{"@type":"BreadcrumbList","@id":"https:\/\/www.alucomfort.be\/product\/icefree-stelling-onderhoudsplatform-voor-vrachtwagens\/#breadcrumb","itemListElement":[{"@type":"ListItem","position":1,"name":"Home","item":"https:\/\/www.alucomfort.be\/fr\/"},{"@type":"ListItem","position":2,"name":"Producten","item":"https:\/\/www.alucomfort.be\/producten\/"},{"@type":"ListItem","position":3,"name":"Plate-formes pour le d\u00e9givrage des camions &#8211; 6 m"}]},{"@type":"WebSite","@id":"https:\/\/www.alucomfort.be\/#website","url":"https:\/\/www.alucomfort.be\/","name":"Alu Comfort","description":"","potentialAction":[{"@type":"SearchAction","target":{"@type":"EntryPoint","urlTemplate":"https:\/\/www.alucomfort.be\/?s={search_term_string}"},"query-input":{"@type":"PropertyValueSpecification","valueRequired":true,"valueName":"search_term_string"}}],"inLanguage":"fr-FR"}]}},"_links":{"self":[{"href":"https:\/\/www.alucomfort.be\/fr\/wp-json\/wp\/v2\/product\/205122","targetHints":{"allow":["GET"]}}],"collection":[{"href":"https:\/\/www.alucomfort.be\/fr\/wp-json\/wp\/v2\/product"}],"about":[{"href":"https:\/\/www.alucomfort.be\/fr\/wp-json\/wp\/v2\/types\/product"}],"wp:featuredmedia":[{"embeddable":true,"href":"https:\/\/www.alucomfort.be\/fr\/wp-json\/wp\/v2\/media\/205115"}],"wp:attachment":[{"href":"https:\/\/www.alucomfort.be\/fr\/wp-json\/wp\/v2\/media?parent=205122"}],"wp:term":[{"taxonomy":"product_brand","embeddable":true,"href":"https:\/\/www.alucomfort.be\/fr\/wp-json\/wp\/v2\/product_brand?post=205122"},{"taxonomy":"product_cat","embeddable":true,"href":"https:\/\/www.alucomfort.be\/fr\/wp-json\/wp\/v2\/product_cat?post=205122"},{"taxonomy":"product_tag","embeddable":true,"href":"https:\/\/www.alucomfort.be\/fr\/wp-json\/wp\/v2\/product_tag?post=205122"}],"curies":[{"name":"wp","href":"https:\/\/api.w.org\/{rel}","templated":true}]}}