

{"id":206878,"date":"2020-08-10T18:10:13","date_gmt":"2020-08-10T16:10:13","guid":{"rendered":"https:\/\/www.alucomfort.be\/product\/barriere-de-rayonnage\/"},"modified":"2025-11-15T22:09:18","modified_gmt":"2025-11-15T20:09:18","slug":"barriere-de-rayonnage","status":"publish","type":"product","link":"https:\/\/www.alucomfort.be\/fr\/product\/barriere-de-rayonnage\/","title":{"rendered":"Barri\u00e8re de rayonnage"},"content":{"rendered":"<p>* Barri\u00e8re fin de rayon, * Parce que la barri\u00e8re n&rsquo;est pas en contact avec le rack \u00e0 proteger, la barri\u00e8re peut absorber l&rsquo;\u00e9nergie de l&rsquo;impact, * La barri\u00e8re double est destin\u00e9e aux entr\u00e9es avec des transpalettes lourdes, * Avec mat\u00e9riel de fixation, * Avec platine de 225 x 225 mm, * Delai de livraison: plus au moins 5 jours.<\/p>\n","protected":false},"excerpt":{"rendered":"<p>Barri\u00e8re fin de rayon<\/p>\n","protected":false},"featured_media":206873,"template":"","meta":{"_acf_changed":false},"product_brand":[],"product_cat":[9924],"product_tag":[],"class_list":{"0":"post-206878","1":"product","2":"type-product","3":"status-publish","4":"has-post-thumbnail","6":"product_cat-protection-de-rayonnage","8":"first","9":"outofstock","10":"taxable","11":"shipping-taxable","12":"purchasable","13":"product-type-variable"},"acf":[],"yoast_head":"<!-- This site is optimized with the Yoast SEO plugin v24.8.1 - https:\/\/yoast.com\/wordpress\/plugins\/seo\/ -->\n<title>Barri\u00e8re fin de rayon| Alu Comfort | Pour prot\u00e9ger tous vos rayonnages contre les accidents.<\/title>\n<meta name=\"description\" content=\"Parce que la barri\u00e8re n&#039;est pas en contact avec le rack \u00e0 proteger, la barri\u00e8re peut absorber l&#039;\u00e9nergie de l&#039;impact. Contactez-Nous!\" \/>\n<meta name=\"robots\" content=\"index, follow, max-snippet:-1, max-image-preview:large, max-video-preview:-1\" \/>\n<link rel=\"canonical\" href=\"https:\/\/www.alucomfort.be\/product\/rekbescherming-2\/\" \/>\n<meta property=\"og:locale\" content=\"fr_FR\" \/>\n<meta property=\"og:type\" content=\"article\" \/>\n<meta property=\"og:title\" content=\"Barri\u00e8re fin de rayon| Alu Comfort | Pour prot\u00e9ger tous vos rayonnages contre les accidents.\" \/>\n<meta property=\"og:description\" content=\"Parce que la barri\u00e8re n&#039;est pas en contact avec le rack \u00e0 proteger, la barri\u00e8re peut absorber l&#039;\u00e9nergie de l&#039;impact. Contactez-Nous!\" \/>\n<meta property=\"og:url\" content=\"https:\/\/www.alucomfort.be\/product\/rekbescherming-2\/\" \/>\n<meta property=\"og:site_name\" content=\"Alu Comfort\" \/>\n<meta property=\"article:modified_time\" content=\"2025-11-15T20:09:18+00:00\" \/>\n<meta property=\"og:image\" content=\"https:\/\/www.alucomfort.be\/wp-content\/uploads\/Staanderbeschermer.jpg\" \/>\n\t<meta property=\"og:image:width\" content=\"1920\" \/>\n\t<meta property=\"og:image:height\" content=\"1280\" \/>\n\t<meta property=\"og:image:type\" content=\"image\/jpeg\" \/>\n<meta name=\"twitter:card\" content=\"summary_large_image\" \/>\n<script type=\"application\/ld+json\" class=\"yoast-schema-graph\">{\"@context\":\"https:\/\/schema.org\",\"@graph\":[{\"@type\":\"WebPage\",\"@id\":\"https:\/\/www.alucomfort.be\/product\/rekbescherming-2\/\",\"url\":\"https:\/\/www.alucomfort.be\/product\/rekbescherming-2\/\",\"name\":\"Barri\u00e8re fin de rayon| Alu Comfort | Pour prot\u00e9ger tous vos rayonnages contre les accidents.\",\"isPartOf\":{\"@id\":\"https:\/\/www.alucomfort.be\/#website\"},\"primaryImageOfPage\":{\"@id\":\"https:\/\/www.alucomfort.be\/product\/rekbescherming-2\/#primaryimage\"},\"image\":{\"@id\":\"https:\/\/www.alucomfort.be\/product\/rekbescherming-2\/#primaryimage\"},\"thumbnailUrl\":\"https:\/\/www.alucomfort.be\/wp-content\/uploads\/Staanderbeschermer.jpg\",\"datePublished\":\"2020-08-10T16:10:13+00:00\",\"dateModified\":\"2025-11-15T20:09:18+00:00\",\"description\":\"Parce que la barri\u00e8re n'est pas en contact avec le rack \u00e0 proteger, la barri\u00e8re peut absorber l'\u00e9nergie de l'impact. Contactez-Nous!\",\"breadcrumb\":{\"@id\":\"https:\/\/www.alucomfort.be\/product\/rekbescherming-2\/#breadcrumb\"},\"inLanguage\":\"fr-FR\",\"potentialAction\":[{\"@type\":\"ReadAction\",\"target\":[\"https:\/\/www.alucomfort.be\/product\/rekbescherming-2\/\"]}]},{\"@type\":\"ImageObject\",\"inLanguage\":\"fr-FR\",\"@id\":\"https:\/\/www.alucomfort.be\/product\/rekbescherming-2\/#primaryimage\",\"url\":\"https:\/\/www.alucomfort.be\/wp-content\/uploads\/Staanderbeschermer.jpg\",\"contentUrl\":\"https:\/\/www.alucomfort.be\/wp-content\/uploads\/Staanderbeschermer.jpg\",\"width\":1920,\"height\":1280,\"caption\":\"Staanderbeschermer\"},{\"@type\":\"BreadcrumbList\",\"@id\":\"https:\/\/www.alucomfort.be\/product\/rekbescherming-2\/#breadcrumb\",\"itemListElement\":[{\"@type\":\"ListItem\",\"position\":1,\"name\":\"Home\",\"item\":\"https:\/\/www.alucomfort.be\/fr\/\"},{\"@type\":\"ListItem\",\"position\":2,\"name\":\"Producten\",\"item\":\"https:\/\/www.alucomfort.be\/producten\/\"},{\"@type\":\"ListItem\",\"position\":3,\"name\":\"Barri\u00e8re de rayonnage\"}]},{\"@type\":\"WebSite\",\"@id\":\"https:\/\/www.alucomfort.be\/#website\",\"url\":\"https:\/\/www.alucomfort.be\/\",\"name\":\"Alu Comfort\",\"description\":\"\",\"potentialAction\":[{\"@type\":\"SearchAction\",\"target\":{\"@type\":\"EntryPoint\",\"urlTemplate\":\"https:\/\/www.alucomfort.be\/?s={search_term_string}\"},\"query-input\":{\"@type\":\"PropertyValueSpecification\",\"valueRequired\":true,\"valueName\":\"search_term_string\"}}],\"inLanguage\":\"fr-FR\"}]}<\/script>\n<!-- \/ Yoast SEO plugin. -->","yoast_head_json":{"title":"Barri\u00e8re fin de rayon| Alu Comfort | Pour prot\u00e9ger tous vos rayonnages contre les accidents.","description":"Parce que la barri\u00e8re n'est pas en contact avec le rack \u00e0 proteger, la barri\u00e8re peut absorber l'\u00e9nergie de l'impact. Contactez-Nous!","robots":{"index":"index","follow":"follow","max-snippet":"max-snippet:-1","max-image-preview":"max-image-preview:large","max-video-preview":"max-video-preview:-1"},"canonical":"https:\/\/www.alucomfort.be\/product\/rekbescherming-2\/","og_locale":"fr_FR","og_type":"article","og_title":"Barri\u00e8re fin de rayon| Alu Comfort | Pour prot\u00e9ger tous vos rayonnages contre les accidents.","og_description":"Parce que la barri\u00e8re n'est pas en contact avec le rack \u00e0 proteger, la barri\u00e8re peut absorber l'\u00e9nergie de l'impact. Contactez-Nous!","og_url":"https:\/\/www.alucomfort.be\/product\/rekbescherming-2\/","og_site_name":"Alu Comfort","article_modified_time":"2025-11-15T20:09:18+00:00","og_image":[{"width":1920,"height":1280,"url":"https:\/\/www.alucomfort.be\/wp-content\/uploads\/Staanderbeschermer.jpg","type":"image\/jpeg"}],"twitter_card":"summary_large_image","schema":{"@context":"https:\/\/schema.org","@graph":[{"@type":"WebPage","@id":"https:\/\/www.alucomfort.be\/product\/rekbescherming-2\/","url":"https:\/\/www.alucomfort.be\/product\/rekbescherming-2\/","name":"Barri\u00e8re fin de rayon| Alu Comfort | Pour prot\u00e9ger tous vos rayonnages contre les accidents.","isPartOf":{"@id":"https:\/\/www.alucomfort.be\/#website"},"primaryImageOfPage":{"@id":"https:\/\/www.alucomfort.be\/product\/rekbescherming-2\/#primaryimage"},"image":{"@id":"https:\/\/www.alucomfort.be\/product\/rekbescherming-2\/#primaryimage"},"thumbnailUrl":"https:\/\/www.alucomfort.be\/wp-content\/uploads\/Staanderbeschermer.jpg","datePublished":"2020-08-10T16:10:13+00:00","dateModified":"2025-11-15T20:09:18+00:00","description":"Parce que la barri\u00e8re n'est pas en contact avec le rack \u00e0 proteger, la barri\u00e8re peut absorber l'\u00e9nergie de l'impact. Contactez-Nous!","breadcrumb":{"@id":"https:\/\/www.alucomfort.be\/product\/rekbescherming-2\/#breadcrumb"},"inLanguage":"fr-FR","potentialAction":[{"@type":"ReadAction","target":["https:\/\/www.alucomfort.be\/product\/rekbescherming-2\/"]}]},{"@type":"ImageObject","inLanguage":"fr-FR","@id":"https:\/\/www.alucomfort.be\/product\/rekbescherming-2\/#primaryimage","url":"https:\/\/www.alucomfort.be\/wp-content\/uploads\/Staanderbeschermer.jpg","contentUrl":"https:\/\/www.alucomfort.be\/wp-content\/uploads\/Staanderbeschermer.jpg","width":1920,"height":1280,"caption":"Staanderbeschermer"},{"@type":"BreadcrumbList","@id":"https:\/\/www.alucomfort.be\/product\/rekbescherming-2\/#breadcrumb","itemListElement":[{"@type":"ListItem","position":1,"name":"Home","item":"https:\/\/www.alucomfort.be\/fr\/"},{"@type":"ListItem","position":2,"name":"Producten","item":"https:\/\/www.alucomfort.be\/producten\/"},{"@type":"ListItem","position":3,"name":"Barri\u00e8re de rayonnage"}]},{"@type":"WebSite","@id":"https:\/\/www.alucomfort.be\/#website","url":"https:\/\/www.alucomfort.be\/","name":"Alu Comfort","description":"","potentialAction":[{"@type":"SearchAction","target":{"@type":"EntryPoint","urlTemplate":"https:\/\/www.alucomfort.be\/?s={search_term_string}"},"query-input":{"@type":"PropertyValueSpecification","valueRequired":true,"valueName":"search_term_string"}}],"inLanguage":"fr-FR"}]}},"_links":{"self":[{"href":"https:\/\/www.alucomfort.be\/fr\/wp-json\/wp\/v2\/product\/206878","targetHints":{"allow":["GET"]}}],"collection":[{"href":"https:\/\/www.alucomfort.be\/fr\/wp-json\/wp\/v2\/product"}],"about":[{"href":"https:\/\/www.alucomfort.be\/fr\/wp-json\/wp\/v2\/types\/product"}],"wp:featuredmedia":[{"embeddable":true,"href":"https:\/\/www.alucomfort.be\/fr\/wp-json\/wp\/v2\/media\/206873"}],"wp:attachment":[{"href":"https:\/\/www.alucomfort.be\/fr\/wp-json\/wp\/v2\/media?parent=206878"}],"wp:term":[{"taxonomy":"product_brand","embeddable":true,"href":"https:\/\/www.alucomfort.be\/fr\/wp-json\/wp\/v2\/product_brand?post=206878"},{"taxonomy":"product_cat","embeddable":true,"href":"https:\/\/www.alucomfort.be\/fr\/wp-json\/wp\/v2\/product_cat?post=206878"},{"taxonomy":"product_tag","embeddable":true,"href":"https:\/\/www.alucomfort.be\/fr\/wp-json\/wp\/v2\/product_tag?post=206878"}],"curies":[{"name":"wp","href":"https:\/\/api.w.org\/{rel}","templated":true}]}}