

{"id":206944,"date":"2020-09-01T18:45:28","date_gmt":"2020-09-01T16:45:28","guid":{"rendered":"https:\/\/www.alucomfort.be\/product\/barriere-de-trottoir\/"},"modified":"2025-11-15T22:09:27","modified_gmt":"2025-11-15T20:09:27","slug":"barriere-de-trottoir","status":"publish","type":"product","link":"https:\/\/www.alucomfort.be\/fr\/product\/barriere-de-trottoir\/","title":{"rendered":"Barri\u00e8re de trottoir"},"content":{"rendered":"<p>* Barri\u00e8re de trottoir flexible pour prot\u00e9ger les murs et les lignes de production des collisions au niveau bas, * La barri\u00e8re absorbe l&rsquo;\u00e9nergie d&rsquo;impact \u00e0 cause de sa forme ronde, * Peut-\u00eatre combin\u00e9e avec la plupart des produits d-flexx pour une solution compl\u00e8te de s\u00e9curit\u00e9, * Avec mat\u00e9riel de fixation, * Delai de livraison: plus au moins 5 jours.<\/p>\n","protected":false},"excerpt":{"rendered":"<p>Pour prot\u00e9ger les murs et zones dangereuses au niveau bas.<\/p>\n","protected":false},"featured_media":206889,"template":"","meta":{"_acf_changed":false},"product_brand":[],"product_cat":[9926],"product_tag":[],"class_list":{"0":"post-206944","1":"product","2":"type-product","3":"status-publish","4":"has-post-thumbnail","6":"product_cat-protection-machines-et-murs","8":"first","9":"outofstock","10":"taxable","11":"shipping-taxable","12":"purchasable","13":"product-type-variable"},"acf":[],"yoast_head":"<!-- This site is optimized with the Yoast SEO plugin v24.8.1 - https:\/\/yoast.com\/wordpress\/plugins\/seo\/ -->\n<title>Barri\u00e8re de trottoir| Alu Comfort | Pour prot\u00e9ger tous vos rayonnages contre les accidents.<\/title>\n<meta name=\"description\" content=\"Pour prot\u00e9ger les murs et zones dangereuses au niveau bas.\" \/>\n<meta name=\"robots\" content=\"index, follow, max-snippet:-1, max-image-preview:large, max-video-preview:-1\" \/>\n<link rel=\"canonical\" href=\"https:\/\/www.alucomfort.be\/product\/stootbalk\/\" \/>\n<meta property=\"og:locale\" content=\"fr_FR\" \/>\n<meta property=\"og:type\" content=\"article\" \/>\n<meta property=\"og:title\" content=\"Barri\u00e8re de trottoir| Alu Comfort | Pour prot\u00e9ger tous vos rayonnages contre les accidents.\" \/>\n<meta property=\"og:description\" content=\"Pour prot\u00e9ger les murs et zones dangereuses au niveau bas.\" \/>\n<meta property=\"og:url\" content=\"https:\/\/www.alucomfort.be\/product\/stootbalk\/\" \/>\n<meta property=\"og:site_name\" content=\"Alu Comfort\" \/>\n<meta property=\"article:modified_time\" content=\"2025-11-15T20:09:27+00:00\" \/>\n<meta property=\"og:image\" content=\"https:\/\/www.alucomfort.be\/wp-content\/uploads\/Stootbalk-d-flexx.jpg\" \/>\n\t<meta property=\"og:image:width\" content=\"1200\" \/>\n\t<meta property=\"og:image:height\" content=\"795\" \/>\n\t<meta property=\"og:image:type\" content=\"image\/jpeg\" \/>\n<meta name=\"twitter:card\" content=\"summary_large_image\" \/>\n<script type=\"application\/ld+json\" class=\"yoast-schema-graph\">{\"@context\":\"https:\/\/schema.org\",\"@graph\":[{\"@type\":\"WebPage\",\"@id\":\"https:\/\/www.alucomfort.be\/product\/stootbalk\/\",\"url\":\"https:\/\/www.alucomfort.be\/product\/stootbalk\/\",\"name\":\"Barri\u00e8re de trottoir| Alu Comfort | Pour prot\u00e9ger tous vos rayonnages contre les accidents.\",\"isPartOf\":{\"@id\":\"https:\/\/www.alucomfort.be\/#website\"},\"primaryImageOfPage\":{\"@id\":\"https:\/\/www.alucomfort.be\/product\/stootbalk\/#primaryimage\"},\"image\":{\"@id\":\"https:\/\/www.alucomfort.be\/product\/stootbalk\/#primaryimage\"},\"thumbnailUrl\":\"https:\/\/www.alucomfort.be\/wp-content\/uploads\/Stootbalk-d-flexx.jpg\",\"datePublished\":\"2020-09-01T16:45:28+00:00\",\"dateModified\":\"2025-11-15T20:09:27+00:00\",\"description\":\"Pour prot\u00e9ger les murs et zones dangereuses au niveau bas.\",\"breadcrumb\":{\"@id\":\"https:\/\/www.alucomfort.be\/product\/stootbalk\/#breadcrumb\"},\"inLanguage\":\"fr-FR\",\"potentialAction\":[{\"@type\":\"ReadAction\",\"target\":[\"https:\/\/www.alucomfort.be\/product\/stootbalk\/\"]}]},{\"@type\":\"ImageObject\",\"inLanguage\":\"fr-FR\",\"@id\":\"https:\/\/www.alucomfort.be\/product\/stootbalk\/#primaryimage\",\"url\":\"https:\/\/www.alucomfort.be\/wp-content\/uploads\/Stootbalk-d-flexx.jpg\",\"contentUrl\":\"https:\/\/www.alucomfort.be\/wp-content\/uploads\/Stootbalk-d-flexx.jpg\",\"width\":1200,\"height\":795,\"caption\":\"Stootbalk_d-flexx\"},{\"@type\":\"BreadcrumbList\",\"@id\":\"https:\/\/www.alucomfort.be\/product\/stootbalk\/#breadcrumb\",\"itemListElement\":[{\"@type\":\"ListItem\",\"position\":1,\"name\":\"Home\",\"item\":\"https:\/\/www.alucomfort.be\/fr\/\"},{\"@type\":\"ListItem\",\"position\":2,\"name\":\"Producten\",\"item\":\"https:\/\/www.alucomfort.be\/producten\/\"},{\"@type\":\"ListItem\",\"position\":3,\"name\":\"Barri\u00e8re de trottoir\"}]},{\"@type\":\"WebSite\",\"@id\":\"https:\/\/www.alucomfort.be\/#website\",\"url\":\"https:\/\/www.alucomfort.be\/\",\"name\":\"Alu Comfort\",\"description\":\"\",\"potentialAction\":[{\"@type\":\"SearchAction\",\"target\":{\"@type\":\"EntryPoint\",\"urlTemplate\":\"https:\/\/www.alucomfort.be\/?s={search_term_string}\"},\"query-input\":{\"@type\":\"PropertyValueSpecification\",\"valueRequired\":true,\"valueName\":\"search_term_string\"}}],\"inLanguage\":\"fr-FR\"}]}<\/script>\n<!-- \/ Yoast SEO plugin. -->","yoast_head_json":{"title":"Barri\u00e8re de trottoir| Alu Comfort | Pour prot\u00e9ger tous vos rayonnages contre les accidents.","description":"Pour prot\u00e9ger les murs et zones dangereuses au niveau bas.","robots":{"index":"index","follow":"follow","max-snippet":"max-snippet:-1","max-image-preview":"max-image-preview:large","max-video-preview":"max-video-preview:-1"},"canonical":"https:\/\/www.alucomfort.be\/product\/stootbalk\/","og_locale":"fr_FR","og_type":"article","og_title":"Barri\u00e8re de trottoir| Alu Comfort | Pour prot\u00e9ger tous vos rayonnages contre les accidents.","og_description":"Pour prot\u00e9ger les murs et zones dangereuses au niveau bas.","og_url":"https:\/\/www.alucomfort.be\/product\/stootbalk\/","og_site_name":"Alu Comfort","article_modified_time":"2025-11-15T20:09:27+00:00","og_image":[{"width":1200,"height":795,"url":"https:\/\/www.alucomfort.be\/wp-content\/uploads\/Stootbalk-d-flexx.jpg","type":"image\/jpeg"}],"twitter_card":"summary_large_image","schema":{"@context":"https:\/\/schema.org","@graph":[{"@type":"WebPage","@id":"https:\/\/www.alucomfort.be\/product\/stootbalk\/","url":"https:\/\/www.alucomfort.be\/product\/stootbalk\/","name":"Barri\u00e8re de trottoir| Alu Comfort | Pour prot\u00e9ger tous vos rayonnages contre les accidents.","isPartOf":{"@id":"https:\/\/www.alucomfort.be\/#website"},"primaryImageOfPage":{"@id":"https:\/\/www.alucomfort.be\/product\/stootbalk\/#primaryimage"},"image":{"@id":"https:\/\/www.alucomfort.be\/product\/stootbalk\/#primaryimage"},"thumbnailUrl":"https:\/\/www.alucomfort.be\/wp-content\/uploads\/Stootbalk-d-flexx.jpg","datePublished":"2020-09-01T16:45:28+00:00","dateModified":"2025-11-15T20:09:27+00:00","description":"Pour prot\u00e9ger les murs et zones dangereuses au niveau bas.","breadcrumb":{"@id":"https:\/\/www.alucomfort.be\/product\/stootbalk\/#breadcrumb"},"inLanguage":"fr-FR","potentialAction":[{"@type":"ReadAction","target":["https:\/\/www.alucomfort.be\/product\/stootbalk\/"]}]},{"@type":"ImageObject","inLanguage":"fr-FR","@id":"https:\/\/www.alucomfort.be\/product\/stootbalk\/#primaryimage","url":"https:\/\/www.alucomfort.be\/wp-content\/uploads\/Stootbalk-d-flexx.jpg","contentUrl":"https:\/\/www.alucomfort.be\/wp-content\/uploads\/Stootbalk-d-flexx.jpg","width":1200,"height":795,"caption":"Stootbalk_d-flexx"},{"@type":"BreadcrumbList","@id":"https:\/\/www.alucomfort.be\/product\/stootbalk\/#breadcrumb","itemListElement":[{"@type":"ListItem","position":1,"name":"Home","item":"https:\/\/www.alucomfort.be\/fr\/"},{"@type":"ListItem","position":2,"name":"Producten","item":"https:\/\/www.alucomfort.be\/producten\/"},{"@type":"ListItem","position":3,"name":"Barri\u00e8re de trottoir"}]},{"@type":"WebSite","@id":"https:\/\/www.alucomfort.be\/#website","url":"https:\/\/www.alucomfort.be\/","name":"Alu Comfort","description":"","potentialAction":[{"@type":"SearchAction","target":{"@type":"EntryPoint","urlTemplate":"https:\/\/www.alucomfort.be\/?s={search_term_string}"},"query-input":{"@type":"PropertyValueSpecification","valueRequired":true,"valueName":"search_term_string"}}],"inLanguage":"fr-FR"}]}},"_links":{"self":[{"href":"https:\/\/www.alucomfort.be\/fr\/wp-json\/wp\/v2\/product\/206944","targetHints":{"allow":["GET"]}}],"collection":[{"href":"https:\/\/www.alucomfort.be\/fr\/wp-json\/wp\/v2\/product"}],"about":[{"href":"https:\/\/www.alucomfort.be\/fr\/wp-json\/wp\/v2\/types\/product"}],"wp:featuredmedia":[{"embeddable":true,"href":"https:\/\/www.alucomfort.be\/fr\/wp-json\/wp\/v2\/media\/206889"}],"wp:attachment":[{"href":"https:\/\/www.alucomfort.be\/fr\/wp-json\/wp\/v2\/media?parent=206944"}],"wp:term":[{"taxonomy":"product_brand","embeddable":true,"href":"https:\/\/www.alucomfort.be\/fr\/wp-json\/wp\/v2\/product_brand?post=206944"},{"taxonomy":"product_cat","embeddable":true,"href":"https:\/\/www.alucomfort.be\/fr\/wp-json\/wp\/v2\/product_cat?post=206944"},{"taxonomy":"product_tag","embeddable":true,"href":"https:\/\/www.alucomfort.be\/fr\/wp-json\/wp\/v2\/product_tag?post=206944"}],"curies":[{"name":"wp","href":"https:\/\/api.w.org\/{rel}","templated":true}]}}