

{"id":207419,"date":"2020-09-23T17:38:51","date_gmt":"2020-09-23T15:38:51","guid":{"rendered":"https:\/\/www.alucomfort.be\/product\/bacs-basculants-expo-cap-120-m%c2%b3\/"},"modified":"2022-06-06T18:22:44","modified_gmt":"2022-06-06T16:22:44","slug":"bacs-basculants-expo-cap-120-m%c2%b3","status":"publish","type":"product","link":"https:\/\/www.alucomfort.be\/fr\/product\/bacs-basculants-expo-cap-120-m%c2%b3\/","title":{"rendered":"Bennes Basculantes Expo  &#8211; Cap: 1,20 m\u00b3"},"content":{"rendered":"<p>* Benne Basculante Expo \u00e0 m\u00e9canisme d\u00e9rouleur et centre de gravit\u00e9 favorable de la charge, * Basculement de toute hauteur par commande \u00e0 cable \u00e0 partir du si\u00e8ge du chariot \u00e9levateur, * Les bacs ont une cadre de base robuste avec fourreaux et sont en t\u00f4le de cuve avec rebord profil\u00e9 sur le pourtour, * Tous les bacs sont s\u00e9curis\u00e9s contre le basculement et le glissement inintentionnels, * Des options sont etanche \u00e0 l&rsquo;huie et \u00e0 l&rsquo;eau, des roulettes (2 pivotantes avec freins et 2 roulettes fixes avec diam\u00e8tre 180 mm), un ouvercle galvanis\u00e9 ouvrant des deux cot\u00e9s et un dispositif d&rsquo;attelage avec barre de remorquage, * Ce bac a une capacit\u00e9 de 1,20 m\u00b3 et des dimensions de 1720 x 1070 x 1095 mm. Le charge admissible est de 1500 kg.<\/p>\n","protected":false},"excerpt":{"rendered":"<p>Bennes Basculantes Expo \u00e0 m\u00e9canisme d\u00e9rouleur.  Cap: 1,20 m\u00b3 &#8211; Dim.: 1720 x 1070 x 1095 mm <\/p>\n","protected":false},"featured_media":4068,"template":"","meta":{"_acf_changed":false},"product_brand":[],"product_cat":[8868],"product_tag":[],"class_list":{"0":"post-207419","1":"product","2":"type-product","3":"status-publish","4":"has-post-thumbnail","6":"product_cat-bennes-basculantes-expo-bac-le-plus-choisi","8":"first","9":"outofstock","10":"taxable","11":"shipping-taxable","12":"purchasable","13":"product-type-variable"},"acf":[],"yoast_head":"<!-- This site is optimized with the Yoast SEO plugin v24.8.1 - https:\/\/yoast.com\/wordpress\/plugins\/seo\/ -->\n<title>Conteneur Basculant Expo| Alu Comfort | Sp\u00e9cialiste des bennes<\/title>\n<meta name=\"description\" content=\"Conteneur basculant pour le plastique, le carton, le papier et le bois. Pour le sotckage et manutention de d\u00e9chets.\" \/>\n<meta name=\"robots\" content=\"index, follow, max-snippet:-1, max-image-preview:large, max-video-preview:-1\" \/>\n<link rel=\"canonical\" href=\"https:\/\/www.alucomfort.be\/fr\/product\/bacs-basculants-expo-cap-120-m\u00b3\/\" \/>\n<meta property=\"og:locale\" content=\"fr_FR\" \/>\n<meta property=\"og:type\" content=\"article\" \/>\n<meta property=\"og:title\" content=\"Conteneur Basculant Expo| Alu Comfort | Sp\u00e9cialiste des bennes\" \/>\n<meta property=\"og:description\" content=\"Conteneur basculant pour le plastique, le carton, le papier et le bois. Pour le sotckage et manutention de d\u00e9chets.\" \/>\n<meta property=\"og:url\" content=\"https:\/\/www.alucomfort.be\/fr\/product\/bacs-basculants-expo-cap-120-m\u00b3\/\" \/>\n<meta property=\"og:site_name\" content=\"Alu Comfort\" \/>\n<meta property=\"article:modified_time\" content=\"2022-06-06T16:22:44+00:00\" \/>\n<meta property=\"og:image\" content=\"https:\/\/www.alucomfort.be\/wp-content\/uploads\/BR-EXPO-6-1024x613.jpg\" \/>\n\t<meta property=\"og:image:width\" content=\"1024\" \/>\n\t<meta property=\"og:image:height\" content=\"613\" \/>\n\t<meta property=\"og:image:type\" content=\"image\/jpeg\" \/>\n<meta name=\"twitter:card\" content=\"summary_large_image\" \/>\n<meta name=\"twitter:label1\" content=\"Dur\u00e9e de lecture estim\u00e9e\" \/>\n\t<meta name=\"twitter:data1\" content=\"1 minute\" \/>\n<script type=\"application\/ld+json\" class=\"yoast-schema-graph\">{\"@context\":\"https:\/\/schema.org\",\"@graph\":[{\"@type\":\"WebPage\",\"@id\":\"https:\/\/www.alucomfort.be\/fr\/product\/bacs-basculants-expo-cap-120-m%c2%b3\/\",\"url\":\"https:\/\/www.alucomfort.be\/fr\/product\/bacs-basculants-expo-cap-120-m%c2%b3\/\",\"name\":\"Conteneur Basculant Expo| Alu Comfort | Sp\u00e9cialiste des bennes\",\"isPartOf\":{\"@id\":\"https:\/\/www.alucomfort.be\/#website\"},\"primaryImageOfPage\":{\"@id\":\"https:\/\/www.alucomfort.be\/fr\/product\/bacs-basculants-expo-cap-120-m%c2%b3\/#primaryimage\"},\"image\":{\"@id\":\"https:\/\/www.alucomfort.be\/fr\/product\/bacs-basculants-expo-cap-120-m%c2%b3\/#primaryimage\"},\"thumbnailUrl\":\"https:\/\/www.alucomfort.be\/wp-content\/uploads\/BR-EXPO-6.jpg\",\"datePublished\":\"2020-09-23T15:38:51+00:00\",\"dateModified\":\"2022-06-06T16:22:44+00:00\",\"description\":\"Conteneur basculant pour le plastique, le carton, le papier et le bois. Pour le sotckage et manutention de d\u00e9chets.\",\"breadcrumb\":{\"@id\":\"https:\/\/www.alucomfort.be\/fr\/product\/bacs-basculants-expo-cap-120-m%c2%b3\/#breadcrumb\"},\"inLanguage\":\"fr-FR\",\"potentialAction\":[{\"@type\":\"ReadAction\",\"target\":[\"https:\/\/www.alucomfort.be\/fr\/product\/bacs-basculants-expo-cap-120-m%c2%b3\/\"]}]},{\"@type\":\"ImageObject\",\"inLanguage\":\"fr-FR\",\"@id\":\"https:\/\/www.alucomfort.be\/fr\/product\/bacs-basculants-expo-cap-120-m%c2%b3\/#primaryimage\",\"url\":\"https:\/\/www.alucomfort.be\/wp-content\/uploads\/BR-EXPO-6.jpg\",\"contentUrl\":\"https:\/\/www.alucomfort.be\/wp-content\/uploads\/BR-EXPO-6.jpg\",\"width\":3400,\"height\":2034},{\"@type\":\"BreadcrumbList\",\"@id\":\"https:\/\/www.alucomfort.be\/fr\/product\/bacs-basculants-expo-cap-120-m%c2%b3\/#breadcrumb\",\"itemListElement\":[{\"@type\":\"ListItem\",\"position\":1,\"name\":\"Home\",\"item\":\"https:\/\/www.alucomfort.be\/fr\/\"},{\"@type\":\"ListItem\",\"position\":2,\"name\":\"Producten\",\"item\":\"https:\/\/www.alucomfort.be\/producten\/\"},{\"@type\":\"ListItem\",\"position\":3,\"name\":\"Bennes Basculantes Expo &#8211; Cap: 1,20 m\u00b3\"}]},{\"@type\":\"WebSite\",\"@id\":\"https:\/\/www.alucomfort.be\/#website\",\"url\":\"https:\/\/www.alucomfort.be\/\",\"name\":\"Alu Comfort\",\"description\":\"\",\"potentialAction\":[{\"@type\":\"SearchAction\",\"target\":{\"@type\":\"EntryPoint\",\"urlTemplate\":\"https:\/\/www.alucomfort.be\/?s={search_term_string}\"},\"query-input\":{\"@type\":\"PropertyValueSpecification\",\"valueRequired\":true,\"valueName\":\"search_term_string\"}}],\"inLanguage\":\"fr-FR\"}]}<\/script>\n<!-- \/ Yoast SEO plugin. -->","yoast_head_json":{"title":"Conteneur Basculant Expo| Alu Comfort | Sp\u00e9cialiste des bennes","description":"Conteneur basculant pour le plastique, le carton, le papier et le bois. Pour le sotckage et manutention de d\u00e9chets.","robots":{"index":"index","follow":"follow","max-snippet":"max-snippet:-1","max-image-preview":"max-image-preview:large","max-video-preview":"max-video-preview:-1"},"canonical":"https:\/\/www.alucomfort.be\/fr\/product\/bacs-basculants-expo-cap-120-m\u00b3\/","og_locale":"fr_FR","og_type":"article","og_title":"Conteneur Basculant Expo| Alu Comfort | Sp\u00e9cialiste des bennes","og_description":"Conteneur basculant pour le plastique, le carton, le papier et le bois. Pour le sotckage et manutention de d\u00e9chets.","og_url":"https:\/\/www.alucomfort.be\/fr\/product\/bacs-basculants-expo-cap-120-m\u00b3\/","og_site_name":"Alu Comfort","article_modified_time":"2022-06-06T16:22:44+00:00","og_image":[{"width":1024,"height":613,"url":"https:\/\/www.alucomfort.be\/wp-content\/uploads\/BR-EXPO-6-1024x613.jpg","type":"image\/jpeg"}],"twitter_card":"summary_large_image","twitter_misc":{"Dur\u00e9e de lecture estim\u00e9e":"1 minute"},"schema":{"@context":"https:\/\/schema.org","@graph":[{"@type":"WebPage","@id":"https:\/\/www.alucomfort.be\/fr\/product\/bacs-basculants-expo-cap-120-m%c2%b3\/","url":"https:\/\/www.alucomfort.be\/fr\/product\/bacs-basculants-expo-cap-120-m%c2%b3\/","name":"Conteneur Basculant Expo| Alu Comfort | Sp\u00e9cialiste des bennes","isPartOf":{"@id":"https:\/\/www.alucomfort.be\/#website"},"primaryImageOfPage":{"@id":"https:\/\/www.alucomfort.be\/fr\/product\/bacs-basculants-expo-cap-120-m%c2%b3\/#primaryimage"},"image":{"@id":"https:\/\/www.alucomfort.be\/fr\/product\/bacs-basculants-expo-cap-120-m%c2%b3\/#primaryimage"},"thumbnailUrl":"https:\/\/www.alucomfort.be\/wp-content\/uploads\/BR-EXPO-6.jpg","datePublished":"2020-09-23T15:38:51+00:00","dateModified":"2022-06-06T16:22:44+00:00","description":"Conteneur basculant pour le plastique, le carton, le papier et le bois. Pour le sotckage et manutention de d\u00e9chets.","breadcrumb":{"@id":"https:\/\/www.alucomfort.be\/fr\/product\/bacs-basculants-expo-cap-120-m%c2%b3\/#breadcrumb"},"inLanguage":"fr-FR","potentialAction":[{"@type":"ReadAction","target":["https:\/\/www.alucomfort.be\/fr\/product\/bacs-basculants-expo-cap-120-m%c2%b3\/"]}]},{"@type":"ImageObject","inLanguage":"fr-FR","@id":"https:\/\/www.alucomfort.be\/fr\/product\/bacs-basculants-expo-cap-120-m%c2%b3\/#primaryimage","url":"https:\/\/www.alucomfort.be\/wp-content\/uploads\/BR-EXPO-6.jpg","contentUrl":"https:\/\/www.alucomfort.be\/wp-content\/uploads\/BR-EXPO-6.jpg","width":3400,"height":2034},{"@type":"BreadcrumbList","@id":"https:\/\/www.alucomfort.be\/fr\/product\/bacs-basculants-expo-cap-120-m%c2%b3\/#breadcrumb","itemListElement":[{"@type":"ListItem","position":1,"name":"Home","item":"https:\/\/www.alucomfort.be\/fr\/"},{"@type":"ListItem","position":2,"name":"Producten","item":"https:\/\/www.alucomfort.be\/producten\/"},{"@type":"ListItem","position":3,"name":"Bennes Basculantes Expo &#8211; Cap: 1,20 m\u00b3"}]},{"@type":"WebSite","@id":"https:\/\/www.alucomfort.be\/#website","url":"https:\/\/www.alucomfort.be\/","name":"Alu Comfort","description":"","potentialAction":[{"@type":"SearchAction","target":{"@type":"EntryPoint","urlTemplate":"https:\/\/www.alucomfort.be\/?s={search_term_string}"},"query-input":{"@type":"PropertyValueSpecification","valueRequired":true,"valueName":"search_term_string"}}],"inLanguage":"fr-FR"}]}},"_links":{"self":[{"href":"https:\/\/www.alucomfort.be\/fr\/wp-json\/wp\/v2\/product\/207419","targetHints":{"allow":["GET"]}}],"collection":[{"href":"https:\/\/www.alucomfort.be\/fr\/wp-json\/wp\/v2\/product"}],"about":[{"href":"https:\/\/www.alucomfort.be\/fr\/wp-json\/wp\/v2\/types\/product"}],"wp:featuredmedia":[{"embeddable":true,"href":"https:\/\/www.alucomfort.be\/fr\/wp-json\/wp\/v2\/media\/4068"}],"wp:attachment":[{"href":"https:\/\/www.alucomfort.be\/fr\/wp-json\/wp\/v2\/media?parent=207419"}],"wp:term":[{"taxonomy":"product_brand","embeddable":true,"href":"https:\/\/www.alucomfort.be\/fr\/wp-json\/wp\/v2\/product_brand?post=207419"},{"taxonomy":"product_cat","embeddable":true,"href":"https:\/\/www.alucomfort.be\/fr\/wp-json\/wp\/v2\/product_cat?post=207419"},{"taxonomy":"product_tag","embeddable":true,"href":"https:\/\/www.alucomfort.be\/fr\/wp-json\/wp\/v2\/product_tag?post=207419"}],"curies":[{"name":"wp","href":"https:\/\/api.w.org\/{rel}","templated":true}]}}