

{"id":207620,"date":"2020-09-23T18:02:16","date_gmt":"2020-09-23T16:02:16","guid":{"rendered":"https:\/\/www.alucomfort.be\/product\/bacs-basculants-a-grande-capacite-cap-300-m%c2%b3\/"},"modified":"2022-06-06T20:08:18","modified_gmt":"2022-06-06T18:08:18","slug":"bacs-basculants-a-grande-capacite-cap-300-m%c2%b3","status":"publish","type":"product","link":"https:\/\/www.alucomfort.be\/fr\/product\/bacs-basculants-a-grande-capacite-cap-300-m%c2%b3\/","title":{"rendered":"Bacs Basculants \u00e0 grande capacit\u00e9 &#8211; Cap: 3,00 m\u00b3"},"content":{"rendered":"<p>* Bac \u00e0 grande capacit\u00e9 \u00e0 roulement lat\u00e9ral, * T\u00f4le de cuve avec rebord profil\u00e9 sur le pourtour, * Cadre de base robuste avec fourreaux, * Basculement de toute hauteur par commande \u00e0 cable, * S\u00e9curis\u00e9 contre le basculement et le glissement inintentionnels, * Des options sont \u00e9tanchement \u00e0 l&rsquo;huile et \u00e0 l&rsquo;eau, des roulettes (2 pivotantes avec freins et 2 roulettes fixes avec \u00d8 180 mm), un couvercle galvanis\u00e9 ouvrant des 2 cot\u00e9s, frein de basculement r\u00e9glable et dispositif hydraulique de basculement.<\/p>\n","protected":false},"excerpt":{"rendered":"<p>Bac \u00e0 grande capacit\u00e9 BKC &#8211; Dim (l x p x h): 2310 x 2280 x 1220 mm <\/p>\n","protected":false},"featured_media":4008,"template":"","meta":{"_acf_changed":false},"product_brand":[],"product_cat":[8874],"product_tag":[],"class_list":{"0":"post-207620","1":"product","2":"type-product","3":"status-publish","4":"has-post-thumbnail","6":"product_cat-bennes-basculantes-bkc-bac-a-grande-capacite","8":"first","9":"outofstock","10":"taxable","11":"shipping-taxable","12":"purchasable","13":"product-type-variable"},"acf":[],"yoast_head":"<!-- This site is optimized with the Yoast SEO plugin v24.8.1 - https:\/\/yoast.com\/wordpress\/plugins\/seo\/ -->\n<title>Bac Basculant \u00e0 grande capacit\u00e9 | Alu Comfort |<\/title>\n<meta name=\"description\" content=\"Conteneur basculant \u00e0 grande capacit\u00e9\" \/>\n<meta name=\"robots\" content=\"index, follow, max-snippet:-1, max-image-preview:large, max-video-preview:-1\" \/>\n<link rel=\"canonical\" href=\"https:\/\/www.alucomfort.be\/product\/volumekiepcontainer-bkc-cap-300-m\u00b3\/\" \/>\n<meta property=\"og:locale\" content=\"fr_FR\" \/>\n<meta property=\"og:type\" content=\"article\" \/>\n<meta property=\"og:title\" content=\"Bac Basculant \u00e0 grande capacit\u00e9 | Alu Comfort |\" \/>\n<meta property=\"og:description\" content=\"Conteneur basculant \u00e0 grande capacit\u00e9\" \/>\n<meta property=\"og:url\" content=\"https:\/\/www.alucomfort.be\/product\/volumekiepcontainer-bkc-cap-300-m\u00b3\/\" \/>\n<meta property=\"og:site_name\" content=\"Alu Comfort\" \/>\n<meta property=\"article:modified_time\" content=\"2022-06-06T18:08:18+00:00\" \/>\n<meta property=\"og:image\" content=\"https:\/\/www.alucomfort.be\/wp-content\/uploads\/BR-BKC-02.png\" \/>\n\t<meta property=\"og:image:width\" content=\"366\" \/>\n\t<meta property=\"og:image:height\" content=\"308\" \/>\n\t<meta property=\"og:image:type\" content=\"image\/png\" \/>\n<meta name=\"twitter:card\" content=\"summary_large_image\" \/>\n<script type=\"application\/ld+json\" class=\"yoast-schema-graph\">{\"@context\":\"https:\/\/schema.org\",\"@graph\":[{\"@type\":\"WebPage\",\"@id\":\"https:\/\/www.alucomfort.be\/product\/volumekiepcontainer-bkc-cap-300-m%c2%b3\/\",\"url\":\"https:\/\/www.alucomfort.be\/product\/volumekiepcontainer-bkc-cap-300-m%c2%b3\/\",\"name\":\"Bac Basculant \u00e0 grande capacit\u00e9 | Alu Comfort |\",\"isPartOf\":{\"@id\":\"https:\/\/www.alucomfort.be\/#website\"},\"primaryImageOfPage\":{\"@id\":\"https:\/\/www.alucomfort.be\/product\/volumekiepcontainer-bkc-cap-300-m%c2%b3\/#primaryimage\"},\"image\":{\"@id\":\"https:\/\/www.alucomfort.be\/product\/volumekiepcontainer-bkc-cap-300-m%c2%b3\/#primaryimage\"},\"thumbnailUrl\":\"https:\/\/www.alucomfort.be\/wp-content\/uploads\/BR-BKC-02.png\",\"datePublished\":\"2020-09-23T16:02:16+00:00\",\"dateModified\":\"2022-06-06T18:08:18+00:00\",\"description\":\"Conteneur basculant \u00e0 grande capacit\u00e9\",\"breadcrumb\":{\"@id\":\"https:\/\/www.alucomfort.be\/product\/volumekiepcontainer-bkc-cap-300-m%c2%b3\/#breadcrumb\"},\"inLanguage\":\"fr-FR\",\"potentialAction\":[{\"@type\":\"ReadAction\",\"target\":[\"https:\/\/www.alucomfort.be\/product\/volumekiepcontainer-bkc-cap-300-m%c2%b3\/\"]}]},{\"@type\":\"ImageObject\",\"inLanguage\":\"fr-FR\",\"@id\":\"https:\/\/www.alucomfort.be\/product\/volumekiepcontainer-bkc-cap-300-m%c2%b3\/#primaryimage\",\"url\":\"https:\/\/www.alucomfort.be\/wp-content\/uploads\/BR-BKC-02.png\",\"contentUrl\":\"https:\/\/www.alucomfort.be\/wp-content\/uploads\/BR-BKC-02.png\",\"width\":366,\"height\":308},{\"@type\":\"BreadcrumbList\",\"@id\":\"https:\/\/www.alucomfort.be\/product\/volumekiepcontainer-bkc-cap-300-m%c2%b3\/#breadcrumb\",\"itemListElement\":[{\"@type\":\"ListItem\",\"position\":1,\"name\":\"Home\",\"item\":\"https:\/\/www.alucomfort.be\/fr\/\"},{\"@type\":\"ListItem\",\"position\":2,\"name\":\"Producten\",\"item\":\"https:\/\/www.alucomfort.be\/producten\/\"},{\"@type\":\"ListItem\",\"position\":3,\"name\":\"Bacs Basculants \u00e0 grande capacit\u00e9 &#8211; Cap: 3,00 m\u00b3\"}]},{\"@type\":\"WebSite\",\"@id\":\"https:\/\/www.alucomfort.be\/#website\",\"url\":\"https:\/\/www.alucomfort.be\/\",\"name\":\"Alu Comfort\",\"description\":\"\",\"potentialAction\":[{\"@type\":\"SearchAction\",\"target\":{\"@type\":\"EntryPoint\",\"urlTemplate\":\"https:\/\/www.alucomfort.be\/?s={search_term_string}\"},\"query-input\":{\"@type\":\"PropertyValueSpecification\",\"valueRequired\":true,\"valueName\":\"search_term_string\"}}],\"inLanguage\":\"fr-FR\"}]}<\/script>\n<!-- \/ Yoast SEO plugin. -->","yoast_head_json":{"title":"Bac Basculant \u00e0 grande capacit\u00e9 | Alu Comfort |","description":"Conteneur basculant \u00e0 grande capacit\u00e9","robots":{"index":"index","follow":"follow","max-snippet":"max-snippet:-1","max-image-preview":"max-image-preview:large","max-video-preview":"max-video-preview:-1"},"canonical":"https:\/\/www.alucomfort.be\/product\/volumekiepcontainer-bkc-cap-300-m\u00b3\/","og_locale":"fr_FR","og_type":"article","og_title":"Bac Basculant \u00e0 grande capacit\u00e9 | Alu Comfort |","og_description":"Conteneur basculant \u00e0 grande capacit\u00e9","og_url":"https:\/\/www.alucomfort.be\/product\/volumekiepcontainer-bkc-cap-300-m\u00b3\/","og_site_name":"Alu Comfort","article_modified_time":"2022-06-06T18:08:18+00:00","og_image":[{"width":366,"height":308,"url":"https:\/\/www.alucomfort.be\/wp-content\/uploads\/BR-BKC-02.png","type":"image\/png"}],"twitter_card":"summary_large_image","schema":{"@context":"https:\/\/schema.org","@graph":[{"@type":"WebPage","@id":"https:\/\/www.alucomfort.be\/product\/volumekiepcontainer-bkc-cap-300-m%c2%b3\/","url":"https:\/\/www.alucomfort.be\/product\/volumekiepcontainer-bkc-cap-300-m%c2%b3\/","name":"Bac Basculant \u00e0 grande capacit\u00e9 | Alu Comfort |","isPartOf":{"@id":"https:\/\/www.alucomfort.be\/#website"},"primaryImageOfPage":{"@id":"https:\/\/www.alucomfort.be\/product\/volumekiepcontainer-bkc-cap-300-m%c2%b3\/#primaryimage"},"image":{"@id":"https:\/\/www.alucomfort.be\/product\/volumekiepcontainer-bkc-cap-300-m%c2%b3\/#primaryimage"},"thumbnailUrl":"https:\/\/www.alucomfort.be\/wp-content\/uploads\/BR-BKC-02.png","datePublished":"2020-09-23T16:02:16+00:00","dateModified":"2022-06-06T18:08:18+00:00","description":"Conteneur basculant \u00e0 grande capacit\u00e9","breadcrumb":{"@id":"https:\/\/www.alucomfort.be\/product\/volumekiepcontainer-bkc-cap-300-m%c2%b3\/#breadcrumb"},"inLanguage":"fr-FR","potentialAction":[{"@type":"ReadAction","target":["https:\/\/www.alucomfort.be\/product\/volumekiepcontainer-bkc-cap-300-m%c2%b3\/"]}]},{"@type":"ImageObject","inLanguage":"fr-FR","@id":"https:\/\/www.alucomfort.be\/product\/volumekiepcontainer-bkc-cap-300-m%c2%b3\/#primaryimage","url":"https:\/\/www.alucomfort.be\/wp-content\/uploads\/BR-BKC-02.png","contentUrl":"https:\/\/www.alucomfort.be\/wp-content\/uploads\/BR-BKC-02.png","width":366,"height":308},{"@type":"BreadcrumbList","@id":"https:\/\/www.alucomfort.be\/product\/volumekiepcontainer-bkc-cap-300-m%c2%b3\/#breadcrumb","itemListElement":[{"@type":"ListItem","position":1,"name":"Home","item":"https:\/\/www.alucomfort.be\/fr\/"},{"@type":"ListItem","position":2,"name":"Producten","item":"https:\/\/www.alucomfort.be\/producten\/"},{"@type":"ListItem","position":3,"name":"Bacs Basculants \u00e0 grande capacit\u00e9 &#8211; Cap: 3,00 m\u00b3"}]},{"@type":"WebSite","@id":"https:\/\/www.alucomfort.be\/#website","url":"https:\/\/www.alucomfort.be\/","name":"Alu Comfort","description":"","potentialAction":[{"@type":"SearchAction","target":{"@type":"EntryPoint","urlTemplate":"https:\/\/www.alucomfort.be\/?s={search_term_string}"},"query-input":{"@type":"PropertyValueSpecification","valueRequired":true,"valueName":"search_term_string"}}],"inLanguage":"fr-FR"}]}},"_links":{"self":[{"href":"https:\/\/www.alucomfort.be\/fr\/wp-json\/wp\/v2\/product\/207620","targetHints":{"allow":["GET"]}}],"collection":[{"href":"https:\/\/www.alucomfort.be\/fr\/wp-json\/wp\/v2\/product"}],"about":[{"href":"https:\/\/www.alucomfort.be\/fr\/wp-json\/wp\/v2\/types\/product"}],"wp:featuredmedia":[{"embeddable":true,"href":"https:\/\/www.alucomfort.be\/fr\/wp-json\/wp\/v2\/media\/4008"}],"wp:attachment":[{"href":"https:\/\/www.alucomfort.be\/fr\/wp-json\/wp\/v2\/media?parent=207620"}],"wp:term":[{"taxonomy":"product_brand","embeddable":true,"href":"https:\/\/www.alucomfort.be\/fr\/wp-json\/wp\/v2\/product_brand?post=207620"},{"taxonomy":"product_cat","embeddable":true,"href":"https:\/\/www.alucomfort.be\/fr\/wp-json\/wp\/v2\/product_cat?post=207620"},{"taxonomy":"product_tag","embeddable":true,"href":"https:\/\/www.alucomfort.be\/fr\/wp-json\/wp\/v2\/product_tag?post=207620"}],"curies":[{"name":"wp","href":"https:\/\/api.w.org\/{rel}","templated":true}]}}