

{"id":208270,"date":"2020-09-23T18:55:26","date_gmt":"2020-09-23T16:55:26","guid":{"rendered":"https:\/\/www.alucomfort.be\/product\/benne-basculante-compacte-a-hauteur-reduite-cap-027-m%c2%b3\/"},"modified":"2022-06-06T21:57:49","modified_gmt":"2022-06-06T19:57:49","slug":"benne-basculante-compacte-a-hauteur-reduite-cap-027-m%c2%b3","status":"publish","type":"product","link":"https:\/\/www.alucomfort.be\/fr\/product\/benne-basculante-compacte-a-hauteur-reduite-cap-027-m%c2%b3\/","title":{"rendered":"Benne basculante compacte hauteur r\u00e9duite &#8211; Cap: 0,27 m\u00b3"},"content":{"rendered":"<p>* Benne basculante compacte GU pour chariot \u00e9l\u00e9vateur.  Gr\u00e2ce \u00e0 son faible encombrement en hauteur, ce type est le bac id\u00e9al \u00e0 positionner sous une machine, * Basculement de toute hauteur par commande \u00e0 cable \u00e0 partir du si\u00e8ge du chariot \u00e9levateur.  Les bacs ont une cadre de base robuste avec fourreaux et sont en t\u00f4le de cuve avec rebord profil\u00e9, * Tous les bacs sont s\u00e9curis\u00e9s contre le basculement et le glissement inintentionnels, * Des options sont etanche \u00e0 l&rsquo;huie et \u00e0 l&rsquo;eau, des roulettes (2 pivotantes avec freins et 2 roulettes fixes avec diam\u00e8tre 180 mm) ou un ouvercle galvanis\u00e9 ouvrant des deux cot\u00e9s, * Cette benne a une capacit\u00e9 de 0,275 m\u00b3 et des dimensions de 1385 x 780 x 450 mm. Le charge admissible est de 1000 kg.<\/p>\n","protected":false},"excerpt":{"rendered":"<p>Benne basculante compacte hauteur r\u00e9duite.  Cap: 0,23 m\u00b3 &#8211; Dimensions: 1385 x 780 x 450 mm <\/p>\n","protected":false},"featured_media":203287,"template":"","meta":{"_acf_changed":false},"product_brand":[],"product_cat":[8881],"product_tag":[],"class_list":{"0":"post-208270","1":"product","2":"type-product","3":"status-publish","4":"has-post-thumbnail","6":"product_cat-bennes-basculantes-compactes-hauteur-reduite","8":"first","9":"outofstock","10":"taxable","11":"shipping-taxable","12":"purchasable","13":"product-type-variable"},"acf":[],"yoast_head":"<!-- This site is optimized with the Yoast SEO plugin v24.8.1 - https:\/\/yoast.com\/wordpress\/plugins\/seo\/ -->\n<title>Benne basculante compactse hauteur r\u00e9duite | Alu Comfort | Sp\u00e9cialiste des bennes<\/title>\n<meta name=\"description\" content=\"Benne basculante compacte. La benne id\u00e9ale pour positionner sous une machines. Large gamme des conteneurs et bennes! Sp\u00e9cialiste B2B. Contactez-Nous!\" \/>\n<meta name=\"robots\" content=\"index, follow, max-snippet:-1, max-image-preview:large, max-video-preview:-1\" \/>\n<link rel=\"canonical\" href=\"https:\/\/www.alucomfort.be\/fr\/product\/benne-basculante-compacte-a-hauteur-reduite-cap-027-m\u00b3\/\" \/>\n<meta property=\"og:locale\" content=\"fr_FR\" \/>\n<meta property=\"og:type\" content=\"article\" \/>\n<meta property=\"og:title\" content=\"Benne basculante compactse hauteur r\u00e9duite | Alu Comfort | Sp\u00e9cialiste des bennes\" \/>\n<meta property=\"og:description\" content=\"Benne basculante compacte. La benne id\u00e9ale pour positionner sous une machines. Large gamme des conteneurs et bennes! Sp\u00e9cialiste B2B. Contactez-Nous!\" \/>\n<meta property=\"og:url\" content=\"https:\/\/www.alucomfort.be\/fr\/product\/benne-basculante-compacte-a-hauteur-reduite-cap-027-m\u00b3\/\" \/>\n<meta property=\"og:site_name\" content=\"Alu Comfort\" \/>\n<meta property=\"article:modified_time\" content=\"2022-06-06T19:57:49+00:00\" \/>\n<meta property=\"og:image\" content=\"https:\/\/www.alucomfort.be\/wp-content\/uploads\/MGU2-1.jpg\" \/>\n\t<meta property=\"og:image:width\" content=\"1920\" \/>\n\t<meta property=\"og:image:height\" content=\"1152\" \/>\n\t<meta property=\"og:image:type\" content=\"image\/jpeg\" \/>\n<meta name=\"twitter:card\" content=\"summary_large_image\" \/>\n<meta name=\"twitter:label1\" content=\"Dur\u00e9e de lecture estim\u00e9e\" \/>\n\t<meta name=\"twitter:data1\" content=\"1 minute\" \/>\n<script type=\"application\/ld+json\" class=\"yoast-schema-graph\">{\"@context\":\"https:\/\/schema.org\",\"@graph\":[{\"@type\":\"WebPage\",\"@id\":\"https:\/\/www.alucomfort.be\/fr\/product\/benne-basculante-compacte-a-hauteur-reduite-cap-027-m%c2%b3\/\",\"url\":\"https:\/\/www.alucomfort.be\/fr\/product\/benne-basculante-compacte-a-hauteur-reduite-cap-027-m%c2%b3\/\",\"name\":\"Benne basculante compactse hauteur r\u00e9duite | Alu Comfort | Sp\u00e9cialiste des bennes\",\"isPartOf\":{\"@id\":\"https:\/\/www.alucomfort.be\/#website\"},\"primaryImageOfPage\":{\"@id\":\"https:\/\/www.alucomfort.be\/fr\/product\/benne-basculante-compacte-a-hauteur-reduite-cap-027-m%c2%b3\/#primaryimage\"},\"image\":{\"@id\":\"https:\/\/www.alucomfort.be\/fr\/product\/benne-basculante-compacte-a-hauteur-reduite-cap-027-m%c2%b3\/#primaryimage\"},\"thumbnailUrl\":\"https:\/\/www.alucomfort.be\/wp-content\/uploads\/MGU2-1.jpg\",\"datePublished\":\"2020-09-23T16:55:26+00:00\",\"dateModified\":\"2022-06-06T19:57:49+00:00\",\"description\":\"Benne basculante compacte. La benne id\u00e9ale pour positionner sous une machines. Large gamme des conteneurs et bennes! Sp\u00e9cialiste B2B. Contactez-Nous!\",\"breadcrumb\":{\"@id\":\"https:\/\/www.alucomfort.be\/fr\/product\/benne-basculante-compacte-a-hauteur-reduite-cap-027-m%c2%b3\/#breadcrumb\"},\"inLanguage\":\"fr-FR\",\"potentialAction\":[{\"@type\":\"ReadAction\",\"target\":[\"https:\/\/www.alucomfort.be\/fr\/product\/benne-basculante-compacte-a-hauteur-reduite-cap-027-m%c2%b3\/\"]}]},{\"@type\":\"ImageObject\",\"inLanguage\":\"fr-FR\",\"@id\":\"https:\/\/www.alucomfort.be\/fr\/product\/benne-basculante-compacte-a-hauteur-reduite-cap-027-m%c2%b3\/#primaryimage\",\"url\":\"https:\/\/www.alucomfort.be\/wp-content\/uploads\/MGU2-1.jpg\",\"contentUrl\":\"https:\/\/www.alucomfort.be\/wp-content\/uploads\/MGU2-1.jpg\",\"width\":1920,\"height\":1152},{\"@type\":\"BreadcrumbList\",\"@id\":\"https:\/\/www.alucomfort.be\/fr\/product\/benne-basculante-compacte-a-hauteur-reduite-cap-027-m%c2%b3\/#breadcrumb\",\"itemListElement\":[{\"@type\":\"ListItem\",\"position\":1,\"name\":\"Home\",\"item\":\"https:\/\/www.alucomfort.be\/fr\/\"},{\"@type\":\"ListItem\",\"position\":2,\"name\":\"Producten\",\"item\":\"https:\/\/www.alucomfort.be\/producten\/\"},{\"@type\":\"ListItem\",\"position\":3,\"name\":\"Benne basculante compacte hauteur r\u00e9duite &#8211; Cap: 0,27 m\u00b3\"}]},{\"@type\":\"WebSite\",\"@id\":\"https:\/\/www.alucomfort.be\/#website\",\"url\":\"https:\/\/www.alucomfort.be\/\",\"name\":\"Alu Comfort\",\"description\":\"\",\"potentialAction\":[{\"@type\":\"SearchAction\",\"target\":{\"@type\":\"EntryPoint\",\"urlTemplate\":\"https:\/\/www.alucomfort.be\/?s={search_term_string}\"},\"query-input\":{\"@type\":\"PropertyValueSpecification\",\"valueRequired\":true,\"valueName\":\"search_term_string\"}}],\"inLanguage\":\"fr-FR\"}]}<\/script>\n<!-- \/ Yoast SEO plugin. -->","yoast_head_json":{"title":"Benne basculante compactse hauteur r\u00e9duite | Alu Comfort | Sp\u00e9cialiste des bennes","description":"Benne basculante compacte. La benne id\u00e9ale pour positionner sous une machines. Large gamme des conteneurs et bennes! Sp\u00e9cialiste B2B. Contactez-Nous!","robots":{"index":"index","follow":"follow","max-snippet":"max-snippet:-1","max-image-preview":"max-image-preview:large","max-video-preview":"max-video-preview:-1"},"canonical":"https:\/\/www.alucomfort.be\/fr\/product\/benne-basculante-compacte-a-hauteur-reduite-cap-027-m\u00b3\/","og_locale":"fr_FR","og_type":"article","og_title":"Benne basculante compactse hauteur r\u00e9duite | Alu Comfort | Sp\u00e9cialiste des bennes","og_description":"Benne basculante compacte. La benne id\u00e9ale pour positionner sous une machines. Large gamme des conteneurs et bennes! Sp\u00e9cialiste B2B. Contactez-Nous!","og_url":"https:\/\/www.alucomfort.be\/fr\/product\/benne-basculante-compacte-a-hauteur-reduite-cap-027-m\u00b3\/","og_site_name":"Alu Comfort","article_modified_time":"2022-06-06T19:57:49+00:00","og_image":[{"width":1920,"height":1152,"url":"https:\/\/www.alucomfort.be\/wp-content\/uploads\/MGU2-1.jpg","type":"image\/jpeg"}],"twitter_card":"summary_large_image","twitter_misc":{"Dur\u00e9e de lecture estim\u00e9e":"1 minute"},"schema":{"@context":"https:\/\/schema.org","@graph":[{"@type":"WebPage","@id":"https:\/\/www.alucomfort.be\/fr\/product\/benne-basculante-compacte-a-hauteur-reduite-cap-027-m%c2%b3\/","url":"https:\/\/www.alucomfort.be\/fr\/product\/benne-basculante-compacte-a-hauteur-reduite-cap-027-m%c2%b3\/","name":"Benne basculante compactse hauteur r\u00e9duite | Alu Comfort | Sp\u00e9cialiste des bennes","isPartOf":{"@id":"https:\/\/www.alucomfort.be\/#website"},"primaryImageOfPage":{"@id":"https:\/\/www.alucomfort.be\/fr\/product\/benne-basculante-compacte-a-hauteur-reduite-cap-027-m%c2%b3\/#primaryimage"},"image":{"@id":"https:\/\/www.alucomfort.be\/fr\/product\/benne-basculante-compacte-a-hauteur-reduite-cap-027-m%c2%b3\/#primaryimage"},"thumbnailUrl":"https:\/\/www.alucomfort.be\/wp-content\/uploads\/MGU2-1.jpg","datePublished":"2020-09-23T16:55:26+00:00","dateModified":"2022-06-06T19:57:49+00:00","description":"Benne basculante compacte. La benne id\u00e9ale pour positionner sous une machines. Large gamme des conteneurs et bennes! Sp\u00e9cialiste B2B. Contactez-Nous!","breadcrumb":{"@id":"https:\/\/www.alucomfort.be\/fr\/product\/benne-basculante-compacte-a-hauteur-reduite-cap-027-m%c2%b3\/#breadcrumb"},"inLanguage":"fr-FR","potentialAction":[{"@type":"ReadAction","target":["https:\/\/www.alucomfort.be\/fr\/product\/benne-basculante-compacte-a-hauteur-reduite-cap-027-m%c2%b3\/"]}]},{"@type":"ImageObject","inLanguage":"fr-FR","@id":"https:\/\/www.alucomfort.be\/fr\/product\/benne-basculante-compacte-a-hauteur-reduite-cap-027-m%c2%b3\/#primaryimage","url":"https:\/\/www.alucomfort.be\/wp-content\/uploads\/MGU2-1.jpg","contentUrl":"https:\/\/www.alucomfort.be\/wp-content\/uploads\/MGU2-1.jpg","width":1920,"height":1152},{"@type":"BreadcrumbList","@id":"https:\/\/www.alucomfort.be\/fr\/product\/benne-basculante-compacte-a-hauteur-reduite-cap-027-m%c2%b3\/#breadcrumb","itemListElement":[{"@type":"ListItem","position":1,"name":"Home","item":"https:\/\/www.alucomfort.be\/fr\/"},{"@type":"ListItem","position":2,"name":"Producten","item":"https:\/\/www.alucomfort.be\/producten\/"},{"@type":"ListItem","position":3,"name":"Benne basculante compacte hauteur r\u00e9duite &#8211; Cap: 0,27 m\u00b3"}]},{"@type":"WebSite","@id":"https:\/\/www.alucomfort.be\/#website","url":"https:\/\/www.alucomfort.be\/","name":"Alu Comfort","description":"","potentialAction":[{"@type":"SearchAction","target":{"@type":"EntryPoint","urlTemplate":"https:\/\/www.alucomfort.be\/?s={search_term_string}"},"query-input":{"@type":"PropertyValueSpecification","valueRequired":true,"valueName":"search_term_string"}}],"inLanguage":"fr-FR"}]}},"_links":{"self":[{"href":"https:\/\/www.alucomfort.be\/fr\/wp-json\/wp\/v2\/product\/208270","targetHints":{"allow":["GET"]}}],"collection":[{"href":"https:\/\/www.alucomfort.be\/fr\/wp-json\/wp\/v2\/product"}],"about":[{"href":"https:\/\/www.alucomfort.be\/fr\/wp-json\/wp\/v2\/types\/product"}],"wp:featuredmedia":[{"embeddable":true,"href":"https:\/\/www.alucomfort.be\/fr\/wp-json\/wp\/v2\/media\/203287"}],"wp:attachment":[{"href":"https:\/\/www.alucomfort.be\/fr\/wp-json\/wp\/v2\/media?parent=208270"}],"wp:term":[{"taxonomy":"product_brand","embeddable":true,"href":"https:\/\/www.alucomfort.be\/fr\/wp-json\/wp\/v2\/product_brand?post=208270"},{"taxonomy":"product_cat","embeddable":true,"href":"https:\/\/www.alucomfort.be\/fr\/wp-json\/wp\/v2\/product_cat?post=208270"},{"taxonomy":"product_tag","embeddable":true,"href":"https:\/\/www.alucomfort.be\/fr\/wp-json\/wp\/v2\/product_tag?post=208270"}],"curies":[{"name":"wp","href":"https:\/\/api.w.org\/{rel}","templated":true}]}}